{"id":3340,"date":"2024-08-22T11:30:44","date_gmt":"2024-08-22T03:30:44","guid":{"rendered":"https:\/\/www.jinpinlub.com\/?post_type=product&#038;p=3340"},"modified":"2024-08-22T11:33:40","modified_gmt":"2024-08-22T03:33:40","slug":"j203-graissage-central-electrique-pour-camion-malaxeur-a-beton","status":"publish","type":"product","link":"https:\/\/www.jinpinlub.com\/fr\/product\/j203-electric-central-lubrication-for-concrete-mixer-truck\/","title":{"rendered":"J203 Lubrification centrale \u00e9lectrique pour camion malaxeur \u00e0 b\u00e9ton"},"content":{"rendered":"<h2>Caract\u00e9ristiques<\/h2>\n<p>Le PCB de commande en option de la pompe de lubrification J203 fournit diff\u00e9rents param\u00e8tres de fonctionnement.<br \/>\nPlusieurs types de r\u00e9servoirs 2L, 4L, 8L sont optionnels pour r\u00e9pondre aux diff\u00e9rentes exigences d&#039;application.<br \/>\nLa pompe de lubrification est disponible en plusieurs tensions pour les applications DC et AC.<br \/>\nLes noyaux de pompe de lubrification en option fournissent diff\u00e9rentes sorties pour r\u00e9pondre \u00e0 divers besoins de lubrification.<\/p>\n<h2>Sp\u00e9cification<\/h2>\n<table>\n<tbody>\n<tr>\n<td>Temp\u00e9rature de fonctionnement<\/td>\n<td>(-40\u00b0C \u00e0 +70\u00b0C)<\/td>\n<\/tr>\n<tr>\n<td>Nombre de points de vente<\/td>\n<td>1, 2 ou 3<\/td>\n<\/tr>\n<tr>\n<td>Capacit\u00e9 du r\u00e9servoir<\/td>\n<td>2L, 4L, 8L<\/td>\n<\/tr>\n<tr>\n<td>Remplissage<\/td>\n<td>Raccord de lubrification hydraulique ou par le haut<\/td>\n<\/tr>\n<tr>\n<td>Lubrifiant<\/td>\n<td>Graisses de grade NLGI 2 minimum, huiles jusqu&#039;\u00e0 40 mm\u00b2\/s (cSt) \u00e0 40\u00b0 C<\/td>\n<\/tr>\n<tr>\n<td>Classe de protection<\/td>\n<td>IP6K 9K<\/td>\n<\/tr>\n<tr>\n<td>Diam\u00e8tre du piston, K5<\/td>\n<td>5 mm, environ 2 cm\u00b3\/min<\/td>\n<\/tr>\n<tr>\n<td>Diam\u00e8tre du piston (standard) K6<\/td>\n<td>6 mm, environ 2,8 cm\u00b3\/min<\/td>\n<\/tr>\n<tr>\n<td>Diam\u00e8tre du piston, K7<\/td>\n<td>7 mm, environ 4 cm\u00b3\/min<\/td>\n<\/tr>\n<tr>\n<td>Pression de service max.<\/td>\n<td>350 bars<\/td>\n<\/tr>\n<tr>\n<td>Fil de connexion<\/td>\n<td>Sol 1\/4<\/td>\n<\/tr>\n<tr>\n<td>Tension de fonctionnement<\/td>\n<td>12 V CC, 24 V CC, 110-240 V CA<\/td>\n<\/tr>\n<\/tbody>\n<\/table>\n<h2>Installation<\/h2>\n<p>Emplacement d&#039;installation : \u00c9vitez d&#039;installer la pompe dans un environnement avec des temp\u00e9ratures \u00e9lev\u00e9es ou des substances corrosives.<br \/>\nM\u00e9thode fixe : utilisez les boulons et les supports appropri\u00e9s pour l&#039;installation et assurez-vous que la surface de montage de la pompe de lubrification est plane pour \u00e9viter les vibrations et le bruit.<br \/>\nConnexion \u00e9lectrique : En fonction de la tension de la pompe, connectez correctement le cordon d&#039;alimentation, assurez-vous que la connexion \u00e9lectrique est ferme et conforme aux r\u00e9glementations \u00e9lectriques locales.<br \/>\nRaccorder la conduite de lubrification : Raccorder correctement la conduite \u00e0 la sortie de la pompe de lubrification pour garantir que la connexion est \u00e9tanche et qu&#039;il n&#039;y a pas de fuite.<br \/>\nRemplissage de lubrifiant : remplir la quantit\u00e9 appropri\u00e9e de lubrifiant et s&#039;assurer que le lubrifiant utilis\u00e9 r\u00e9pond aux sp\u00e9cifications de la pompe.<br \/>\nV\u00e9rifiez le syst\u00e8me : v\u00e9rifiez l&#039;absence de fuites apr\u00e8s le d\u00e9marrage de la pompe et confirmez que le lubrifiant peut atteindre chaque point de lubrification.<\/p>\n<h2>Manuels<\/h2>\n<div class=\"sdm_download_button_box_default\"><div class=\"sdm_download_link\"><a href=\"https:\/\/www.jinpinlub.com\/fr\/?sdm_process_download=1&download_id=2429\" class=\"sdm_download white\" title=\"Priv\u00e9\u00a0: J203 Grease Pump\" target=\"&quot;_blank&quot;\">Voir la fiche technique - Pompe \u00e0 graisse J203<\/a><\/div><\/div>","protected":false},"excerpt":{"rendered":"<p>La pompe de lubrification J203 comprend une base avec moteur int\u00e9gr\u00e9, un r\u00e9servoir avec agitateur, une soupape de surpression en option et des connexions \u00e9lectriques. Elle peut piloter jusqu&#039;\u00e0 3 \u00e9l\u00e9ments de pompe et un capteur de niveau bas pour assurer un fonctionnement fiable du syst\u00e8me de lubrification.<\/p>","protected":false},"featured_media":3288,"template":"","meta":{"ocean_post_layout":"","ocean_both_sidebars_style":"","ocean_both_sidebars_content_width":0,"ocean_both_sidebars_sidebars_width":0,"ocean_sidebar":"0","ocean_second_sidebar":"0","ocean_disable_margins":"enable","ocean_add_body_class":"","ocean_shortcode_before_top_bar":"","ocean_shortcode_after_top_bar":"","ocean_shortcode_before_header":"","ocean_shortcode_after_header":"","ocean_has_shortcode":"","ocean_shortcode_after_title":"","ocean_shortcode_before_footer_widgets":"","ocean_shortcode_after_footer_widgets":"","ocean_shortcode_before_footer_bottom":"","ocean_shortcode_after_footer_bottom":"","ocean_display_top_bar":"default","ocean_display_header":"default","ocean_header_style":"","ocean_center_header_left_menu":"0","ocean_custom_header_template":"0","ocean_custom_logo":0,"ocean_custom_retina_logo":0,"ocean_custom_logo_max_width":0,"ocean_custom_logo_tablet_max_width":0,"ocean_custom_logo_mobile_max_width":0,"ocean_custom_logo_max_height":0,"ocean_custom_logo_tablet_max_height":0,"ocean_custom_logo_mobile_max_height":0,"ocean_header_custom_menu":"0","ocean_menu_typo_font_family":"0","ocean_menu_typo_font_subset":"","ocean_menu_typo_font_size":0,"ocean_menu_typo_font_size_tablet":0,"ocean_menu_typo_font_size_mobile":0,"ocean_menu_typo_font_size_unit":"px","ocean_menu_typo_font_weight":"","ocean_menu_typo_font_weight_tablet":"","ocean_menu_typo_font_weight_mobile":"","ocean_menu_typo_transform":"","ocean_menu_typo_transform_tablet":"","ocean_menu_typo_transform_mobile":"","ocean_menu_typo_line_height":0,"ocean_menu_typo_line_height_tablet":0,"ocean_menu_typo_line_height_mobile":0,"ocean_menu_typo_line_height_unit":"","ocean_menu_typo_spacing":0,"ocean_menu_typo_spacing_tablet":0,"ocean_menu_typo_spacing_mobile":0,"ocean_menu_typo_spacing_unit":"","ocean_menu_link_color":"","ocean_menu_link_color_hover":"","ocean_menu_link_color_active":"","ocean_menu_link_background":"","ocean_menu_link_hover_background":"","ocean_menu_link_active_background":"","ocean_menu_social_links_bg":"","ocean_menu_social_hover_links_bg":"","ocean_menu_social_links_color":"","ocean_menu_social_hover_links_color":"","ocean_disable_title":"default","ocean_disable_heading":"default","ocean_post_title":"","ocean_post_subheading":"","ocean_post_title_style":"","ocean_post_title_background_color":"","ocean_post_title_background":0,"ocean_post_title_bg_image_position":"","ocean_post_title_bg_image_attachment":"","ocean_post_title_bg_image_repeat":"","ocean_post_title_bg_image_size":"","ocean_post_title_height":0,"ocean_post_title_bg_overlay":0.5,"ocean_post_title_bg_overlay_color":"","ocean_disable_breadcrumbs":"default","ocean_breadcrumbs_color":"","ocean_breadcrumbs_separator_color":"","ocean_breadcrumbs_links_color":"","ocean_breadcrumbs_links_hover_color":"","ocean_display_footer_widgets":"default","ocean_display_footer_bottom":"default","ocean_custom_footer_template":"0","osh_disable_topbar_sticky":"default","osh_disable_header_sticky":"default","osh_sticky_header_style":"default","osh_sticky_header_effect":"","osh_custom_sticky_logo":0,"osh_custom_retina_sticky_logo":0,"osh_custom_sticky_logo_height":0,"osh_background_color":"","osh_links_color":"","osh_links_hover_color":"","osh_links_active_color":"","osh_links_bg_color":"","osh_links_hover_bg_color":"","osh_links_active_bg_color":"","osh_menu_social_links_color":"","osh_menu_social_hover_links_color":""},"product_brand":[],"product_cat":[42,41],"product_tag":[218,219,220],"class_list":{"0":"post-3340","1":"product","2":"type-product","3":"status-publish","4":"has-post-thumbnail","6":"product_cat-electric-progressive-pumps","7":"product_cat-progressive-grease-systems","8":"product_tag-centralized-grease-pump","9":"product_tag-delimon-grease-pump","10":"product_tag-lubrication-solution","12":"entry","13":"has-media","15":"first","16":"instock","17":"shipping-taxable","18":"product-type-external","19":"col","20":"span_1_of_3","21":"owp-content-center","22":"owp-thumbs-layout-horizontal","23":"owp-btn-very-big","24":"owp-tabs-layout-horizontal"},"_links":{"self":[{"href":"https:\/\/www.jinpinlub.com\/fr\/wp-json\/wp\/v2\/product\/3340","targetHints":{"allow":["GET"]}}],"collection":[{"href":"https:\/\/www.jinpinlub.com\/fr\/wp-json\/wp\/v2\/product"}],"about":[{"href":"https:\/\/www.jinpinlub.com\/fr\/wp-json\/wp\/v2\/types\/product"}],"wp:featuredmedia":[{"embeddable":true,"href":"https:\/\/www.jinpinlub.com\/fr\/wp-json\/wp\/v2\/media\/3288"}],"wp:attachment":[{"href":"https:\/\/www.jinpinlub.com\/fr\/wp-json\/wp\/v2\/media?parent=3340"}],"wp:term":[{"taxonomy":"product_brand","embeddable":true,"href":"https:\/\/www.jinpinlub.com\/fr\/wp-json\/wp\/v2\/product_brand?post=3340"},{"taxonomy":"product_cat","embeddable":true,"href":"https:\/\/www.jinpinlub.com\/fr\/wp-json\/wp\/v2\/product_cat?post=3340"},{"taxonomy":"product_tag","embeddable":true,"href":"https:\/\/www.jinpinlub.com\/fr\/wp-json\/wp\/v2\/product_tag?post=3340"}],"curies":[{"name":"wp","href":"https:\/\/api.w.org\/{rel}","templated":true}]}}