{"id":3341,"date":"2024-08-22T11:33:45","date_gmt":"2024-08-22T03:33:45","guid":{"rendered":"https:\/\/www.jinpinlub.com\/?post_type=product&#038;p=3341"},"modified":"2024-08-22T11:39:00","modified_gmt":"2024-08-22T03:39:00","slug":"pompe-de-lubrification-progressive-electrique-j203-avec-commande","status":"publish","type":"product","link":"https:\/\/www.jinpinlub.com\/fr\/product\/j203-electric-progressive-lubrication-pump-for-with-control\/","title":{"rendered":"Pompe de lubrification \u00e9lectrique progressive J203 avec commande"},"content":{"rendered":"<h2>Caract\u00e9ristiques<\/h2>\n<p><span id=\"input-sentence~0\">Haute efficacit\u00e9 : la pompe de lubrification J203 est dot\u00e9e d&#039;une technologie de pompage avanc\u00e9e, fournissant en continu une lubrification stable, garantissant ainsi un fonctionnement normal sous des \u00e9quipements \u00e0 forte charge.<br \/>\nDurabilit\u00e9 : Il est fabriqu\u00e9 \u00e0 partir d&#039;une composition de mat\u00e9riaux \u00e0 haute r\u00e9sistance et pr\u00e9sente une excellente r\u00e9sistance \u00e0 l&#039;usure et \u00e0 la corrosion, il convient donc au travail \u00e0 long terme dans un mauvais environnement.<\/span><span id=\"input-sentence~1\"><br \/>\nEntretien facile : Gr\u00e2ce \u00e0 la conception modulaire de la pompe de lubrification, l&#039;entretien et le remplacement des pi\u00e8ces sont beaucoup plus faciles.<br \/>\nPolyvalence : La pompe de lubrification est capable d&#039;utiliser diff\u00e9rents types d&#039;huiles et de graisses pour r\u00e9pondre \u00e0 diff\u00e9rentes machines de travail et sc\u00e9narios.<\/span><\/p>\n<h2>Sp\u00e9cification<\/h2>\n<table>\n<tbody>\n<tr>\n<td>Temp\u00e9rature de fonctionnement<\/td>\n<td>(-40\u00b0C \u00e0 +70\u00b0C)<\/td>\n<\/tr>\n<tr>\n<td>Nombre de points de vente<\/td>\n<td>1, 2 ou 3<\/td>\n<\/tr>\n<tr>\n<td>Capacit\u00e9 du r\u00e9servoir<\/td>\n<td>2L, 4L, 8L<\/td>\n<\/tr>\n<tr>\n<td>Remplissage<\/td>\n<td>Raccord de lubrification hydraulique ou par le haut<\/td>\n<\/tr>\n<tr>\n<td>Lubrifiant<\/td>\n<td>Graisses de grade NLGI 2 minimum, huiles jusqu&#039;\u00e0 40 mm\u00b2\/s (cSt) \u00e0 40\u00b0 C<\/td>\n<\/tr>\n<tr>\n<td>Classe de protection<\/td>\n<td>IP6K 9K<\/td>\n<\/tr>\n<tr>\n<td>Diam\u00e8tre du piston, K5<\/td>\n<td>5 mm, environ 2 cm\u00b3\/min<\/td>\n<\/tr>\n<tr>\n<td>Diam\u00e8tre du piston (standard) K6<\/td>\n<td>6 mm, environ 2,8 cm\u00b3\/min<\/td>\n<\/tr>\n<tr>\n<td>Diam\u00e8tre du piston, K7<\/td>\n<td>7 mm, environ 4 cm\u00b3\/min<\/td>\n<\/tr>\n<tr>\n<td>Pression de service max.<\/td>\n<td>350 bars<\/td>\n<\/tr>\n<tr>\n<td>Fil de connexion<\/td>\n<td>Sol 1\/4<\/td>\n<\/tr>\n<tr>\n<td>Tension de fonctionnement<\/td>\n<td>12 V CC, 24 V CC, 110-240 V CA<\/td>\n<\/tr>\n<\/tbody>\n<\/table>\n<h2>Entretien<\/h2>\n<p><span id=\"input-sentence~2\">Contr\u00f4le r\u00e9gulier : V\u00e9rifiez r\u00e9guli\u00e8rement l&#039;\u00e9tat de fonctionnement de la pompe de lubrification pour vous assurer qu&#039;il n&#039;y a pas de bruit ou de vibration anormale. V\u00e9rifiez ensuite si la connexion \u00e9lectrique est solide, sans desserrage ni corrosion.<br \/>\nRemplissage de lubrifiant : Le niveau de lubrifiant dans le r\u00e9servoir doit \u00eatre r\u00e9guli\u00e8rement v\u00e9rifi\u00e9 et rempli \u00e0 temps.<\/span><span id=\"input-sentence~3\"> Assurez-vous que le lubrifiant \u00e0 utiliser est conforme aux exigences de la pompe.<br \/>\nNettoyage : L&#039;ext\u00e9rieur de la pompe doit \u00eatre nettoy\u00e9 r\u00e9guli\u00e8rement. Des produits de nettoyage appropri\u00e9s doivent \u00eatre utilis\u00e9s et l&#039;utilisation de produits chimiques corrosifs doit \u00eatre \u00e9vit\u00e9e.<br \/>\nRemplacement des pi\u00e8ces : Les \u00e9l\u00e9ments de la pompe de lubrification et les filtres sont rempla\u00e7ables. Remplacez-les r\u00e9guli\u00e8rement conform\u00e9ment au manuel d&#039;instructions.<br \/>\nTest du syst\u00e8me : la pression du syst\u00e8me de pompe de lubrification doit \u00eatre dans la plage normale.<\/span><\/p>\n<h2>Manuels<\/h2>\n<div class=\"sdm_download_button_box_default\"><div class=\"sdm_download_link\"><a href=\"https:\/\/www.jinpinlub.com\/fr\/?sdm_process_download=1&download_id=2429\" class=\"sdm_download white\" title=\"Priv\u00e9\u00a0: J203 Grease Pump\" target=\"&quot;_blank&quot;\">Voir la fiche technique - Pompe \u00e0 graisse J203<\/a><\/div><\/div>","protected":false},"excerpt":{"rendered":"<p>JINPINLUB J203 est un \u00e9quipement de lubrification con\u00e7u pour les applications industrielles, capable de fournir des services de lubrification fiables dans une vari\u00e9t\u00e9 d&#039;environnements de travail difficiles. Il est con\u00e7u pour r\u00e9duire la friction et l&#039;usure des \u00e9quipements, prolongeant ainsi leur dur\u00e9e de vie.<\/p>","protected":false},"featured_media":3290,"template":"","meta":{"ocean_post_layout":"","ocean_both_sidebars_style":"","ocean_both_sidebars_content_width":0,"ocean_both_sidebars_sidebars_width":0,"ocean_sidebar":"0","ocean_second_sidebar":"0","ocean_disable_margins":"enable","ocean_add_body_class":"","ocean_shortcode_before_top_bar":"","ocean_shortcode_after_top_bar":"","ocean_shortcode_before_header":"","ocean_shortcode_after_header":"","ocean_has_shortcode":"","ocean_shortcode_after_title":"","ocean_shortcode_before_footer_widgets":"","ocean_shortcode_after_footer_widgets":"","ocean_shortcode_before_footer_bottom":"","ocean_shortcode_after_footer_bottom":"","ocean_display_top_bar":"default","ocean_display_header":"default","ocean_header_style":"","ocean_center_header_left_menu":"0","ocean_custom_header_template":"0","ocean_custom_logo":0,"ocean_custom_retina_logo":0,"ocean_custom_logo_max_width":0,"ocean_custom_logo_tablet_max_width":0,"ocean_custom_logo_mobile_max_width":0,"ocean_custom_logo_max_height":0,"ocean_custom_logo_tablet_max_height":0,"ocean_custom_logo_mobile_max_height":0,"ocean_header_custom_menu":"0","ocean_menu_typo_font_family":"0","ocean_menu_typo_font_subset":"","ocean_menu_typo_font_size":0,"ocean_menu_typo_font_size_tablet":0,"ocean_menu_typo_font_size_mobile":0,"ocean_menu_typo_font_size_unit":"px","ocean_menu_typo_font_weight":"","ocean_menu_typo_font_weight_tablet":"","ocean_menu_typo_font_weight_mobile":"","ocean_menu_typo_transform":"","ocean_menu_typo_transform_tablet":"","ocean_menu_typo_transform_mobile":"","ocean_menu_typo_line_height":0,"ocean_menu_typo_line_height_tablet":0,"ocean_menu_typo_line_height_mobile":0,"ocean_menu_typo_line_height_unit":"","ocean_menu_typo_spacing":0,"ocean_menu_typo_spacing_tablet":0,"ocean_menu_typo_spacing_mobile":0,"ocean_menu_typo_spacing_unit":"","ocean_menu_link_color":"","ocean_menu_link_color_hover":"","ocean_menu_link_color_active":"","ocean_menu_link_background":"","ocean_menu_link_hover_background":"","ocean_menu_link_active_background":"","ocean_menu_social_links_bg":"","ocean_menu_social_hover_links_bg":"","ocean_menu_social_links_color":"","ocean_menu_social_hover_links_color":"","ocean_disable_title":"default","ocean_disable_heading":"default","ocean_post_title":"","ocean_post_subheading":"","ocean_post_title_style":"","ocean_post_title_background_color":"","ocean_post_title_background":0,"ocean_post_title_bg_image_position":"","ocean_post_title_bg_image_attachment":"","ocean_post_title_bg_image_repeat":"","ocean_post_title_bg_image_size":"","ocean_post_title_height":0,"ocean_post_title_bg_overlay":0.5,"ocean_post_title_bg_overlay_color":"","ocean_disable_breadcrumbs":"default","ocean_breadcrumbs_color":"","ocean_breadcrumbs_separator_color":"","ocean_breadcrumbs_links_color":"","ocean_breadcrumbs_links_hover_color":"","ocean_display_footer_widgets":"default","ocean_display_footer_bottom":"default","ocean_custom_footer_template":"0","osh_disable_topbar_sticky":"default","osh_disable_header_sticky":"default","osh_sticky_header_style":"default","osh_sticky_header_effect":"","osh_custom_sticky_logo":0,"osh_custom_retina_sticky_logo":0,"osh_custom_sticky_logo_height":0,"osh_background_color":"","osh_links_color":"","osh_links_hover_color":"","osh_links_active_color":"","osh_links_bg_color":"","osh_links_hover_bg_color":"","osh_links_active_bg_color":"","osh_menu_social_links_color":"","osh_menu_social_hover_links_color":""},"product_brand":[],"product_cat":[42,41],"product_tag":[185,220,221],"class_list":{"0":"post-3341","1":"product","2":"type-product","3":"status-publish","4":"has-post-thumbnail","6":"product_cat-electric-progressive-pumps","7":"product_cat-progressive-grease-systems","8":"product_tag-electric-grease-pump","9":"product_tag-lubrication-solution","10":"product_tag-progressive-lubrication-system","12":"entry","13":"has-media","15":"first","16":"instock","17":"shipping-taxable","18":"product-type-external","19":"col","20":"span_1_of_3","21":"owp-content-center","22":"owp-thumbs-layout-horizontal","23":"owp-btn-very-big","24":"owp-tabs-layout-horizontal"},"_links":{"self":[{"href":"https:\/\/www.jinpinlub.com\/fr\/wp-json\/wp\/v2\/product\/3341","targetHints":{"allow":["GET"]}}],"collection":[{"href":"https:\/\/www.jinpinlub.com\/fr\/wp-json\/wp\/v2\/product"}],"about":[{"href":"https:\/\/www.jinpinlub.com\/fr\/wp-json\/wp\/v2\/types\/product"}],"wp:featuredmedia":[{"embeddable":true,"href":"https:\/\/www.jinpinlub.com\/fr\/wp-json\/wp\/v2\/media\/3290"}],"wp:attachment":[{"href":"https:\/\/www.jinpinlub.com\/fr\/wp-json\/wp\/v2\/media?parent=3341"}],"wp:term":[{"taxonomy":"product_brand","embeddable":true,"href":"https:\/\/www.jinpinlub.com\/fr\/wp-json\/wp\/v2\/product_brand?post=3341"},{"taxonomy":"product_cat","embeddable":true,"href":"https:\/\/www.jinpinlub.com\/fr\/wp-json\/wp\/v2\/product_cat?post=3341"},{"taxonomy":"product_tag","embeddable":true,"href":"https:\/\/www.jinpinlub.com\/fr\/wp-json\/wp\/v2\/product_tag?post=3341"}],"curies":[{"name":"wp","href":"https:\/\/api.w.org\/{rel}","templated":true}]}}