{"id":3346,"date":"2024-08-22T13:12:02","date_gmt":"2024-08-22T05:12:02","guid":{"rendered":"https:\/\/www.jinpinlub.com\/?post_type=product&#038;p=3346"},"modified":"2025-01-24T02:07:08","modified_gmt":"2025-01-23T18:07:08","slug":"jl-1-vanne-de-distribution-de-graisse-a-deplacement-positif-pour-lubrifiant","status":"publish","type":"product","link":"https:\/\/www.jinpinlub.com\/fr\/product\/jl-1-lubricant-positive-displacement-grease-dispensing-valve\/","title":{"rendered":"Vanne de distribution de graisse \u00e0 d\u00e9placement positif pour lubrifiant JL-1"},"content":{"rendered":"<h2>Caract\u00e9ristiques<\/h2>\n<p><span id=\"input-sentence~1\">Fonctionnement \u00e0 haute pression : le distributeur de graisse JL-1 est capable de fonctionner \u00e0 des pressions \u00e9lev\u00e9es allant de 127 \u00e0 240 bars, garantissant que le lubrifiant est efficacement d\u00e9livr\u00e9 \u00e0 chaque point de lubrification.<br \/>\nD\u00e9bit r\u00e9glable : Le d\u00e9bit de chaque distributeur est r\u00e9glable en externe de 0,016 \u00e0 1,31 cm\u00b3, ce qui permet \u00e0 l&#039;utilisateur de contr\u00f4ler pr\u00e9cis\u00e9ment la quantit\u00e9 de lubrifiant distribu\u00e9e en fonction de besoins sp\u00e9cifiques.<br \/>\nInspection visuelle : la conception de l&#039;aiguille indicatrice permet \u00e0 l&#039;utilisateur de confirmer l&#039;\u00e9tat de fonctionnement du distributeur de graisse par inspection visuelle pour s&#039;assurer que l&#039;appareil fonctionne correctement.<br \/>\nEntretien facile : les vannes de distribution individuelles peuvent \u00eatre facilement retir\u00e9es pour inspection et remplacement, r\u00e9duisant ainsi le temps et les co\u00fbts de maintenance.<\/span><\/p>\n<h2>Sp\u00e9cification<\/h2>\n<table>\n<tbody>\n<tr>\n<td>Principe de fonctionnement<\/td>\n<td>Soupape de dosage de d\u00e9charge de pression<\/td>\n<\/tr>\n<tr>\n<td>Nombre de points de vente<\/td>\n<td>1, 2, 3, 4, 5, 6<\/td>\n<\/tr>\n<tr>\n<td>Quantit\u00e9 de mesure<\/td>\n<td>0,016-1,31 ml\/cycle<\/td>\n<\/tr>\n<tr>\n<td>Lubrifiant<\/td>\n<td>Graisse NLGI 0, 1, 2<\/td>\n<\/tr>\n<tr>\n<td>Temp\u00e9rature de fonctionnement<\/td>\n<td>(-26 \u00e0 +176 \u00b0C)<\/td>\n<\/tr>\n<tr>\n<td>Pression de service<\/td>\n<td>127-240 bars<\/td>\n<\/tr>\n<tr>\n<td>Mat\u00e9riel<\/td>\n<td>Acier au carbone, acier inoxydable<\/td>\n<\/tr>\n<tr>\n<td>Connexion ligne principale<\/td>\n<td>M22*1,5<\/td>\n<\/tr>\n<tr>\n<td>Prise de connexion<\/td>\n<td>Rc 1\/8<\/td>\n<\/tr>\n<tr>\n<td>Position de montage<\/td>\n<td>N&#039;importe lequel<\/td>\n<\/tr>\n<\/tbody>\n<\/table>\n<h2>Application<\/h2>\n<p>Le distributeur de graisse JL-1 est principalement utilis\u00e9 dans les syst\u00e8mes de lubrification \u00e0 graisse \u00e0 pression monopoint, haute pression et \u00e0 ligne unique. Le distributeur est donc largement utilis\u00e9 dans les industries qui n\u00e9cessitent un contr\u00f4le de lubrification \u00e9cologique.<br \/>\nExploitation mini\u00e8re et traitement des min\u00e9raux : Dans ces environnements, les appareils n\u00e9cessitent une lubrification continue pour garantir un fonctionnement \u00e9cologique et r\u00e9duire l&#039;usure.<br \/>\n\u00c9quipement de construction : Les \u00e9quipements de construction fonctionnent souvent dans des conditions difficiles et le distributeur JL-1 peut fournir une lubrification fiable.<br \/>\nSid\u00e9rurgie et industrie lourde : les \u00e9quipements de ces industries n\u00e9cessitent souvent des structures de lubrification \u00e0 haute pression pour maintenir leur fonctionnement.<\/p>\n<h2>Manuels<\/h2>\n<div class=\"sdm_download_button_box_default\"><div class=\"sdm_download_link\"><a href=\"https:\/\/www.jinpinlub.com\/fr\/?sdm_process_download=1&download_id=2472\" class=\"sdm_download white\" title=\"Priv\u00e9\u00a0: JL-1 Grease Injector\" target=\"&quot;_blank&quot;\">Voir la fiche technique - Injecteur de graisse JL-1<\/a><\/div><\/div>","protected":false},"excerpt":{"rendered":"<p>Le distributeur JL-1 est un composant de syst\u00e8me de lubrification mono-ligne haute pression, con\u00e7u pour distribuer une lubrification \u00e0 haute viscosit\u00e9 (jusqu&#039;\u00e0 NLGI 2#). Il convient \u00e0 une vari\u00e9t\u00e9 d&#039;applications industrielles, notamment l&#039;exploitation mini\u00e8re et le traitement des min\u00e9raux, les machines de construction.<\/p>","protected":false},"featured_media":3302,"template":"","meta":{"ocean_post_layout":"","ocean_both_sidebars_style":"","ocean_both_sidebars_content_width":0,"ocean_both_sidebars_sidebars_width":0,"ocean_sidebar":"0","ocean_second_sidebar":"0","ocean_disable_margins":"enable","ocean_add_body_class":"","ocean_shortcode_before_top_bar":"","ocean_shortcode_after_top_bar":"","ocean_shortcode_before_header":"","ocean_shortcode_after_header":"","ocean_has_shortcode":"","ocean_shortcode_after_title":"","ocean_shortcode_before_footer_widgets":"","ocean_shortcode_after_footer_widgets":"","ocean_shortcode_before_footer_bottom":"","ocean_shortcode_after_footer_bottom":"","ocean_display_top_bar":"default","ocean_display_header":"default","ocean_header_style":"","ocean_center_header_left_menu":"0","ocean_custom_header_template":"0","ocean_custom_logo":0,"ocean_custom_retina_logo":0,"ocean_custom_logo_max_width":0,"ocean_custom_logo_tablet_max_width":0,"ocean_custom_logo_mobile_max_width":0,"ocean_custom_logo_max_height":0,"ocean_custom_logo_tablet_max_height":0,"ocean_custom_logo_mobile_max_height":0,"ocean_header_custom_menu":"0","ocean_menu_typo_font_family":"0","ocean_menu_typo_font_subset":"","ocean_menu_typo_font_size":0,"ocean_menu_typo_font_size_tablet":0,"ocean_menu_typo_font_size_mobile":0,"ocean_menu_typo_font_size_unit":"px","ocean_menu_typo_font_weight":"","ocean_menu_typo_font_weight_tablet":"","ocean_menu_typo_font_weight_mobile":"","ocean_menu_typo_transform":"","ocean_menu_typo_transform_tablet":"","ocean_menu_typo_transform_mobile":"","ocean_menu_typo_line_height":0,"ocean_menu_typo_line_height_tablet":0,"ocean_menu_typo_line_height_mobile":0,"ocean_menu_typo_line_height_unit":"","ocean_menu_typo_spacing":0,"ocean_menu_typo_spacing_tablet":0,"ocean_menu_typo_spacing_mobile":0,"ocean_menu_typo_spacing_unit":"","ocean_menu_link_color":"","ocean_menu_link_color_hover":"","ocean_menu_link_color_active":"","ocean_menu_link_background":"","ocean_menu_link_hover_background":"","ocean_menu_link_active_background":"","ocean_menu_social_links_bg":"","ocean_menu_social_hover_links_bg":"","ocean_menu_social_links_color":"","ocean_menu_social_hover_links_color":"","ocean_disable_title":"default","ocean_disable_heading":"default","ocean_post_title":"","ocean_post_subheading":"","ocean_post_title_style":"","ocean_post_title_background_color":"","ocean_post_title_background":0,"ocean_post_title_bg_image_position":"","ocean_post_title_bg_image_attachment":"","ocean_post_title_bg_image_repeat":"","ocean_post_title_bg_image_size":"","ocean_post_title_height":0,"ocean_post_title_bg_overlay":0.5,"ocean_post_title_bg_overlay_color":"","ocean_disable_breadcrumbs":"default","ocean_breadcrumbs_color":"","ocean_breadcrumbs_separator_color":"","ocean_breadcrumbs_links_color":"","ocean_breadcrumbs_links_hover_color":"","ocean_display_footer_widgets":"default","ocean_display_footer_bottom":"default","ocean_custom_footer_template":"0","osh_disable_topbar_sticky":"default","osh_disable_header_sticky":"default","osh_sticky_header_style":"default","osh_sticky_header_effect":"","osh_custom_sticky_logo":0,"osh_custom_retina_sticky_logo":0,"osh_custom_sticky_logo_height":0,"osh_background_color":"","osh_links_color":"","osh_links_hover_color":"","osh_links_active_color":"","osh_links_bg_color":"","osh_links_hover_bg_color":"","osh_links_active_bg_color":"","osh_menu_social_links_color":"","osh_menu_social_hover_links_color":""},"product_brand":[],"product_cat":[40,37],"product_tag":[225,97,226],"class_list":{"0":"post-3346","1":"product","2":"type-product","3":"status-publish","4":"has-post-thumbnail","6":"product_cat-pressure-relief-metering-valves","7":"product_cat-single-line-grease-systems","8":"product_tag-bijur-delimon-divider","9":"product_tag-grease-injector","10":"product_tag-mobile-divider-valve","12":"entry","13":"has-media","15":"first","16":"instock","17":"shipping-taxable","18":"product-type-external","19":"col","20":"span_1_of_3","21":"owp-content-center","22":"owp-thumbs-layout-horizontal","23":"owp-btn-very-big","24":"owp-tabs-layout-horizontal"},"_links":{"self":[{"href":"https:\/\/www.jinpinlub.com\/fr\/wp-json\/wp\/v2\/product\/3346","targetHints":{"allow":["GET"]}}],"collection":[{"href":"https:\/\/www.jinpinlub.com\/fr\/wp-json\/wp\/v2\/product"}],"about":[{"href":"https:\/\/www.jinpinlub.com\/fr\/wp-json\/wp\/v2\/types\/product"}],"wp:featuredmedia":[{"embeddable":true,"href":"https:\/\/www.jinpinlub.com\/fr\/wp-json\/wp\/v2\/media\/3302"}],"wp:attachment":[{"href":"https:\/\/www.jinpinlub.com\/fr\/wp-json\/wp\/v2\/media?parent=3346"}],"wp:term":[{"taxonomy":"product_brand","embeddable":true,"href":"https:\/\/www.jinpinlub.com\/fr\/wp-json\/wp\/v2\/product_brand?post=3346"},{"taxonomy":"product_cat","embeddable":true,"href":"https:\/\/www.jinpinlub.com\/fr\/wp-json\/wp\/v2\/product_cat?post=3346"},{"taxonomy":"product_tag","embeddable":true,"href":"https:\/\/www.jinpinlub.com\/fr\/wp-json\/wp\/v2\/product_tag?post=3346"}],"curies":[{"name":"wp","href":"https:\/\/api.w.org\/{rel}","templated":true}]}}