{"id":3347,"date":"2024-08-22T13:13:48","date_gmt":"2024-08-22T05:13:48","guid":{"rendered":"https:\/\/www.jinpinlub.com\/?post_type=product&#038;p=3347"},"modified":"2025-01-24T02:06:42","modified_gmt":"2025-01-23T18:06:42","slug":"injecteurs-de-graisse-reglables-a-haute-pression-a-3-voies-serie-jl-1","status":"publish","type":"product","link":"https:\/\/www.jinpinlub.com\/fr\/product\/3-way-high-pressure-adjustable-jl-1-series-grease-injectors\/","title":{"rendered":"Injecteurs de graisse r\u00e9glables haute pression \u00e0 3 voies s\u00e9rie JL-1"},"content":{"rendered":"<h2>Caract\u00e9ristiques<\/h2>\n<p>Haute pr\u00e9cision : Le distributeur JL-1 peut atteindre une pr\u00e9cision qui d\u00e9passe le niveau g\u00e9n\u00e9ral de l&#039;industrie.<br \/>\nHaute fiabilit\u00e9 : m\u00eame dans des environnements extr\u00eames aussi bas que moins 40 degr\u00e9s, le distributeur de graisse peut produire un rendement stable.<br \/>\nLongue dur\u00e9e de vie : la dur\u00e9e de vie du distributeur JL-1 est deux fois sup\u00e9rieure \u00e0 celle des produits similaires, ce qui r\u00e9duit la fr\u00e9quence et les co\u00fbts de maintenance.<br \/>\nGrand rendement : la cylindr\u00e9e maximale est doubl\u00e9e, ce qui r\u00e9duit le besoin d&#039;empiler plusieurs graisseurs dans le syst\u00e8me et optimise la conception de l&#039;\u00e9quipement.<br \/>\nLarge compatibilit\u00e9 : le lubrificateur est facile \u00e0 installer et est compatible avec de nombreux syst\u00e8mes de d\u00e9charge de pression monoligne du march\u00e9, offrant une grande flexibilit\u00e9.<\/p>\n<h2>Sp\u00e9cification<\/h2>\n<table>\n<tbody>\n<tr>\n<td>Principe de fonctionnement<\/td>\n<td>Soupape de dosage de d\u00e9charge de pression<\/td>\n<\/tr>\n<tr>\n<td>Nombre de points de vente<\/td>\n<td>1, 2, 3, 4, 5, 6<\/td>\n<\/tr>\n<tr>\n<td>Quantit\u00e9 de mesure<\/td>\n<td>0,016-1,31 ml\/cycle<\/td>\n<\/tr>\n<tr>\n<td>Lubrifiant<\/td>\n<td>Graisse NLGI 0, 1, 2<\/td>\n<\/tr>\n<tr>\n<td>Temp\u00e9rature de fonctionnement<\/td>\n<td>(-26 \u00e0 +176 \u00b0C)<\/td>\n<\/tr>\n<tr>\n<td>Pression de service<\/td>\n<td>127-240 bars<\/td>\n<\/tr>\n<tr>\n<td>Mat\u00e9riel<\/td>\n<td>Acier au carbone, acier inoxydable<\/td>\n<\/tr>\n<tr>\n<td>Connexion ligne principale<\/td>\n<td>M22*1,5<\/td>\n<\/tr>\n<tr>\n<td>Prise de connexion<\/td>\n<td>Rc 1\/8<\/td>\n<\/tr>\n<tr>\n<td>Position de montage<\/td>\n<td>N&#039;importe lequel<\/td>\n<\/tr>\n<\/tbody>\n<\/table>\n<h2>Application<\/h2>\n<p>Syst\u00e8me de lubrification des machines d&#039;usine : applicable \u00e0 diverses machines de l&#039;usine.<br \/>\nLubrification des v\u00e9hicules non moteurs : Applicable aux besoins de lubrification des v\u00e9hicules non moteurs, tels que les chariots \u00e9l\u00e9vateurs, les grues, etc.<br \/>\nLubrification des engins de chantier et des engins miniers \u00e0 grande \u00e9chelle : D\u00e9velopp\u00e9 sp\u00e9cifiquement pour les professionnels des engins de chantier et des engins miniers \u00e0 grande \u00e9chelle, il offre une installation et un remplacement simples et rapides des solutions de pompe de lubrification.<\/p>\n<h2>Manuels<\/h2>\n<div class=\"sdm_download_button_box_default\"><div class=\"sdm_download_link\"><a href=\"https:\/\/www.jinpinlub.com\/fr\/?sdm_process_download=1&download_id=2472\" class=\"sdm_download white\" title=\"Priv\u00e9\u00a0: JL-1 Grease Injector\" target=\"&quot;_blank&quot;\">Voir la fiche technique - Injecteur de graisse JL-1<\/a><\/div><\/div>","protected":false},"excerpt":{"rendered":"<p>La conception robuste et monobloc du distributeur JL-1 permet un fonctionnement stable dans un environnement vibrant. Sa conception \u00e0 sertir sans \u00e9vent et enti\u00e8rement ferm\u00e9e emp\u00eache les fuites de lubrifiant. Le distributeur JL-1 est \u00e9quip\u00e9 d&#039;un \u00e9crou hexagonal r\u00e9glable pour r\u00e9gler la sortie.<\/p>","protected":false},"featured_media":3310,"template":"","meta":{"ocean_post_layout":"","ocean_both_sidebars_style":"","ocean_both_sidebars_content_width":0,"ocean_both_sidebars_sidebars_width":0,"ocean_sidebar":"0","ocean_second_sidebar":"0","ocean_disable_margins":"enable","ocean_add_body_class":"","ocean_shortcode_before_top_bar":"","ocean_shortcode_after_top_bar":"","ocean_shortcode_before_header":"","ocean_shortcode_after_header":"","ocean_has_shortcode":"","ocean_shortcode_after_title":"","ocean_shortcode_before_footer_widgets":"","ocean_shortcode_after_footer_widgets":"","ocean_shortcode_before_footer_bottom":"","ocean_shortcode_after_footer_bottom":"","ocean_display_top_bar":"default","ocean_display_header":"default","ocean_header_style":"","ocean_center_header_left_menu":"0","ocean_custom_header_template":"0","ocean_custom_logo":0,"ocean_custom_retina_logo":0,"ocean_custom_logo_max_width":0,"ocean_custom_logo_tablet_max_width":0,"ocean_custom_logo_mobile_max_width":0,"ocean_custom_logo_max_height":0,"ocean_custom_logo_tablet_max_height":0,"ocean_custom_logo_mobile_max_height":0,"ocean_header_custom_menu":"0","ocean_menu_typo_font_family":"0","ocean_menu_typo_font_subset":"","ocean_menu_typo_font_size":0,"ocean_menu_typo_font_size_tablet":0,"ocean_menu_typo_font_size_mobile":0,"ocean_menu_typo_font_size_unit":"px","ocean_menu_typo_font_weight":"","ocean_menu_typo_font_weight_tablet":"","ocean_menu_typo_font_weight_mobile":"","ocean_menu_typo_transform":"","ocean_menu_typo_transform_tablet":"","ocean_menu_typo_transform_mobile":"","ocean_menu_typo_line_height":0,"ocean_menu_typo_line_height_tablet":0,"ocean_menu_typo_line_height_mobile":0,"ocean_menu_typo_line_height_unit":"","ocean_menu_typo_spacing":0,"ocean_menu_typo_spacing_tablet":0,"ocean_menu_typo_spacing_mobile":0,"ocean_menu_typo_spacing_unit":"","ocean_menu_link_color":"","ocean_menu_link_color_hover":"","ocean_menu_link_color_active":"","ocean_menu_link_background":"","ocean_menu_link_hover_background":"","ocean_menu_link_active_background":"","ocean_menu_social_links_bg":"","ocean_menu_social_hover_links_bg":"","ocean_menu_social_links_color":"","ocean_menu_social_hover_links_color":"","ocean_disable_title":"default","ocean_disable_heading":"default","ocean_post_title":"","ocean_post_subheading":"","ocean_post_title_style":"","ocean_post_title_background_color":"","ocean_post_title_background":0,"ocean_post_title_bg_image_position":"","ocean_post_title_bg_image_attachment":"","ocean_post_title_bg_image_repeat":"","ocean_post_title_bg_image_size":"","ocean_post_title_height":0,"ocean_post_title_bg_overlay":0.5,"ocean_post_title_bg_overlay_color":"","ocean_disable_breadcrumbs":"default","ocean_breadcrumbs_color":"","ocean_breadcrumbs_separator_color":"","ocean_breadcrumbs_links_color":"","ocean_breadcrumbs_links_hover_color":"","ocean_display_footer_widgets":"default","ocean_display_footer_bottom":"default","ocean_custom_footer_template":"0","osh_disable_topbar_sticky":"default","osh_disable_header_sticky":"default","osh_sticky_header_style":"default","osh_sticky_header_effect":"","osh_custom_sticky_logo":0,"osh_custom_retina_sticky_logo":0,"osh_custom_sticky_logo_height":0,"osh_background_color":"","osh_links_color":"","osh_links_hover_color":"","osh_links_active_color":"","osh_links_bg_color":"","osh_links_hover_bg_color":"","osh_links_active_bg_color":"","osh_menu_social_links_color":"","osh_menu_social_hover_links_color":""},"product_brand":[],"product_cat":[40,37],"product_tag":[87,227,166],"class_list":{"0":"post-3347","1":"product","2":"type-product","3":"status-publish","4":"has-post-thumbnail","6":"product_cat-pressure-relief-metering-valves","7":"product_cat-single-line-grease-systems","8":"product_tag-grease-distributor","9":"product_tag-high-pressure-distributor","10":"product_tag-lubricant-metering-valve","12":"entry","13":"has-media","15":"first","16":"instock","17":"shipping-taxable","18":"product-type-external","19":"col","20":"span_1_of_3","21":"owp-content-center","22":"owp-thumbs-layout-horizontal","23":"owp-btn-very-big","24":"owp-tabs-layout-horizontal"},"_links":{"self":[{"href":"https:\/\/www.jinpinlub.com\/fr\/wp-json\/wp\/v2\/product\/3347","targetHints":{"allow":["GET"]}}],"collection":[{"href":"https:\/\/www.jinpinlub.com\/fr\/wp-json\/wp\/v2\/product"}],"about":[{"href":"https:\/\/www.jinpinlub.com\/fr\/wp-json\/wp\/v2\/types\/product"}],"wp:featuredmedia":[{"embeddable":true,"href":"https:\/\/www.jinpinlub.com\/fr\/wp-json\/wp\/v2\/media\/3310"}],"wp:attachment":[{"href":"https:\/\/www.jinpinlub.com\/fr\/wp-json\/wp\/v2\/media?parent=3347"}],"wp:term":[{"taxonomy":"product_brand","embeddable":true,"href":"https:\/\/www.jinpinlub.com\/fr\/wp-json\/wp\/v2\/product_brand?post=3347"},{"taxonomy":"product_cat","embeddable":true,"href":"https:\/\/www.jinpinlub.com\/fr\/wp-json\/wp\/v2\/product_cat?post=3347"},{"taxonomy":"product_tag","embeddable":true,"href":"https:\/\/www.jinpinlub.com\/fr\/wp-json\/wp\/v2\/product_tag?post=3347"}],"curies":[{"name":"wp","href":"https:\/\/api.w.org\/{rel}","templated":true}]}}