{"id":3350,"date":"2024-08-27T02:38:44","date_gmt":"2024-08-26T18:38:44","guid":{"rendered":"https:\/\/www.jinpinlub.com\/?post_type=product&#038;p=3350"},"modified":"2024-08-27T03:13:26","modified_gmt":"2024-08-26T19:13:26","slug":"vanne-de-distribution-dpb14-pour-pompe-de-lubrification-volumetrique-pdi","status":"publish","type":"product","link":"https:\/\/www.jinpinlub.com\/fr\/product\/dpb14-distribution-valve-for-volumetric-pdi-lubrication-pump\/","title":{"rendered":"Vanne de distribution DPB14 pour pompe de lubrification volum\u00e9trique PDI"},"content":{"rendered":"<h2>Fonctionnalit\u00e9<\/h2>\n<p>Dosage de haute pr\u00e9cision : JINPINLUB DPB peut distribuer avec pr\u00e9cision le lubrifiant dans chaque cycle de lubrification, garantissant que chaque point de lubrification de l&#039;\u00e9quipement peut obtenir la bonne quantit\u00e9 de lubrification.<br \/>\nCompatible avec plusieurs lubrifiants : la vanne de dosage convient \u00e0 l&#039;huile min\u00e9rale, \u00e0 l&#039;huile synth\u00e9tique et \u00e0 la graisse molle (huile 32~90 cSt@40\u00b0C, graisse \u2264 NLGI 0#) et peut fonctionner normalement dans la plage de temp\u00e9rature de 0\u00b0C \u00e0 80\u00b0C.<br \/>\nS\u00e9lection de mod\u00e8les multiples : Selon les diff\u00e9rentes exigences d&#039;application, les distributeurs DPB sont disponibles dans une vari\u00e9t\u00e9 de mod\u00e8les, adapt\u00e9s \u00e0 diff\u00e9rents types de lubrifiants et \u00e0 diff\u00e9rentes pressions de travail et volumes de sortie.<\/p>\n<h2>Sp\u00e9cification<\/h2>\n<table>\n<tbody>\n<tr>\n<td>Principe de fonctionnement<\/td>\n<td>Distributeur sous pression<\/td>\n<\/tr>\n<tr>\n<td>Points de vente<\/td>\n<td>2, 3, 4, 5, 6, 8 ,10<\/td>\n<\/tr>\n<tr>\n<td>Dosage de la quantit\u00e9 d&#039;huile<\/td>\n<td>0,03, 0,06, 0,10, 0,16 ml\/cycle<\/td>\n<\/tr>\n<tr>\n<td>Lubrifiant<\/td>\n<td>32~90 cSt@40\u00b0C (huile), \u2264NLGI 0 (graisse)<\/td>\n<\/tr>\n<tr>\n<td>Temp\u00e9rature de fonctionnement<\/td>\n<td>0 \u00e0 +80 \u00b0C<\/td>\n<\/tr>\n<tr>\n<td>Pression de service<\/td>\n<td>8~30bar (huile), 20~50bar (graisse)<\/td>\n<\/tr>\n<tr>\n<td>Mat\u00e9riel<\/td>\n<td>Zinc moul\u00e9 sous pression, laiton<\/td>\n<\/tr>\n<tr>\n<td>Prise de connexion<\/td>\n<td>Entr\u00e9e \u03a66(M10x1), Sortie \u03a64(M8x1)<\/td>\n<\/tr>\n<tr>\n<td>Raccords de sortie<\/td>\n<td>Type de manchon, type rapide<\/td>\n<\/tr>\n<tr>\n<td>Position de montage<\/td>\n<td>N&#039;importe lequel<\/td>\n<\/tr>\n<\/tbody>\n<\/table>\n<h2>Application<\/h2>\n<p>Machines-outils CNC : lubrifiez toutes les pi\u00e8ces mobiles et prolongez la dur\u00e9e de vie de l&#039;\u00e9quipement.<br \/>\nMachines \u00e0 bois : lubrification fiable dans les environnements \u00e0 forte teneur en poussi\u00e8re pour \u00e9viter l&#039;usure m\u00e9canique.<br \/>\nMachines textiles : lubrifier en continu les \u00e9quipements fonctionnant \u00e0 grande vitesse pour garantir l&#039;efficacit\u00e9 de la production.<br \/>\nMachines d&#039;emballage : Assurez-vous que les machines fonctionnent bien, avec moins de temps d&#039;arr\u00eat.<br \/>\nMachines en plastique : Assurer une lubrification stable dans un environnement \u00e0 haute temp\u00e9rature pour \u00e9viter la surchauffe des pi\u00e8ces.<br \/>\nMachines de verrerie : approvisionnement et distribution fiables de lubrifiants dans des conditions de haute temp\u00e9rature et de haute pression.<br \/>\nMachines d&#039;impression : Syst\u00e8me de lubrification volum\u00e9trique pour le bon d\u00e9roulement de l&#039;impression et un taux de panne r\u00e9duit.<\/p>\n<h2>Manuels<\/h2>\n<div class=\"sdm_download_button_box_default\"><div class=\"sdm_download_link\"><a href=\"https:\/\/www.jinpinlub.com\/fr\/?sdm_process_download=1&download_id=2458\" class=\"sdm_download white\" title=\"Priv\u00e9\u00a0: DPB Lubrication Distributor\" target=\"&quot;_blank&quot;\">Voir la fiche technique - Distributeur DPB<\/a><\/div><\/div>","protected":false},"excerpt":{"rendered":"<p>Les vannes de dosage volum\u00e9triques DPB sont des dispositifs de lubrification de haute pr\u00e9cision utilis\u00e9s dans les syst\u00e8mes de lubrification \u00e0 simple ligne. Elles distribuent et dosent les lubrifiants \u00e0 diff\u00e9rents points de lubrification gr\u00e2ce \u00e0 des pompes intermittentes, elles d\u00e9livrent une certaine quantit\u00e9 de lubrifiant, de 0,03 \u00e0 0,16 cc par cycle.<\/p>","protected":false},"featured_media":3396,"template":"","meta":{"ocean_post_layout":"","ocean_both_sidebars_style":"","ocean_both_sidebars_content_width":0,"ocean_both_sidebars_sidebars_width":0,"ocean_sidebar":"0","ocean_second_sidebar":"0","ocean_disable_margins":"enable","ocean_add_body_class":"","ocean_shortcode_before_top_bar":"","ocean_shortcode_after_top_bar":"","ocean_shortcode_before_header":"","ocean_shortcode_after_header":"","ocean_has_shortcode":"","ocean_shortcode_after_title":"","ocean_shortcode_before_footer_widgets":"","ocean_shortcode_after_footer_widgets":"","ocean_shortcode_before_footer_bottom":"","ocean_shortcode_after_footer_bottom":"","ocean_display_top_bar":"default","ocean_display_header":"default","ocean_header_style":"","ocean_center_header_left_menu":"0","ocean_custom_header_template":"0","ocean_custom_logo":0,"ocean_custom_retina_logo":0,"ocean_custom_logo_max_width":0,"ocean_custom_logo_tablet_max_width":0,"ocean_custom_logo_mobile_max_width":0,"ocean_custom_logo_max_height":0,"ocean_custom_logo_tablet_max_height":0,"ocean_custom_logo_mobile_max_height":0,"ocean_header_custom_menu":"0","ocean_menu_typo_font_family":"0","ocean_menu_typo_font_subset":"","ocean_menu_typo_font_size":0,"ocean_menu_typo_font_size_tablet":0,"ocean_menu_typo_font_size_mobile":0,"ocean_menu_typo_font_size_unit":"px","ocean_menu_typo_font_weight":"","ocean_menu_typo_font_weight_tablet":"","ocean_menu_typo_font_weight_mobile":"","ocean_menu_typo_transform":"","ocean_menu_typo_transform_tablet":"","ocean_menu_typo_transform_mobile":"","ocean_menu_typo_line_height":0,"ocean_menu_typo_line_height_tablet":0,"ocean_menu_typo_line_height_mobile":0,"ocean_menu_typo_line_height_unit":"","ocean_menu_typo_spacing":0,"ocean_menu_typo_spacing_tablet":0,"ocean_menu_typo_spacing_mobile":0,"ocean_menu_typo_spacing_unit":"","ocean_menu_link_color":"","ocean_menu_link_color_hover":"","ocean_menu_link_color_active":"","ocean_menu_link_background":"","ocean_menu_link_hover_background":"","ocean_menu_link_active_background":"","ocean_menu_social_links_bg":"","ocean_menu_social_hover_links_bg":"","ocean_menu_social_links_color":"","ocean_menu_social_hover_links_color":"","ocean_disable_title":"default","ocean_disable_heading":"default","ocean_post_title":"","ocean_post_subheading":"","ocean_post_title_style":"","ocean_post_title_background_color":"","ocean_post_title_background":0,"ocean_post_title_bg_image_position":"","ocean_post_title_bg_image_attachment":"","ocean_post_title_bg_image_repeat":"","ocean_post_title_bg_image_size":"","ocean_post_title_height":0,"ocean_post_title_bg_overlay":0.5,"ocean_post_title_bg_overlay_color":"","ocean_disable_breadcrumbs":"default","ocean_breadcrumbs_color":"","ocean_breadcrumbs_separator_color":"","ocean_breadcrumbs_links_color":"","ocean_breadcrumbs_links_hover_color":"","ocean_display_footer_widgets":"default","ocean_display_footer_bottom":"default","ocean_custom_footer_template":"0","osh_disable_topbar_sticky":"default","osh_disable_header_sticky":"default","osh_sticky_header_style":"default","osh_sticky_header_effect":"","osh_custom_sticky_logo":0,"osh_custom_retina_sticky_logo":0,"osh_custom_sticky_logo_height":0,"osh_background_color":"","osh_links_color":"","osh_links_hover_color":"","osh_links_active_color":"","osh_links_bg_color":"","osh_links_hover_bg_color":"","osh_links_active_bg_color":"","osh_menu_social_links_color":"","osh_menu_social_hover_links_color":""},"product_brand":[],"product_cat":[49,47],"product_tag":[229,228,80],"class_list":{"0":"post-3350","1":"product","2":"type-product","3":"status-publish","4":"has-post-thumbnail","6":"product_cat-volumetric-oil-injectors","7":"product_cat-volumetric-thin-oil-systems","8":"product_tag-oil-metering-valve","9":"product_tag-thin-oil-injector","10":"product_tag-volumetric-oil-distributor","12":"entry","13":"has-media","15":"first","16":"instock","17":"shipping-taxable","18":"product-type-external","19":"col","20":"span_1_of_3","21":"owp-content-center","22":"owp-thumbs-layout-horizontal","23":"owp-btn-very-big","24":"owp-tabs-layout-horizontal"},"_links":{"self":[{"href":"https:\/\/www.jinpinlub.com\/fr\/wp-json\/wp\/v2\/product\/3350","targetHints":{"allow":["GET"]}}],"collection":[{"href":"https:\/\/www.jinpinlub.com\/fr\/wp-json\/wp\/v2\/product"}],"about":[{"href":"https:\/\/www.jinpinlub.com\/fr\/wp-json\/wp\/v2\/types\/product"}],"wp:featuredmedia":[{"embeddable":true,"href":"https:\/\/www.jinpinlub.com\/fr\/wp-json\/wp\/v2\/media\/3396"}],"wp:attachment":[{"href":"https:\/\/www.jinpinlub.com\/fr\/wp-json\/wp\/v2\/media?parent=3350"}],"wp:term":[{"taxonomy":"product_brand","embeddable":true,"href":"https:\/\/www.jinpinlub.com\/fr\/wp-json\/wp\/v2\/product_brand?post=3350"},{"taxonomy":"product_cat","embeddable":true,"href":"https:\/\/www.jinpinlub.com\/fr\/wp-json\/wp\/v2\/product_cat?post=3350"},{"taxonomy":"product_tag","embeddable":true,"href":"https:\/\/www.jinpinlub.com\/fr\/wp-json\/wp\/v2\/product_tag?post=3350"}],"curies":[{"name":"wp","href":"https:\/\/api.w.org\/{rel}","templated":true}]}}