{"id":3397,"date":"2024-08-27T03:14:08","date_gmt":"2024-08-26T19:14:08","guid":{"rendered":"https:\/\/www.jinpinlub.com\/?post_type=product&#038;p=3397"},"modified":"2024-08-27T03:16:01","modified_gmt":"2024-08-26T19:16:01","slug":"vanne-de-separation-de-distributeur-dhuile-de-graisse-volumetrique-personnalisee","status":"publish","type":"product","link":"https:\/\/www.jinpinlub.com\/fr\/produit\/vanne-de-separation-de-distributeur-dhuile-de-graisse-volumetrique-personnalisee\/","title":{"rendered":"Vanne de s\u00e9paration de distributeur d&#039;huile de graisse volum\u00e9trique personnalis\u00e9e"},"content":{"rendered":"<h2>Fonctionnalit\u00e9<\/h2>\n<p>Haute pr\u00e9cision : le dispositif de lubrification JINPINLUB DPB peut fournir une quantit\u00e9 pr\u00e9cise de lubrifiant pour garantir que chaque point de lubrification peut \u00eatre correctement lubrifi\u00e9.<br \/>\nContr\u00f4le automatis\u00e9 : La vanne de dosage de lubrification peut \u00eatre associ\u00e9e \u00e0 des d\u00e9tecteurs ou capteurs m\u00e9caniques et peut ajuster automatiquement la quantit\u00e9 de lubrifiant en fonction de l&#039;\u00e9tat de fonctionnement de l&#039;\u00e9quipement, r\u00e9duisant ainsi l&#039;intervention manuelle.<br \/>\nLubrification multipoint : Ce distributeur peut fournir une lubrification \u00e0 plusieurs points de lubrification en m\u00eame temps et convient aux syst\u00e8mes m\u00e9caniques complexes.<br \/>\nDurabilit\u00e9 : Fabriqu\u00e9 \u00e0 partir de mat\u00e9riaux de haute qualit\u00e9, il peut fonctionner de mani\u00e8re stable pendant longtemps dans des environnements industriels difficiles.<\/p>\n<h2>Sp\u00e9cification<\/h2>\n<table>\n<tbody>\n<tr>\n<td>Principe de fonctionnement<\/td>\n<td>Distributeur sous pression<\/td>\n<\/tr>\n<tr>\n<td>Points de vente<\/td>\n<td>2, 3, 4, 5, 6, 8 ,10<\/td>\n<\/tr>\n<tr>\n<td>Dosage de la quantit\u00e9 d&#039;huile<\/td>\n<td>0,03, 0,06, 0,10, 0,16 ml\/cycle<\/td>\n<\/tr>\n<tr>\n<td>Lubrifiant<\/td>\n<td>32~90 cSt@40\u00b0C (huile), \u2264NLGI 0 (graisse)<\/td>\n<\/tr>\n<tr>\n<td>Temp\u00e9rature de fonctionnement<\/td>\n<td>0 \u00e0 +80 \u00b0C<\/td>\n<\/tr>\n<tr>\n<td>Pression de service<\/td>\n<td>8~30bar (huile), 20~50bar (graisse)<\/td>\n<\/tr>\n<tr>\n<td>Mat\u00e9riel<\/td>\n<td>Zinc moul\u00e9 sous pression, laiton<\/td>\n<\/tr>\n<tr>\n<td>Prise de connexion<\/td>\n<td>Entr\u00e9e \u03a66(M10x1), Sortie \u03a64(M8x1)<\/td>\n<\/tr>\n<tr>\n<td>Raccords de sortie<\/td>\n<td>Type de manchon, type rapide<\/td>\n<\/tr>\n<tr>\n<td>Position de montage<\/td>\n<td>N&#039;importe lequel<\/td>\n<\/tr>\n<\/tbody>\n<\/table>\n<h2>Application<\/h2>\n<p>Les doseurs de lubrification JINPINLUB DPB sont utilis\u00e9s dans divers domaines industriels :<br \/>\nIndustrie manufacturi\u00e8re : Syst\u00e8me de lubrification centralis\u00e9e des \u00e9quipements de ligne de production pour assurer le bon fonctionnement des \u00e9quipements.<br \/>\nMachines lourdes : telles que les \u00e9quipements miniers, les engins de chantier, etc., la lubrification du syst\u00e8me de lubrification peut r\u00e9duire consid\u00e9rablement l&#039;usure.<br \/>\nIndustrie automobile : Pr\u00e9-lubrifier le moteur avant de d\u00e9marrer pour r\u00e9duire les dommages au moteur lors des d\u00e9marrages \u00e0 froid.<\/p>\n<h2>Manuels<\/h2>\n<div class=\"sdm_download_button_box_default\"><div class=\"sdm_download_link\"><a href=\"https:\/\/www.jinpinlub.com\/fr\/?sdm_process_download=1&download_id=2458\" class=\"sdm_download white\" title=\"Priv\u00e9\u00a0: DPB Lubrication Distributor\" target=\"&quot;_blank&quot;\">Voir la fiche technique - Distributeur DPB<\/a><\/div><\/div>","protected":false},"excerpt":{"rendered":"<p>Le dispositif de dosage de lubrification DPB adopte une conception avanc\u00e9e pour fournir une quantit\u00e9 pr\u00e9cise de lubrifiant \u00e0 l&#039;\u00e9quipement. La vanne de dosage a une vari\u00e9t\u00e9 de volumes de sortie et peut r\u00e9aliser un contr\u00f4le pr\u00e9cis de la quantit\u00e9 de lubrification avec le fonctionnement et l&#039;intervalle de la pompe de lubrification.<\/p>","protected":false},"featured_media":3351,"template":"","meta":{"ocean_post_layout":"","ocean_both_sidebars_style":"","ocean_both_sidebars_content_width":0,"ocean_both_sidebars_sidebars_width":0,"ocean_sidebar":"0","ocean_second_sidebar":"0","ocean_disable_margins":"enable","ocean_add_body_class":"","ocean_shortcode_before_top_bar":"","ocean_shortcode_after_top_bar":"","ocean_shortcode_before_header":"","ocean_shortcode_after_header":"","ocean_has_shortcode":"","ocean_shortcode_after_title":"","ocean_shortcode_before_footer_widgets":"","ocean_shortcode_after_footer_widgets":"","ocean_shortcode_before_footer_bottom":"","ocean_shortcode_after_footer_bottom":"","ocean_display_top_bar":"default","ocean_display_header":"default","ocean_header_style":"","ocean_center_header_left_menu":"0","ocean_custom_header_template":"0","ocean_custom_logo":0,"ocean_custom_retina_logo":0,"ocean_custom_logo_max_width":0,"ocean_custom_logo_tablet_max_width":0,"ocean_custom_logo_mobile_max_width":0,"ocean_custom_logo_max_height":0,"ocean_custom_logo_tablet_max_height":0,"ocean_custom_logo_mobile_max_height":0,"ocean_header_custom_menu":"0","ocean_menu_typo_font_family":"0","ocean_menu_typo_font_subset":"","ocean_menu_typo_font_size":0,"ocean_menu_typo_font_size_tablet":0,"ocean_menu_typo_font_size_mobile":0,"ocean_menu_typo_font_size_unit":"px","ocean_menu_typo_font_weight":"","ocean_menu_typo_font_weight_tablet":"","ocean_menu_typo_font_weight_mobile":"","ocean_menu_typo_transform":"","ocean_menu_typo_transform_tablet":"","ocean_menu_typo_transform_mobile":"","ocean_menu_typo_line_height":0,"ocean_menu_typo_line_height_tablet":0,"ocean_menu_typo_line_height_mobile":0,"ocean_menu_typo_line_height_unit":"","ocean_menu_typo_spacing":0,"ocean_menu_typo_spacing_tablet":0,"ocean_menu_typo_spacing_mobile":0,"ocean_menu_typo_spacing_unit":"","ocean_menu_link_color":"","ocean_menu_link_color_hover":"","ocean_menu_link_color_active":"","ocean_menu_link_background":"","ocean_menu_link_hover_background":"","ocean_menu_link_active_background":"","ocean_menu_social_links_bg":"","ocean_menu_social_hover_links_bg":"","ocean_menu_social_links_color":"","ocean_menu_social_hover_links_color":"","ocean_disable_title":"default","ocean_disable_heading":"default","ocean_post_title":"","ocean_post_subheading":"","ocean_post_title_style":"","ocean_post_title_background_color":"","ocean_post_title_background":0,"ocean_post_title_bg_image_position":"","ocean_post_title_bg_image_attachment":"","ocean_post_title_bg_image_repeat":"","ocean_post_title_bg_image_size":"","ocean_post_title_height":0,"ocean_post_title_bg_overlay":0.5,"ocean_post_title_bg_overlay_color":"","ocean_disable_breadcrumbs":"default","ocean_breadcrumbs_color":"","ocean_breadcrumbs_separator_color":"","ocean_breadcrumbs_links_color":"","ocean_breadcrumbs_links_hover_color":"","ocean_display_footer_widgets":"default","ocean_display_footer_bottom":"default","ocean_custom_footer_template":"0","osh_disable_topbar_sticky":"default","osh_disable_header_sticky":"default","osh_sticky_header_style":"default","osh_sticky_header_effect":"","osh_custom_sticky_logo":0,"osh_custom_retina_sticky_logo":0,"osh_custom_sticky_logo_height":0,"osh_background_color":"","osh_links_color":"","osh_links_hover_color":"","osh_links_active_color":"","osh_links_bg_color":"","osh_links_hover_bg_color":"","osh_links_active_bg_color":"","osh_menu_social_links_color":"","osh_menu_social_hover_links_color":""},"product_brand":[],"product_cat":[47,49],"product_tag":[230,232,231],"class_list":{"0":"post-3397","1":"product","2":"type-product","3":"status-publish","4":"has-post-thumbnail","6":"product_cat-volumetric-thin-oil-systems","7":"product_cat-volumetric-oil-injectors","8":"product_tag-lubrication-metering-device","9":"product_tag-oil-piston-distributor","10":"product_tag-oil-seperator-valve","12":"entry","13":"has-media","15":"first","16":"instock","17":"shipping-taxable","18":"product-type-external","19":"col","20":"span_1_of_3","21":"owp-content-center","22":"owp-thumbs-layout-horizontal","23":"owp-btn-very-big","24":"owp-tabs-layout-horizontal"},"_links":{"self":[{"href":"https:\/\/www.jinpinlub.com\/fr\/wp-json\/wp\/v2\/product\/3397","targetHints":{"allow":["GET"]}}],"collection":[{"href":"https:\/\/www.jinpinlub.com\/fr\/wp-json\/wp\/v2\/product"}],"about":[{"href":"https:\/\/www.jinpinlub.com\/fr\/wp-json\/wp\/v2\/types\/product"}],"wp:featuredmedia":[{"embeddable":true,"href":"https:\/\/www.jinpinlub.com\/fr\/wp-json\/wp\/v2\/media\/3351"}],"wp:attachment":[{"href":"https:\/\/www.jinpinlub.com\/fr\/wp-json\/wp\/v2\/media?parent=3397"}],"wp:term":[{"taxonomy":"product_brand","embeddable":true,"href":"https:\/\/www.jinpinlub.com\/fr\/wp-json\/wp\/v2\/product_brand?post=3397"},{"taxonomy":"product_cat","embeddable":true,"href":"https:\/\/www.jinpinlub.com\/fr\/wp-json\/wp\/v2\/product_cat?post=3397"},{"taxonomy":"product_tag","embeddable":true,"href":"https:\/\/www.jinpinlub.com\/fr\/wp-json\/wp\/v2\/product_tag?post=3397"}],"curies":[{"name":"wp","href":"https:\/\/api.w.org\/{rel}","templated":true}]}}