{"id":3399,"date":"2024-08-27T03:21:06","date_gmt":"2024-08-26T19:21:06","guid":{"rendered":"https:\/\/www.jinpinlub.com\/?post_type=product&#038;p=3399"},"modified":"2024-10-16T11:29:29","modified_gmt":"2024-10-16T03:29:29","slug":"vanne-de-collecteur-de-distribution-a-piston-dpb-pour-systeme-de-lubrification","status":"publish","type":"product","link":"https:\/\/www.jinpinlub.com\/fr\/product\/dpb-piston-distributor-manifold-valve-for-lubrication-system\/","title":{"rendered":"Vanne de collecteur de distribution \u00e0 piston DPB pour syst\u00e8me de lubrification"},"content":{"rendered":"<h2>Fonctionnalit\u00e9<\/h2>\n<p><span id=\"input-sentence~0\">Pr\u00e9cision et exactitude : les injecteurs JINPINLUB DPB sont con\u00e7us pour fournir une distribution de lubrifiants de haute pr\u00e9cision, garantissant des quantit\u00e9s de lubrification constantes \u00e0 chaque fois.<br \/>\nPolyvalence : Les injecteurs de pompe de lubrification peuvent g\u00e9rer une large gamme de fluides allant des huiles fines aux graisses fluides.<\/span><span id=\"input-sentence~1\"><br \/>\nDurabilit\u00e9 : Les injecteurs de lubrification sont fabriqu\u00e9s \u00e0 partir de mat\u00e9riaux de haute qualit\u00e9 et sont capables de r\u00e9sister \u00e0 des conditions de fonctionnement difficiles. Cette durabilit\u00e9 garantit leur longue dur\u00e9e de vie, r\u00e9duisant ainsi le besoin de remplacement et d&#039;entretien fr\u00e9quents.<br \/>\nInt\u00e9gration facile : les injecteurs de lubrifiant sont con\u00e7us pour s\u2019int\u00e9grer facilement dans les lignes de production existantes.<\/span><span id=\"input-sentence~2\"> Leur taille compacte et leur compatibilit\u00e9 avec une vari\u00e9t\u00e9 de syst\u00e8mes de contr\u00f4le en font un choix pratique pour les fabricants qui am\u00e9liorent leurs processus de distribution.<\/span><\/p>\n<h2>Sp\u00e9cification<\/h2>\n<table>\n<tbody>\n<tr>\n<td>Principe de fonctionnement<\/td>\n<td>Distributeur sous pression<\/td>\n<\/tr>\n<tr>\n<td>Points de vente<\/td>\n<td>2, 3, 4, 5, 6, 8 ,10<\/td>\n<\/tr>\n<tr>\n<td>Dosage de la quantit\u00e9 d&#039;huile<\/td>\n<td>0,03, 0,06, 0,10, 0,16 ml\/cycle<\/td>\n<\/tr>\n<tr>\n<td>Lubrifiant<\/td>\n<td>32~90 cSt@40\u00b0C (huile), \u2264NLGI 0 (graisse)<\/td>\n<\/tr>\n<tr>\n<td>Temp\u00e9rature de fonctionnement<\/td>\n<td>0 \u00e0 +80 \u00b0C<\/td>\n<\/tr>\n<tr>\n<td>Pression de service<\/td>\n<td>8~30bar (huile), 20~50bar (graisse)<\/td>\n<\/tr>\n<tr>\n<td>Mat\u00e9riel<\/td>\n<td>Zinc moul\u00e9 sous pression, laiton<\/td>\n<\/tr>\n<tr>\n<td>Prise de connexion<\/td>\n<td>Entr\u00e9e \u03a66(M10x1), Sortie \u03a64(M8x1)<\/td>\n<\/tr>\n<tr>\n<td>Raccords de sortie<\/td>\n<td>Type de manchon, type rapide<\/td>\n<\/tr>\n<tr>\n<td>Position de montage<\/td>\n<td>N&#039;importe lequel<\/td>\n<\/tr>\n<\/tbody>\n<\/table>\n<h2>Application<\/h2>\n<p><span id=\"input-sentence~2\">Il est principalement utilis\u00e9 pour les syst\u00e8mes de lubrification \u00e0 d\u00e9placement positif, et les distributeurs d&#039;huile \u00e0 d\u00e9placement positif sont largement utilis\u00e9s pour la lubrification centralis\u00e9e de l&#039;impression, des plastiques, des emballages, des machines-outils et d&#039;autres \u00e9quipements.<\/span><span id=\"input-sentence~3\"> Ils assurent un approvisionnement quantitatif en huile gr\u00e2ce \u00e0 une structure de piston \u00e0 ressort pour garantir que chaque point de lubrification re\u00e7oive une quantit\u00e9 pr\u00e9cise d&#039;huile de lubrification.<br \/>\nLors du fonctionnement de la pompe \u00e0 huile, le distributeur \u00e9jecte le lubrifiant gr\u00e2ce \u00e0 l&#039;action du ressort ; il s&#039;arr\u00eate ensuite et rel\u00e2che la pression, stockant le lubrifiant \u00e0 l&#039;int\u00e9rieur du distributeur. Une telle conception rend le processus de lubrification plus efficace et plus fiable.<\/span><\/p>\n<h2>Manuels<\/h2>\n<div class=\"sdm_download_button_box_default\"><div class=\"sdm_download_link\"><a href=\"https:\/\/www.jinpinlub.com\/fr\/?sdm_process_download=1&download_id=2458\" class=\"sdm_download white\" title=\"Priv\u00e9\u00a0: DPB Lubrication Distributor\" target=\"&quot;_blank&quot;\">Voir la fiche technique - Distributeur DPB<\/a><\/div><\/div>","protected":false},"excerpt":{"rendered":"<p>L&#039;injecteur \u00e0 d\u00e9placement positif PDB est un dispositif utilis\u00e9 pour la distribution pr\u00e9cise de lubrifiant, appr\u00e9ci\u00e9 pour sa capacit\u00e9 \u00e0 g\u00e9rer une large gamme de viscosit\u00e9s de lubrifiant et une r\u00e9p\u00e9tabilit\u00e9 \u00e9lev\u00e9e, le rendant adapt\u00e9 aux applications n\u00e9cessitant des quantit\u00e9s de lubrification pr\u00e9cises.<\/p>","protected":false},"featured_media":3361,"template":"","meta":{"ocean_post_layout":"","ocean_both_sidebars_style":"","ocean_both_sidebars_content_width":0,"ocean_both_sidebars_sidebars_width":0,"ocean_sidebar":"0","ocean_second_sidebar":"0","ocean_disable_margins":"enable","ocean_add_body_class":"","ocean_shortcode_before_top_bar":"","ocean_shortcode_after_top_bar":"","ocean_shortcode_before_header":"","ocean_shortcode_after_header":"","ocean_has_shortcode":"","ocean_shortcode_after_title":"","ocean_shortcode_before_footer_widgets":"","ocean_shortcode_after_footer_widgets":"","ocean_shortcode_before_footer_bottom":"","ocean_shortcode_after_footer_bottom":"","ocean_display_top_bar":"default","ocean_display_header":"default","ocean_header_style":"","ocean_center_header_left_menu":"0","ocean_custom_header_template":"0","ocean_custom_logo":0,"ocean_custom_retina_logo":0,"ocean_custom_logo_max_width":0,"ocean_custom_logo_tablet_max_width":0,"ocean_custom_logo_mobile_max_width":0,"ocean_custom_logo_max_height":0,"ocean_custom_logo_tablet_max_height":0,"ocean_custom_logo_mobile_max_height":0,"ocean_header_custom_menu":"0","ocean_menu_typo_font_family":"0","ocean_menu_typo_font_subset":"","ocean_menu_typo_font_size":0,"ocean_menu_typo_font_size_tablet":0,"ocean_menu_typo_font_size_mobile":0,"ocean_menu_typo_font_size_unit":"px","ocean_menu_typo_font_weight":"","ocean_menu_typo_font_weight_tablet":"","ocean_menu_typo_font_weight_mobile":"","ocean_menu_typo_transform":"","ocean_menu_typo_transform_tablet":"","ocean_menu_typo_transform_mobile":"","ocean_menu_typo_line_height":0,"ocean_menu_typo_line_height_tablet":0,"ocean_menu_typo_line_height_mobile":0,"ocean_menu_typo_line_height_unit":"","ocean_menu_typo_spacing":0,"ocean_menu_typo_spacing_tablet":0,"ocean_menu_typo_spacing_mobile":0,"ocean_menu_typo_spacing_unit":"","ocean_menu_link_color":"","ocean_menu_link_color_hover":"","ocean_menu_link_color_active":"","ocean_menu_link_background":"","ocean_menu_link_hover_background":"","ocean_menu_link_active_background":"","ocean_menu_social_links_bg":"","ocean_menu_social_hover_links_bg":"","ocean_menu_social_links_color":"","ocean_menu_social_hover_links_color":"","ocean_disable_title":"default","ocean_disable_heading":"default","ocean_post_title":"","ocean_post_subheading":"","ocean_post_title_style":"","ocean_post_title_background_color":"","ocean_post_title_background":0,"ocean_post_title_bg_image_position":"","ocean_post_title_bg_image_attachment":"","ocean_post_title_bg_image_repeat":"","ocean_post_title_bg_image_size":"","ocean_post_title_height":0,"ocean_post_title_bg_overlay":0.5,"ocean_post_title_bg_overlay_color":"","ocean_disable_breadcrumbs":"default","ocean_breadcrumbs_color":"","ocean_breadcrumbs_separator_color":"","ocean_breadcrumbs_links_color":"","ocean_breadcrumbs_links_hover_color":"","ocean_display_footer_widgets":"default","ocean_display_footer_bottom":"default","ocean_custom_footer_template":"0","osh_disable_topbar_sticky":"default","osh_disable_header_sticky":"default","osh_sticky_header_style":"default","osh_sticky_header_effect":"","osh_custom_sticky_logo":0,"osh_custom_retina_sticky_logo":0,"osh_custom_sticky_logo_height":0,"osh_background_color":"","osh_links_color":"","osh_links_hover_color":"","osh_links_active_color":"","osh_links_bg_color":"","osh_links_hover_bg_color":"","osh_links_active_bg_color":"","osh_menu_social_links_color":"","osh_menu_social_hover_links_color":""},"product_brand":[],"product_cat":[49,47],"product_tag":[236,235,80],"class_list":{"0":"post-3399","1":"product","2":"type-product","3":"status-publish","4":"has-post-thumbnail","6":"product_cat-volumetric-oil-injectors","7":"product_cat-volumetric-thin-oil-systems","8":"product_tag-lubrication-pump-distributor","9":"product_tag-oil-lubrication-divider","10":"product_tag-volumetric-oil-distributor","12":"entry","13":"has-media","15":"first","16":"instock","17":"shipping-taxable","18":"product-type-external","19":"col","20":"span_1_of_3","21":"owp-content-center","22":"owp-thumbs-layout-horizontal","23":"owp-btn-very-big","24":"owp-tabs-layout-horizontal"},"_links":{"self":[{"href":"https:\/\/www.jinpinlub.com\/fr\/wp-json\/wp\/v2\/product\/3399","targetHints":{"allow":["GET"]}}],"collection":[{"href":"https:\/\/www.jinpinlub.com\/fr\/wp-json\/wp\/v2\/product"}],"about":[{"href":"https:\/\/www.jinpinlub.com\/fr\/wp-json\/wp\/v2\/types\/product"}],"wp:featuredmedia":[{"embeddable":true,"href":"https:\/\/www.jinpinlub.com\/fr\/wp-json\/wp\/v2\/media\/3361"}],"wp:attachment":[{"href":"https:\/\/www.jinpinlub.com\/fr\/wp-json\/wp\/v2\/media?parent=3399"}],"wp:term":[{"taxonomy":"product_brand","embeddable":true,"href":"https:\/\/www.jinpinlub.com\/fr\/wp-json\/wp\/v2\/product_brand?post=3399"},{"taxonomy":"product_cat","embeddable":true,"href":"https:\/\/www.jinpinlub.com\/fr\/wp-json\/wp\/v2\/product_cat?post=3399"},{"taxonomy":"product_tag","embeddable":true,"href":"https:\/\/www.jinpinlub.com\/fr\/wp-json\/wp\/v2\/product_tag?post=3399"}],"curies":[{"name":"wp","href":"https:\/\/api.w.org\/{rel}","templated":true}]}}