{"id":3400,"date":"2024-08-27T03:31:55","date_gmt":"2024-08-26T19:31:55","guid":{"rendered":"https:\/\/www.jinpinlub.com\/?post_type=product&#038;p=3400"},"modified":"2024-08-27T03:36:21","modified_gmt":"2024-08-26T19:36:21","slug":"distributeur-de-graisse-pour-huile-lubrifiante-sous-pression-a-2-sorties-et-10-sorties","status":"publish","type":"product","link":"https:\/\/www.jinpinlub.com\/fr\/product\/2-10-outlet-pressurized-lubricating-oil-grease-distributor\/","title":{"rendered":"Distributeur de graisse pour huile lubrifiante sous pression \u00e0 2-10 sorties"},"content":{"rendered":"<h2>Fonctionnalit\u00e9<\/h2>\n<p><span id=\"input-sentence~0\">Pression de fonctionnement : La plage de pression de fonctionnement du distributeur JINPINLUB DPB est de 8 \u00e0 5 bars et il peut fonctionner de mani\u00e8re stable dans un environnement haute pression.<br \/>\nPr\u00e9cision de dosage : le distributeur fournit une quantit\u00e9 de lubrifiant pr\u00e9cise et la plage de dosage du lubrifiant est de 0,03 \u00e0 0,16 cc.<\/span><span id=\"input-sentence~1\"><br \/>\nMod\u00e8les multiples : Le distributeur de lubrification dispose de 2 \u00e0 10 sorties en option pour r\u00e9pondre aux besoins des diff\u00e9rents points de lubrification.<br \/>\nInstallation facile : Les raccords rapides du distributeur DPB sont optionnels, ce qui simplifie le processus d&#039;installation et de maintenance.<\/span><\/p>\n<h2>Sp\u00e9cification<\/h2>\n<table>\n<tbody>\n<tr>\n<td>Principe de fonctionnement<\/td>\n<td>Distributeur sous pression<\/td>\n<\/tr>\n<tr>\n<td>Points de vente<\/td>\n<td>2, 3, 4, 5, 6, 8 ,10<\/td>\n<\/tr>\n<tr>\n<td>Dosage de la quantit\u00e9 d&#039;huile<\/td>\n<td>0,03, 0,06, 0,10, 0,16 ml\/cycle<\/td>\n<\/tr>\n<tr>\n<td>Lubrifiant<\/td>\n<td>32~90 cSt@40\u00b0C (huile), \u2264NLGI 0 (graisse)<\/td>\n<\/tr>\n<tr>\n<td>Temp\u00e9rature de fonctionnement<\/td>\n<td>0 \u00e0 +80 \u00b0C<\/td>\n<\/tr>\n<tr>\n<td>Pression de service<\/td>\n<td>8~30bar (huile), 20~50bar (graisse)<\/td>\n<\/tr>\n<tr>\n<td>Mat\u00e9riel<\/td>\n<td>Zinc moul\u00e9 sous pression, laiton<\/td>\n<\/tr>\n<tr>\n<td>Prise de connexion<\/td>\n<td>Entr\u00e9e \u03a66(M10x1), Sortie \u03a64(M8x1)<\/td>\n<\/tr>\n<tr>\n<td>Raccords de sortie<\/td>\n<td>Type de manchon, type rapide<\/td>\n<\/tr>\n<tr>\n<td>Position de montage<\/td>\n<td>N&#039;importe lequel<\/td>\n<\/tr>\n<\/tbody>\n<\/table>\n<h2>Application<\/h2>\n<p>Ce distributeur de syst\u00e8me de lubrification est utilis\u00e9 dans de nombreuses industries :<br \/>\nIndustrie automobile : les distributeurs de graisse assurent la lubrification des moteurs et d&#039;autres composants cl\u00e9s, r\u00e9duisant ainsi l&#039;usure et les pannes.<br \/>\nIndustrie de l&#039;\u00e9nergie : les injecteurs de lubrifiant sont utilis\u00e9s dans les \u00e9quipements de production d&#039;\u00e9nergie et les syst\u00e8mes de transmission et de distribution d&#039;\u00e9nergie pour assurer un fonctionnement efficace des \u00e9quipements.<br \/>\nIndustrie alimentaire et des boissons : les injecteurs d&#039;huile sont utilis\u00e9s dans les lignes de production et les \u00e9quipements d&#039;emballage pour garantir l&#039;hygi\u00e8ne et l&#039;efficacit\u00e9.<br \/>\n\u00c9quipements industriels : tels que machines-outils, machines d&#039;impression, \u00e9quipements d&#039;emballage et machines textiles.<\/p>\n<h2>Manuels<\/h2>\n<div class=\"sdm_download_button_box_default\"><div class=\"sdm_download_link\"><a href=\"https:\/\/www.jinpinlub.com\/fr\/?sdm_process_download=1&download_id=2458\" class=\"sdm_download white\" title=\"Priv\u00e9\u00a0: DPB Lubrication Distributor\" target=\"&quot;_blank&quot;\">Voir la fiche technique - Distributeur DPB<\/a><\/div><\/div>","protected":false},"excerpt":{"rendered":"<p>Le distributeur JINPINLUB DPB est un appareil de mesure \u00e0 ligne unique pour l&#039;huile (32~90 cSt@40\u00b0C) et la graisse (\u2264 NLGI 0#), principalement utilis\u00e9 dans les syst\u00e8mes de lubrification centralis\u00e9e. Il est fabriqu\u00e9 en m\u00e9tal moul\u00e9 sous pression et les joints sont en caoutchouc nitrile, ce qui offre durabilit\u00e9 et fiabilit\u00e9.<\/p>","protected":false},"featured_media":3365,"template":"","meta":{"ocean_post_layout":"","ocean_both_sidebars_style":"","ocean_both_sidebars_content_width":0,"ocean_both_sidebars_sidebars_width":0,"ocean_sidebar":"0","ocean_second_sidebar":"0","ocean_disable_margins":"enable","ocean_add_body_class":"","ocean_shortcode_before_top_bar":"","ocean_shortcode_after_top_bar":"","ocean_shortcode_before_header":"","ocean_shortcode_after_header":"","ocean_has_shortcode":"","ocean_shortcode_after_title":"","ocean_shortcode_before_footer_widgets":"","ocean_shortcode_after_footer_widgets":"","ocean_shortcode_before_footer_bottom":"","ocean_shortcode_after_footer_bottom":"","ocean_display_top_bar":"default","ocean_display_header":"default","ocean_header_style":"","ocean_center_header_left_menu":"0","ocean_custom_header_template":"0","ocean_custom_logo":0,"ocean_custom_retina_logo":0,"ocean_custom_logo_max_width":0,"ocean_custom_logo_tablet_max_width":0,"ocean_custom_logo_mobile_max_width":0,"ocean_custom_logo_max_height":0,"ocean_custom_logo_tablet_max_height":0,"ocean_custom_logo_mobile_max_height":0,"ocean_header_custom_menu":"0","ocean_menu_typo_font_family":"0","ocean_menu_typo_font_subset":"","ocean_menu_typo_font_size":0,"ocean_menu_typo_font_size_tablet":0,"ocean_menu_typo_font_size_mobile":0,"ocean_menu_typo_font_size_unit":"px","ocean_menu_typo_font_weight":"","ocean_menu_typo_font_weight_tablet":"","ocean_menu_typo_font_weight_mobile":"","ocean_menu_typo_transform":"","ocean_menu_typo_transform_tablet":"","ocean_menu_typo_transform_mobile":"","ocean_menu_typo_line_height":0,"ocean_menu_typo_line_height_tablet":0,"ocean_menu_typo_line_height_mobile":0,"ocean_menu_typo_line_height_unit":"","ocean_menu_typo_spacing":0,"ocean_menu_typo_spacing_tablet":0,"ocean_menu_typo_spacing_mobile":0,"ocean_menu_typo_spacing_unit":"","ocean_menu_link_color":"","ocean_menu_link_color_hover":"","ocean_menu_link_color_active":"","ocean_menu_link_background":"","ocean_menu_link_hover_background":"","ocean_menu_link_active_background":"","ocean_menu_social_links_bg":"","ocean_menu_social_hover_links_bg":"","ocean_menu_social_links_color":"","ocean_menu_social_hover_links_color":"","ocean_disable_title":"default","ocean_disable_heading":"default","ocean_post_title":"","ocean_post_subheading":"","ocean_post_title_style":"","ocean_post_title_background_color":"","ocean_post_title_background":0,"ocean_post_title_bg_image_position":"","ocean_post_title_bg_image_attachment":"","ocean_post_title_bg_image_repeat":"","ocean_post_title_bg_image_size":"","ocean_post_title_height":0,"ocean_post_title_bg_overlay":0.5,"ocean_post_title_bg_overlay_color":"","ocean_disable_breadcrumbs":"default","ocean_breadcrumbs_color":"","ocean_breadcrumbs_separator_color":"","ocean_breadcrumbs_links_color":"","ocean_breadcrumbs_links_hover_color":"","ocean_display_footer_widgets":"default","ocean_display_footer_bottom":"default","ocean_custom_footer_template":"0","osh_disable_topbar_sticky":"default","osh_disable_header_sticky":"default","osh_sticky_header_style":"default","osh_sticky_header_effect":"","osh_custom_sticky_logo":0,"osh_custom_retina_sticky_logo":0,"osh_custom_sticky_logo_height":0,"osh_background_color":"","osh_links_color":"","osh_links_hover_color":"","osh_links_active_color":"","osh_links_bg_color":"","osh_links_hover_bg_color":"","osh_links_active_bg_color":"","osh_menu_social_links_color":"","osh_menu_social_hover_links_color":""},"product_brand":[],"product_cat":[49,47],"product_tag":[238,237,239],"class_list":{"0":"post-3400","1":"product","2":"type-product","3":"status-publish","4":"has-post-thumbnail","6":"product_cat-volumetric-oil-injectors","7":"product_cat-volumetric-thin-oil-systems","8":"product_tag-lubricant-metering-device","9":"product_tag-oil-grease-distributor-valve","10":"product_tag-oil-quantitative-valve","12":"entry","13":"has-media","15":"first","16":"instock","17":"shipping-taxable","18":"product-type-external","19":"col","20":"span_1_of_3","21":"owp-content-center","22":"owp-thumbs-layout-horizontal","23":"owp-btn-very-big","24":"owp-tabs-layout-horizontal"},"_links":{"self":[{"href":"https:\/\/www.jinpinlub.com\/fr\/wp-json\/wp\/v2\/product\/3400","targetHints":{"allow":["GET"]}}],"collection":[{"href":"https:\/\/www.jinpinlub.com\/fr\/wp-json\/wp\/v2\/product"}],"about":[{"href":"https:\/\/www.jinpinlub.com\/fr\/wp-json\/wp\/v2\/types\/product"}],"wp:featuredmedia":[{"embeddable":true,"href":"https:\/\/www.jinpinlub.com\/fr\/wp-json\/wp\/v2\/media\/3365"}],"wp:attachment":[{"href":"https:\/\/www.jinpinlub.com\/fr\/wp-json\/wp\/v2\/media?parent=3400"}],"wp:term":[{"taxonomy":"product_brand","embeddable":true,"href":"https:\/\/www.jinpinlub.com\/fr\/wp-json\/wp\/v2\/product_brand?post=3400"},{"taxonomy":"product_cat","embeddable":true,"href":"https:\/\/www.jinpinlub.com\/fr\/wp-json\/wp\/v2\/product_cat?post=3400"},{"taxonomy":"product_tag","embeddable":true,"href":"https:\/\/www.jinpinlub.com\/fr\/wp-json\/wp\/v2\/product_tag?post=3400"}],"curies":[{"name":"wp","href":"https:\/\/api.w.org\/{rel}","templated":true}]}}