{"id":3401,"date":"2024-08-27T03:36:41","date_gmt":"2024-08-26T19:36:41","guid":{"rendered":"https:\/\/www.jinpinlub.com\/?post_type=product&#038;p=3401"},"modified":"2024-08-27T03:40:41","modified_gmt":"2024-08-26T19:40:41","slug":"injecteur-de-dispositif-de-dosage-de-systeme-de-lubrification-sous-pression-dpb","status":"publish","type":"product","link":"https:\/\/www.jinpinlub.com\/fr\/produit\/injecteur-de-dispositif-de-dosage-de-systeme-de-lubrification-sous-pression-dpb\/","title":{"rendered":"Injecteur de dispositif de dosage pour syst\u00e8me de lubrification sous pression DPB"},"content":{"rendered":"<h2>Fonctionnalit\u00e9<\/h2>\n<p><span id=\"input-sentence~0\">Volume de sortie fixe : les distributeurs JINPINLUB DPB fournissent une quantit\u00e9 pr\u00e9cise de lubrifiant par d\u00e9charge, garantissant un effet de lubrification constant, et peuvent \u00eatre \u00e9quip\u00e9s de d\u00e9tecteurs.<br \/>\nPlusieurs d\u00e9bits : 0,03, 0,06, 0,10 et 0,16 cc\/cycle peuvent \u00eatre s\u00e9lectionn\u00e9s pour r\u00e9pondre \u00e0 diff\u00e9rents besoins.<\/span><span id=\"input-sentence~1\"><br \/>\nLarge gamme de pressions de travail : la pression de travail minimale est de 8 bars et la pression maximale peut atteindre 50 bars, ce qui convient \u00e0 une vari\u00e9t\u00e9 d&#039;environnements industriels.<br \/>\nViscosit\u00e9 de l&#039;huile applicable : L&#039;injecteur d&#039;huile convient aux huiles avec une plage de viscosit\u00e9 de 32 \u00e0 90 cSt \u00e0 40 \u2103, garantissant un fonctionnement fluide de l&#039;\u00e9quipement.<\/span><span id=\"input-sentence~2\"><br \/>\nUtiliser avec : Le distributeur volum\u00e9trique doit \u00eatre utilis\u00e9 avec un lubrificateur d&#039;huile \u00e0 d\u00e9charge de pression pour assurer l&#039;alimentation en huile lorsque le lubrificateur fonctionne.<\/span><\/p>\n<h2>Sp\u00e9cification<\/h2>\n<table>\n<tbody>\n<tr>\n<td>Principe de fonctionnement<\/td>\n<td>Distributeur sous pression<\/td>\n<\/tr>\n<tr>\n<td>Points de vente<\/td>\n<td>2, 3, 4, 5, 6, 8 ,10<\/td>\n<\/tr>\n<tr>\n<td>Dosage de la quantit\u00e9 d&#039;huile<\/td>\n<td>0,03, 0,06, 0,10, 0,16 ml\/cycle<\/td>\n<\/tr>\n<tr>\n<td>Lubrifiant<\/td>\n<td>32~90 cSt@40\u00b0C (huile), \u2264NLGI 0 (graisse)<\/td>\n<\/tr>\n<tr>\n<td>Temp\u00e9rature de fonctionnement<\/td>\n<td>0 \u00e0 +80 \u00b0C<\/td>\n<\/tr>\n<tr>\n<td>Pression de service<\/td>\n<td>8~30bar (huile), 20~50bar (graisse)<\/td>\n<\/tr>\n<tr>\n<td>Mat\u00e9riel<\/td>\n<td>Zinc moul\u00e9 sous pression, laiton<\/td>\n<\/tr>\n<tr>\n<td>Prise de connexion<\/td>\n<td>Entr\u00e9e \u03a66(M10x1), Sortie \u03a64(M8x1)<\/td>\n<\/tr>\n<tr>\n<td>Raccords de sortie<\/td>\n<td>Type de manchon, type rapide<\/td>\n<\/tr>\n<tr>\n<td>Position de montage<\/td>\n<td>N&#039;importe lequel<\/td>\n<\/tr>\n<\/tbody>\n<\/table>\n<h2>Application<\/h2>\n<p>Limiteur de pression : ce type de distributeur est utilis\u00e9 en association avec un lubrificateur d&#039;huile \u00e0 limiteur de pression. Pendant le fonctionnement du lubrificateur, la pression dans le syst\u00e8me augmente.<br \/>\nRefoulement d&#039;huile : Avec l&#039;augmentation de la pression, le piston d\u00e9plac\u00e9 dans le distributeur \u00e9vacue une quantit\u00e9 dos\u00e9e de lubrifiant vers chacun des points de lubrification.<br \/>\nD\u00e9bit fixe : La quantit\u00e9 de lubrifiant d\u00e9charg\u00e9e \u00e0 chaque fois est fixe, garantissant que chaque point de lubrification re\u00e7oit une lubrification uniforme.<br \/>\nProcessus de cyclage : lorsque le lubrificateur cesse de fonctionner, la pression du syst\u00e8me est rel\u00e2ch\u00e9e et le piston revient \u00e0 la position initiale, pr\u00eat pour le prochain cycle de lubrification.<\/p>\n<h2>Manuels<\/h2>\n<div class=\"sdm_download_button_box_default\"><div class=\"sdm_download_link\"><a href=\"https:\/\/www.jinpinlub.com\/fr\/?sdm_process_download=1&download_id=2458\" class=\"sdm_download white\" title=\"Priv\u00e9\u00a0: DPB Lubrication Distributor\" target=\"&quot;_blank&quot;\">Voir la fiche technique - Distributeur DPB<\/a><\/div><\/div>","protected":false},"excerpt":{"rendered":"<p>L&#039;agent de pression d\u00e9livr\u00e9 par la pompe de lubrification pousse le piston dans la chambre de dosage pour \u00e9vacuer le lubrifiant stock\u00e9 dans la chambre de dosage. Une fois le lubrifiant \u00e9vacu\u00e9, le syst\u00e8me est d\u00e9pressuris\u00e9 et la chambre de dosage stocke l&#039;huile pour le cycle de travail suivant.<\/p>","protected":false},"featured_media":3369,"template":"","meta":{"ocean_post_layout":"","ocean_both_sidebars_style":"","ocean_both_sidebars_content_width":0,"ocean_both_sidebars_sidebars_width":0,"ocean_sidebar":"0","ocean_second_sidebar":"0","ocean_disable_margins":"enable","ocean_add_body_class":"","ocean_shortcode_before_top_bar":"","ocean_shortcode_after_top_bar":"","ocean_shortcode_before_header":"","ocean_shortcode_after_header":"","ocean_has_shortcode":"","ocean_shortcode_after_title":"","ocean_shortcode_before_footer_widgets":"","ocean_shortcode_after_footer_widgets":"","ocean_shortcode_before_footer_bottom":"","ocean_shortcode_after_footer_bottom":"","ocean_display_top_bar":"default","ocean_display_header":"default","ocean_header_style":"","ocean_center_header_left_menu":"0","ocean_custom_header_template":"0","ocean_custom_logo":0,"ocean_custom_retina_logo":0,"ocean_custom_logo_max_width":0,"ocean_custom_logo_tablet_max_width":0,"ocean_custom_logo_mobile_max_width":0,"ocean_custom_logo_max_height":0,"ocean_custom_logo_tablet_max_height":0,"ocean_custom_logo_mobile_max_height":0,"ocean_header_custom_menu":"0","ocean_menu_typo_font_family":"0","ocean_menu_typo_font_subset":"","ocean_menu_typo_font_size":0,"ocean_menu_typo_font_size_tablet":0,"ocean_menu_typo_font_size_mobile":0,"ocean_menu_typo_font_size_unit":"px","ocean_menu_typo_font_weight":"","ocean_menu_typo_font_weight_tablet":"","ocean_menu_typo_font_weight_mobile":"","ocean_menu_typo_transform":"","ocean_menu_typo_transform_tablet":"","ocean_menu_typo_transform_mobile":"","ocean_menu_typo_line_height":0,"ocean_menu_typo_line_height_tablet":0,"ocean_menu_typo_line_height_mobile":0,"ocean_menu_typo_line_height_unit":"","ocean_menu_typo_spacing":0,"ocean_menu_typo_spacing_tablet":0,"ocean_menu_typo_spacing_mobile":0,"ocean_menu_typo_spacing_unit":"","ocean_menu_link_color":"","ocean_menu_link_color_hover":"","ocean_menu_link_color_active":"","ocean_menu_link_background":"","ocean_menu_link_hover_background":"","ocean_menu_link_active_background":"","ocean_menu_social_links_bg":"","ocean_menu_social_hover_links_bg":"","ocean_menu_social_links_color":"","ocean_menu_social_hover_links_color":"","ocean_disable_title":"default","ocean_disable_heading":"default","ocean_post_title":"","ocean_post_subheading":"","ocean_post_title_style":"","ocean_post_title_background_color":"","ocean_post_title_background":0,"ocean_post_title_bg_image_position":"","ocean_post_title_bg_image_attachment":"","ocean_post_title_bg_image_repeat":"","ocean_post_title_bg_image_size":"","ocean_post_title_height":0,"ocean_post_title_bg_overlay":0.5,"ocean_post_title_bg_overlay_color":"","ocean_disable_breadcrumbs":"default","ocean_breadcrumbs_color":"","ocean_breadcrumbs_separator_color":"","ocean_breadcrumbs_links_color":"","ocean_breadcrumbs_links_hover_color":"","ocean_display_footer_widgets":"default","ocean_display_footer_bottom":"default","ocean_custom_footer_template":"0","osh_disable_topbar_sticky":"default","osh_disable_header_sticky":"default","osh_sticky_header_style":"default","osh_sticky_header_effect":"","osh_custom_sticky_logo":0,"osh_custom_retina_sticky_logo":0,"osh_custom_sticky_logo_height":0,"osh_background_color":"","osh_links_color":"","osh_links_hover_color":"","osh_links_active_color":"","osh_links_bg_color":"","osh_links_hover_bg_color":"","osh_links_active_bg_color":"","osh_menu_social_links_color":"","osh_menu_social_hover_links_color":""},"product_brand":[],"product_cat":[47,49],"product_tag":[87,139,240],"class_list":{"0":"post-3401","1":"product","2":"type-product","3":"status-publish","4":"has-post-thumbnail","6":"product_cat-volumetric-thin-oil-systems","7":"product_cat-volumetric-oil-injectors","8":"product_tag-grease-distributor","9":"product_tag-oil-distributor","10":"product_tag-pressurized-distributor","12":"entry","13":"has-media","15":"first","16":"instock","17":"shipping-taxable","18":"product-type-external","19":"col","20":"span_1_of_3","21":"owp-content-center","22":"owp-thumbs-layout-horizontal","23":"owp-btn-very-big","24":"owp-tabs-layout-horizontal"},"_links":{"self":[{"href":"https:\/\/www.jinpinlub.com\/fr\/wp-json\/wp\/v2\/product\/3401","targetHints":{"allow":["GET"]}}],"collection":[{"href":"https:\/\/www.jinpinlub.com\/fr\/wp-json\/wp\/v2\/product"}],"about":[{"href":"https:\/\/www.jinpinlub.com\/fr\/wp-json\/wp\/v2\/types\/product"}],"wp:featuredmedia":[{"embeddable":true,"href":"https:\/\/www.jinpinlub.com\/fr\/wp-json\/wp\/v2\/media\/3369"}],"wp:attachment":[{"href":"https:\/\/www.jinpinlub.com\/fr\/wp-json\/wp\/v2\/media?parent=3401"}],"wp:term":[{"taxonomy":"product_brand","embeddable":true,"href":"https:\/\/www.jinpinlub.com\/fr\/wp-json\/wp\/v2\/product_brand?post=3401"},{"taxonomy":"product_cat","embeddable":true,"href":"https:\/\/www.jinpinlub.com\/fr\/wp-json\/wp\/v2\/product_cat?post=3401"},{"taxonomy":"product_tag","embeddable":true,"href":"https:\/\/www.jinpinlub.com\/fr\/wp-json\/wp\/v2\/product_tag?post=3401"}],"curies":[{"name":"wp","href":"https:\/\/api.w.org\/{rel}","templated":true}]}}