{"id":3403,"date":"2024-08-27T03:45:23","date_gmt":"2024-08-26T19:45:23","guid":{"rendered":"https:\/\/www.jinpinlub.com\/?post_type=product&#038;p=3403"},"modified":"2024-08-27T04:01:02","modified_gmt":"2024-08-26T20:01:02","slug":"distributeurs-de-graisse-sous-pression-mgk-pour-systeme-a-ligne-unique","status":"publish","type":"product","link":"https:\/\/www.jinpinlub.com\/fr\/product\/mgk-pressurized-grease-distributors-for-single-line-system\/","title":{"rendered":"Distributeurs de graisse sous pression MGK pour syst\u00e8me \u00e0 ligne unique"},"content":{"rendered":"<h2>Fonctionnalit\u00e9<\/h2>\n<p>Dosage pr\u00e9cis : les distributeurs JINPINLUB MGK fournissent une quantit\u00e9 de lubrification pr\u00e9cise pour chaque cycle de lubrification, garantissant le meilleur \u00e9tat de l&#039;\u00e9quipement.<br \/>\nPolyvalence : les injecteurs MGK conviennent \u00e0 une vari\u00e9t\u00e9 de lubrifiants avec une plage de viscosit\u00e9 de NLGI 000#, 00#, 00#.<br \/>\nHaute fiabilit\u00e9 : le collecteur est en alliage d&#039;aluminium et la vanne de dosage est en laiton, ce qui garantit la fiabilit\u00e9 et la durabilit\u00e9 globales \u00e0 long terme du distributeur de graisse.<br \/>\nUtilisation facile : la vanne de dosage du distributeur MGK est amovible et les vannes de dosage MG avec diff\u00e9rents volumes de sortie peuvent \u00eatre s\u00e9lectionn\u00e9es en fonction des diff\u00e9rentes exigences de lubrification.<br \/>\nForte adaptabilit\u00e9 : La large plage de temp\u00e9rature de fonctionnement (0\u00b0C \u00e0 80\u00b0C) peut s&#039;adapter \u00e0 diff\u00e9rents environnements de travail.<\/p>\n<h2>Sp\u00e9cification<\/h2>\n<table>\n<tbody>\n<tr>\n<td>Principe de fonctionnement<\/td>\n<td>Soupape de dosage de d\u00e9charge de pression<\/td>\n<\/tr>\n<tr>\n<td>Nombre de points de vente<\/td>\n<td>1, 2, 3, 4, 5<\/td>\n<\/tr>\n<tr>\n<td>Quantit\u00e9 de mesure<\/td>\n<td>0,03, 0,05, 0,13, 0,20, 0,30, 0,50 ml\/cycle<\/td>\n<\/tr>\n<tr>\n<td>Lubrifiant<\/td>\n<td>Graisse NLGI 000#, 00#.<\/td>\n<\/tr>\n<tr>\n<td>Temp\u00e9rature de fonctionnement<\/td>\n<td>0 \u00e0 +80 \u00b0C<\/td>\n<\/tr>\n<tr>\n<td>Pression de service<\/td>\n<td>0,5 \u00e0 1,5 MPa<\/td>\n<\/tr>\n<tr>\n<td>Mat\u00e9riel<\/td>\n<td>Cuivre, alliage d&#039;aluminium<\/td>\n<\/tr>\n<tr>\n<td>Prise de connexion<\/td>\n<td>Entr\u00e9e Rc1\/8, Sortie \u03a64(Rc1\/8)<\/td>\n<\/tr>\n<tr>\n<td>Raccords de sortie<\/td>\n<td>Type de manchon, type rapide<\/td>\n<\/tr>\n<tr>\n<td>Position de montage<\/td>\n<td>N&#039;importe lequel<\/td>\n<\/tr>\n<\/tbody>\n<\/table>\n<h2>Application<\/h2>\n<p>Les distributeurs de graisse MGK sont largement utilis\u00e9s dans divers \u00e9quipements industriels qui n\u00e9cessitent une lubrification pr\u00e9cise. Les vannes de dosage du distributeur peuvent \u00eatre mont\u00e9es et d\u00e9mont\u00e9es librement, ce qui est pratique pour la personnalisation ou l&#039;entretien et le remplacement.<br \/>\nLa vanne de dosage de graisse est principalement utilis\u00e9e dans les syst\u00e8mes de lubrification de moyenne et grande taille, mais peut \u00e9galement \u00eatre appliqu\u00e9e aux \u00e9quipements m\u00e9caniques avec une grande pr\u00e9cision de lubrification, tels que les machines-outils, les machines \u00e0 bois, les machines textiles, les machines d&#039;emballage, les machines \u00e0 plastique, les machines \u00e0 verre et les machines d&#039;impression. Ces vannes de lubrification garantissent que l&#039;\u00e9quipement fonctionne normalement avec une lubrification pr\u00e9cise pendant le fonctionnement du syst\u00e8me et prolongent sa dur\u00e9e de vie.<\/p>\n<h2>Manuels<\/h2>\n<div class=\"sdm_download_button_box_default\"><div class=\"sdm_download_link\"><a href=\"https:\/\/www.jinpinlub.com\/fr\/?sdm_process_download=1&download_id=2470\" class=\"sdm_download white\" title=\"Priv\u00e9\u00a0: MGK Metering Valve\" target=\"&quot;_blank&quot;\">Voir la fiche technique - Vanne de dosage MGK<\/a><\/div><\/div>","protected":false},"excerpt":{"rendered":"<p>Lorsque la pompe fonctionne, la pression pousse le piston \u00e0 se d\u00e9placer et le lubrifiant de la chambre de stockage est \u00e9vacu\u00e9. Lorsque la pompe fonctionne par intermittence, la pression dans la conduite principale est rel\u00e2ch\u00e9e et le piston revient sous l&#039;action du ressort du piston, pr\u00eat pour le cycle suivant.<\/p>","protected":false},"featured_media":3404,"template":"","meta":{"ocean_post_layout":"","ocean_both_sidebars_style":"","ocean_both_sidebars_content_width":0,"ocean_both_sidebars_sidebars_width":0,"ocean_sidebar":"0","ocean_second_sidebar":"0","ocean_disable_margins":"enable","ocean_add_body_class":"","ocean_shortcode_before_top_bar":"","ocean_shortcode_after_top_bar":"","ocean_shortcode_before_header":"","ocean_shortcode_after_header":"","ocean_has_shortcode":"","ocean_shortcode_after_title":"","ocean_shortcode_before_footer_widgets":"","ocean_shortcode_after_footer_widgets":"","ocean_shortcode_before_footer_bottom":"","ocean_shortcode_after_footer_bottom":"","ocean_display_top_bar":"default","ocean_display_header":"default","ocean_header_style":"","ocean_center_header_left_menu":"0","ocean_custom_header_template":"0","ocean_custom_logo":0,"ocean_custom_retina_logo":0,"ocean_custom_logo_max_width":0,"ocean_custom_logo_tablet_max_width":0,"ocean_custom_logo_mobile_max_width":0,"ocean_custom_logo_max_height":0,"ocean_custom_logo_tablet_max_height":0,"ocean_custom_logo_mobile_max_height":0,"ocean_header_custom_menu":"0","ocean_menu_typo_font_family":"0","ocean_menu_typo_font_subset":"","ocean_menu_typo_font_size":0,"ocean_menu_typo_font_size_tablet":0,"ocean_menu_typo_font_size_mobile":0,"ocean_menu_typo_font_size_unit":"px","ocean_menu_typo_font_weight":"","ocean_menu_typo_font_weight_tablet":"","ocean_menu_typo_font_weight_mobile":"","ocean_menu_typo_transform":"","ocean_menu_typo_transform_tablet":"","ocean_menu_typo_transform_mobile":"","ocean_menu_typo_line_height":0,"ocean_menu_typo_line_height_tablet":0,"ocean_menu_typo_line_height_mobile":0,"ocean_menu_typo_line_height_unit":"","ocean_menu_typo_spacing":0,"ocean_menu_typo_spacing_tablet":0,"ocean_menu_typo_spacing_mobile":0,"ocean_menu_typo_spacing_unit":"","ocean_menu_link_color":"","ocean_menu_link_color_hover":"","ocean_menu_link_color_active":"","ocean_menu_link_background":"","ocean_menu_link_hover_background":"","ocean_menu_link_active_background":"","ocean_menu_social_links_bg":"","ocean_menu_social_hover_links_bg":"","ocean_menu_social_links_color":"","ocean_menu_social_hover_links_color":"","ocean_disable_title":"default","ocean_disable_heading":"default","ocean_post_title":"","ocean_post_subheading":"","ocean_post_title_style":"","ocean_post_title_background_color":"","ocean_post_title_background":0,"ocean_post_title_bg_image_position":"","ocean_post_title_bg_image_attachment":"","ocean_post_title_bg_image_repeat":"","ocean_post_title_bg_image_size":"","ocean_post_title_height":0,"ocean_post_title_bg_overlay":0.5,"ocean_post_title_bg_overlay_color":"","ocean_disable_breadcrumbs":"default","ocean_breadcrumbs_color":"","ocean_breadcrumbs_separator_color":"","ocean_breadcrumbs_links_color":"","ocean_breadcrumbs_links_hover_color":"","ocean_display_footer_widgets":"default","ocean_display_footer_bottom":"default","ocean_custom_footer_template":"0","osh_disable_topbar_sticky":"default","osh_disable_header_sticky":"default","osh_sticky_header_style":"default","osh_sticky_header_effect":"","osh_custom_sticky_logo":0,"osh_custom_retina_sticky_logo":0,"osh_custom_sticky_logo_height":0,"osh_background_color":"","osh_links_color":"","osh_links_hover_color":"","osh_links_active_color":"","osh_links_bg_color":"","osh_links_hover_bg_color":"","osh_links_active_bg_color":"","osh_menu_social_links_color":"","osh_menu_social_hover_links_color":""},"product_brand":[],"product_cat":[40,37],"product_tag":[87,85,86],"class_list":{"0":"post-3403","1":"product","2":"type-product","3":"status-publish","4":"has-post-thumbnail","6":"product_cat-pressure-relief-metering-valves","7":"product_cat-single-line-grease-systems","8":"product_tag-grease-distributor","9":"product_tag-pressure-relief-metering-valve","10":"product_tag-single-line-distributor","12":"entry","13":"has-media","15":"first","16":"instock","17":"shipping-taxable","18":"product-type-external","19":"col","20":"span_1_of_3","21":"owp-content-center","22":"owp-thumbs-layout-horizontal","23":"owp-btn-very-big","24":"owp-tabs-layout-horizontal"},"_links":{"self":[{"href":"https:\/\/www.jinpinlub.com\/fr\/wp-json\/wp\/v2\/product\/3403","targetHints":{"allow":["GET"]}}],"collection":[{"href":"https:\/\/www.jinpinlub.com\/fr\/wp-json\/wp\/v2\/product"}],"about":[{"href":"https:\/\/www.jinpinlub.com\/fr\/wp-json\/wp\/v2\/types\/product"}],"wp:featuredmedia":[{"embeddable":true,"href":"https:\/\/www.jinpinlub.com\/fr\/wp-json\/wp\/v2\/media\/3404"}],"wp:attachment":[{"href":"https:\/\/www.jinpinlub.com\/fr\/wp-json\/wp\/v2\/media?parent=3403"}],"wp:term":[{"taxonomy":"product_brand","embeddable":true,"href":"https:\/\/www.jinpinlub.com\/fr\/wp-json\/wp\/v2\/product_brand?post=3403"},{"taxonomy":"product_cat","embeddable":true,"href":"https:\/\/www.jinpinlub.com\/fr\/wp-json\/wp\/v2\/product_cat?post=3403"},{"taxonomy":"product_tag","embeddable":true,"href":"https:\/\/www.jinpinlub.com\/fr\/wp-json\/wp\/v2\/product_tag?post=3403"}],"curies":[{"name":"wp","href":"https:\/\/api.w.org\/{rel}","templated":true}]}}