{"id":3409,"date":"2024-08-27T04:03:31","date_gmt":"2024-08-26T20:03:31","guid":{"rendered":"https:\/\/www.jinpinlub.com\/?post_type=product&#038;p=3409"},"modified":"2025-02-13T17:17:44","modified_gmt":"2025-02-13T09:17:44","slug":"dispositif-de-dosage-volumetrique-sous-pression-muk-pour-pompe-a-graisse","status":"publish","type":"product","link":"https:\/\/www.jinpinlub.com\/fr\/product\/muk-pressurized-volumetric-metering-device-for-grease-pump\/","title":{"rendered":"Dispositif de dosage volum\u00e9trique sous pression MUK pour pompe \u00e0 graisse"},"content":{"rendered":"<h2>Fonctionnalit\u00e9<\/h2>\n<p>Lorsque la pompe de lubrification cesse de fonctionner, le piston de l&#039;\u00e9l\u00e9ment doseur est r\u00e9initialis\u00e9 sous l&#039;action de la force du ressort, c&#039;est-\u00e0-dire que le lubrifiant quantitatif est mesur\u00e9 et stock\u00e9.<br \/>\nLa quantit\u00e9 d&#039;huile refoul\u00e9e par le distributeur MUK est pr\u00e9cise. L&#039;\u00e9l\u00e9ment de dosage ne d\u00e9charge l&#039;huile qu&#039;une seule fois au cours d&#039;un cycle d&#039;alimentation en huile, et la distance entre les deux dans le syst\u00e8me de lubrification est \u00e9loign\u00e9e, proche, haute, basse, horizontale ou verticale. Le d\u00e9placement de l&#039;\u00e9l\u00e9ment de dosage n&#039;a aucun effet.<br \/>\nL&#039;action de d\u00e9charge du distributeur est sensible et deux joints sont utilis\u00e9s pour emp\u00eacher le lubrifiant d\u00e9charg\u00e9 de refluer.<\/p>\n<h2>Sp\u00e9cification<\/h2>\n<table>\n<tbody>\n<tr>\n<td>Principe de fonctionnement<\/td>\n<td>Soupape de dosage de d\u00e9charge de pression<\/td>\n<\/tr>\n<tr>\n<td>Nombre de points de vente<\/td>\n<td>1, 2, 3, 4, 5<\/td>\n<\/tr>\n<tr>\n<td>Quantit\u00e9 de mesure<\/td>\n<td>0,03, 0,05, 0,13, 0,20, 0,30, 0,50 ml\/cycle<\/td>\n<\/tr>\n<tr>\n<td>Lubrifiant<\/td>\n<td>Graisse NLGI 000#, 00#.<\/td>\n<\/tr>\n<tr>\n<td>Temp\u00e9rature de fonctionnement<\/td>\n<td>0 \u00e0 +80 \u00b0C<\/td>\n<\/tr>\n<tr>\n<td>Pression de service<\/td>\n<td>0,5 \u00e0 1,5 MPa<\/td>\n<\/tr>\n<tr>\n<td>Mat\u00e9riel<\/td>\n<td>Laiton, aluminium<\/td>\n<\/tr>\n<tr>\n<td>Prise de connexion<\/td>\n<td>Entr\u00e9e Rc1\/8, Sortie \u03a64(Rc1\/8)<\/td>\n<\/tr>\n<tr>\n<td>Raccords de sortie<\/td>\n<td>Type de manchon, type rapide<\/td>\n<\/tr>\n<tr>\n<td>Position de montage<\/td>\n<td>N&#039;importe lequel<\/td>\n<\/tr>\n<\/tbody>\n<\/table>\n<h2>Application<\/h2>\n<p>Pression : Lorsque la pompe de lubrification \u00e9lectrique ou la pompe de lubrification manuelle fonctionne, le syst\u00e8me de lubrification g\u00e9n\u00e8re de la pression.<br \/>\nDosage : il y a un piston ou une vis \u00e0 l&#039;int\u00e9rieur de la vanne de dosage qui peut \u00eatre r\u00e9gl\u00e9 par pression et ressort. Lorsque le syst\u00e8me fonctionne, la pression pousse le piston ou la vis \u00e0 se d\u00e9placer, poussant une quantit\u00e9 sp\u00e9cifique de graisse dans la canalisation de distribution.<br \/>\nDistribution : Chaque cycle de la vanne de dosage distribue la graisse stock\u00e9e \u00e0 l&#039;int\u00e9rieur de la vanne de dosage aux \u00e9quipements ou aux pi\u00e8ces qui n\u00e9cessitent une lubrification.<\/p>\n<h2>Manuels<\/h2>\n<div class=\"sdm_download_button_box_default\"><div class=\"sdm_download_link\"><a href=\"https:\/\/www.jinpinlub.com\/fr\/?sdm_process_download=1&download_id=3070\" class=\"sdm_download white\" title=\"Priv\u00e9\u00a0: MUK Pressure-relief Distributor\" target=\"&quot;_blank&quot;\">Voir la fiche technique - Distributeur MUK<\/a><\/div><\/div>","protected":false},"excerpt":{"rendered":"<p>La vanne de dosage volum\u00e9trique sous pression JINPINLUB MUK est de type \u00e0 actionnement par pression directe. L&#039;huile sous pression d\u00e9livr\u00e9e par la pompe de lubrification pousse le piston int\u00e9gr\u00e9 dans l&#039;\u00e9l\u00e9ment de dosage pour forcer l&#039;\u00e9vacuation quantitative de l&#039;huile.<\/p>","protected":false},"featured_media":3379,"template":"","meta":{"ocean_post_layout":"","ocean_both_sidebars_style":"","ocean_both_sidebars_content_width":0,"ocean_both_sidebars_sidebars_width":0,"ocean_sidebar":"0","ocean_second_sidebar":"0","ocean_disable_margins":"enable","ocean_add_body_class":"","ocean_shortcode_before_top_bar":"","ocean_shortcode_after_top_bar":"","ocean_shortcode_before_header":"","ocean_shortcode_after_header":"","ocean_has_shortcode":"","ocean_shortcode_after_title":"","ocean_shortcode_before_footer_widgets":"","ocean_shortcode_after_footer_widgets":"","ocean_shortcode_before_footer_bottom":"","ocean_shortcode_after_footer_bottom":"","ocean_display_top_bar":"default","ocean_display_header":"default","ocean_header_style":"","ocean_center_header_left_menu":"0","ocean_custom_header_template":"0","ocean_custom_logo":0,"ocean_custom_retina_logo":0,"ocean_custom_logo_max_width":0,"ocean_custom_logo_tablet_max_width":0,"ocean_custom_logo_mobile_max_width":0,"ocean_custom_logo_max_height":0,"ocean_custom_logo_tablet_max_height":0,"ocean_custom_logo_mobile_max_height":0,"ocean_header_custom_menu":"0","ocean_menu_typo_font_family":"0","ocean_menu_typo_font_subset":"","ocean_menu_typo_font_size":0,"ocean_menu_typo_font_size_tablet":0,"ocean_menu_typo_font_size_mobile":0,"ocean_menu_typo_font_size_unit":"px","ocean_menu_typo_font_weight":"","ocean_menu_typo_font_weight_tablet":"","ocean_menu_typo_font_weight_mobile":"","ocean_menu_typo_transform":"","ocean_menu_typo_transform_tablet":"","ocean_menu_typo_transform_mobile":"","ocean_menu_typo_line_height":0,"ocean_menu_typo_line_height_tablet":0,"ocean_menu_typo_line_height_mobile":0,"ocean_menu_typo_line_height_unit":"","ocean_menu_typo_spacing":0,"ocean_menu_typo_spacing_tablet":0,"ocean_menu_typo_spacing_mobile":0,"ocean_menu_typo_spacing_unit":"","ocean_menu_link_color":"","ocean_menu_link_color_hover":"","ocean_menu_link_color_active":"","ocean_menu_link_background":"","ocean_menu_link_hover_background":"","ocean_menu_link_active_background":"","ocean_menu_social_links_bg":"","ocean_menu_social_hover_links_bg":"","ocean_menu_social_links_color":"","ocean_menu_social_hover_links_color":"","ocean_disable_title":"default","ocean_disable_heading":"default","ocean_post_title":"","ocean_post_subheading":"","ocean_post_title_style":"","ocean_post_title_background_color":"","ocean_post_title_background":0,"ocean_post_title_bg_image_position":"","ocean_post_title_bg_image_attachment":"","ocean_post_title_bg_image_repeat":"","ocean_post_title_bg_image_size":"","ocean_post_title_height":0,"ocean_post_title_bg_overlay":0.5,"ocean_post_title_bg_overlay_color":"","ocean_disable_breadcrumbs":"default","ocean_breadcrumbs_color":"","ocean_breadcrumbs_separator_color":"","ocean_breadcrumbs_links_color":"","ocean_breadcrumbs_links_hover_color":"","ocean_display_footer_widgets":"default","ocean_display_footer_bottom":"default","ocean_custom_footer_template":"0","osh_disable_topbar_sticky":"default","osh_disable_header_sticky":"default","osh_sticky_header_style":"default","osh_sticky_header_effect":"","osh_custom_sticky_logo":0,"osh_custom_retina_sticky_logo":0,"osh_custom_sticky_logo_height":0,"osh_background_color":"","osh_links_color":"","osh_links_hover_color":"","osh_links_active_color":"","osh_links_bg_color":"","osh_links_hover_bg_color":"","osh_links_active_bg_color":"","osh_menu_social_links_color":"","osh_menu_social_hover_links_color":""},"product_brand":[],"product_cat":[40,37],"product_tag":[240,243,244],"class_list":{"0":"post-3409","1":"product","2":"type-product","3":"status-publish","4":"has-post-thumbnail","6":"product_cat-pressure-relief-metering-valves","7":"product_cat-single-line-grease-systems","8":"product_tag-pressurized-distributor","9":"product_tag-quantitative-metering-valve","10":"product_tag-volumetric-metering-device","12":"entry","13":"has-media","15":"first","16":"instock","17":"shipping-taxable","18":"product-type-external","19":"col","20":"span_1_of_3","21":"owp-content-center","22":"owp-thumbs-layout-horizontal","23":"owp-btn-very-big","24":"owp-tabs-layout-horizontal"},"_links":{"self":[{"href":"https:\/\/www.jinpinlub.com\/fr\/wp-json\/wp\/v2\/product\/3409","targetHints":{"allow":["GET"]}}],"collection":[{"href":"https:\/\/www.jinpinlub.com\/fr\/wp-json\/wp\/v2\/product"}],"about":[{"href":"https:\/\/www.jinpinlub.com\/fr\/wp-json\/wp\/v2\/types\/product"}],"wp:featuredmedia":[{"embeddable":true,"href":"https:\/\/www.jinpinlub.com\/fr\/wp-json\/wp\/v2\/media\/3379"}],"wp:attachment":[{"href":"https:\/\/www.jinpinlub.com\/fr\/wp-json\/wp\/v2\/media?parent=3409"}],"wp:term":[{"taxonomy":"product_brand","embeddable":true,"href":"https:\/\/www.jinpinlub.com\/fr\/wp-json\/wp\/v2\/product_brand?post=3409"},{"taxonomy":"product_cat","embeddable":true,"href":"https:\/\/www.jinpinlub.com\/fr\/wp-json\/wp\/v2\/product_cat?post=3409"},{"taxonomy":"product_tag","embeddable":true,"href":"https:\/\/www.jinpinlub.com\/fr\/wp-json\/wp\/v2\/product_tag?post=3409"}],"curies":[{"name":"wp","href":"https:\/\/api.w.org\/{rel}","templated":true}]}}