{"id":3485,"date":"2024-08-29T04:18:58","date_gmt":"2024-08-28T20:18:58","guid":{"rendered":"https:\/\/www.jinpinlub.com\/?post_type=product&#038;p=3485"},"modified":"2025-06-06T19:33:47","modified_gmt":"2025-06-06T11:33:47","slug":"distributeur-de-systeme-de-lubrification-centralisee-progressive-jsv","status":"publish","type":"product","link":"https:\/\/www.jinpinlub.com\/fr\/product\/jsv-progressive-centralized-lubrication-system-distributor\/","title":{"rendered":"Distributeur de syst\u00e8me de lubrification centralis\u00e9e progressive JSV"},"content":{"rendered":"<h2>Caract\u00e9ristiques<\/h2>\n<p><span id=\"input-sentence~0\">Distribution progressive : Chaque sortie du distributeur JSV lib\u00e8re la graisse en s\u00e9quence, garantissant que chaque point de lubrification est bien lubrifi\u00e9.<br \/>\nTol\u00e9rance \u00e0 haute pression : La limite de tol\u00e9rance \u00e0 la pression de travail pour les distributeurs est de 300 bars, ce qui les rend adapt\u00e9s aux environnements \u00e0 haute pression.<\/span><span id=\"input-sentence~1\"><br \/>\nConception multi-sorties : 6 \u00e0 14 sorties disponibles \u2013 chaque d\u00e9placement de sortie est de 0,2 cc\/cycle.<br \/>\nR\u00e9sistance aux hautes et basses temp\u00e9ratures : avec une structure d&#039;\u00e9tanch\u00e9it\u00e9 en m\u00e9tal, il peut fonctionner de mani\u00e8re stable dans de mauvaises conditions de fonctionnement d&#039;une plage de temp\u00e9rature de -20\u00b0C \u00e0 80\u00b0C.<\/span><span id=\"input-sentence~2\"><br \/>\nMat\u00e9riau solide : fabriqu\u00e9 en acier au carbone et en alliage nickel\u00e9, il pr\u00e9sente une excellente r\u00e9sistance \u00e0 la corrosion et une grande durabilit\u00e9.<\/span><\/p>\n<h2>Sp\u00e9cification<\/h2>\n<table>\n<tbody>\n<tr>\n<td>Principe de fonctionnement<\/td>\n<td>Appareils de mesure<\/td>\n<\/tr>\n<tr>\n<td>Nombre de points de vente<\/td>\n<td>6-20<\/td>\n<\/tr>\n<tr>\n<td>Quantit\u00e9 de mesure<\/td>\n<td>0,2 ml\/cycle<\/td>\n<\/tr>\n<tr>\n<td>Lubrifiant<\/td>\n<td>Graisse jusqu&#039;\u00e0 NLGI 2, huile 32-220cSt@40\u2103<\/td>\n<\/tr>\n<tr>\n<td>Temp\u00e9rature de fonctionnement<\/td>\n<td>\u201320 \u00e0 +80 \u00b0C<\/td>\n<\/tr>\n<tr>\n<td>Pression de service<\/td>\n<td>Max. 300 bar<\/td>\n<\/tr>\n<tr>\n<td>Mat\u00e9riel<\/td>\n<td>Galvanis\u00e9 noir<\/td>\n<\/tr>\n<tr>\n<td>Entr\u00e9e de connexion<\/td>\n<td>\u03a66\/\u03a68 (M10x1)<\/td>\n<\/tr>\n<tr>\n<td>Prise de connexion<\/td>\n<td>\u03a66\/\u03a68 (M10x1)<\/td>\n<\/tr>\n<tr>\n<td>Position de montage<\/td>\n<td>N&#039;importe lequel<\/td>\n<\/tr>\n<\/tbody>\n<\/table>\n<h2>Application<\/h2>\n<p><span id=\"input-sentence~2\">V\u00e9hicules et engins de chantier : les dispositifs de dosage JINPINLUB JSV conviennent \u00e0 diff\u00e9rents types de syst\u00e8mes de lubrification centralis\u00e9e de v\u00e9hicules et d&#039;engins de chantier lourds.<br \/>\nLe dispositif de mesure JSV peut \u00eatre largement utilis\u00e9 dans de nombreux types d&#039;\u00e9quipements de fabrication tels que les machines-outils, les machines en plastique et les machines \u00e0 papier.<\/span><span id=\"input-sentence~3\"><br \/>\nProduction d&#039;\u00e9nergie \u00e9olienne : Le dispositif de dosage JSV peut \u00eatre utilis\u00e9 dans les \u00e9quipements de production d&#039;\u00e9nergie \u00e9olienne pour assurer une lubrification fiable et r\u00e9duire la fr\u00e9quence de maintenance. Machines d&#039;impression et d&#039;emballage : De nombreux dispositifs de dosage JSV sont utilis\u00e9s en interne dans les machines d&#039;impression et d&#039;emballage pour assurer le bon fonctionnement de l&#039;\u00e9quipement.<\/span><\/p>\n<h2>Manuels<\/h2>\n<div class=\"sdm_download_button_box_default\"><div class=\"sdm_download_link\"><a href=\"https:\/\/www.jinpinlub.com\/fr\/?sdm_process_download=1&download_id=2474\" class=\"sdm_download white\" title=\"Priv\u00e9\u00a0: JSV Progressive Distributor\" target=\"&quot;_blank&quot;\">Voir la fiche technique - Distributeur JSV<\/a><\/div><\/div>","protected":false},"excerpt":{"rendered":"<p>Le distributeur JINPINLUB JSV est un appareil con\u00e7u pour les syst\u00e8mes de lubrification progressifs complexes. Il peut fonctionner dans des syst\u00e8mes de lubrification centralis\u00e9e \u00e0 graisse haute pression et distribuer quantitativement le lubrifiant \u00e9vacu\u00e9 de la pompe de lubrification \u00e0 chaque point de lubrification.<\/p>","protected":false},"featured_media":3483,"template":"","meta":{"ocean_post_layout":"","ocean_both_sidebars_style":"","ocean_both_sidebars_content_width":0,"ocean_both_sidebars_sidebars_width":0,"ocean_sidebar":"0","ocean_second_sidebar":"0","ocean_disable_margins":"enable","ocean_add_body_class":"","ocean_shortcode_before_top_bar":"","ocean_shortcode_after_top_bar":"","ocean_shortcode_before_header":"","ocean_shortcode_after_header":"","ocean_has_shortcode":"","ocean_shortcode_after_title":"","ocean_shortcode_before_footer_widgets":"","ocean_shortcode_after_footer_widgets":"","ocean_shortcode_before_footer_bottom":"","ocean_shortcode_after_footer_bottom":"","ocean_display_top_bar":"default","ocean_display_header":"default","ocean_header_style":"","ocean_center_header_left_menu":"0","ocean_custom_header_template":"0","ocean_custom_logo":0,"ocean_custom_retina_logo":0,"ocean_custom_logo_max_width":0,"ocean_custom_logo_tablet_max_width":0,"ocean_custom_logo_mobile_max_width":0,"ocean_custom_logo_max_height":0,"ocean_custom_logo_tablet_max_height":0,"ocean_custom_logo_mobile_max_height":0,"ocean_header_custom_menu":"0","ocean_menu_typo_font_family":"0","ocean_menu_typo_font_subset":"","ocean_menu_typo_font_size":0,"ocean_menu_typo_font_size_tablet":0,"ocean_menu_typo_font_size_mobile":0,"ocean_menu_typo_font_size_unit":"px","ocean_menu_typo_font_weight":"","ocean_menu_typo_font_weight_tablet":"","ocean_menu_typo_font_weight_mobile":"","ocean_menu_typo_transform":"","ocean_menu_typo_transform_tablet":"","ocean_menu_typo_transform_mobile":"","ocean_menu_typo_line_height":0,"ocean_menu_typo_line_height_tablet":0,"ocean_menu_typo_line_height_mobile":0,"ocean_menu_typo_line_height_unit":"","ocean_menu_typo_spacing":0,"ocean_menu_typo_spacing_tablet":0,"ocean_menu_typo_spacing_mobile":0,"ocean_menu_typo_spacing_unit":"","ocean_menu_link_color":"","ocean_menu_link_color_hover":"","ocean_menu_link_color_active":"","ocean_menu_link_background":"","ocean_menu_link_hover_background":"","ocean_menu_link_active_background":"","ocean_menu_social_links_bg":"","ocean_menu_social_hover_links_bg":"","ocean_menu_social_links_color":"","ocean_menu_social_hover_links_color":"","ocean_disable_title":"default","ocean_disable_heading":"default","ocean_post_title":"","ocean_post_subheading":"","ocean_post_title_style":"","ocean_post_title_background_color":"","ocean_post_title_background":0,"ocean_post_title_bg_image_position":"","ocean_post_title_bg_image_attachment":"","ocean_post_title_bg_image_repeat":"","ocean_post_title_bg_image_size":"","ocean_post_title_height":0,"ocean_post_title_bg_overlay":0.5,"ocean_post_title_bg_overlay_color":"","ocean_disable_breadcrumbs":"default","ocean_breadcrumbs_color":"","ocean_breadcrumbs_separator_color":"","ocean_breadcrumbs_links_color":"","ocean_breadcrumbs_links_hover_color":"","ocean_display_footer_widgets":"default","ocean_display_footer_bottom":"default","ocean_custom_footer_template":"0","osh_disable_topbar_sticky":"default","osh_disable_header_sticky":"default","osh_sticky_header_style":"default","osh_sticky_header_effect":"","osh_custom_sticky_logo":0,"osh_custom_retina_sticky_logo":0,"osh_custom_sticky_logo_height":0,"osh_background_color":"","osh_links_color":"","osh_links_hover_color":"","osh_links_active_color":"","osh_links_bg_color":"","osh_links_hover_bg_color":"","osh_links_active_bg_color":"","osh_menu_social_links_color":"","osh_menu_social_hover_links_color":""},"product_brand":[],"product_cat":[44,41],"product_tag":[261,262,100],"class_list":{"0":"post-3485","1":"product","2":"type-product","3":"status-publish","4":"has-post-thumbnail","6":"product_cat-progressive-grease-dividers","7":"product_cat-progressive-grease-systems","8":"product_tag-grease-dispenser-valve","9":"product_tag-grease-feeder","10":"product_tag-grease-metering-valve","12":"entry","13":"has-media","15":"first","16":"instock","17":"shipping-taxable","18":"product-type-external","19":"col","20":"span_1_of_3","21":"owp-content-center","22":"owp-thumbs-layout-horizontal","23":"owp-btn-very-big","24":"owp-tabs-layout-horizontal"},"_links":{"self":[{"href":"https:\/\/www.jinpinlub.com\/fr\/wp-json\/wp\/v2\/product\/3485","targetHints":{"allow":["GET"]}}],"collection":[{"href":"https:\/\/www.jinpinlub.com\/fr\/wp-json\/wp\/v2\/product"}],"about":[{"href":"https:\/\/www.jinpinlub.com\/fr\/wp-json\/wp\/v2\/types\/product"}],"wp:featuredmedia":[{"embeddable":true,"href":"https:\/\/www.jinpinlub.com\/fr\/wp-json\/wp\/v2\/media\/3483"}],"wp:attachment":[{"href":"https:\/\/www.jinpinlub.com\/fr\/wp-json\/wp\/v2\/media?parent=3485"}],"wp:term":[{"taxonomy":"product_brand","embeddable":true,"href":"https:\/\/www.jinpinlub.com\/fr\/wp-json\/wp\/v2\/product_brand?post=3485"},{"taxonomy":"product_cat","embeddable":true,"href":"https:\/\/www.jinpinlub.com\/fr\/wp-json\/wp\/v2\/product_cat?post=3485"},{"taxonomy":"product_tag","embeddable":true,"href":"https:\/\/www.jinpinlub.com\/fr\/wp-json\/wp\/v2\/product_tag?post=3485"}],"curies":[{"name":"wp","href":"https:\/\/api.w.org\/{rel}","templated":true}]}}