{"id":3488,"date":"2024-08-29T04:29:17","date_gmt":"2024-08-28T20:29:17","guid":{"rendered":"https:\/\/www.jinpinlub.com\/?post_type=product&#038;p=3488"},"modified":"2025-06-06T19:33:28","modified_gmt":"2025-06-06T11:33:28","slug":"bloc-doseur-jsv-pour-systeme-de-lubrification-centralisee-a-graisse","status":"publish","type":"product","link":"https:\/\/www.jinpinlub.com\/fr\/product\/jsv-metering-block-for-grease-centralized-lubrication-system\/","title":{"rendered":"Bloc de dosage JSV pour syst\u00e8me de lubrification centralis\u00e9e \u00e0 graisse"},"content":{"rendered":"<h2>Caract\u00e9ristiques<\/h2>\n<p><span id=\"input-sentence~0\">Lubrification pr\u00e9cise : chaque point de lubrification du dispositif de dosage JSV peut obtenir un d\u00e9bit de lubrifiant pr\u00e9cis pour garantir le meilleur fonctionnement de l&#039;\u00e9quipement.<\/span><span id=\"input-sentence~1\"><br \/>\nEfficace et \u00e9conome en \u00e9nergie : le dispositif de mesure JSV a une conception compacte pour une installation facile et il est int\u00e9gr\u00e9 \u00e0 un clapet anti-retour pour r\u00e9duire le gaspillage de lubrifiant, am\u00e9liorant ainsi l&#039;efficacit\u00e9 \u00e9nerg\u00e9tique.<br \/>\nSurveillance multipoint : le doseur JSV est \u00e9quip\u00e9 d&#039;une tige d&#039;indication et d&#039;un d\u00e9tecteur de proximit\u00e9 en sortie pour une surveillance en temps r\u00e9el de l&#039;\u00e9tat de lubrification.<\/span><span id=\"input-sentence~2\"><br \/>\nForte durabilit\u00e9 : le dispositif de mesure JSV est de qualit\u00e9 sup\u00e9rieure en termes de mat\u00e9riaux et r\u00e9siste \u00e0 une pression de fonctionnement \u00e9lev\u00e9e, r\u00e9pondant aux exigences de nombreux types de mauvaises conditions de travail.<\/span><\/p>\n<h2>Sp\u00e9cification<\/h2>\n<table>\n<tbody>\n<tr>\n<td>Principe de fonctionnement<\/td>\n<td>Appareils de mesure<\/td>\n<\/tr>\n<tr>\n<td>Nombre de points de vente<\/td>\n<td>6-20<\/td>\n<\/tr>\n<tr>\n<td>Quantit\u00e9 de mesure<\/td>\n<td>0,2 ml\/cycle<\/td>\n<\/tr>\n<tr>\n<td>Lubrifiant<\/td>\n<td>Graisse jusqu&#039;\u00e0 NLGI 2, huile 32-220cSt@40\u2103<\/td>\n<\/tr>\n<tr>\n<td>Temp\u00e9rature de fonctionnement<\/td>\n<td>\u201320 \u00e0 +80 \u00b0C<\/td>\n<\/tr>\n<tr>\n<td>Pression de service<\/td>\n<td>Max. 300 bar<\/td>\n<\/tr>\n<tr>\n<td>Mat\u00e9riel<\/td>\n<td>Galvanis\u00e9 noir<\/td>\n<\/tr>\n<tr>\n<td>Entr\u00e9e de connexion<\/td>\n<td>\u03a66\/\u03a68 (M10x1)<\/td>\n<\/tr>\n<tr>\n<td>Prise de connexion<\/td>\n<td>\u03a66\/\u03a68 (M10x1)<\/td>\n<\/tr>\n<tr>\n<td>Position de montage<\/td>\n<td>N&#039;importe lequel<\/td>\n<\/tr>\n<\/tbody>\n<\/table>\n<h2>Application<\/h2>\n<p><span id=\"input-sentence~2\">Fabrication automobile : sur diff\u00e9rents maillons des lignes de production automobile, le distributeur progressif a \u00e9t\u00e9 adopt\u00e9 pour lubrifier diverses pi\u00e8ces de transmission afin de favoriser l&#039;efficacit\u00e9 de la production et la qualit\u00e9 du produit.<\/span><span id=\"input-sentence~3\"><br \/>\n\u00c9quipement m\u00e9tallurgique : les dispositifs de dosage JSV peuvent \u00e9viter efficacement les pannes d&#039;\u00e9quipement pendant le fonctionnement et assurer la continuit\u00e9 de la production dans les machines de coul\u00e9e continue, les laminoirs et autres \u00e9quipements m\u00e9tallurgiques.<br \/>\nTransformation alimentaire : Dans les \u00e9quipements de transformation alimentaire, les distributeurs progressifs fournissent la lubrification appropri\u00e9e pour maintenir l&#039;\u00e9quipement propre et s\u00fbr.<\/span><\/p>\n<h2>Manuels<\/h2>\n<div class=\"sdm_download_button_box_default\"><div class=\"sdm_download_link\"><a href=\"https:\/\/www.jinpinlub.com\/fr\/?sdm_process_download=1&download_id=2474\" class=\"sdm_download white\" title=\"Priv\u00e9\u00a0: JSV Progressive Distributor\" target=\"&quot;_blank&quot;\">Voir la fiche technique - Distributeur JSV<\/a><\/div><\/div>","protected":false},"excerpt":{"rendered":"<p>Chaque sortie du distributeur JSV peut \u00eatre connect\u00e9e \u00e0 la sortie adjacente suivante apr\u00e8s l&#039;installation d&#039;un bouchon, ce qui permet d&#039;obtenir une superposition de flux. En d\u00e9montant un bouchon et en installant un dispositif de surveillance visuelle ou \u00e9lectronique, r\u00e9alisez une surveillance visuelle ou \u00e9lectronique.<\/p>","protected":false},"featured_media":3475,"template":"","meta":{"ocean_post_layout":"","ocean_both_sidebars_style":"","ocean_both_sidebars_content_width":0,"ocean_both_sidebars_sidebars_width":0,"ocean_sidebar":"0","ocean_second_sidebar":"0","ocean_disable_margins":"enable","ocean_add_body_class":"","ocean_shortcode_before_top_bar":"","ocean_shortcode_after_top_bar":"","ocean_shortcode_before_header":"","ocean_shortcode_after_header":"","ocean_has_shortcode":"","ocean_shortcode_after_title":"","ocean_shortcode_before_footer_widgets":"","ocean_shortcode_after_footer_widgets":"","ocean_shortcode_before_footer_bottom":"","ocean_shortcode_after_footer_bottom":"","ocean_display_top_bar":"default","ocean_display_header":"default","ocean_header_style":"","ocean_center_header_left_menu":"0","ocean_custom_header_template":"0","ocean_custom_logo":0,"ocean_custom_retina_logo":0,"ocean_custom_logo_max_width":0,"ocean_custom_logo_tablet_max_width":0,"ocean_custom_logo_mobile_max_width":0,"ocean_custom_logo_max_height":0,"ocean_custom_logo_tablet_max_height":0,"ocean_custom_logo_mobile_max_height":0,"ocean_header_custom_menu":"0","ocean_menu_typo_font_family":"0","ocean_menu_typo_font_subset":"","ocean_menu_typo_font_size":0,"ocean_menu_typo_font_size_tablet":0,"ocean_menu_typo_font_size_mobile":0,"ocean_menu_typo_font_size_unit":"px","ocean_menu_typo_font_weight":"","ocean_menu_typo_font_weight_tablet":"","ocean_menu_typo_font_weight_mobile":"","ocean_menu_typo_transform":"","ocean_menu_typo_transform_tablet":"","ocean_menu_typo_transform_mobile":"","ocean_menu_typo_line_height":0,"ocean_menu_typo_line_height_tablet":0,"ocean_menu_typo_line_height_mobile":0,"ocean_menu_typo_line_height_unit":"","ocean_menu_typo_spacing":0,"ocean_menu_typo_spacing_tablet":0,"ocean_menu_typo_spacing_mobile":0,"ocean_menu_typo_spacing_unit":"","ocean_menu_link_color":"","ocean_menu_link_color_hover":"","ocean_menu_link_color_active":"","ocean_menu_link_background":"","ocean_menu_link_hover_background":"","ocean_menu_link_active_background":"","ocean_menu_social_links_bg":"","ocean_menu_social_hover_links_bg":"","ocean_menu_social_links_color":"","ocean_menu_social_hover_links_color":"","ocean_disable_title":"default","ocean_disable_heading":"default","ocean_post_title":"","ocean_post_subheading":"","ocean_post_title_style":"","ocean_post_title_background_color":"","ocean_post_title_background":0,"ocean_post_title_bg_image_position":"","ocean_post_title_bg_image_attachment":"","ocean_post_title_bg_image_repeat":"","ocean_post_title_bg_image_size":"","ocean_post_title_height":0,"ocean_post_title_bg_overlay":0.5,"ocean_post_title_bg_overlay_color":"","ocean_disable_breadcrumbs":"default","ocean_breadcrumbs_color":"","ocean_breadcrumbs_separator_color":"","ocean_breadcrumbs_links_color":"","ocean_breadcrumbs_links_hover_color":"","ocean_display_footer_widgets":"default","ocean_display_footer_bottom":"default","ocean_custom_footer_template":"0","osh_disable_topbar_sticky":"default","osh_disable_header_sticky":"default","osh_sticky_header_style":"default","osh_sticky_header_effect":"","osh_custom_sticky_logo":0,"osh_custom_retina_sticky_logo":0,"osh_custom_sticky_logo_height":0,"osh_background_color":"","osh_links_color":"","osh_links_hover_color":"","osh_links_active_color":"","osh_links_bg_color":"","osh_links_hover_bg_color":"","osh_links_active_bg_color":"","osh_menu_social_links_color":"","osh_menu_social_hover_links_color":""},"product_brand":[],"product_cat":[44,41],"product_tag":[263,98,100],"class_list":{"0":"post-3488","1":"product","2":"type-product","3":"status-publish","4":"has-post-thumbnail","6":"product_cat-progressive-grease-dividers","7":"product_cat-progressive-grease-systems","8":"product_tag-grease-metering-block","9":"product_tag-grease-metering-device","10":"product_tag-grease-metering-valve","12":"entry","13":"has-media","15":"first","16":"instock","17":"shipping-taxable","18":"product-type-external","19":"col","20":"span_1_of_3","21":"owp-content-center","22":"owp-thumbs-layout-horizontal","23":"owp-btn-very-big","24":"owp-tabs-layout-horizontal"},"_links":{"self":[{"href":"https:\/\/www.jinpinlub.com\/fr\/wp-json\/wp\/v2\/product\/3488","targetHints":{"allow":["GET"]}}],"collection":[{"href":"https:\/\/www.jinpinlub.com\/fr\/wp-json\/wp\/v2\/product"}],"about":[{"href":"https:\/\/www.jinpinlub.com\/fr\/wp-json\/wp\/v2\/types\/product"}],"wp:featuredmedia":[{"embeddable":true,"href":"https:\/\/www.jinpinlub.com\/fr\/wp-json\/wp\/v2\/media\/3475"}],"wp:attachment":[{"href":"https:\/\/www.jinpinlub.com\/fr\/wp-json\/wp\/v2\/media?parent=3488"}],"wp:term":[{"taxonomy":"product_brand","embeddable":true,"href":"https:\/\/www.jinpinlub.com\/fr\/wp-json\/wp\/v2\/product_brand?post=3488"},{"taxonomy":"product_cat","embeddable":true,"href":"https:\/\/www.jinpinlub.com\/fr\/wp-json\/wp\/v2\/product_cat?post=3488"},{"taxonomy":"product_tag","embeddable":true,"href":"https:\/\/www.jinpinlub.com\/fr\/wp-json\/wp\/v2\/product_tag?post=3488"}],"curies":[{"name":"wp","href":"https:\/\/api.w.org\/{rel}","templated":true}]}}