{"id":3492,"date":"2024-08-29T05:05:38","date_gmt":"2024-08-28T21:05:38","guid":{"rendered":"https:\/\/www.jinpinlub.com\/?post_type=product&#038;p=3492"},"modified":"2025-06-06T19:32:49","modified_gmt":"2025-06-06T11:32:49","slug":"distributeur-progressif-a-6-sorties-20-pour-systeme-de-graissage-a-huile","status":"publish","type":"product","link":"https:\/\/www.jinpinlub.com\/fr\/product\/jsv-6-20-outlet-progressive-feeder-for-oil-grease-system\/","title":{"rendered":"Distributeur progressif JSV 6-20 sorties pour syst\u00e8me d&#039;huile et de graisse"},"content":{"rendered":"<h2>Fonctionnalit\u00e9<\/h2>\n<p>JSV est un distributeur \u00e0 piston progressif en acier galvanis\u00e9 noir.<br \/>\n1 \u00e0 20 est le nombre de prises, et aucune fiche ne peut \u00eatre connect\u00e9e aux prises 1 et 2.<br \/>\nL&#039;ordre de d\u00e9charge va de la sortie num\u00e9ro 20 \u00e0 la sortie 1, une fois qu&#039;une sortie est d\u00e9charg\u00e9e, la suivante commence \u00e0 se d\u00e9charger.<br \/>\nN&#039;importe quelle prise peut \u00eatre connect\u00e9e \u00e0 la prise adjacente pour augmenter le rendement en installant une fiche et en retirant un raccord sp\u00e9cial.<br \/>\nLe JSV dispose de fonctions de surveillance ou de contr\u00f4le, et un indicateur m\u00e9canique, un micro-interrupteur ou un interrupteur de proximit\u00e9 sont en option.<br \/>\nLes connecteurs par d\u00e9faut sont des ensembles de clapets anti-retour pour emp\u00eacher le reflux de lubrifiant.<br \/>\nLubrifiants compatibles : Graisse NLGI 000#~2#, huile 32-220cSt@40\u2103 (ensemble clapet anti-retour) ;<br \/>\nTemp\u00e9rature de fonctionnement : -20\u2103~+80\u2103.<\/p>\n<h2>Sp\u00e9cification<\/h2>\n<table>\n<tbody>\n<tr>\n<td>Principe de fonctionnement<\/td>\n<td>Appareils de mesure<\/td>\n<\/tr>\n<tr>\n<td>Nombre de points de vente<\/td>\n<td>6-20<\/td>\n<\/tr>\n<tr>\n<td>Quantit\u00e9 de mesure<\/td>\n<td>0,2 ml\/cycle<\/td>\n<\/tr>\n<tr>\n<td>Lubrifiant<\/td>\n<td>Graisse jusqu&#039;\u00e0 NLGI 2, huile 32-220cSt@40\u2103<\/td>\n<\/tr>\n<tr>\n<td>Temp\u00e9rature de fonctionnement<\/td>\n<td>\u201320 \u00e0 +80 \u00b0C<\/td>\n<\/tr>\n<tr>\n<td>Pression de service<\/td>\n<td>Max. 300 bar<\/td>\n<\/tr>\n<tr>\n<td>Mat\u00e9riel<\/td>\n<td>Galvanis\u00e9 noir<\/td>\n<\/tr>\n<tr>\n<td>Entr\u00e9e de connexion<\/td>\n<td>\u03a66\/\u03a68 (M10x1)<\/td>\n<\/tr>\n<tr>\n<td>Prise de connexion<\/td>\n<td>\u03a66\/\u03a68 (M10x1)<\/td>\n<\/tr>\n<tr>\n<td>Position de montage<\/td>\n<td>N&#039;importe lequel<\/td>\n<\/tr>\n<\/tbody>\n<\/table>\n<h2>Application<\/h2>\n<p>Machines de construction<br \/>\nCes alimentateurs progressifs de type JSV sont utilis\u00e9s dans les machines de construction de grande taille pour lubrifier les charni\u00e8res, les roulements, les syst\u00e8mes hydrauliques, etc. des excavatrices et des bulldozers. \u00c9tant donn\u00e9 que ces installations fonctionnent dans des conditions de travail tr\u00e8s difficiles, on peut dire qu&#039;un syst\u00e8me de lubrification fiable peut prolonger consid\u00e9rablement la dur\u00e9e de vie des machines et r\u00e9duire les arr\u00eats.<br \/>\nEntretien des v\u00e9hicules automobiles<br \/>\nLe type d&#039;alimentation progressive JSV trouve une large application dans l&#039;entretien des v\u00e9hicules utilitaires tels que les camions et les bus. Ils sont destin\u00e9s \u00e0 lubrifier les syst\u00e8mes de ch\u00e2ssis, de direction et de suspension afin que m\u00eame apr\u00e8s une longue utilisation, les performances du v\u00e9hicule restent bonnes.<\/p>\n<h2>Manuels<\/h2>\n<div class=\"sdm_download_button_box_default\"><div class=\"sdm_download_link\"><a href=\"https:\/\/www.jinpinlub.com\/fr\/?sdm_process_download=1&download_id=2474\" class=\"sdm_download white\" title=\"Priv\u00e9\u00a0: JSV Progressive Distributor\" target=\"&quot;_blank&quot;\">Voir la fiche technique - Distributeur JSV<\/a><\/div><\/div>","protected":false},"excerpt":{"rendered":"<p>Chaque sortie du distributeur progressif JSV est dot\u00e9e d&#039;un piston. Le lubrifiant entre par l&#039;entr\u00e9e, pousse le premier piston \u00e0 se d\u00e9placer, et la premi\u00e8re sortie est \u00e9vacu\u00e9e, puis le lubrifiant pousse le piston suivant, et ainsi de suite, jusqu&#039;\u00e0 ce que toutes les sorties aient termin\u00e9 un cycle.<\/p>","protected":false},"featured_media":3458,"template":"","meta":{"ocean_post_layout":"","ocean_both_sidebars_style":"","ocean_both_sidebars_content_width":0,"ocean_both_sidebars_sidebars_width":0,"ocean_sidebar":"0","ocean_second_sidebar":"0","ocean_disable_margins":"enable","ocean_add_body_class":"","ocean_shortcode_before_top_bar":"","ocean_shortcode_after_top_bar":"","ocean_shortcode_before_header":"","ocean_shortcode_after_header":"","ocean_has_shortcode":"","ocean_shortcode_after_title":"","ocean_shortcode_before_footer_widgets":"","ocean_shortcode_after_footer_widgets":"","ocean_shortcode_before_footer_bottom":"","ocean_shortcode_after_footer_bottom":"","ocean_display_top_bar":"default","ocean_display_header":"default","ocean_header_style":"","ocean_center_header_left_menu":"0","ocean_custom_header_template":"0","ocean_custom_logo":0,"ocean_custom_retina_logo":0,"ocean_custom_logo_max_width":0,"ocean_custom_logo_tablet_max_width":0,"ocean_custom_logo_mobile_max_width":0,"ocean_custom_logo_max_height":0,"ocean_custom_logo_tablet_max_height":0,"ocean_custom_logo_mobile_max_height":0,"ocean_header_custom_menu":"0","ocean_menu_typo_font_family":"0","ocean_menu_typo_font_subset":"","ocean_menu_typo_font_size":0,"ocean_menu_typo_font_size_tablet":0,"ocean_menu_typo_font_size_mobile":0,"ocean_menu_typo_font_size_unit":"px","ocean_menu_typo_font_weight":"","ocean_menu_typo_font_weight_tablet":"","ocean_menu_typo_font_weight_mobile":"","ocean_menu_typo_transform":"","ocean_menu_typo_transform_tablet":"","ocean_menu_typo_transform_mobile":"","ocean_menu_typo_line_height":0,"ocean_menu_typo_line_height_tablet":0,"ocean_menu_typo_line_height_mobile":0,"ocean_menu_typo_line_height_unit":"","ocean_menu_typo_spacing":0,"ocean_menu_typo_spacing_tablet":0,"ocean_menu_typo_spacing_mobile":0,"ocean_menu_typo_spacing_unit":"","ocean_menu_link_color":"","ocean_menu_link_color_hover":"","ocean_menu_link_color_active":"","ocean_menu_link_background":"","ocean_menu_link_hover_background":"","ocean_menu_link_active_background":"","ocean_menu_social_links_bg":"","ocean_menu_social_hover_links_bg":"","ocean_menu_social_links_color":"","ocean_menu_social_hover_links_color":"","ocean_disable_title":"default","ocean_disable_heading":"default","ocean_post_title":"","ocean_post_subheading":"","ocean_post_title_style":"","ocean_post_title_background_color":"","ocean_post_title_background":0,"ocean_post_title_bg_image_position":"","ocean_post_title_bg_image_attachment":"","ocean_post_title_bg_image_repeat":"","ocean_post_title_bg_image_size":"","ocean_post_title_height":0,"ocean_post_title_bg_overlay":0.5,"ocean_post_title_bg_overlay_color":"","ocean_disable_breadcrumbs":"default","ocean_breadcrumbs_color":"","ocean_breadcrumbs_separator_color":"","ocean_breadcrumbs_links_color":"","ocean_breadcrumbs_links_hover_color":"","ocean_display_footer_widgets":"default","ocean_display_footer_bottom":"default","ocean_custom_footer_template":"0","osh_disable_topbar_sticky":"default","osh_disable_header_sticky":"default","osh_sticky_header_style":"default","osh_sticky_header_effect":"","osh_custom_sticky_logo":0,"osh_custom_retina_sticky_logo":0,"osh_custom_sticky_logo_height":0,"osh_background_color":"","osh_links_color":"","osh_links_hover_color":"","osh_links_active_color":"","osh_links_bg_color":"","osh_links_hover_bg_color":"","osh_links_active_bg_color":"","osh_menu_social_links_color":"","osh_menu_social_hover_links_color":""},"product_brand":[],"product_cat":[44,41],"product_tag":[262,269,268],"class_list":{"0":"post-3492","1":"product","2":"type-product","3":"status-publish","4":"has-post-thumbnail","6":"product_cat-progressive-grease-dividers","7":"product_cat-progressive-grease-systems","8":"product_tag-grease-feeder","9":"product_tag-lubrication-feeder","10":"product_tag-progressive-feeder","12":"entry","13":"has-media","15":"first","16":"instock","17":"featured","18":"shipping-taxable","19":"product-type-external","20":"col","21":"span_1_of_3","22":"owp-content-center","23":"owp-thumbs-layout-horizontal","24":"owp-btn-very-big","25":"owp-tabs-layout-horizontal"},"_links":{"self":[{"href":"https:\/\/www.jinpinlub.com\/fr\/wp-json\/wp\/v2\/product\/3492","targetHints":{"allow":["GET"]}}],"collection":[{"href":"https:\/\/www.jinpinlub.com\/fr\/wp-json\/wp\/v2\/product"}],"about":[{"href":"https:\/\/www.jinpinlub.com\/fr\/wp-json\/wp\/v2\/types\/product"}],"wp:featuredmedia":[{"embeddable":true,"href":"https:\/\/www.jinpinlub.com\/fr\/wp-json\/wp\/v2\/media\/3458"}],"wp:attachment":[{"href":"https:\/\/www.jinpinlub.com\/fr\/wp-json\/wp\/v2\/media?parent=3492"}],"wp:term":[{"taxonomy":"product_brand","embeddable":true,"href":"https:\/\/www.jinpinlub.com\/fr\/wp-json\/wp\/v2\/product_brand?post=3492"},{"taxonomy":"product_cat","embeddable":true,"href":"https:\/\/www.jinpinlub.com\/fr\/wp-json\/wp\/v2\/product_cat?post=3492"},{"taxonomy":"product_tag","embeddable":true,"href":"https:\/\/www.jinpinlub.com\/fr\/wp-json\/wp\/v2\/product_tag?post=3492"}],"curies":[{"name":"wp","href":"https:\/\/api.w.org\/{rel}","templated":true}]}}