{"id":3493,"date":"2024-08-29T05:20:47","date_gmt":"2024-08-28T21:20:47","guid":{"rendered":"https:\/\/www.jinpinlub.com\/?post_type=product&#038;p=3493"},"modified":"2025-06-06T19:32:42","modified_gmt":"2025-06-06T11:32:42","slug":"bloc-de-lubrification-a-la-graisse-jsv-pour-systeme-de-lubrification-au-beurre","status":"publish","type":"product","link":"https:\/\/www.jinpinlub.com\/fr\/product\/jsv-grease-lubrication-block-for-butter-lubricating-system\/","title":{"rendered":"Bloc de lubrification \u00e0 la graisse JSV pour syst\u00e8me de lubrification au beurre"},"content":{"rendered":"<h2>Fonctionnalit\u00e9<\/h2>\n<p><span id=\"input-sentence~0\">Sortie standard : Le volume de course standard du chargeur JINPINLUB JSV est de 0,18 cc et, en fonction du besoin d&#039;augmenter le nombre de sorties, plusieurs sorties peuvent \u00eatre combin\u00e9es pour obtenir davantage de volume de course.<br \/>\nLubrifiants applicables : Chargeur JSV applicable aux lubrifiants \u00e0 base d&#039;huile et de graisse.<\/span><span id=\"input-sentence~1\"> La pression de travail maximale est de 30 bars.<br \/>\nConception modulaire : le nombre de sorties et les sorties du chargeur JSV peuvent \u00eatre modifi\u00e9s en fonction des exigences et la flexibilit\u00e9 est tr\u00e8s \u00e9lev\u00e9e.<br \/>\nFiabilit\u00e9 : Chaque piston de sortie agit de mani\u00e8re ind\u00e9pendante, garantissant ainsi que chaque point de lubrification re\u00e7oit la bonne quantit\u00e9 de lubrifiant.<\/span><\/p>\n<h2>Sp\u00e9cification<\/h2>\n<table>\n<tbody>\n<tr>\n<td>Principe de fonctionnement<\/td>\n<td>Appareils de mesure<\/td>\n<\/tr>\n<tr>\n<td>Nombre de points de vente<\/td>\n<td>6-20<\/td>\n<\/tr>\n<tr>\n<td>Quantit\u00e9 de mesure<\/td>\n<td>0,2 ml\/cycle<\/td>\n<\/tr>\n<tr>\n<td>Lubrifiant<\/td>\n<td>Graisse jusqu&#039;\u00e0 NLGI 2, huile 32-220cSt@40\u2103<\/td>\n<\/tr>\n<tr>\n<td>Temp\u00e9rature de fonctionnement<\/td>\n<td>\u201320 \u00e0 +80 \u00b0C<\/td>\n<\/tr>\n<tr>\n<td>Pression de service<\/td>\n<td>Max. 300 bar<\/td>\n<\/tr>\n<tr>\n<td>Mat\u00e9riel<\/td>\n<td>Galvanis\u00e9 noir<\/td>\n<\/tr>\n<tr>\n<td>Entr\u00e9e de connexion<\/td>\n<td>\u03a66\/\u03a68 (M10x1)<\/td>\n<\/tr>\n<tr>\n<td>Prise de connexion<\/td>\n<td>\u03a66\/\u03a68 (M10x1)<\/td>\n<\/tr>\n<tr>\n<td>Position de montage<\/td>\n<td>N&#039;importe lequel<\/td>\n<\/tr>\n<\/tbody>\n<\/table>\n<h2>Application<\/h2>\n<p>Dans l&#039;industrie manufacturi\u00e8re, les distributeurs progressifs de type JSV sont souvent utilis\u00e9s dans les \u00e9quipements m\u00e9caniques des lignes de production automatis\u00e9es, tels que les machines d&#039;emboutissage, les machines de moulage par injection et les syst\u00e8mes de convoyeurs \u00e0 bande. La distribution pr\u00e9cise du lubrifiant assure le bon fonctionnement des \u00e9quipements sous des charges \u00e9lev\u00e9es et r\u00e9duit l&#039;usure et les pannes.<br \/>\nDans les \u00e9oliennes, les distributeurs progressifs de type JSV sont utilis\u00e9s pour lubrifier les paliers principaux et les r\u00e9ducteurs. Ces composants fonctionnent sous des charges \u00e9lev\u00e9es et des vitesses \u00e9lev\u00e9es, et un syst\u00e8me de lubrification fiable peut am\u00e9liorer l&#039;efficacit\u00e9 et la fiabilit\u00e9 du g\u00e9n\u00e9rateur.<\/p>\n<h2>Manuels<\/h2>\n<div class=\"sdm_download_button_box_default\"><div class=\"sdm_download_link\"><a href=\"https:\/\/www.jinpinlub.com\/fr\/?sdm_process_download=1&download_id=2474\" class=\"sdm_download white\" title=\"Priv\u00e9\u00a0: JSV Progressive Distributor\" target=\"&quot;_blank&quot;\">Voir la fiche technique - Distributeur JSV<\/a><\/div><\/div>","protected":false},"excerpt":{"rendered":"<p>Le distributeur de lubrifiant progressif JINPINLUB JSV est con\u00e7u pour fournir une lubrification pr\u00e9cise et efficace pour divers \u00e9quipements m\u00e9caniques. Il s&#039;agit d&#039;une vanne de distribution de lubrifiant progressive simple de conception classique, tr\u00e8s polyvalente, stable et \u00e0 installation simple.<\/p>","protected":false},"featured_media":3453,"template":"","meta":{"ocean_post_layout":"","ocean_both_sidebars_style":"","ocean_both_sidebars_content_width":0,"ocean_both_sidebars_sidebars_width":0,"ocean_sidebar":"0","ocean_second_sidebar":"0","ocean_disable_margins":"enable","ocean_add_body_class":"","ocean_shortcode_before_top_bar":"","ocean_shortcode_after_top_bar":"","ocean_shortcode_before_header":"","ocean_shortcode_after_header":"","ocean_has_shortcode":"","ocean_shortcode_after_title":"","ocean_shortcode_before_footer_widgets":"","ocean_shortcode_after_footer_widgets":"","ocean_shortcode_before_footer_bottom":"","ocean_shortcode_after_footer_bottom":"","ocean_display_top_bar":"default","ocean_display_header":"default","ocean_header_style":"","ocean_center_header_left_menu":"0","ocean_custom_header_template":"0","ocean_custom_logo":0,"ocean_custom_retina_logo":0,"ocean_custom_logo_max_width":0,"ocean_custom_logo_tablet_max_width":0,"ocean_custom_logo_mobile_max_width":0,"ocean_custom_logo_max_height":0,"ocean_custom_logo_tablet_max_height":0,"ocean_custom_logo_mobile_max_height":0,"ocean_header_custom_menu":"0","ocean_menu_typo_font_family":"0","ocean_menu_typo_font_subset":"","ocean_menu_typo_font_size":0,"ocean_menu_typo_font_size_tablet":0,"ocean_menu_typo_font_size_mobile":0,"ocean_menu_typo_font_size_unit":"px","ocean_menu_typo_font_weight":"","ocean_menu_typo_font_weight_tablet":"","ocean_menu_typo_font_weight_mobile":"","ocean_menu_typo_transform":"","ocean_menu_typo_transform_tablet":"","ocean_menu_typo_transform_mobile":"","ocean_menu_typo_line_height":0,"ocean_menu_typo_line_height_tablet":0,"ocean_menu_typo_line_height_mobile":0,"ocean_menu_typo_line_height_unit":"","ocean_menu_typo_spacing":0,"ocean_menu_typo_spacing_tablet":0,"ocean_menu_typo_spacing_mobile":0,"ocean_menu_typo_spacing_unit":"","ocean_menu_link_color":"","ocean_menu_link_color_hover":"","ocean_menu_link_color_active":"","ocean_menu_link_background":"","ocean_menu_link_hover_background":"","ocean_menu_link_active_background":"","ocean_menu_social_links_bg":"","ocean_menu_social_hover_links_bg":"","ocean_menu_social_links_color":"","ocean_menu_social_hover_links_color":"","ocean_disable_title":"default","ocean_disable_heading":"default","ocean_post_title":"","ocean_post_subheading":"","ocean_post_title_style":"","ocean_post_title_background_color":"","ocean_post_title_background":0,"ocean_post_title_bg_image_position":"","ocean_post_title_bg_image_attachment":"","ocean_post_title_bg_image_repeat":"","ocean_post_title_bg_image_size":"","ocean_post_title_height":0,"ocean_post_title_bg_overlay":0.5,"ocean_post_title_bg_overlay_color":"","ocean_disable_breadcrumbs":"default","ocean_breadcrumbs_color":"","ocean_breadcrumbs_separator_color":"","ocean_breadcrumbs_links_color":"","ocean_breadcrumbs_links_hover_color":"","ocean_display_footer_widgets":"default","ocean_display_footer_bottom":"default","ocean_custom_footer_template":"0","osh_disable_topbar_sticky":"default","osh_disable_header_sticky":"default","osh_sticky_header_style":"default","osh_sticky_header_effect":"","osh_custom_sticky_logo":0,"osh_custom_retina_sticky_logo":0,"osh_custom_sticky_logo_height":0,"osh_background_color":"","osh_links_color":"","osh_links_hover_color":"","osh_links_active_color":"","osh_links_bg_color":"","osh_links_hover_bg_color":"","osh_links_active_bg_color":"","osh_menu_social_links_color":"","osh_menu_social_hover_links_color":""},"product_brand":[],"product_cat":[44,41],"product_tag":[270,271,272],"class_list":{"0":"post-3493","1":"product","2":"type-product","3":"status-publish","4":"has-post-thumbnail","6":"product_cat-progressive-grease-dividers","7":"product_cat-progressive-grease-systems","8":"product_tag-grease-lubrication-block","9":"product_tag-grease-measurement-device","10":"product_tag-lubricating-system-divider","12":"entry","13":"has-media","15":"first","16":"instock","17":"shipping-taxable","18":"product-type-external","19":"col","20":"span_1_of_3","21":"owp-content-center","22":"owp-thumbs-layout-horizontal","23":"owp-btn-very-big","24":"owp-tabs-layout-horizontal"},"_links":{"self":[{"href":"https:\/\/www.jinpinlub.com\/fr\/wp-json\/wp\/v2\/product\/3493","targetHints":{"allow":["GET"]}}],"collection":[{"href":"https:\/\/www.jinpinlub.com\/fr\/wp-json\/wp\/v2\/product"}],"about":[{"href":"https:\/\/www.jinpinlub.com\/fr\/wp-json\/wp\/v2\/types\/product"}],"wp:featuredmedia":[{"embeddable":true,"href":"https:\/\/www.jinpinlub.com\/fr\/wp-json\/wp\/v2\/media\/3453"}],"wp:attachment":[{"href":"https:\/\/www.jinpinlub.com\/fr\/wp-json\/wp\/v2\/media?parent=3493"}],"wp:term":[{"taxonomy":"product_brand","embeddable":true,"href":"https:\/\/www.jinpinlub.com\/fr\/wp-json\/wp\/v2\/product_brand?post=3493"},{"taxonomy":"product_cat","embeddable":true,"href":"https:\/\/www.jinpinlub.com\/fr\/wp-json\/wp\/v2\/product_cat?post=3493"},{"taxonomy":"product_tag","embeddable":true,"href":"https:\/\/www.jinpinlub.com\/fr\/wp-json\/wp\/v2\/product_tag?post=3493"}],"curies":[{"name":"wp","href":"https:\/\/api.w.org\/{rel}","templated":true}]}}