{"id":3494,"date":"2024-08-29T05:22:34","date_gmt":"2024-08-28T21:22:34","guid":{"rendered":"https:\/\/www.jinpinlub.com\/?post_type=product&#038;p=3494"},"modified":"2025-06-06T19:32:38","modified_gmt":"2025-06-06T11:32:38","slug":"jsv-6-vannes-de-repartition-progressives-monobloc-simples-compactes","status":"publish","type":"product","link":"https:\/\/www.jinpinlub.com\/fr\/product\/jsv-6-compact-simple-monoblock-progressive-divider-valves\/","title":{"rendered":"Vannes de r\u00e9partition progressives monoblocs simples compactes JSV-6"},"content":{"rendered":"<h2>Fonctionnalit\u00e9<\/h2>\n<p><span id=\"input-sentence~0\">Entr\u00e9e de lubrifiant : Le lubrifiant entre dans l&#039;entr\u00e9e de la vanne de distribution via la pompe de lubrification.<br \/>\nDistribution s\u00e9quentielle : les pistons de la vanne de r\u00e9partition se d\u00e9placent en s\u00e9quence pour distribuer le lubrifiant \u00e0 chaque sortie. Le mouvement de chaque piston pousse le piston suivant, formant ainsi un cycle continu.<\/span><span id=\"input-sentence~1\"><br \/>\nR\u00e9partition uniforme : Chaque sortie distribue la m\u00eame quantit\u00e9 de lubrifiant \u00e0 chaque cycle, garantissant que tous les points de lubrification sont lubrifi\u00e9s uniform\u00e9ment.<br \/>\nD\u00e9tection de d\u00e9faut : si une prise est bloqu\u00e9e, l&#039;ensemble du syst\u00e8me cessera de fonctionner, ce qui est pratique pour la d\u00e9tection et la maintenance.<\/span><\/p>\n<h2>Sp\u00e9cification<\/h2>\n<table>\n<tbody>\n<tr>\n<td>Principe de fonctionnement<\/td>\n<td>Appareils de mesure<\/td>\n<\/tr>\n<tr>\n<td>Nombre de points de vente<\/td>\n<td>6-20<\/td>\n<\/tr>\n<tr>\n<td>Quantit\u00e9 de mesure<\/td>\n<td>0,2 ml\/cycle<\/td>\n<\/tr>\n<tr>\n<td>Lubrifiant<\/td>\n<td>Graisse jusqu&#039;\u00e0 NLGI 2, huile 32-220cSt@40\u2103<\/td>\n<\/tr>\n<tr>\n<td>Temp\u00e9rature de fonctionnement<\/td>\n<td>\u201320 \u00e0 +80 \u00b0C<\/td>\n<\/tr>\n<tr>\n<td>Pression de service<\/td>\n<td>Max. 300 bar<\/td>\n<\/tr>\n<tr>\n<td>Mat\u00e9riel<\/td>\n<td>Galvanis\u00e9 noir<\/td>\n<\/tr>\n<tr>\n<td>Entr\u00e9e de connexion<\/td>\n<td>\u03a66\/\u03a68 (M10x1)<\/td>\n<\/tr>\n<tr>\n<td>Prise de connexion<\/td>\n<td>\u03a66\/\u03a68 (M10x1)<\/td>\n<\/tr>\n<tr>\n<td>Position de montage<\/td>\n<td>N&#039;importe lequel<\/td>\n<\/tr>\n<\/tbody>\n<\/table>\n<h2>Application<\/h2>\n<p><span id=\"input-sentence~0\">Fabrication : Les vannes de r\u00e9partition JINPINLUB JSV sont utilis\u00e9es pour la lubrification dans des domaines tels que l&#039;automatisation des lignes de production et des \u00e9quipements m\u00e9caniques.<br \/>\nSecteur automobile : les vannes de r\u00e9partition JSV sont utilis\u00e9es pour la lubrification de pi\u00e8ces m\u00e9caniques diversifi\u00e9es tout au long des cha\u00eenes d&#039;assemblage des automobiles et des processus de fabrication de pi\u00e8ces.<\/span><span id=\"input-sentence~1\"><br \/>\nIndustrie alimentaire et des boissons : les vannes de r\u00e9partition JSV sont utilis\u00e9es dans les \u00e9quipements de transformation des aliments pour la lubrification afin de maintenir la bonne efficacit\u00e9 de leur fonctionnement.<br \/>\nExploitation mini\u00e8re et machines lourdes : Dans les \u00e9quipements miniers et les machines lourdes, ils sont utilis\u00e9s pour lubrifier les gros engrenages et les roulements.<\/span><\/p>\n<h2>Manuels<\/h2>\n<div class=\"sdm_download_button_box_default\"><div class=\"sdm_download_link\"><a href=\"https:\/\/www.jinpinlub.com\/fr\/?sdm_process_download=1&download_id=2474\" class=\"sdm_download white\" title=\"Priv\u00e9\u00a0: JSV Progressive Distributor\" target=\"&quot;_blank&quot;\">Voir la fiche technique - Distributeur JSV<\/a><\/div><\/div>","protected":false},"excerpt":{"rendered":"<p>La vanne de r\u00e9partition progressive JSV est une unit\u00e9 compacte et monolithique con\u00e7ue pour une lubrification efficace dans les espaces restreints. Ces vannes fonctionnent en s\u00e9quence, assurant une distribution uniforme du lubrifiant \u00e0 toutes les sorties. Si une sortie est bloqu\u00e9e, l&#039;ensemble du syst\u00e8me s&#039;arr\u00eate de fonctionner.<\/p>","protected":false},"featured_media":3447,"template":"","meta":{"ocean_post_layout":"","ocean_both_sidebars_style":"","ocean_both_sidebars_content_width":0,"ocean_both_sidebars_sidebars_width":0,"ocean_sidebar":"0","ocean_second_sidebar":"0","ocean_disable_margins":"enable","ocean_add_body_class":"","ocean_shortcode_before_top_bar":"","ocean_shortcode_after_top_bar":"","ocean_shortcode_before_header":"","ocean_shortcode_after_header":"","ocean_has_shortcode":"","ocean_shortcode_after_title":"","ocean_shortcode_before_footer_widgets":"","ocean_shortcode_after_footer_widgets":"","ocean_shortcode_before_footer_bottom":"","ocean_shortcode_after_footer_bottom":"","ocean_display_top_bar":"default","ocean_display_header":"default","ocean_header_style":"","ocean_center_header_left_menu":"0","ocean_custom_header_template":"0","ocean_custom_logo":0,"ocean_custom_retina_logo":0,"ocean_custom_logo_max_width":0,"ocean_custom_logo_tablet_max_width":0,"ocean_custom_logo_mobile_max_width":0,"ocean_custom_logo_max_height":0,"ocean_custom_logo_tablet_max_height":0,"ocean_custom_logo_mobile_max_height":0,"ocean_header_custom_menu":"0","ocean_menu_typo_font_family":"0","ocean_menu_typo_font_subset":"","ocean_menu_typo_font_size":0,"ocean_menu_typo_font_size_tablet":0,"ocean_menu_typo_font_size_mobile":0,"ocean_menu_typo_font_size_unit":"px","ocean_menu_typo_font_weight":"","ocean_menu_typo_font_weight_tablet":"","ocean_menu_typo_font_weight_mobile":"","ocean_menu_typo_transform":"","ocean_menu_typo_transform_tablet":"","ocean_menu_typo_transform_mobile":"","ocean_menu_typo_line_height":0,"ocean_menu_typo_line_height_tablet":0,"ocean_menu_typo_line_height_mobile":0,"ocean_menu_typo_line_height_unit":"","ocean_menu_typo_spacing":0,"ocean_menu_typo_spacing_tablet":0,"ocean_menu_typo_spacing_mobile":0,"ocean_menu_typo_spacing_unit":"","ocean_menu_link_color":"","ocean_menu_link_color_hover":"","ocean_menu_link_color_active":"","ocean_menu_link_background":"","ocean_menu_link_hover_background":"","ocean_menu_link_active_background":"","ocean_menu_social_links_bg":"","ocean_menu_social_hover_links_bg":"","ocean_menu_social_links_color":"","ocean_menu_social_hover_links_color":"","ocean_disable_title":"default","ocean_disable_heading":"default","ocean_post_title":"","ocean_post_subheading":"","ocean_post_title_style":"","ocean_post_title_background_color":"","ocean_post_title_background":0,"ocean_post_title_bg_image_position":"","ocean_post_title_bg_image_attachment":"","ocean_post_title_bg_image_repeat":"","ocean_post_title_bg_image_size":"","ocean_post_title_height":0,"ocean_post_title_bg_overlay":0.5,"ocean_post_title_bg_overlay_color":"","ocean_disable_breadcrumbs":"default","ocean_breadcrumbs_color":"","ocean_breadcrumbs_separator_color":"","ocean_breadcrumbs_links_color":"","ocean_breadcrumbs_links_hover_color":"","ocean_display_footer_widgets":"default","ocean_display_footer_bottom":"default","ocean_custom_footer_template":"0","osh_disable_topbar_sticky":"default","osh_disable_header_sticky":"default","osh_sticky_header_style":"default","osh_sticky_header_effect":"","osh_custom_sticky_logo":0,"osh_custom_retina_sticky_logo":0,"osh_custom_sticky_logo_height":0,"osh_background_color":"","osh_links_color":"","osh_links_hover_color":"","osh_links_active_color":"","osh_links_bg_color":"","osh_links_hover_bg_color":"","osh_links_active_bg_color":"","osh_menu_social_links_color":"","osh_menu_social_hover_links_color":""},"product_brand":[],"product_cat":[44,41],"product_tag":[274,99,273],"class_list":{"0":"post-3494","1":"product","2":"type-product","3":"status-publish","4":"has-post-thumbnail","6":"product_cat-progressive-grease-dividers","7":"product_cat-progressive-grease-systems","8":"product_tag-distribution-valve","9":"product_tag-progressive-distributor","10":"product_tag-progressive-lubrication","12":"entry","13":"has-media","15":"first","16":"instock","17":"shipping-taxable","18":"product-type-external","19":"col","20":"span_1_of_3","21":"owp-content-center","22":"owp-thumbs-layout-horizontal","23":"owp-btn-very-big","24":"owp-tabs-layout-horizontal"},"_links":{"self":[{"href":"https:\/\/www.jinpinlub.com\/fr\/wp-json\/wp\/v2\/product\/3494","targetHints":{"allow":["GET"]}}],"collection":[{"href":"https:\/\/www.jinpinlub.com\/fr\/wp-json\/wp\/v2\/product"}],"about":[{"href":"https:\/\/www.jinpinlub.com\/fr\/wp-json\/wp\/v2\/types\/product"}],"wp:featuredmedia":[{"embeddable":true,"href":"https:\/\/www.jinpinlub.com\/fr\/wp-json\/wp\/v2\/media\/3447"}],"wp:attachment":[{"href":"https:\/\/www.jinpinlub.com\/fr\/wp-json\/wp\/v2\/media?parent=3494"}],"wp:term":[{"taxonomy":"product_brand","embeddable":true,"href":"https:\/\/www.jinpinlub.com\/fr\/wp-json\/wp\/v2\/product_brand?post=3494"},{"taxonomy":"product_cat","embeddable":true,"href":"https:\/\/www.jinpinlub.com\/fr\/wp-json\/wp\/v2\/product_cat?post=3494"},{"taxonomy":"product_tag","embeddable":true,"href":"https:\/\/www.jinpinlub.com\/fr\/wp-json\/wp\/v2\/product_tag?post=3494"}],"curies":[{"name":"wp","href":"https:\/\/api.w.org\/{rel}","templated":true}]}}