{"id":3547,"date":"2024-08-30T08:05:08","date_gmt":"2024-08-30T00:05:08","guid":{"rendered":"https:\/\/www.jinpinlub.com\/?post_type=product&#038;p=3547"},"modified":"2025-06-06T19:50:18","modified_gmt":"2025-06-06T11:50:18","slug":"distributeur-de-graisse-progressif-a-6-sorties-16-pour-machine-jsvb","status":"publish","type":"product","link":"https:\/\/www.jinpinlub.com\/fr\/product\/jsvb-6-16-outlet-progressive-grease-distributor-for-machine\/","title":{"rendered":"Distributeur de graisse progressif JSVB 6-16 sorties pour machine"},"content":{"rendered":"<h2>Caract\u00e9ristiques<\/h2>\n<p>Haute pr\u00e9cision : le distributeur JINPIN JSVB contr\u00f4le avec une grande pr\u00e9cision la quantit\u00e9 de lubrifiant distribu\u00e9e, garantissant que chaque point de lubrification est lubrifi\u00e9 exactement correctement.<br \/>\nFiabilit\u00e9 : Le distributeur JSVB est fabriqu\u00e9 \u00e0 partir de mat\u00e9riaux de haute qualit\u00e9 pr\u00e9sentant une r\u00e9sistance \u00e9lev\u00e9e \u00e0 l&#039;usure et \u00e0 la corrosion et donc adapt\u00e9 \u00e0 de nombreuses conditions difficiles.<br \/>\nConception modulaire : une installation et une maintenance faciles peuvent \u00eatre effectu\u00e9es sur le distributeur JSVB, qui peut \u00e9galement \u00eatre ajust\u00e9 et \u00e9tendu de mani\u00e8re flexible en fonction des besoins.<br \/>\nFiabilit\u00e9 : le distributeur JSVB conserve une bonne \u00e9tanch\u00e9it\u00e9 pour \u00e9viter les fuites de lubrifiant.<\/p>\n<h2>Sp\u00e9cification<\/h2>\n<table>\n<tbody>\n<tr>\n<td>Principe de fonctionnement<\/td>\n<td>Appareils de mesure<\/td>\n<\/tr>\n<tr>\n<td>Nombre de points de vente<\/td>\n<td>6-16<\/td>\n<\/tr>\n<tr>\n<td>Quantit\u00e9 de mesure<\/td>\n<td>0,17 ml\/cycle<\/td>\n<\/tr>\n<tr>\n<td>Lubrifiant<\/td>\n<td>Graisse jusqu&#039;\u00e0 NLGI 2, huile 32-220cSt@40\u2103<\/td>\n<\/tr>\n<tr>\n<td>Temp\u00e9rature de fonctionnement<\/td>\n<td>\u201320 \u00e0 +80 \u00b0C<\/td>\n<\/tr>\n<tr>\n<td>Pression de service<\/td>\n<td>Max. 250 bar<\/td>\n<\/tr>\n<tr>\n<td>Mat\u00e9riel<\/td>\n<td>Galvanis\u00e9 noir<\/td>\n<\/tr>\n<tr>\n<td>Entr\u00e9e de connexion<\/td>\n<td>\u03a66(M10x1.0), \u03a68(M10x1.0)<\/td>\n<\/tr>\n<tr>\n<td>Prise de connexion<\/td>\n<td>\u03a66(M10x1.0), \u03a68(M10x1.0)<\/td>\n<\/tr>\n<tr>\n<td>Position de montage<\/td>\n<td>N&#039;importe lequel<\/td>\n<\/tr>\n<\/tbody>\n<\/table>\n<h2>Application<\/h2>\n<p>Machines et \u00e9quipements CNC : Les distributeurs progressifs JSVB sont utilis\u00e9s dans les syst\u00e8mes de lubrification de diverses machines-outils CNC pour assurer le fonctionnement efficace de l&#039;\u00e9quipement.<br \/>\nCh\u00e2ssis automobile : les distributeurs JSVB sont largement utilis\u00e9s dans les syst\u00e8mes de lubrification des ch\u00e2ssis des bus et autres v\u00e9hicules.<br \/>\n\u00c9quipement industriel : les distributeurs JSVB conviennent aux syst\u00e8mes de lubrification centralis\u00e9s de diverses machines et \u00e9quipements industriels pour am\u00e9liorer la dur\u00e9e de vie et l&#039;efficacit\u00e9 de fonctionnement de l&#039;\u00e9quipement.<\/p>\n<h2>Manuels<\/h2>\n<div class=\"sdm_download_button_box_default\"><div class=\"sdm_download_link\"><a href=\"https:\/\/www.jinpinlub.com\/fr\/?sdm_process_download=1&download_id=4290\" class=\"sdm_download white\" title=\"Priv\u00e9\u00a0: JSVB Progressive Distributor\" target=\"&quot;_blank&quot;\">View Datasheet - JSVB Distributor<\/a><\/div><\/div>","protected":false},"excerpt":{"rendered":"<p>Le distributeur JSV est un distributeur progressif pour syst\u00e8me de lubrification. Le nombre d&#039;orifices d&#039;alimentation en huile est divis\u00e9 en 6 \u00e0 16 et d&#039;autres sp\u00e9cifications. Les orifices d&#039;alimentation en huile peuvent \u00eatre \u00e9quip\u00e9s de connecteurs \u00e0 clapet anti-retour pour emp\u00eacher l&#039;huile \u00e9vacu\u00e9e de refluer.<\/p>","protected":false},"featured_media":3542,"template":"","meta":{"ocean_post_layout":"","ocean_both_sidebars_style":"","ocean_both_sidebars_content_width":0,"ocean_both_sidebars_sidebars_width":0,"ocean_sidebar":"0","ocean_second_sidebar":"0","ocean_disable_margins":"enable","ocean_add_body_class":"","ocean_shortcode_before_top_bar":"","ocean_shortcode_after_top_bar":"","ocean_shortcode_before_header":"","ocean_shortcode_after_header":"","ocean_has_shortcode":"","ocean_shortcode_after_title":"","ocean_shortcode_before_footer_widgets":"","ocean_shortcode_after_footer_widgets":"","ocean_shortcode_before_footer_bottom":"","ocean_shortcode_after_footer_bottom":"","ocean_display_top_bar":"default","ocean_display_header":"default","ocean_header_style":"","ocean_center_header_left_menu":"0","ocean_custom_header_template":"0","ocean_custom_logo":0,"ocean_custom_retina_logo":0,"ocean_custom_logo_max_width":0,"ocean_custom_logo_tablet_max_width":0,"ocean_custom_logo_mobile_max_width":0,"ocean_custom_logo_max_height":0,"ocean_custom_logo_tablet_max_height":0,"ocean_custom_logo_mobile_max_height":0,"ocean_header_custom_menu":"0","ocean_menu_typo_font_family":"0","ocean_menu_typo_font_subset":"","ocean_menu_typo_font_size":0,"ocean_menu_typo_font_size_tablet":0,"ocean_menu_typo_font_size_mobile":0,"ocean_menu_typo_font_size_unit":"px","ocean_menu_typo_font_weight":"","ocean_menu_typo_font_weight_tablet":"","ocean_menu_typo_font_weight_mobile":"","ocean_menu_typo_transform":"","ocean_menu_typo_transform_tablet":"","ocean_menu_typo_transform_mobile":"","ocean_menu_typo_line_height":0,"ocean_menu_typo_line_height_tablet":0,"ocean_menu_typo_line_height_mobile":0,"ocean_menu_typo_line_height_unit":"","ocean_menu_typo_spacing":0,"ocean_menu_typo_spacing_tablet":0,"ocean_menu_typo_spacing_mobile":0,"ocean_menu_typo_spacing_unit":"","ocean_menu_link_color":"","ocean_menu_link_color_hover":"","ocean_menu_link_color_active":"","ocean_menu_link_background":"","ocean_menu_link_hover_background":"","ocean_menu_link_active_background":"","ocean_menu_social_links_bg":"","ocean_menu_social_hover_links_bg":"","ocean_menu_social_links_color":"","ocean_menu_social_hover_links_color":"","ocean_disable_title":"default","ocean_disable_heading":"default","ocean_post_title":"","ocean_post_subheading":"","ocean_post_title_style":"","ocean_post_title_background_color":"","ocean_post_title_background":0,"ocean_post_title_bg_image_position":"","ocean_post_title_bg_image_attachment":"","ocean_post_title_bg_image_repeat":"","ocean_post_title_bg_image_size":"","ocean_post_title_height":0,"ocean_post_title_bg_overlay":0.5,"ocean_post_title_bg_overlay_color":"","ocean_disable_breadcrumbs":"default","ocean_breadcrumbs_color":"","ocean_breadcrumbs_separator_color":"","ocean_breadcrumbs_links_color":"","ocean_breadcrumbs_links_hover_color":"","ocean_display_footer_widgets":"default","ocean_display_footer_bottom":"default","ocean_custom_footer_template":"0","osh_disable_topbar_sticky":"default","osh_disable_header_sticky":"default","osh_sticky_header_style":"default","osh_sticky_header_effect":"","osh_custom_sticky_logo":0,"osh_custom_retina_sticky_logo":0,"osh_custom_sticky_logo_height":0,"osh_background_color":"","osh_links_color":"","osh_links_hover_color":"","osh_links_active_color":"","osh_links_bg_color":"","osh_links_hover_bg_color":"","osh_links_active_bg_color":"","osh_menu_social_links_color":"","osh_menu_social_hover_links_color":""},"product_brand":[],"product_cat":[44,41],"product_tag":[87,141,99],"class_list":{"0":"post-3547","1":"product","2":"type-product","3":"status-publish","4":"has-post-thumbnail","6":"product_cat-progressive-grease-dividers","7":"product_cat-progressive-grease-systems","8":"product_tag-grease-distributor","9":"product_tag-lubrication-distributor","10":"product_tag-progressive-distributor","12":"entry","13":"has-media","15":"first","16":"instock","17":"shipping-taxable","18":"product-type-external","19":"col","20":"span_1_of_3","21":"owp-content-center","22":"owp-thumbs-layout-horizontal","23":"owp-btn-very-big","24":"owp-tabs-layout-horizontal"},"_links":{"self":[{"href":"https:\/\/www.jinpinlub.com\/fr\/wp-json\/wp\/v2\/product\/3547","targetHints":{"allow":["GET"]}}],"collection":[{"href":"https:\/\/www.jinpinlub.com\/fr\/wp-json\/wp\/v2\/product"}],"about":[{"href":"https:\/\/www.jinpinlub.com\/fr\/wp-json\/wp\/v2\/types\/product"}],"wp:featuredmedia":[{"embeddable":true,"href":"https:\/\/www.jinpinlub.com\/fr\/wp-json\/wp\/v2\/media\/3542"}],"wp:attachment":[{"href":"https:\/\/www.jinpinlub.com\/fr\/wp-json\/wp\/v2\/media?parent=3547"}],"wp:term":[{"taxonomy":"product_brand","embeddable":true,"href":"https:\/\/www.jinpinlub.com\/fr\/wp-json\/wp\/v2\/product_brand?post=3547"},{"taxonomy":"product_cat","embeddable":true,"href":"https:\/\/www.jinpinlub.com\/fr\/wp-json\/wp\/v2\/product_cat?post=3547"},{"taxonomy":"product_tag","embeddable":true,"href":"https:\/\/www.jinpinlub.com\/fr\/wp-json\/wp\/v2\/product_tag?post=3547"}],"curies":[{"name":"wp","href":"https:\/\/api.w.org\/{rel}","templated":true}]}}