{"id":3550,"date":"2024-08-30T08:19:38","date_gmt":"2024-08-30T00:19:38","guid":{"rendered":"https:\/\/www.jinpinlub.com\/?post_type=product&#038;p=3550"},"modified":"2024-08-30T08:29:54","modified_gmt":"2024-08-30T00:29:54","slug":"lubrificateur-de-pompe-a-engrenages-a-huile-de-resistance-jdl1-pour-machines-outils","status":"publish","type":"product","link":"https:\/\/www.jinpinlub.com\/fr\/product\/jdl1-resistance-oil-gear-pump-lubricator-for-machine-tools\/","title":{"rendered":"Lubrificateur de pompe \u00e0 engrenages \u00e0 huile de r\u00e9sistance JDL1 pour machines-outils"},"content":{"rendered":"<h2>Caract\u00e9ristiques<\/h2>\n<p>Contr\u00f4le de la synchronisation : le lubrificateur JDL1-3 est livr\u00e9 avec une minuterie programmable, qui peut contr\u00f4ler avec pr\u00e9cision le temps de fonctionnement et l&#039;intervalle de temps de la pompe de lubrification pour garantir que l&#039;efficacit\u00e9 et la pr\u00e9cision sont r\u00e9alis\u00e9es pendant le processus de lubrification.<br \/>\nMulti-modes : Il existe deux modes de fonctionnement possibles avec ce graisseur : le mode de lubrification \u00e0 la mise sous tension et le mode de lubrification \u00e0 intervalle de mise sous tension.<br \/>\nSyst\u00e8me d&#039;alarme : \u00c0 l&#039;int\u00e9rieur du JLD1-3, il y a un interrupteur \u00e0 flotteur qui envoie l&#039;alarme automatiquement lorsque le niveau d&#039;huile est en dessous du rep\u00e8re et informe via un buzzer.<br \/>\nLubrification manuelle : le lubrificateur JDL1-3 est con\u00e7u avec un bouton de lubrification manuelle ; en cas d&#039;urgence, la lubrification peut \u00eatre effectu\u00e9e manuellement pour \u00e9viter la surcharge d&#039;un moteur.<br \/>\nSurveillance de la pression : \u00c9quip\u00e9 d&#039;un manom\u00e8tre, la pression de fonctionnement est facilement surveill\u00e9e pour garantir que l&#039;\u00e9quipement fonctionne dans les meilleures conditions.<br \/>\nProtection contre la surchauffe : la pompe arr\u00eate automatiquement le moteur en cas de surchauffe et red\u00e9marre pour fonctionner apr\u00e8s environ 5 minutes.<\/p>\n<h2>Sp\u00e9cification<\/h2>\n<table>\n<tbody>\n<tr>\n<td>Mod\u00e8le<\/td>\n<td>JDL1<\/td>\n<\/tr>\n<tr>\n<td>Temps de lubrification<\/td>\n<td>1 \u00e0 999 minutes<\/td>\n<\/tr>\n<tr>\n<td>Intervalle de temps<\/td>\n<td>1 \u00e0 999 minutes<\/td>\n<\/tr>\n<tr>\n<td>Temp\u00e9rature de fonctionnement<\/td>\n<td>0~+50\u00b0C<\/td>\n<\/tr>\n<tr>\n<td>Nombre de points de vente<\/td>\n<td>1<\/td>\n<\/tr>\n<tr>\n<td>Capacit\u00e9 du r\u00e9servoir<\/td>\n<td>2L, 3L, 4L (r\u00e9servoir en m\u00e9tal ou en r\u00e9sine), 8L (r\u00e9servoir en m\u00e9tal)<\/td>\n<\/tr>\n<tr>\n<td>Remplissage<\/td>\n<td>De haut en bas<\/td>\n<\/tr>\n<tr>\n<td>Lubrifiant<\/td>\n<td>32-68cSt \u00e0 40\u2103<\/td>\n<\/tr>\n<tr>\n<td>Puissance du moteur<\/td>\n<td>30 W<\/td>\n<\/tr>\n<tr>\n<td>D\u00e9charge<\/td>\n<td>150 ml\/min<\/td>\n<\/tr>\n<tr>\n<td>Pression de service max.<\/td>\n<td>1,5 MPa<\/td>\n<\/tr>\n<tr>\n<td>Fil de connexion<\/td>\n<td>Sortie \u03a66<\/td>\n<\/tr>\n<tr>\n<td>Tension de fonctionnement<\/td>\n<td>110 VCA, 220 VCA<\/td>\n<\/tr>\n<tr>\n<td>Certification<\/td>\n<td>CE<\/td>\n<\/tr>\n<tr>\n<td>Interrupteur de bas niveau<\/td>\n<td>Contact NC<\/td>\n<\/tr>\n<\/tbody>\n<\/table>\n<h2>Applications<\/h2>\n<p>Machines de traitement : le lubrificateur JDL1-3 peut \u00eatre utilis\u00e9 pour les syst\u00e8mes de lubrification tels que les machines-outils CNC, les fraiseuses, les tours, etc.<br \/>\nEngins d&#039;ing\u00e9nierie : JDL1-3 peut \u00eatre utilis\u00e9 pour la lubrification centralis\u00e9e comme les excavatrices et les bulldozers.<br \/>\n\u00c9quipement d&#039;automatisation : JDL1-3 peut \u00eatre utilis\u00e9 pour des \u00e9quipements tels que des cha\u00eenes de montage et des robots qui n\u00e9cessitent une lubrification \u00e0 l&#039;huile fine.<\/p>\n<h2>Manuels<\/h2>\n<div class=\"sdm_download_button_box_default\"><div class=\"sdm_download_link\"><a href=\"https:\/\/www.jinpinlub.com\/fr\/?sdm_process_download=1&download_id=3000\" class=\"sdm_download white\" title=\"Priv\u00e9\u00a0: JDL1 Resistance Pump\" target=\"&quot;_blank&quot;\">Voir la fiche technique - Pompe JDL1<\/a><\/div><\/div>","protected":false},"excerpt":{"rendered":"<p>Le lubrificateur \u00e0 moteur \u00e9lectrique de type \u00e0 r\u00e9sistance JDL1-3 est une pompe \u00e0 engrenages de lubrification \u00e0 huile fine tr\u00e8s efficace avec une minuterie programmable. Il est largement utilis\u00e9 dans divers \u00e9quipements m\u00e9caniques pour am\u00e9liorer l&#039;efficacit\u00e9 de fonctionnement de l&#039;\u00e9quipement et prolonger sa dur\u00e9e de vie.<\/p>","protected":false},"featured_media":3497,"template":"","meta":{"ocean_post_layout":"","ocean_both_sidebars_style":"","ocean_both_sidebars_content_width":0,"ocean_both_sidebars_sidebars_width":0,"ocean_sidebar":"0","ocean_second_sidebar":"0","ocean_disable_margins":"enable","ocean_add_body_class":"","ocean_shortcode_before_top_bar":"","ocean_shortcode_after_top_bar":"","ocean_shortcode_before_header":"","ocean_shortcode_after_header":"","ocean_has_shortcode":"","ocean_shortcode_after_title":"","ocean_shortcode_before_footer_widgets":"","ocean_shortcode_after_footer_widgets":"","ocean_shortcode_before_footer_bottom":"","ocean_shortcode_after_footer_bottom":"","ocean_display_top_bar":"default","ocean_display_header":"default","ocean_header_style":"","ocean_center_header_left_menu":"0","ocean_custom_header_template":"0","ocean_custom_logo":0,"ocean_custom_retina_logo":0,"ocean_custom_logo_max_width":0,"ocean_custom_logo_tablet_max_width":0,"ocean_custom_logo_mobile_max_width":0,"ocean_custom_logo_max_height":0,"ocean_custom_logo_tablet_max_height":0,"ocean_custom_logo_mobile_max_height":0,"ocean_header_custom_menu":"0","ocean_menu_typo_font_family":"0","ocean_menu_typo_font_subset":"","ocean_menu_typo_font_size":0,"ocean_menu_typo_font_size_tablet":0,"ocean_menu_typo_font_size_mobile":0,"ocean_menu_typo_font_size_unit":"px","ocean_menu_typo_font_weight":"","ocean_menu_typo_font_weight_tablet":"","ocean_menu_typo_font_weight_mobile":"","ocean_menu_typo_transform":"","ocean_menu_typo_transform_tablet":"","ocean_menu_typo_transform_mobile":"","ocean_menu_typo_line_height":0,"ocean_menu_typo_line_height_tablet":0,"ocean_menu_typo_line_height_mobile":0,"ocean_menu_typo_line_height_unit":"","ocean_menu_typo_spacing":0,"ocean_menu_typo_spacing_tablet":0,"ocean_menu_typo_spacing_mobile":0,"ocean_menu_typo_spacing_unit":"","ocean_menu_link_color":"","ocean_menu_link_color_hover":"","ocean_menu_link_color_active":"","ocean_menu_link_background":"","ocean_menu_link_hover_background":"","ocean_menu_link_active_background":"","ocean_menu_social_links_bg":"","ocean_menu_social_hover_links_bg":"","ocean_menu_social_links_color":"","ocean_menu_social_hover_links_color":"","ocean_disable_title":"default","ocean_disable_heading":"default","ocean_post_title":"","ocean_post_subheading":"","ocean_post_title_style":"","ocean_post_title_background_color":"","ocean_post_title_background":0,"ocean_post_title_bg_image_position":"","ocean_post_title_bg_image_attachment":"","ocean_post_title_bg_image_repeat":"","ocean_post_title_bg_image_size":"","ocean_post_title_height":0,"ocean_post_title_bg_overlay":0.5,"ocean_post_title_bg_overlay_color":"","ocean_disable_breadcrumbs":"default","ocean_breadcrumbs_color":"","ocean_breadcrumbs_separator_color":"","ocean_breadcrumbs_links_color":"","ocean_breadcrumbs_links_hover_color":"","ocean_display_footer_widgets":"default","ocean_display_footer_bottom":"default","ocean_custom_footer_template":"0","osh_disable_topbar_sticky":"default","osh_disable_header_sticky":"default","osh_sticky_header_style":"default","osh_sticky_header_effect":"","osh_custom_sticky_logo":0,"osh_custom_retina_sticky_logo":0,"osh_custom_sticky_logo_height":0,"osh_background_color":"","osh_links_color":"","osh_links_hover_color":"","osh_links_active_color":"","osh_links_bg_color":"","osh_links_hover_bg_color":"","osh_links_active_bg_color":"","osh_menu_social_links_color":"","osh_menu_social_hover_links_color":""},"product_brand":[],"product_cat":[51,50],"product_tag":[111,281,280],"class_list":{"0":"post-3550","1":"product","2":"type-product","3":"status-publish","4":"has-post-thumbnail","6":"product_cat-electric-resistance-pumps","7":"product_cat-resistance-thin-oil-systems","8":"product_tag-oil-lubrication-pump","9":"product_tag-thin-oil-gear-pump","10":"product_tag-thin-oil-lubricator","12":"entry","13":"has-media","15":"first","16":"instock","17":"shipping-taxable","18":"product-type-external","19":"col","20":"span_1_of_3","21":"owp-content-center","22":"owp-thumbs-layout-horizontal","23":"owp-btn-very-big","24":"owp-tabs-layout-horizontal"},"_links":{"self":[{"href":"https:\/\/www.jinpinlub.com\/fr\/wp-json\/wp\/v2\/product\/3550","targetHints":{"allow":["GET"]}}],"collection":[{"href":"https:\/\/www.jinpinlub.com\/fr\/wp-json\/wp\/v2\/product"}],"about":[{"href":"https:\/\/www.jinpinlub.com\/fr\/wp-json\/wp\/v2\/types\/product"}],"wp:featuredmedia":[{"embeddable":true,"href":"https:\/\/www.jinpinlub.com\/fr\/wp-json\/wp\/v2\/media\/3497"}],"wp:attachment":[{"href":"https:\/\/www.jinpinlub.com\/fr\/wp-json\/wp\/v2\/media?parent=3550"}],"wp:term":[{"taxonomy":"product_brand","embeddable":true,"href":"https:\/\/www.jinpinlub.com\/fr\/wp-json\/wp\/v2\/product_brand?post=3550"},{"taxonomy":"product_cat","embeddable":true,"href":"https:\/\/www.jinpinlub.com\/fr\/wp-json\/wp\/v2\/product_cat?post=3550"},{"taxonomy":"product_tag","embeddable":true,"href":"https:\/\/www.jinpinlub.com\/fr\/wp-json\/wp\/v2\/product_tag?post=3550"}],"curies":[{"name":"wp","href":"https:\/\/api.w.org\/{rel}","templated":true}]}}