{"id":3552,"date":"2024-08-30T08:30:56","date_gmt":"2024-08-30T00:30:56","guid":{"rendered":"https:\/\/www.jinpinlub.com\/?post_type=product&#038;p=3552"},"modified":"2024-08-30T08:32:55","modified_gmt":"2024-08-30T00:32:55","slug":"lubrificateur-automatique-plc-a-huile-pour-moteur-electrique-a-resistance-jdl2","status":"publish","type":"product","link":"https:\/\/www.jinpinlub.com\/fr\/product\/jdl2-resistance-electric-motor-oil-automatic-plc-lubricator\/","title":{"rendered":"Lubrificateur PLC automatique \u00e0 huile pour moteur \u00e9lectrique \u00e0 r\u00e9sistance JDL2"},"content":{"rendered":"<h2>Caract\u00e9ristiques<\/h2>\n<p>Contr\u00f4le PLC : Le lubrificateur de la s\u00e9rie JDL2 peut \u00eatre contr\u00f4l\u00e9 via PLC pour garantir l&#039;automatisation et la pr\u00e9cision de la lubrification. Pressostat : Il est facultatif, et en cas de pression anormale, un signal d&#039;alarme sera produit. Interrupteur \u00e0 flotteur : Avec un interrupteur \u00e0 flotteur, un signal d&#039;alarme sera automatiquement produit une fois que le niveau d&#039;huile sera en dessous de la marque. \u00c9liminateur d&#039;\u00e9tincelles : \u00c9quip\u00e9 d&#039;un \u00e9liminateur d&#039;\u00e9tincelles \u00e0 l&#039;int\u00e9rieur pour \u00e9viter les \u00e9tincelles lorsque le courant fonctionne. Bouton manuel : Ce lubrificateur JDL2 dispose d&#039;un bouton d&#039;alimentation en huile \u00e0 commande manuelle, qui force la lubrification \u00e0 ne pas d\u00e9passer trois minutes. Protection contre la temp\u00e9rature : Si la temp\u00e9rature atteint 100\u2103, il d\u00e9marrera le capteur et arr\u00eatera le fonctionnement du moteur pendant environ 5 minutes.<\/p>\n<h2>Sp\u00e9cification<\/h2>\n<table>\n<tbody>\n<tr>\n<td>Mod\u00e8le<\/td>\n<td>JDL2<\/td>\n<\/tr>\n<tr>\n<td>Minuteur<\/td>\n<td>Automate programmable<\/td>\n<\/tr>\n<tr>\n<td>Temp\u00e9rature de fonctionnement<\/td>\n<td>0~+50\u00b0C<\/td>\n<\/tr>\n<tr>\n<td>Nombre de points de vente<\/td>\n<td>1<\/td>\n<\/tr>\n<tr>\n<td>Capacit\u00e9 du r\u00e9servoir<\/td>\n<td>2L, 3L, 4L (r\u00e9servoir en m\u00e9tal ou en r\u00e9sine), 8L (r\u00e9servoir en m\u00e9tal)<\/td>\n<\/tr>\n<tr>\n<td>Remplissage<\/td>\n<td>De haut en bas<\/td>\n<\/tr>\n<tr>\n<td>Lubrifiant<\/td>\n<td>32-68cSt \u00e0 40\u2103<\/td>\n<\/tr>\n<tr>\n<td>Puissance du moteur<\/td>\n<td>30 W<\/td>\n<\/tr>\n<tr>\n<td>D\u00e9charge<\/td>\n<td>150 ml\/min<\/td>\n<\/tr>\n<tr>\n<td>Pression de service max.<\/td>\n<td>1,5 MPa<\/td>\n<\/tr>\n<tr>\n<td>Fil de connexion<\/td>\n<td>Sortie \u03a66<\/td>\n<\/tr>\n<tr>\n<td>Tension de fonctionnement<\/td>\n<td>110 VCA, 220 VCA<\/td>\n<\/tr>\n<tr>\n<td>Certification<\/td>\n<td>CE<\/td>\n<\/tr>\n<tr>\n<td>Position de montage<\/td>\n<td>Droit<\/td>\n<\/tr>\n<\/tbody>\n<\/table>\n<h2>Applications<\/h2>\n<p>Machine-outil de pr\u00e9cision : le lubrificateur JDL2 est largement utilis\u00e9 dans les machines-outils CNC. Il peut assurer la lubrification pr\u00e9cise des pi\u00e8ces de pr\u00e9cision. Ligne de production automatique : appliqu\u00e9 \u00e0 une ligne de production automatique et contr\u00f4l\u00e9 par PLC pour r\u00e9aliser la lubrification automatis\u00e9e. Machine de traitement : pour de nombreux types de machines de traitement, y compris les fraiseuses, les tours et les perceuses, fournir une lubrification stable. Machine d&#039;impression : une lubrification continue peut \u00eatre fournie pour une machine d&#039;impression par un lubrificateur JDL2.<\/p>\n<h2>Manuels<\/h2>\n<div class=\"sdm_download_button_box_default\"><div class=\"sdm_download_link\"><a href=\"https:\/\/www.jinpinlub.com\/fr\/?sdm_process_download=1&download_id=3010\" class=\"sdm_download white\" title=\"Priv\u00e9\u00a0: JDL2 Resistance Pump\" target=\"&quot;_blank&quot;\">Voir la fiche technique - Pompe JDL2<\/a><\/div><\/div>","protected":false},"excerpt":{"rendered":"<p>Le lubrificateur \u00e9lectrique \u00e0 huile de type r\u00e9sistance Jinpinlub JDL2 est un \u00e9quipement de lubrification tr\u00e8s efficace adapt\u00e9 \u00e0 diverses applications industrielles. Il est entra\u00een\u00e9 par une pompe \u00e0 engrenages d&#039;un moteur \u00e9lectrique et dispose d&#039;une protection de contr\u00f4le de pression et de temp\u00e9rature, qui est stable et durable.<\/p>","protected":false},"featured_media":3505,"template":"","meta":{"ocean_post_layout":"","ocean_both_sidebars_style":"","ocean_both_sidebars_content_width":0,"ocean_both_sidebars_sidebars_width":0,"ocean_sidebar":"0","ocean_second_sidebar":"0","ocean_disable_margins":"enable","ocean_add_body_class":"","ocean_shortcode_before_top_bar":"","ocean_shortcode_after_top_bar":"","ocean_shortcode_before_header":"","ocean_shortcode_after_header":"","ocean_has_shortcode":"","ocean_shortcode_after_title":"","ocean_shortcode_before_footer_widgets":"","ocean_shortcode_after_footer_widgets":"","ocean_shortcode_before_footer_bottom":"","ocean_shortcode_after_footer_bottom":"","ocean_display_top_bar":"default","ocean_display_header":"default","ocean_header_style":"","ocean_center_header_left_menu":"0","ocean_custom_header_template":"0","ocean_custom_logo":0,"ocean_custom_retina_logo":0,"ocean_custom_logo_max_width":0,"ocean_custom_logo_tablet_max_width":0,"ocean_custom_logo_mobile_max_width":0,"ocean_custom_logo_max_height":0,"ocean_custom_logo_tablet_max_height":0,"ocean_custom_logo_mobile_max_height":0,"ocean_header_custom_menu":"0","ocean_menu_typo_font_family":"0","ocean_menu_typo_font_subset":"","ocean_menu_typo_font_size":0,"ocean_menu_typo_font_size_tablet":0,"ocean_menu_typo_font_size_mobile":0,"ocean_menu_typo_font_size_unit":"px","ocean_menu_typo_font_weight":"","ocean_menu_typo_font_weight_tablet":"","ocean_menu_typo_font_weight_mobile":"","ocean_menu_typo_transform":"","ocean_menu_typo_transform_tablet":"","ocean_menu_typo_transform_mobile":"","ocean_menu_typo_line_height":0,"ocean_menu_typo_line_height_tablet":0,"ocean_menu_typo_line_height_mobile":0,"ocean_menu_typo_line_height_unit":"","ocean_menu_typo_spacing":0,"ocean_menu_typo_spacing_tablet":0,"ocean_menu_typo_spacing_mobile":0,"ocean_menu_typo_spacing_unit":"","ocean_menu_link_color":"","ocean_menu_link_color_hover":"","ocean_menu_link_color_active":"","ocean_menu_link_background":"","ocean_menu_link_hover_background":"","ocean_menu_link_active_background":"","ocean_menu_social_links_bg":"","ocean_menu_social_hover_links_bg":"","ocean_menu_social_links_color":"","ocean_menu_social_hover_links_color":"","ocean_disable_title":"default","ocean_disable_heading":"default","ocean_post_title":"","ocean_post_subheading":"","ocean_post_title_style":"","ocean_post_title_background_color":"","ocean_post_title_background":0,"ocean_post_title_bg_image_position":"","ocean_post_title_bg_image_attachment":"","ocean_post_title_bg_image_repeat":"","ocean_post_title_bg_image_size":"","ocean_post_title_height":0,"ocean_post_title_bg_overlay":0.5,"ocean_post_title_bg_overlay_color":"","ocean_disable_breadcrumbs":"default","ocean_breadcrumbs_color":"","ocean_breadcrumbs_separator_color":"","ocean_breadcrumbs_links_color":"","ocean_breadcrumbs_links_hover_color":"","ocean_display_footer_widgets":"default","ocean_display_footer_bottom":"default","ocean_custom_footer_template":"0","osh_disable_topbar_sticky":"default","osh_disable_header_sticky":"default","osh_sticky_header_style":"default","osh_sticky_header_effect":"","osh_custom_sticky_logo":0,"osh_custom_retina_sticky_logo":0,"osh_custom_sticky_logo_height":0,"osh_background_color":"","osh_links_color":"","osh_links_hover_color":"","osh_links_active_color":"","osh_links_bg_color":"","osh_links_hover_bg_color":"","osh_links_active_bg_color":"","osh_menu_social_links_color":"","osh_menu_social_hover_links_color":""},"product_brand":[],"product_cat":[51,50],"product_tag":[283,282,111],"class_list":{"0":"post-3552","1":"product","2":"type-product","3":"status-publish","4":"has-post-thumbnail","6":"product_cat-electric-resistance-pumps","7":"product_cat-resistance-thin-oil-systems","8":"product_tag-electric-lubricator","9":"product_tag-gear-lubricator","10":"product_tag-oil-lubrication-pump","12":"entry","13":"has-media","15":"first","16":"instock","17":"shipping-taxable","18":"product-type-external","19":"col","20":"span_1_of_3","21":"owp-content-center","22":"owp-thumbs-layout-horizontal","23":"owp-btn-very-big","24":"owp-tabs-layout-horizontal"},"_links":{"self":[{"href":"https:\/\/www.jinpinlub.com\/fr\/wp-json\/wp\/v2\/product\/3552","targetHints":{"allow":["GET"]}}],"collection":[{"href":"https:\/\/www.jinpinlub.com\/fr\/wp-json\/wp\/v2\/product"}],"about":[{"href":"https:\/\/www.jinpinlub.com\/fr\/wp-json\/wp\/v2\/types\/product"}],"wp:featuredmedia":[{"embeddable":true,"href":"https:\/\/www.jinpinlub.com\/fr\/wp-json\/wp\/v2\/media\/3505"}],"wp:attachment":[{"href":"https:\/\/www.jinpinlub.com\/fr\/wp-json\/wp\/v2\/media?parent=3552"}],"wp:term":[{"taxonomy":"product_brand","embeddable":true,"href":"https:\/\/www.jinpinlub.com\/fr\/wp-json\/wp\/v2\/product_brand?post=3552"},{"taxonomy":"product_cat","embeddable":true,"href":"https:\/\/www.jinpinlub.com\/fr\/wp-json\/wp\/v2\/product_cat?post=3552"},{"taxonomy":"product_tag","embeddable":true,"href":"https:\/\/www.jinpinlub.com\/fr\/wp-json\/wp\/v2\/product_tag?post=3552"}],"curies":[{"name":"wp","href":"https:\/\/api.w.org\/{rel}","templated":true}]}}