{"id":3555,"date":"2024-08-30T08:36:58","date_gmt":"2024-08-30T00:36:58","guid":{"rendered":"https:\/\/www.jinpinlub.com\/?post_type=product&#038;p=3555"},"modified":"2024-08-30T08:49:52","modified_gmt":"2024-08-30T00:49:52","slug":"pompe-a-engrenages-a-huile-fine-jdl4-pour-systeme-de-lubrification-volumetrique","status":"publish","type":"product","link":"https:\/\/www.jinpinlub.com\/fr\/product\/jdl4-thin-oil-gear-pump-for-volumetric-lubrication-system\/","title":{"rendered":"Pompe \u00e0 engrenages \u00e0 huile fine JDL4 pour syst\u00e8me de lubrification volum\u00e9trique"},"content":{"rendered":"<h2>Caract\u00e9ristiques<\/h2>\n<p><span id=\"input-sentence~0\">Contr\u00f4le PLC : la pompe de lubrification JDL4 est contr\u00f4l\u00e9e par le PLC de l&#039;h\u00f4te. Il peut r\u00e9gler avec pr\u00e9cision le temps de fonctionnement et le temps intermittent pour garantir la pr\u00e9cision et la coh\u00e9rence de la lubrification.<br \/>\nProtection de s\u00e9curit\u00e9 : \u00e9quip\u00e9 d&#039;une soupape de s\u00e9curit\u00e9 et d&#039;un dispositif de protection contre les surcharges, il peut emp\u00eacher la surcharge de la pression de travail de la pompe de lubrification.<\/span><span id=\"input-sentence~1\"><br \/>\nAlarme de niveau d&#039;huile bas : la s\u00e9rie de pompes JDL4 dispose d&#039;une fonction de sortie de signal d&#039;alarme de niveau d&#039;huile de lubrification bas pour rappeler aux utilisateurs d&#039;ajouter de l&#039;huile de lubrification \u00e0 temps.<br \/>\nOption de tension : il peut choisir diff\u00e9rentes tensions. Il est disponible dans diff\u00e9rentes configurations, selon les besoins, comme 110VAC ou 220VAC, afin de pouvoir fonctionner efficacement dans un environnement de travail.<\/span><\/p>\n<h2>Sp\u00e9cification<\/h2>\n<table>\n<tbody>\n<tr>\n<td>Minuteur<\/td>\n<td>Automate programmable<\/td>\n<\/tr>\n<tr>\n<td>Temp\u00e9rature de fonctionnement<\/td>\n<td>0~+50\u00b0C<\/td>\n<\/tr>\n<tr>\n<td>Nombre de points de vente<\/td>\n<td>1<\/td>\n<\/tr>\n<tr>\n<td>Capacit\u00e9 du r\u00e9servoir<\/td>\n<td>2L, 3L, 4L (r\u00e9servoir en m\u00e9tal ou en r\u00e9sine), 8L (r\u00e9servoir en m\u00e9tal)<\/td>\n<\/tr>\n<tr>\n<td>Remplissage<\/td>\n<td>De haut en bas<\/td>\n<\/tr>\n<tr>\n<td>Lubrifiant<\/td>\n<td>32-68cSt \u00e0 40\u2103<\/td>\n<\/tr>\n<tr>\n<td>Classe de protection<\/td>\n<td>IP54<\/td>\n<\/tr>\n<tr>\n<td>D\u00e9charge<\/td>\n<td>150 ml\/min<\/td>\n<\/tr>\n<tr>\n<td>Pression de service max.<\/td>\n<td>1,8 MPa<\/td>\n<\/tr>\n<tr>\n<td>Fil de connexion<\/td>\n<td>Sortie \u03a66<\/td>\n<\/tr>\n<tr>\n<td>Tension de fonctionnement<\/td>\n<td>110 VCA, 220 VCA<\/td>\n<\/tr>\n<tr>\n<td>Certification<\/td>\n<td>CE<\/td>\n<\/tr>\n<tr>\n<td>Position de montage<\/td>\n<td>Droit<\/td>\n<\/tr>\n<\/tbody>\n<\/table>\n<h2>Applications<\/h2>\n<p><span id=\"input-sentence~0\">V\u00e9rifiez le niveau d&#039;huile : Le niveau d&#039;huile du r\u00e9servoir d&#039;huile de la pompe de lubrification doit \u00eatre dans la plage d&#039;\u00e9chelle normale.<br \/>\nNettoyer le r\u00e9servoir d\u2019huile : Le r\u00e9servoir de la pompe de lubrification n\u00e9cessite un lavage r\u00e9gulier pour \u00e9viter l\u2019accumulation d\u2019impuret\u00e9s ou de s\u00e9diments.<\/span><span id=\"input-sentence~1\"><br \/>\nV\u00e9rifiez la canalisation : La canalisation du syst\u00e8me de lubrification doit \u00eatre v\u00e9rifi\u00e9e pour d\u00e9tecter toute fuite ou tout blocage.<br \/>\nRemplacement de l&#039;\u00e9l\u00e9ment filtrant : Les \u00e9l\u00e9ments filtrants doivent \u00eatre remplac\u00e9s en fonction des conditions d&#039;utilisation afin que l&#039;huile de lubrification soit toujours propre.<br \/>\nV\u00e9rifiez que la pompe de lubrification est connect\u00e9e \u00e9lectriquement et non desserr\u00e9e.<br \/>\nDispositifs de s\u00e9curit\u00e9 : v\u00e9rifier r\u00e9guli\u00e8rement la soupape de s\u00e9curit\u00e9 et le dispositif de protection contre les surcharges.<\/span><\/p>\n<h2>Manuels<\/h2>\n<div class=\"sdm_download_button_box_default\"><div class=\"sdm_download_link\"><a href=\"https:\/\/www.jinpinlub.com\/fr\/?sdm_process_download=1&download_id=2466\" class=\"sdm_download white\" title=\"Priv\u00e9\u00a0: JDL4 Volumetric Pump\" target=\"&quot;_blank&quot;\">Voir la fiche technique - Pompe JDL4<\/a><\/div><\/div>","protected":false},"excerpt":{"rendered":"<p>JDL4 est une pompe de lubrification \u00e0 huile pour engrenages entra\u00een\u00e9e par un moteur \u00e9lectrique. Le temps de lubrification et l&#039;intervalle de temps de cette pompe de lubrification automatique sont contr\u00f4l\u00e9s par le PLC de l&#039;h\u00f4te de la machine. Il s&#039;agit d&#039;une pompe d&#039;injection \u00e0 d\u00e9placement positif et doit \u00eatre utilis\u00e9e avec un injecteur volum\u00e9trique.<\/p>","protected":false},"featured_media":3521,"template":"","meta":{"ocean_post_layout":"","ocean_both_sidebars_style":"","ocean_both_sidebars_content_width":0,"ocean_both_sidebars_sidebars_width":0,"ocean_sidebar":"0","ocean_second_sidebar":"0","ocean_disable_margins":"enable","ocean_add_body_class":"","ocean_shortcode_before_top_bar":"","ocean_shortcode_after_top_bar":"","ocean_shortcode_before_header":"","ocean_shortcode_after_header":"","ocean_has_shortcode":"","ocean_shortcode_after_title":"","ocean_shortcode_before_footer_widgets":"","ocean_shortcode_after_footer_widgets":"","ocean_shortcode_before_footer_bottom":"","ocean_shortcode_after_footer_bottom":"","ocean_display_top_bar":"default","ocean_display_header":"default","ocean_header_style":"","ocean_center_header_left_menu":"0","ocean_custom_header_template":"0","ocean_custom_logo":0,"ocean_custom_retina_logo":0,"ocean_custom_logo_max_width":0,"ocean_custom_logo_tablet_max_width":0,"ocean_custom_logo_mobile_max_width":0,"ocean_custom_logo_max_height":0,"ocean_custom_logo_tablet_max_height":0,"ocean_custom_logo_mobile_max_height":0,"ocean_header_custom_menu":"0","ocean_menu_typo_font_family":"0","ocean_menu_typo_font_subset":"","ocean_menu_typo_font_size":0,"ocean_menu_typo_font_size_tablet":0,"ocean_menu_typo_font_size_mobile":0,"ocean_menu_typo_font_size_unit":"px","ocean_menu_typo_font_weight":"","ocean_menu_typo_font_weight_tablet":"","ocean_menu_typo_font_weight_mobile":"","ocean_menu_typo_transform":"","ocean_menu_typo_transform_tablet":"","ocean_menu_typo_transform_mobile":"","ocean_menu_typo_line_height":0,"ocean_menu_typo_line_height_tablet":0,"ocean_menu_typo_line_height_mobile":0,"ocean_menu_typo_line_height_unit":"","ocean_menu_typo_spacing":0,"ocean_menu_typo_spacing_tablet":0,"ocean_menu_typo_spacing_mobile":0,"ocean_menu_typo_spacing_unit":"","ocean_menu_link_color":"","ocean_menu_link_color_hover":"","ocean_menu_link_color_active":"","ocean_menu_link_background":"","ocean_menu_link_hover_background":"","ocean_menu_link_active_background":"","ocean_menu_social_links_bg":"","ocean_menu_social_hover_links_bg":"","ocean_menu_social_links_color":"","ocean_menu_social_hover_links_color":"","ocean_disable_title":"default","ocean_disable_heading":"default","ocean_post_title":"","ocean_post_subheading":"","ocean_post_title_style":"","ocean_post_title_background_color":"","ocean_post_title_background":0,"ocean_post_title_bg_image_position":"","ocean_post_title_bg_image_attachment":"","ocean_post_title_bg_image_repeat":"","ocean_post_title_bg_image_size":"","ocean_post_title_height":0,"ocean_post_title_bg_overlay":0.5,"ocean_post_title_bg_overlay_color":"","ocean_disable_breadcrumbs":"default","ocean_breadcrumbs_color":"","ocean_breadcrumbs_separator_color":"","ocean_breadcrumbs_links_color":"","ocean_breadcrumbs_links_hover_color":"","ocean_display_footer_widgets":"default","ocean_display_footer_bottom":"default","ocean_custom_footer_template":"0","osh_disable_topbar_sticky":"default","osh_disable_header_sticky":"default","osh_sticky_header_style":"default","osh_sticky_header_effect":"","osh_custom_sticky_logo":0,"osh_custom_retina_sticky_logo":0,"osh_custom_sticky_logo_height":0,"osh_background_color":"","osh_links_color":"","osh_links_hover_color":"","osh_links_active_color":"","osh_links_bg_color":"","osh_links_hover_bg_color":"","osh_links_active_bg_color":"","osh_menu_social_links_color":"","osh_menu_social_hover_links_color":""},"product_brand":[],"product_cat":[48,47],"product_tag":[111,114,287],"class_list":{"0":"post-3555","1":"product","2":"type-product","3":"status-publish","4":"has-post-thumbnail","6":"product_cat-electric-volumetric-pumps","7":"product_cat-volumetric-thin-oil-systems","8":"product_tag-oil-lubrication-pump","9":"product_tag-oil-lubrication-system","10":"product_tag-pressure-relief-oil-pump","12":"entry","13":"has-media","15":"first","16":"instock","17":"shipping-taxable","18":"product-type-external","19":"col","20":"span_1_of_3","21":"owp-content-center","22":"owp-thumbs-layout-horizontal","23":"owp-btn-very-big","24":"owp-tabs-layout-horizontal"},"_links":{"self":[{"href":"https:\/\/www.jinpinlub.com\/fr\/wp-json\/wp\/v2\/product\/3555","targetHints":{"allow":["GET"]}}],"collection":[{"href":"https:\/\/www.jinpinlub.com\/fr\/wp-json\/wp\/v2\/product"}],"about":[{"href":"https:\/\/www.jinpinlub.com\/fr\/wp-json\/wp\/v2\/types\/product"}],"wp:featuredmedia":[{"embeddable":true,"href":"https:\/\/www.jinpinlub.com\/fr\/wp-json\/wp\/v2\/media\/3521"}],"wp:attachment":[{"href":"https:\/\/www.jinpinlub.com\/fr\/wp-json\/wp\/v2\/media?parent=3555"}],"wp:term":[{"taxonomy":"product_brand","embeddable":true,"href":"https:\/\/www.jinpinlub.com\/fr\/wp-json\/wp\/v2\/product_brand?post=3555"},{"taxonomy":"product_cat","embeddable":true,"href":"https:\/\/www.jinpinlub.com\/fr\/wp-json\/wp\/v2\/product_cat?post=3555"},{"taxonomy":"product_tag","embeddable":true,"href":"https:\/\/www.jinpinlub.com\/fr\/wp-json\/wp\/v2\/product_tag?post=3555"}],"curies":[{"name":"wp","href":"https:\/\/api.w.org\/{rel}","templated":true}]}}