{"id":3556,"date":"2024-08-30T08:42:52","date_gmt":"2024-08-30T00:42:52","guid":{"rendered":"https:\/\/www.jinpinlub.com\/?post_type=product&#038;p=3556"},"modified":"2024-08-30T08:44:59","modified_gmt":"2024-08-30T00:44:59","slug":"pompe-de-lubrification-electrique-a-4-resistances-jdl1-avec-minuterie","status":"publish","type":"product","link":"https:\/\/www.jinpinlub.com\/fr\/product\/jdl1-4-resistance-electric-oil-lubrication-pump-with-timer\/","title":{"rendered":"Pompe de lubrification \u00e9lectrique \u00e0 r\u00e9sistance JDL1-4 avec minuterie"},"content":{"rendered":"<h2>Caract\u00e9ristiques<\/h2>\n<p><span id=\"input-sentence~0\">Affichage num\u00e9rique : la pompe de lubrification JDL1-4 dispose d&#039;une commande int\u00e9gr\u00e9e, offrant une fonction de r\u00e9glage du temps de lubrification et de l&#039;intervalle de temps facile \u00e0 utiliser.<br \/>\nHaute efficacit\u00e9 : la pompe de lubrification adopte une pompe \u00e0 engrenages en acier alli\u00e9 sp\u00e9cial, qui pr\u00e9sente de bonnes performances d&#039;auto-amor\u00e7age et un d\u00e9bit volumique \u00e9lev\u00e9.<br \/>\nOptions multiples : la pompe de lubrification JDL1-4 peut \u00eatre \u00e9quip\u00e9e d&#039;un module de synchronisation double avec affichage num\u00e9rique et fonctionnement \u00e0 cl\u00e9.<\/span><span id=\"input-sentence~1\"><br \/>\nConfiguration flexible : la pompe de lubrification peut \u00eatre personnalis\u00e9e selon les besoins du client, \u00e9quip\u00e9e d&#039;un pressostat et d&#039;un interrupteur de niveau de liquide pour r\u00e9aliser la d\u00e9tection de la pression du syst\u00e8me et du niveau d&#039;huile.<br \/>\nFonction d&#039;automatisation : la pompe de lubrification JDL1-4 int\u00e8gre automatiquement les fonctions intermittentes, de fonctionnement et d&#039;alarme.<\/span><\/p>\n<h2>Sp\u00e9cification<\/h2>\n<table>\n<tbody>\n<tr>\n<td>Mod\u00e8le<\/td>\n<td>JDL1<\/td>\n<\/tr>\n<tr>\n<td>Temps de lubrification<\/td>\n<td>1 \u00e0 999 minutes<\/td>\n<\/tr>\n<tr>\n<td>Intervalle de temps<\/td>\n<td>1 \u00e0 999 minutes<\/td>\n<\/tr>\n<tr>\n<td>Temp\u00e9rature de fonctionnement<\/td>\n<td>0~+50\u00b0C<\/td>\n<\/tr>\n<tr>\n<td>Nombre de points de vente<\/td>\n<td>1<\/td>\n<\/tr>\n<tr>\n<td>Capacit\u00e9 du r\u00e9servoir<\/td>\n<td>2L, 3L, 4L (r\u00e9servoir en m\u00e9tal ou en r\u00e9sine), 8L (r\u00e9servoir en m\u00e9tal)<\/td>\n<\/tr>\n<tr>\n<td>Remplissage<\/td>\n<td>De haut en bas<\/td>\n<\/tr>\n<tr>\n<td>Lubrifiant<\/td>\n<td>32-68cSt \u00e0 40\u2103<\/td>\n<\/tr>\n<tr>\n<td>Puissance du moteur<\/td>\n<td>30 W<\/td>\n<\/tr>\n<tr>\n<td>D\u00e9charge<\/td>\n<td>150 ml\/min<\/td>\n<\/tr>\n<tr>\n<td>Pression de service max.<\/td>\n<td>1,5 MPa<\/td>\n<\/tr>\n<tr>\n<td>Fil de connexion<\/td>\n<td>Sortie \u03a66<\/td>\n<\/tr>\n<tr>\n<td>Tension de fonctionnement<\/td>\n<td>110 VCA, 220 VCA<\/td>\n<\/tr>\n<tr>\n<td>Certification<\/td>\n<td>CE<\/td>\n<\/tr>\n<tr>\n<td>Interrupteur de bas niveau<\/td>\n<td>Contact NC<\/td>\n<\/tr>\n<\/tbody>\n<\/table>\n<h2>Applications<\/h2>\n<p>Fran\u00e7ais : Machines-outils : La pompe de lubrification de la s\u00e9rie JDL1-4 est appliqu\u00e9e \u00e0 tous les types d&#039;\u00e9quipements de machines-outils pour faire fonctionner efficacement le syst\u00e8me de lubrification. Machines en plastique : Les machines de traitement du plastique seront \u00e9quip\u00e9es de la pompe de lubrification JDL1-4 pour obtenir une lubrification stable. Machines textiles : Les pompes de lubrification JDL1-4 sont adapt\u00e9es pour fonctionner sur des machines textiles pour un bon fonctionnement des machines. Escalators et bandes transporteuses : Des exemples d&#039;applications de lubrification incluent la pompe de lubrification pour les syst\u00e8mes d&#039;escaliers m\u00e9caniques et les syst\u00e8mes d&#039;entra\u00eenement de bandes transporteuses.<\/p>\n<h2>Manuels<\/h2>\n<div class=\"sdm_download_button_box_default\"><div class=\"sdm_download_link\"><a href=\"https:\/\/www.jinpinlub.com\/fr\/?sdm_process_download=1&download_id=3000\" class=\"sdm_download white\" title=\"Priv\u00e9\u00a0: JDL1 Resistance Pump\" target=\"&quot;_blank&quot;\">Voir la fiche technique - Pompe JDL1<\/a><\/div><\/div>","protected":false},"excerpt":{"rendered":"<p>La pompe de lubrification \u00e0 huile moteur \u00e0 r\u00e9sistance JDL1-4 est compos\u00e9e d&#039;une pompe \u00e0 engrenages, d&#039;un filtre \u00e0 huile, d&#039;un corps d&#039;accouplement, d&#039;une canalisation, d&#039;un distributeur de r\u00e9sistance et d&#039;un adaptateur de tube d&#039;huile, etc. Sa pression de fonctionnement est de 0,1 \u00e0 1,5 MPa, la structure est relativement simple et aucun m\u00e9canisme de d\u00e9chargement.<\/p>","protected":false},"featured_media":3501,"template":"","meta":{"ocean_post_layout":"","ocean_both_sidebars_style":"","ocean_both_sidebars_content_width":0,"ocean_both_sidebars_sidebars_width":0,"ocean_sidebar":"0","ocean_second_sidebar":"0","ocean_disable_margins":"enable","ocean_add_body_class":"","ocean_shortcode_before_top_bar":"","ocean_shortcode_after_top_bar":"","ocean_shortcode_before_header":"","ocean_shortcode_after_header":"","ocean_has_shortcode":"","ocean_shortcode_after_title":"","ocean_shortcode_before_footer_widgets":"","ocean_shortcode_after_footer_widgets":"","ocean_shortcode_before_footer_bottom":"","ocean_shortcode_after_footer_bottom":"","ocean_display_top_bar":"default","ocean_display_header":"default","ocean_header_style":"","ocean_center_header_left_menu":"0","ocean_custom_header_template":"0","ocean_custom_logo":0,"ocean_custom_retina_logo":0,"ocean_custom_logo_max_width":0,"ocean_custom_logo_tablet_max_width":0,"ocean_custom_logo_mobile_max_width":0,"ocean_custom_logo_max_height":0,"ocean_custom_logo_tablet_max_height":0,"ocean_custom_logo_mobile_max_height":0,"ocean_header_custom_menu":"0","ocean_menu_typo_font_family":"0","ocean_menu_typo_font_subset":"","ocean_menu_typo_font_size":0,"ocean_menu_typo_font_size_tablet":0,"ocean_menu_typo_font_size_mobile":0,"ocean_menu_typo_font_size_unit":"px","ocean_menu_typo_font_weight":"","ocean_menu_typo_font_weight_tablet":"","ocean_menu_typo_font_weight_mobile":"","ocean_menu_typo_transform":"","ocean_menu_typo_transform_tablet":"","ocean_menu_typo_transform_mobile":"","ocean_menu_typo_line_height":0,"ocean_menu_typo_line_height_tablet":0,"ocean_menu_typo_line_height_mobile":0,"ocean_menu_typo_line_height_unit":"","ocean_menu_typo_spacing":0,"ocean_menu_typo_spacing_tablet":0,"ocean_menu_typo_spacing_mobile":0,"ocean_menu_typo_spacing_unit":"","ocean_menu_link_color":"","ocean_menu_link_color_hover":"","ocean_menu_link_color_active":"","ocean_menu_link_background":"","ocean_menu_link_hover_background":"","ocean_menu_link_active_background":"","ocean_menu_social_links_bg":"","ocean_menu_social_hover_links_bg":"","ocean_menu_social_links_color":"","ocean_menu_social_hover_links_color":"","ocean_disable_title":"default","ocean_disable_heading":"default","ocean_post_title":"","ocean_post_subheading":"","ocean_post_title_style":"","ocean_post_title_background_color":"","ocean_post_title_background":0,"ocean_post_title_bg_image_position":"","ocean_post_title_bg_image_attachment":"","ocean_post_title_bg_image_repeat":"","ocean_post_title_bg_image_size":"","ocean_post_title_height":0,"ocean_post_title_bg_overlay":0.5,"ocean_post_title_bg_overlay_color":"","ocean_disable_breadcrumbs":"default","ocean_breadcrumbs_color":"","ocean_breadcrumbs_separator_color":"","ocean_breadcrumbs_links_color":"","ocean_breadcrumbs_links_hover_color":"","ocean_display_footer_widgets":"default","ocean_display_footer_bottom":"default","ocean_custom_footer_template":"0","osh_disable_topbar_sticky":"default","osh_disable_header_sticky":"default","osh_sticky_header_style":"default","osh_sticky_header_effect":"","osh_custom_sticky_logo":0,"osh_custom_retina_sticky_logo":0,"osh_custom_sticky_logo_height":0,"osh_background_color":"","osh_links_color":"","osh_links_hover_color":"","osh_links_active_color":"","osh_links_bg_color":"","osh_links_hover_bg_color":"","osh_links_active_bg_color":"","osh_menu_social_links_color":"","osh_menu_social_hover_links_color":""},"product_brand":[],"product_cat":[51,50],"product_tag":[283,114,108],"class_list":{"0":"post-3556","1":"product","2":"type-product","3":"status-publish","4":"has-post-thumbnail","6":"product_cat-electric-resistance-pumps","7":"product_cat-resistance-thin-oil-systems","8":"product_tag-electric-lubricator","9":"product_tag-oil-lubrication-system","10":"product_tag-resistance-lubrication-pump","12":"entry","13":"has-media","15":"first","16":"instock","17":"shipping-taxable","18":"product-type-external","19":"col","20":"span_1_of_3","21":"owp-content-center","22":"owp-thumbs-layout-horizontal","23":"owp-btn-very-big","24":"owp-tabs-layout-horizontal"},"_links":{"self":[{"href":"https:\/\/www.jinpinlub.com\/fr\/wp-json\/wp\/v2\/product\/3556","targetHints":{"allow":["GET"]}}],"collection":[{"href":"https:\/\/www.jinpinlub.com\/fr\/wp-json\/wp\/v2\/product"}],"about":[{"href":"https:\/\/www.jinpinlub.com\/fr\/wp-json\/wp\/v2\/types\/product"}],"wp:featuredmedia":[{"embeddable":true,"href":"https:\/\/www.jinpinlub.com\/fr\/wp-json\/wp\/v2\/media\/3501"}],"wp:attachment":[{"href":"https:\/\/www.jinpinlub.com\/fr\/wp-json\/wp\/v2\/media?parent=3556"}],"wp:term":[{"taxonomy":"product_brand","embeddable":true,"href":"https:\/\/www.jinpinlub.com\/fr\/wp-json\/wp\/v2\/product_brand?post=3556"},{"taxonomy":"product_cat","embeddable":true,"href":"https:\/\/www.jinpinlub.com\/fr\/wp-json\/wp\/v2\/product_cat?post=3556"},{"taxonomy":"product_tag","embeddable":true,"href":"https:\/\/www.jinpinlub.com\/fr\/wp-json\/wp\/v2\/product_tag?post=3556"}],"curies":[{"name":"wp","href":"https:\/\/api.w.org\/{rel}","templated":true}]}}