{"id":3558,"date":"2024-08-30T08:46:35","date_gmt":"2024-08-30T00:46:35","guid":{"rendered":"https:\/\/www.jinpinlub.com\/?post_type=product&#038;p=3558"},"modified":"2024-08-30T08:49:35","modified_gmt":"2024-08-30T00:49:35","slug":"pompe-a-huile-electrique-a-engrenages-a-intervalle-jdl3-4-avec-affichage-numerique","status":"publish","type":"product","link":"https:\/\/www.jinpinlub.com\/fr\/product\/jdl3-4-electric-interval-oil-gear-pump-with-digital-display\/","title":{"rendered":"Pompe \u00e0 huile \u00e9lectrique \u00e0 engrenages \u00e0 intervalles JDL3-4 avec affichage num\u00e9rique"},"content":{"rendered":"<h2>Caract\u00e9ristiques<\/h2>\n<p>Lubrification pr\u00e9cise : JDL3-4 est une pompe de lubrification \u00e0 injection \u00e0 d\u00e9placement positif, de sorte que la quantit\u00e9 de lubrification \u00e0 chaque point de lubrification peut \u00eatre contr\u00f4l\u00e9e avec pr\u00e9cision.<br \/>\nSurveillance du niveau de liquide et de la pression : \u00c9quip\u00e9 d&#039;un interrupteur de niveau de liquide et d&#039;un pressostat en option, lorsque le volume ou la pression d&#039;huile est insuffisant, un signal anormal sera \u00e9mis.<br \/>\nProtection contre la surchauffe : le moteur de la pompe de lubrification JDL3-4 dispose d&#039;une fonction d&#039;autoprotection pour \u00e9viter la surchauffe et la surcharge.<br \/>\nFiltration double couche : la pompe de lubrification JDL3-4 est \u00e9quip\u00e9e d&#039;un filtre double couche pour rendre le circuit d&#039;huile plus fluide.<br \/>\nLubrification forc\u00e9e : Ce syst\u00e8me est \u00e9quip\u00e9 d&#039;une fonction de lubrification forc\u00e9e pour garantir que la lubrification peut \u00eatre effectu\u00e9e imm\u00e9diatement en cas de besoin.<br \/>\nR\u00e9glage de l&#039;heure : JDL3-4 Le temps de lubrification et l&#039;intervalle de temps peuvent \u00eatre r\u00e9gl\u00e9s selon les besoins.<\/p>\n<h2>Sp\u00e9cification<\/h2>\n<table>\n<tbody>\n<tr>\n<td>Mod\u00e8le<\/td>\n<td>JDL3<\/td>\n<\/tr>\n<tr>\n<td>Temps de lubrification<\/td>\n<td>1 \u00e0 999 minutes<\/td>\n<\/tr>\n<tr>\n<td>Intervalle de temps<\/td>\n<td>1 \u00e0 999 minutes<\/td>\n<\/tr>\n<tr>\n<td>Temp\u00e9rature de fonctionnement<\/td>\n<td>0~+50\u00b0C<\/td>\n<\/tr>\n<tr>\n<td>Nombre de points de vente<\/td>\n<td>1<\/td>\n<\/tr>\n<tr>\n<td>Capacit\u00e9 du r\u00e9servoir<\/td>\n<td>2L, 3L, 4L (r\u00e9servoir en m\u00e9tal ou en r\u00e9sine), 8L (r\u00e9servoir en m\u00e9tal)<\/td>\n<\/tr>\n<tr>\n<td>Remplissage<\/td>\n<td>De haut en bas<\/td>\n<\/tr>\n<tr>\n<td>Lubrifiant<\/td>\n<td>32-68cSt \u00e0 40\u2103<\/td>\n<\/tr>\n<tr>\n<td>Puissance du moteur<\/td>\n<td>30 W<\/td>\n<\/tr>\n<tr>\n<td>D\u00e9charge<\/td>\n<td>150 ml\/min<\/td>\n<\/tr>\n<tr>\n<td>Pression de service max.<\/td>\n<td>1,8 MPa<\/td>\n<\/tr>\n<tr>\n<td>Fil de connexion<\/td>\n<td>Sortie \u03a66<\/td>\n<\/tr>\n<tr>\n<td>Tension de fonctionnement<\/td>\n<td>110 VCA, 220 VCA<\/td>\n<\/tr>\n<tr>\n<td>Certification<\/td>\n<td>CE<\/td>\n<\/tr>\n<tr>\n<td>Interrupteur de bas niveau<\/td>\n<td>Contact NC<\/td>\n<\/tr>\n<\/tbody>\n<\/table>\n<h2>Application<\/h2>\n<p>Entretien r\u00e9gulier : Un contr\u00f4le important du syst\u00e8me de lubrification est n\u00e9cessaire chaque mois pour v\u00e9rifier que tout fonctionne correctement.<br \/>\nUtiliser des lubrifiants adapt\u00e9s : Le lubrifiant doit \u00eatre s\u00e9lectionn\u00e9 en fonction des conditions de fonctionnement de l&#039;\u00e9quipement et l&#039;utilisation d&#039;huile de qualit\u00e9 inf\u00e9rieure est strictement interdite.<br \/>\nEnregistrer les journaux de maintenance : Enregistrez les informations pertinentes apr\u00e8s chaque maintenance de la pompe de lubrification pour une enqu\u00eate et une gestion ult\u00e9rieures.<br \/>\nOp\u00e9rateurs de train : Informez les op\u00e9rateurs sur la m\u00e9thodologie d&#039;utilisation et d&#039;entretien de la pompe de lubrification, afin de r\u00e9duire les erreurs de fonctionnement.<\/p>\n<h2>Manuels<\/h2>\n<div class=\"sdm_download_button_box_default\"><div class=\"sdm_download_link\"><a href=\"https:\/\/www.jinpinlub.com\/fr\/?sdm_process_download=1&download_id=3015\" class=\"sdm_download white\" title=\"Priv\u00e9\u00a0: JDL3 Volumetric Oil Pump\" target=\"&quot;_blank&quot;\">Voir la fiche technique - Pompe JDL3<\/a><\/div><\/div>","protected":false},"excerpt":{"rendered":"<p>La pompe de lubrification \u00e0 huile Jinpinlub JDL3-4 est une pompe \u00e0 engrenages \u00e0 intervalles utilis\u00e9e pour fournir une quantit\u00e9 pr\u00e9cise d&#039;huile de lubrification afin d&#039;assurer le fonctionnement normal de l&#039;\u00e9quipement. Elle est \u00e9quip\u00e9e d&#039;une fonction d&#039;affichage num\u00e9rique, ce qui permet aux utilisateurs de surveiller et d&#039;ajuster facilement les param\u00e8tres de lubrification.<\/p>","protected":false},"featured_media":3517,"template":"","meta":{"ocean_post_layout":"","ocean_both_sidebars_style":"","ocean_both_sidebars_content_width":0,"ocean_both_sidebars_sidebars_width":0,"ocean_sidebar":"0","ocean_second_sidebar":"0","ocean_disable_margins":"enable","ocean_add_body_class":"","ocean_shortcode_before_top_bar":"","ocean_shortcode_after_top_bar":"","ocean_shortcode_before_header":"","ocean_shortcode_after_header":"","ocean_has_shortcode":"","ocean_shortcode_after_title":"","ocean_shortcode_before_footer_widgets":"","ocean_shortcode_after_footer_widgets":"","ocean_shortcode_before_footer_bottom":"","ocean_shortcode_after_footer_bottom":"","ocean_display_top_bar":"default","ocean_display_header":"default","ocean_header_style":"","ocean_center_header_left_menu":"0","ocean_custom_header_template":"0","ocean_custom_logo":0,"ocean_custom_retina_logo":0,"ocean_custom_logo_max_width":0,"ocean_custom_logo_tablet_max_width":0,"ocean_custom_logo_mobile_max_width":0,"ocean_custom_logo_max_height":0,"ocean_custom_logo_tablet_max_height":0,"ocean_custom_logo_mobile_max_height":0,"ocean_header_custom_menu":"0","ocean_menu_typo_font_family":"0","ocean_menu_typo_font_subset":"","ocean_menu_typo_font_size":0,"ocean_menu_typo_font_size_tablet":0,"ocean_menu_typo_font_size_mobile":0,"ocean_menu_typo_font_size_unit":"px","ocean_menu_typo_font_weight":"","ocean_menu_typo_font_weight_tablet":"","ocean_menu_typo_font_weight_mobile":"","ocean_menu_typo_transform":"","ocean_menu_typo_transform_tablet":"","ocean_menu_typo_transform_mobile":"","ocean_menu_typo_line_height":0,"ocean_menu_typo_line_height_tablet":0,"ocean_menu_typo_line_height_mobile":0,"ocean_menu_typo_line_height_unit":"","ocean_menu_typo_spacing":0,"ocean_menu_typo_spacing_tablet":0,"ocean_menu_typo_spacing_mobile":0,"ocean_menu_typo_spacing_unit":"","ocean_menu_link_color":"","ocean_menu_link_color_hover":"","ocean_menu_link_color_active":"","ocean_menu_link_background":"","ocean_menu_link_hover_background":"","ocean_menu_link_active_background":"","ocean_menu_social_links_bg":"","ocean_menu_social_hover_links_bg":"","ocean_menu_social_links_color":"","ocean_menu_social_hover_links_color":"","ocean_disable_title":"default","ocean_disable_heading":"default","ocean_post_title":"","ocean_post_subheading":"","ocean_post_title_style":"","ocean_post_title_background_color":"","ocean_post_title_background":0,"ocean_post_title_bg_image_position":"","ocean_post_title_bg_image_attachment":"","ocean_post_title_bg_image_repeat":"","ocean_post_title_bg_image_size":"","ocean_post_title_height":0,"ocean_post_title_bg_overlay":0.5,"ocean_post_title_bg_overlay_color":"","ocean_disable_breadcrumbs":"default","ocean_breadcrumbs_color":"","ocean_breadcrumbs_separator_color":"","ocean_breadcrumbs_links_color":"","ocean_breadcrumbs_links_hover_color":"","ocean_display_footer_widgets":"default","ocean_display_footer_bottom":"default","ocean_custom_footer_template":"0","osh_disable_topbar_sticky":"default","osh_disable_header_sticky":"default","osh_sticky_header_style":"default","osh_sticky_header_effect":"","osh_custom_sticky_logo":0,"osh_custom_retina_sticky_logo":0,"osh_custom_sticky_logo_height":0,"osh_background_color":"","osh_links_color":"","osh_links_hover_color":"","osh_links_active_color":"","osh_links_bg_color":"","osh_links_hover_bg_color":"","osh_links_active_bg_color":"","osh_menu_social_links_color":"","osh_menu_social_hover_links_color":""},"product_brand":[],"product_cat":[48,47],"product_tag":[76,287,288],"class_list":{"0":"post-3558","1":"product","2":"type-product","3":"status-publish","4":"has-post-thumbnail","6":"product_cat-electric-volumetric-pumps","7":"product_cat-volumetric-thin-oil-systems","8":"product_tag-electric-lubrication-system","9":"product_tag-pressure-relief-oil-pump","10":"product_tag-volumetric-oil-pump","12":"entry","13":"has-media","15":"first","16":"instock","17":"shipping-taxable","18":"product-type-external","19":"col","20":"span_1_of_3","21":"owp-content-center","22":"owp-thumbs-layout-horizontal","23":"owp-btn-very-big","24":"owp-tabs-layout-horizontal"},"_links":{"self":[{"href":"https:\/\/www.jinpinlub.com\/fr\/wp-json\/wp\/v2\/product\/3558","targetHints":{"allow":["GET"]}}],"collection":[{"href":"https:\/\/www.jinpinlub.com\/fr\/wp-json\/wp\/v2\/product"}],"about":[{"href":"https:\/\/www.jinpinlub.com\/fr\/wp-json\/wp\/v2\/types\/product"}],"wp:featuredmedia":[{"embeddable":true,"href":"https:\/\/www.jinpinlub.com\/fr\/wp-json\/wp\/v2\/media\/3517"}],"wp:attachment":[{"href":"https:\/\/www.jinpinlub.com\/fr\/wp-json\/wp\/v2\/media?parent=3558"}],"wp:term":[{"taxonomy":"product_brand","embeddable":true,"href":"https:\/\/www.jinpinlub.com\/fr\/wp-json\/wp\/v2\/product_brand?post=3558"},{"taxonomy":"product_cat","embeddable":true,"href":"https:\/\/www.jinpinlub.com\/fr\/wp-json\/wp\/v2\/product_cat?post=3558"},{"taxonomy":"product_tag","embeddable":true,"href":"https:\/\/www.jinpinlub.com\/fr\/wp-json\/wp\/v2\/product_tag?post=3558"}],"curies":[{"name":"wp","href":"https:\/\/api.w.org\/{rel}","templated":true}]}}