{"id":3559,"date":"2024-08-30T08:50:02","date_gmt":"2024-08-30T00:50:02","guid":{"rendered":"https:\/\/www.jinpinlub.com\/?post_type=product&#038;p=3559"},"modified":"2024-08-30T08:53:09","modified_gmt":"2024-08-30T00:53:09","slug":"jdl4-4-pompe-de-systeme-de-lubrification-a-huile-volumetrique-controle-plc","status":"publish","type":"product","link":"https:\/\/www.jinpinlub.com\/fr\/product\/jdl4-4-volumetric-oil-lubrication-system-pump-plc-control\/","title":{"rendered":"Syst\u00e8me de lubrification volum\u00e9trique \u00e0 huile JDL4-4 Pompe \u00e0 contr\u00f4le PLC"},"content":{"rendered":"<h2>Caract\u00e9ristiques<\/h2>\n<p><span id=\"input-sentence~0\">Interrupteur de niveau de liquide et pressostat : lorsque le volume d&#039;huile ou la pression du syst\u00e8me de lubrification est insuffisant, un signal anormal est \u00e9mis.<br \/>\nVoyant lumineux du panneau : la pompe de lubrification peut afficher l&#039;\u00e9tat de l&#039;alimentation \u00e9lectrique et de la lubrification pour une surveillance en temps r\u00e9el.<\/span><span id=\"input-sentence~1\"><br \/>\nFonction de lubrification forc\u00e9e : Le syst\u00e8me de pompe de lubrification dispose d&#039;une touche FEED pour permettre la lubrification forc\u00e9e afin que l&#039;effet de lubrification soit garanti.<br \/>\nR\u00e9glage du temps : Le temps de lubrification le plus long de la pompe de lubrification \u2264 2 min, et son temps intermittent est 5 fois le temps de lubrification.<\/span><span id=\"input-sentence~2\"><br \/>\nAutoprotection du moteur : les pompes de lubrification JDL sont \u00e9quip\u00e9es d&#039;une fonction permettant d&#039;\u00e9viter la surchauffe et la surcharge du moteur.<br \/>\nSoupape de trop-plein : \u00e9vite d&#039;endommager l&#039;injecteur d&#039;huile et les canalisations pour assurer un fonctionnement stable du syst\u00e8me.<br \/>\nFusible interne : JDL emp\u00eache les dommages \u00e0 la carte CI et au moteur dus \u00e0 un court-circuit, am\u00e9liorant ainsi la fiabilit\u00e9 du syst\u00e8me.<\/span><\/p>\n<h2>Sp\u00e9cification<\/h2>\n<table>\n<tbody>\n<tr>\n<td>Minuteur<\/td>\n<td>Automate programmable<\/td>\n<\/tr>\n<tr>\n<td>Temp\u00e9rature de fonctionnement<\/td>\n<td>0~+50\u00b0C<\/td>\n<\/tr>\n<tr>\n<td>Nombre de points de vente<\/td>\n<td>1<\/td>\n<\/tr>\n<tr>\n<td>Capacit\u00e9 du r\u00e9servoir<\/td>\n<td>2L, 3L, 4L (r\u00e9servoir en m\u00e9tal ou en r\u00e9sine), 8L (r\u00e9servoir en m\u00e9tal)<\/td>\n<\/tr>\n<tr>\n<td>Remplissage<\/td>\n<td>De haut en bas<\/td>\n<\/tr>\n<tr>\n<td>Lubrifiant<\/td>\n<td>32-68cSt \u00e0 40\u2103<\/td>\n<\/tr>\n<tr>\n<td>Classe de protection<\/td>\n<td>IP54<\/td>\n<\/tr>\n<tr>\n<td>D\u00e9charge<\/td>\n<td>150 ml\/min<\/td>\n<\/tr>\n<tr>\n<td>Pression de service max.<\/td>\n<td>1,8 MPa<\/td>\n<\/tr>\n<tr>\n<td>Fil de connexion<\/td>\n<td>Sortie \u03a66<\/td>\n<\/tr>\n<tr>\n<td>Tension de fonctionnement<\/td>\n<td>110 VCA, 220 VCA<\/td>\n<\/tr>\n<tr>\n<td>Certification<\/td>\n<td>CE<\/td>\n<\/tr>\n<tr>\n<td>Position de montage<\/td>\n<td>Droit<\/td>\n<\/tr>\n<\/tbody>\n<\/table>\n<h2>Applications<\/h2>\n<p>Contr\u00f4le du niveau d&#039;huile : La quantit\u00e9 d&#039;huile de lubrification doit \u00eatre appropri\u00e9e. Dans le cas contraire, une abrasion grave peut se produire en raison de l&#039;impossibilit\u00e9 de fournir une lubrification suffisante.<br \/>\nNettoyage du filtre selon un calendrier : il y a g\u00e9n\u00e9ralement un filtre dans chaque pompe de lubrification. Les impuret\u00e9s pr\u00e9sentes dans le filtre peuvent entra\u00eener l&#039;obstruction du circuit d&#039;huile.<br \/>\nV\u00e9rification du pressostat : la pompe de lubrification \u00e9quip\u00e9e d&#039;un pressostat doit \u00eatre adapt\u00e9e \u00e0 l&#039;utilisation.<br \/>\nR\u00e9glage du temps de lubrification : R\u00e9gler raisonnablement en fonction des besoins r\u00e9els de l&#039;\u00e9quipement, le temps et l&#039;intervalle de temps de la pompe de lubrification doivent \u00eatre \u00e9vit\u00e9s une lubrification superflue ou insuffisante.<\/p>\n<h2>Manuels<\/h2>\n<div class=\"sdm_download_button_box_default\"><div class=\"sdm_download_link\"><a href=\"https:\/\/www.jinpinlub.com\/fr\/?sdm_process_download=1&download_id=2466\" class=\"sdm_download white\" title=\"Priv\u00e9\u00a0: JDL4 Volumetric Pump\" target=\"&quot;_blank&quot;\">Voir la fiche technique - Pompe JDL4<\/a><\/div><\/div>","protected":false},"excerpt":{"rendered":"<p>La pompe de lubrification Jinpinlub JDL4-4 est une pompe d&#039;injection \u00e0 d\u00e9placement positif, qui d\u00e9charge l&#039;huile avec un volume pr\u00e9cis, et est utilis\u00e9e avec un distributeur sous pression pour former un syst\u00e8me, qui peut contr\u00f4ler avec pr\u00e9cision la quantit\u00e9 de lubrification de chaque point de lubrification.<\/p>","protected":false},"featured_media":3525,"template":"","meta":{"ocean_post_layout":"","ocean_both_sidebars_style":"","ocean_both_sidebars_content_width":0,"ocean_both_sidebars_sidebars_width":0,"ocean_sidebar":"0","ocean_second_sidebar":"0","ocean_disable_margins":"enable","ocean_add_body_class":"","ocean_shortcode_before_top_bar":"","ocean_shortcode_after_top_bar":"","ocean_shortcode_before_header":"","ocean_shortcode_after_header":"","ocean_has_shortcode":"","ocean_shortcode_after_title":"","ocean_shortcode_before_footer_widgets":"","ocean_shortcode_after_footer_widgets":"","ocean_shortcode_before_footer_bottom":"","ocean_shortcode_after_footer_bottom":"","ocean_display_top_bar":"default","ocean_display_header":"default","ocean_header_style":"","ocean_center_header_left_menu":"0","ocean_custom_header_template":"0","ocean_custom_logo":0,"ocean_custom_retina_logo":0,"ocean_custom_logo_max_width":0,"ocean_custom_logo_tablet_max_width":0,"ocean_custom_logo_mobile_max_width":0,"ocean_custom_logo_max_height":0,"ocean_custom_logo_tablet_max_height":0,"ocean_custom_logo_mobile_max_height":0,"ocean_header_custom_menu":"0","ocean_menu_typo_font_family":"0","ocean_menu_typo_font_subset":"","ocean_menu_typo_font_size":0,"ocean_menu_typo_font_size_tablet":0,"ocean_menu_typo_font_size_mobile":0,"ocean_menu_typo_font_size_unit":"px","ocean_menu_typo_font_weight":"","ocean_menu_typo_font_weight_tablet":"","ocean_menu_typo_font_weight_mobile":"","ocean_menu_typo_transform":"","ocean_menu_typo_transform_tablet":"","ocean_menu_typo_transform_mobile":"","ocean_menu_typo_line_height":0,"ocean_menu_typo_line_height_tablet":0,"ocean_menu_typo_line_height_mobile":0,"ocean_menu_typo_line_height_unit":"","ocean_menu_typo_spacing":0,"ocean_menu_typo_spacing_tablet":0,"ocean_menu_typo_spacing_mobile":0,"ocean_menu_typo_spacing_unit":"","ocean_menu_link_color":"","ocean_menu_link_color_hover":"","ocean_menu_link_color_active":"","ocean_menu_link_background":"","ocean_menu_link_hover_background":"","ocean_menu_link_active_background":"","ocean_menu_social_links_bg":"","ocean_menu_social_hover_links_bg":"","ocean_menu_social_links_color":"","ocean_menu_social_hover_links_color":"","ocean_disable_title":"default","ocean_disable_heading":"default","ocean_post_title":"","ocean_post_subheading":"","ocean_post_title_style":"","ocean_post_title_background_color":"","ocean_post_title_background":0,"ocean_post_title_bg_image_position":"","ocean_post_title_bg_image_attachment":"","ocean_post_title_bg_image_repeat":"","ocean_post_title_bg_image_size":"","ocean_post_title_height":0,"ocean_post_title_bg_overlay":0.5,"ocean_post_title_bg_overlay_color":"","ocean_disable_breadcrumbs":"default","ocean_breadcrumbs_color":"","ocean_breadcrumbs_separator_color":"","ocean_breadcrumbs_links_color":"","ocean_breadcrumbs_links_hover_color":"","ocean_display_footer_widgets":"default","ocean_display_footer_bottom":"default","ocean_custom_footer_template":"0","osh_disable_topbar_sticky":"default","osh_disable_header_sticky":"default","osh_sticky_header_style":"default","osh_sticky_header_effect":"","osh_custom_sticky_logo":0,"osh_custom_retina_sticky_logo":0,"osh_custom_sticky_logo_height":0,"osh_background_color":"","osh_links_color":"","osh_links_hover_color":"","osh_links_active_color":"","osh_links_bg_color":"","osh_links_hover_bg_color":"","osh_links_active_bg_color":"","osh_menu_social_links_color":"","osh_menu_social_hover_links_color":""},"product_brand":[],"product_cat":[48,47],"product_tag":[73,290,289],"class_list":{"0":"post-3559","1":"product","2":"type-product","3":"status-publish","4":"has-post-thumbnail","6":"product_cat-electric-volumetric-pumps","7":"product_cat-volumetric-thin-oil-systems","8":"product_tag-electric-lubrication-pump","9":"product_tag-electric-motor-oil-pump","10":"product_tag-electric-oil-injector","12":"entry","13":"has-media","15":"first","16":"instock","17":"shipping-taxable","18":"product-type-external","19":"col","20":"span_1_of_3","21":"owp-content-center","22":"owp-thumbs-layout-horizontal","23":"owp-btn-very-big","24":"owp-tabs-layout-horizontal"},"_links":{"self":[{"href":"https:\/\/www.jinpinlub.com\/fr\/wp-json\/wp\/v2\/product\/3559","targetHints":{"allow":["GET"]}}],"collection":[{"href":"https:\/\/www.jinpinlub.com\/fr\/wp-json\/wp\/v2\/product"}],"about":[{"href":"https:\/\/www.jinpinlub.com\/fr\/wp-json\/wp\/v2\/types\/product"}],"wp:featuredmedia":[{"embeddable":true,"href":"https:\/\/www.jinpinlub.com\/fr\/wp-json\/wp\/v2\/media\/3525"}],"wp:attachment":[{"href":"https:\/\/www.jinpinlub.com\/fr\/wp-json\/wp\/v2\/media?parent=3559"}],"wp:term":[{"taxonomy":"product_brand","embeddable":true,"href":"https:\/\/www.jinpinlub.com\/fr\/wp-json\/wp\/v2\/product_brand?post=3559"},{"taxonomy":"product_cat","embeddable":true,"href":"https:\/\/www.jinpinlub.com\/fr\/wp-json\/wp\/v2\/product_cat?post=3559"},{"taxonomy":"product_tag","embeddable":true,"href":"https:\/\/www.jinpinlub.com\/fr\/wp-json\/wp\/v2\/product_tag?post=3559"}],"curies":[{"name":"wp","href":"https:\/\/api.w.org\/{rel}","templated":true}]}}