{"id":3568,"date":"2024-08-30T09:43:07","date_gmt":"2024-08-30T01:43:07","guid":{"rendered":"https:\/\/www.jinpinlub.com\/?post_type=product&#038;p=3568"},"modified":"2024-08-30T09:51:21","modified_gmt":"2024-08-30T01:51:21","slug":"graisseur-electrique-monopoint-smd-250-ml-avec-interrupteur-dip","status":"publish","type":"product","link":"https:\/\/www.jinpinlub.com\/fr\/product\/smd-250ml-electric-single-point-lubricator-with-dip-switch\/","title":{"rendered":"Lubrificateur \u00e9lectrique \u00e0 point unique SMD 250 ml avec commutateur DIP"},"content":{"rendered":"<h2>Caract\u00e9ristiques<\/h2>\n<p>Pour les applications avec des temp\u00e9ratures changeantes, une installation \u00e0 longue distance, comme les vibrations, les espaces confin\u00e9s ou les environnements dangereux, le CMS est une option.<br \/>\n1. Le couvercle transparent et le r\u00e9servoir d\u2019huile transparent facilitent l\u2019inspection visuelle.<br \/>\n2. Le m\u00eame moteur peut \u00eatre utilis\u00e9 avec deux capacit\u00e9s, il suffit de r\u00e9gler le commutateur 125\/250 ml. L&#039;alimentation peut \u00eatre une alimentation externe 24 VDC ou une batterie 3 VDC.<br \/>\n3. La vitesse de d\u00e9charge est ind\u00e9pendante de la temp\u00e9rature et la pression d&#039;extrusion peut atteindre 6,5 bars.<br \/>\n4. Les voyants LED rouge-jaune-vert indiquent l\u2019\u00e9tat du lubrificateur.<br \/>\n5. Peut \u00eatre utilis\u00e9 pour une installation proche directement ou connect\u00e9 \u00e0 un tuyau.<br \/>\n6. Lorsque la graisse est \u00e9puis\u00e9e, remplacez la cartouche et la batterie.<br \/>\n7. Applications dans des endroits restreints et dangereux o\u00f9 la fiabilit\u00e9 et une surveillance suppl\u00e9mentaire sont requises.<\/p>\n<h2>Sp\u00e9cification<\/h2>\n<p>Lubrifiants : huile ou graisse \u2264 NLGI #2<br \/>\nCapacit\u00e9 du r\u00e9servoir : 125 ml et 250 ml<br \/>\nTemps de vidange : 0,5, 1, 3, 6, 9 et 12 mois<br \/>\nPlage de d\u00e9bit : 0,3 \u00e0 0,8 ml\/jour<br \/>\nTemp\u00e9rature ambiante : -20~60\u2103<br \/>\nPression de service : maximum 6,5 bar<br \/>\nFiletage de connexion : R1\/4<br \/>\nTube le plus long : 3 m pour la graisse, 5 m pour l&#039;huile fine<br \/>\nNiveau de protection : IP65<br \/>\nBatterie : SMD1-BAT (2 CR17505 en parall\u00e8le)<br \/>\nDur\u00e9e de stockage : 3 ans (20\u2103)<br \/>\nPoids de l&#039;huile totale : 600 g (125 ml), 800 g (250 ml)<\/p>\n<h2>Applications<\/h2>\n<p>Lubrification des roulements et des paliers lisses : elles garantissent le bon fonctionnement des roulements dans les environnements \u00e0 haut risque.<br \/>\nLubrification du guide coulissant : Elle est effectu\u00e9e avec pr\u00e9cision pour diminuer les frottements et l&#039;usure.<br \/>\nLubrification des engrenages ouverts et des cr\u00e9maill\u00e8res : cela maintient la lubrification intacte sous haute pression et haute temp\u00e9rature.<br \/>\nLubrification de la broche et du joint d&#039;arbre : cela prot\u00e8ge les composants m\u00e9caniques critiques et prolonge la dur\u00e9e de vie.<br \/>\nLubrification de la cha\u00eene : Emp\u00eache la rouille et l&#039;usure des cha\u00eenes dans les environnements difficiles.<br \/>\nLubrification du moteur : Particuli\u00e8rement adapt\u00e9 aux moteurs \u00e9lectriques qui n\u00e9cessitent des quantit\u00e9s de lubrification pr\u00e9cises.<\/p>\n<h2>Manuels<\/h2>\n<div class=\"sdm_download_button_box_default\"><div class=\"sdm_download_link\"><a href=\"https:\/\/www.jinpinlub.com\/fr\/?sdm_process_download=1&download_id=2477\" class=\"sdm_download white\" title=\"Priv\u00e9\u00a0: SMD Single-point Lubricator\" target=\"&quot;_blank&quot;\">Voir la fiche technique - Lubrificateur SMD<\/a><\/div><\/div>","protected":false},"excerpt":{"rendered":"<p>Le lubrificateur SML peut \u00eatre install\u00e9 dans n&#039;importe quel endroit mobile, vibrant, sous-marin, \u00e0 haute altitude ou contamin\u00e9, et peut \u00e9galement \u00eatre install\u00e9 \u00e0 l&#039;envers ou horizontalement. Ce lubrificateur est normalement un produit jetable, mais peut \u00eatre rempli jusqu&#039;\u00e0 trois fois et est facile \u00e0 jeter apr\u00e8s utilisation.<\/p>","protected":false},"featured_media":3564,"template":"","meta":{"ocean_post_layout":"","ocean_both_sidebars_style":"","ocean_both_sidebars_content_width":0,"ocean_both_sidebars_sidebars_width":0,"ocean_sidebar":"0","ocean_second_sidebar":"0","ocean_disable_margins":"enable","ocean_add_body_class":"","ocean_shortcode_before_top_bar":"","ocean_shortcode_after_top_bar":"","ocean_shortcode_before_header":"","ocean_shortcode_after_header":"","ocean_has_shortcode":"","ocean_shortcode_after_title":"","ocean_shortcode_before_footer_widgets":"","ocean_shortcode_after_footer_widgets":"","ocean_shortcode_before_footer_bottom":"","ocean_shortcode_after_footer_bottom":"","ocean_display_top_bar":"default","ocean_display_header":"default","ocean_header_style":"","ocean_center_header_left_menu":"0","ocean_custom_header_template":"0","ocean_custom_logo":0,"ocean_custom_retina_logo":0,"ocean_custom_logo_max_width":0,"ocean_custom_logo_tablet_max_width":0,"ocean_custom_logo_mobile_max_width":0,"ocean_custom_logo_max_height":0,"ocean_custom_logo_tablet_max_height":0,"ocean_custom_logo_mobile_max_height":0,"ocean_header_custom_menu":"0","ocean_menu_typo_font_family":"0","ocean_menu_typo_font_subset":"","ocean_menu_typo_font_size":0,"ocean_menu_typo_font_size_tablet":0,"ocean_menu_typo_font_size_mobile":0,"ocean_menu_typo_font_size_unit":"px","ocean_menu_typo_font_weight":"","ocean_menu_typo_font_weight_tablet":"","ocean_menu_typo_font_weight_mobile":"","ocean_menu_typo_transform":"","ocean_menu_typo_transform_tablet":"","ocean_menu_typo_transform_mobile":"","ocean_menu_typo_line_height":0,"ocean_menu_typo_line_height_tablet":0,"ocean_menu_typo_line_height_mobile":0,"ocean_menu_typo_line_height_unit":"","ocean_menu_typo_spacing":0,"ocean_menu_typo_spacing_tablet":0,"ocean_menu_typo_spacing_mobile":0,"ocean_menu_typo_spacing_unit":"","ocean_menu_link_color":"","ocean_menu_link_color_hover":"","ocean_menu_link_color_active":"","ocean_menu_link_background":"","ocean_menu_link_hover_background":"","ocean_menu_link_active_background":"","ocean_menu_social_links_bg":"","ocean_menu_social_hover_links_bg":"","ocean_menu_social_links_color":"","ocean_menu_social_hover_links_color":"","ocean_disable_title":"default","ocean_disable_heading":"default","ocean_post_title":"","ocean_post_subheading":"","ocean_post_title_style":"","ocean_post_title_background_color":"","ocean_post_title_background":0,"ocean_post_title_bg_image_position":"","ocean_post_title_bg_image_attachment":"","ocean_post_title_bg_image_repeat":"","ocean_post_title_bg_image_size":"","ocean_post_title_height":0,"ocean_post_title_bg_overlay":0.5,"ocean_post_title_bg_overlay_color":"","ocean_disable_breadcrumbs":"default","ocean_breadcrumbs_color":"","ocean_breadcrumbs_separator_color":"","ocean_breadcrumbs_links_color":"","ocean_breadcrumbs_links_hover_color":"","ocean_display_footer_widgets":"default","ocean_display_footer_bottom":"default","ocean_custom_footer_template":"0","osh_disable_topbar_sticky":"default","osh_disable_header_sticky":"default","osh_sticky_header_style":"default","osh_sticky_header_effect":"","osh_custom_sticky_logo":0,"osh_custom_retina_sticky_logo":0,"osh_custom_sticky_logo_height":0,"osh_background_color":"","osh_links_color":"","osh_links_hover_color":"","osh_links_active_color":"","osh_links_bg_color":"","osh_links_hover_bg_color":"","osh_links_active_bg_color":"","osh_menu_social_links_color":"","osh_menu_social_hover_links_color":""},"product_brand":[],"product_cat":[33],"product_tag":[292,291,103],"class_list":{"0":"post-3568","1":"product","2":"type-product","3":"status-publish","4":"has-post-thumbnail","6":"product_cat-single-point-lubricators","7":"product_tag-battery-single-point-lubricator","8":"product_tag-electric-single-point-lubricator","9":"product_tag-single-point-lubricator","11":"entry","12":"has-media","14":"first","15":"instock","16":"featured","17":"shipping-taxable","18":"product-type-external","19":"col","20":"span_1_of_3","21":"owp-content-center","22":"owp-thumbs-layout-horizontal","23":"owp-btn-very-big","24":"owp-tabs-layout-horizontal"},"_links":{"self":[{"href":"https:\/\/www.jinpinlub.com\/fr\/wp-json\/wp\/v2\/product\/3568","targetHints":{"allow":["GET"]}}],"collection":[{"href":"https:\/\/www.jinpinlub.com\/fr\/wp-json\/wp\/v2\/product"}],"about":[{"href":"https:\/\/www.jinpinlub.com\/fr\/wp-json\/wp\/v2\/types\/product"}],"wp:featuredmedia":[{"embeddable":true,"href":"https:\/\/www.jinpinlub.com\/fr\/wp-json\/wp\/v2\/media\/3564"}],"wp:attachment":[{"href":"https:\/\/www.jinpinlub.com\/fr\/wp-json\/wp\/v2\/media?parent=3568"}],"wp:term":[{"taxonomy":"product_brand","embeddable":true,"href":"https:\/\/www.jinpinlub.com\/fr\/wp-json\/wp\/v2\/product_brand?post=3568"},{"taxonomy":"product_cat","embeddable":true,"href":"https:\/\/www.jinpinlub.com\/fr\/wp-json\/wp\/v2\/product_cat?post=3568"},{"taxonomy":"product_tag","embeddable":true,"href":"https:\/\/www.jinpinlub.com\/fr\/wp-json\/wp\/v2\/product_tag?post=3568"}],"curies":[{"name":"wp","href":"https:\/\/api.w.org\/{rel}","templated":true}]}}