{"id":3569,"date":"2024-08-30T09:57:59","date_gmt":"2024-08-30T01:57:59","guid":{"rendered":"https:\/\/www.jinpinlub.com\/?post_type=product&#038;p=3569"},"modified":"2024-08-30T10:15:24","modified_gmt":"2024-08-30T02:15:24","slug":"graisseurs-automatiques-monopoints-a-moteur-smd-125-ml","status":"publish","type":"product","link":"https:\/\/www.jinpinlub.com\/fr\/product\/smd-125ml-motor-driven-single-point-automatic-lubricators\/","title":{"rendered":"Lubrificateurs automatiques \u00e0 point unique \u00e0 moteur SMD 125 ml"},"content":{"rendered":"<h2>Caract\u00e9ristiques<\/h2>\n<p><span id=\"input-sentence~0\">\u00c9tant donn\u00e9 que le taux de lubrification est ind\u00e9pendant de la temp\u00e9rature, il fournit des r\u00e9sultats de lubrification constants.<br \/>\nPression de refoulement maximale : les lubrificateurs SMD peuvent aller jusqu&#039;\u00e0 un maximum de 6,5 bars pendant le cycle de refoulement de la lubrification.<br \/>\nR\u00e9servoir transparent : les lubrificateurs SMD permettent d&#039;inspecter visuellement l&#039;\u00e9tat ou le statut du lubrifiant.<\/span><span id=\"input-sentence~1\"><br \/>\nIndicateur d&#039;\u00e9tat LED : les lubrificateurs SMD ont des voyants LED rouges, jaunes et verts pour indiquer l&#039;\u00e9tat du lubrificateur.<br \/>\nCycles de lubrification flexibles : les graisseurs SMD peuvent \u00eatre r\u00e9gl\u00e9s pour lubrifier pendant 1 \u00e0 12 mois.<br \/>\nPlusieurs options de lubrification : Si les conditions le permettent, le lubrificateur peut \u00eatre pr\u00e9charg\u00e9 avec des lubrifiants.<br \/>\nOptions d&#039;entra\u00eenement : Selon les besoins de l&#039;application, les lubrificateurs CMS peuvent \u00eatre aliment\u00e9s par des batteries au lithium ou une alimentation externe.<br \/>\n\u00c9tanch\u00e9it\u00e9 : les lubrificateurs CMS ont une excellente \u00e9tanch\u00e9it\u00e9 et peuvent m\u00eame fonctionner normalement dans l&#039;eau.<\/span><\/p>\n<h2>Sp\u00e9cification<\/h2>\n<p>Lubrifiants : huile ou graisse \u2264 NLGI #2<br \/>\nCapacit\u00e9 du r\u00e9servoir : 125 ml et 250 ml<br \/>\nTemps de vidange : 0,5, 1, 3, 6, 9 et 12 mois<br \/>\nPlage de d\u00e9bit : 0,3 \u00e0 0,8 ml\/jour<br \/>\nTemp\u00e9rature ambiante : -20~60\u2103<br \/>\nPression de service : maximum 6,5 bar<br \/>\nFiletage de connexion : R1\/4<br \/>\nTube le plus long : 3 m pour la graisse, 5 m pour l&#039;huile fine<br \/>\nNiveau de protection : IP65<br \/>\nBatterie : SMD1-BAT (2 CR17505 en parall\u00e8le)<br \/>\nDur\u00e9e de stockage : 3 ans (20\u2103)<br \/>\nPoids de l&#039;huile totale : 600 g (125 ml), 800 g (250 ml)<\/p>\n<h2>Applications<\/h2>\n<p><span id=\"input-sentence~0\">\u00c9quipement industriel : les lubrificateurs CMS peuvent \u00eatre appliqu\u00e9s \u00e0 divers \u00e9quipements industriels tels que les moteurs, les ventilateurs et les pompes.<br \/>\nSyst\u00e8mes de convoyeurs : les applications CMS incluent les convoyeurs et les grues.<br \/>\nLes ascenseurs et les escaliers m\u00e9caniques sont particuli\u00e8rement utilis\u00e9s dans les applications o\u00f9 une lubrification \u00e0 l&#039;huile peut \u00eatre n\u00e9cessaire.<\/span><span id=\"input-sentence~1\"><br \/>\nEnvironnements dangereux et confin\u00e9s : les lubrificateurs SMD fonctionnent assez bien dans les installations \u00e9loign\u00e9es o\u00f9 l&#039;espace est limit\u00e9 ou l&#039;environnement est dangereux.<br \/>\nIndustrie de transformation alimentaire : les graisseurs CMS \u00e0 point unique sont utilis\u00e9s dans l&#039;industrie de transformation alimentaire dans des applications o\u00f9 des lubrifiants de qualit\u00e9 alimentaire sont utilis\u00e9s.<\/span><\/p>\n<h2>Manuels<\/h2>\n<div class=\"sdm_download_button_box_default\"><div class=\"sdm_download_link\"><a href=\"https:\/\/www.jinpinlub.com\/fr\/?sdm_process_download=1&download_id=2477\" class=\"sdm_download white\" title=\"Priv\u00e9\u00a0: SMD Single-point Lubricator\" target=\"&quot;_blank&quot;\">Voir la fiche technique - Lubrificateur SMD<\/a><\/div><\/div>","protected":false},"excerpt":{"rendered":"<p>SMD est un graisseur automatique monopoint \u00e0 entra\u00eenement \u00e9lectrom\u00e9canique pour les applications avec de grandes variations de temp\u00e9rature, des vibrations et un espace limit\u00e9. Il dispose d&#039;un indicateur d&#039;\u00e9tat \u00e0 LED, d&#039;une pression de refoulement maximale de 6,5 bars et d&#039;intervalles de lubrification r\u00e9glables de 1 \u00e0 12 mois.<\/p>","protected":false},"featured_media":3563,"template":"","meta":{"ocean_post_layout":"","ocean_both_sidebars_style":"","ocean_both_sidebars_content_width":0,"ocean_both_sidebars_sidebars_width":0,"ocean_sidebar":"0","ocean_second_sidebar":"0","ocean_disable_margins":"enable","ocean_add_body_class":"","ocean_shortcode_before_top_bar":"","ocean_shortcode_after_top_bar":"","ocean_shortcode_before_header":"","ocean_shortcode_after_header":"","ocean_has_shortcode":"","ocean_shortcode_after_title":"","ocean_shortcode_before_footer_widgets":"","ocean_shortcode_after_footer_widgets":"","ocean_shortcode_before_footer_bottom":"","ocean_shortcode_after_footer_bottom":"","ocean_display_top_bar":"default","ocean_display_header":"default","ocean_header_style":"","ocean_center_header_left_menu":"0","ocean_custom_header_template":"0","ocean_custom_logo":0,"ocean_custom_retina_logo":0,"ocean_custom_logo_max_width":0,"ocean_custom_logo_tablet_max_width":0,"ocean_custom_logo_mobile_max_width":0,"ocean_custom_logo_max_height":0,"ocean_custom_logo_tablet_max_height":0,"ocean_custom_logo_mobile_max_height":0,"ocean_header_custom_menu":"0","ocean_menu_typo_font_family":"0","ocean_menu_typo_font_subset":"","ocean_menu_typo_font_size":0,"ocean_menu_typo_font_size_tablet":0,"ocean_menu_typo_font_size_mobile":0,"ocean_menu_typo_font_size_unit":"px","ocean_menu_typo_font_weight":"","ocean_menu_typo_font_weight_tablet":"","ocean_menu_typo_font_weight_mobile":"","ocean_menu_typo_transform":"","ocean_menu_typo_transform_tablet":"","ocean_menu_typo_transform_mobile":"","ocean_menu_typo_line_height":0,"ocean_menu_typo_line_height_tablet":0,"ocean_menu_typo_line_height_mobile":0,"ocean_menu_typo_line_height_unit":"","ocean_menu_typo_spacing":0,"ocean_menu_typo_spacing_tablet":0,"ocean_menu_typo_spacing_mobile":0,"ocean_menu_typo_spacing_unit":"","ocean_menu_link_color":"","ocean_menu_link_color_hover":"","ocean_menu_link_color_active":"","ocean_menu_link_background":"","ocean_menu_link_hover_background":"","ocean_menu_link_active_background":"","ocean_menu_social_links_bg":"","ocean_menu_social_hover_links_bg":"","ocean_menu_social_links_color":"","ocean_menu_social_hover_links_color":"","ocean_disable_title":"default","ocean_disable_heading":"default","ocean_post_title":"","ocean_post_subheading":"","ocean_post_title_style":"","ocean_post_title_background_color":"","ocean_post_title_background":0,"ocean_post_title_bg_image_position":"","ocean_post_title_bg_image_attachment":"","ocean_post_title_bg_image_repeat":"","ocean_post_title_bg_image_size":"","ocean_post_title_height":0,"ocean_post_title_bg_overlay":0.5,"ocean_post_title_bg_overlay_color":"","ocean_disable_breadcrumbs":"default","ocean_breadcrumbs_color":"","ocean_breadcrumbs_separator_color":"","ocean_breadcrumbs_links_color":"","ocean_breadcrumbs_links_hover_color":"","ocean_display_footer_widgets":"default","ocean_display_footer_bottom":"default","ocean_custom_footer_template":"0","osh_disable_topbar_sticky":"default","osh_disable_header_sticky":"default","osh_sticky_header_style":"default","osh_sticky_header_effect":"","osh_custom_sticky_logo":0,"osh_custom_retina_sticky_logo":0,"osh_custom_sticky_logo_height":0,"osh_background_color":"","osh_links_color":"","osh_links_hover_color":"","osh_links_active_color":"","osh_links_bg_color":"","osh_links_hover_bg_color":"","osh_links_active_bg_color":"","osh_menu_social_links_color":"","osh_menu_social_hover_links_color":""},"product_brand":[],"product_cat":[33],"product_tag":[293,295,294],"class_list":{"0":"post-3569","1":"product","2":"type-product","3":"status-publish","4":"has-post-thumbnail","6":"product_cat-single-point-lubricators","7":"product_tag-single-point-lubrication-of-bearings","8":"product_tag-single-point-lubrication-of-motors","9":"product_tag-single-point-lubrication-of-spindles","11":"entry","12":"has-media","14":"first","15":"instock","16":"shipping-taxable","17":"product-type-external","18":"col","19":"span_1_of_3","20":"owp-content-center","21":"owp-thumbs-layout-horizontal","22":"owp-btn-very-big","23":"owp-tabs-layout-horizontal"},"_links":{"self":[{"href":"https:\/\/www.jinpinlub.com\/fr\/wp-json\/wp\/v2\/product\/3569","targetHints":{"allow":["GET"]}}],"collection":[{"href":"https:\/\/www.jinpinlub.com\/fr\/wp-json\/wp\/v2\/product"}],"about":[{"href":"https:\/\/www.jinpinlub.com\/fr\/wp-json\/wp\/v2\/types\/product"}],"wp:featuredmedia":[{"embeddable":true,"href":"https:\/\/www.jinpinlub.com\/fr\/wp-json\/wp\/v2\/media\/3563"}],"wp:attachment":[{"href":"https:\/\/www.jinpinlub.com\/fr\/wp-json\/wp\/v2\/media?parent=3569"}],"wp:term":[{"taxonomy":"product_brand","embeddable":true,"href":"https:\/\/www.jinpinlub.com\/fr\/wp-json\/wp\/v2\/product_brand?post=3569"},{"taxonomy":"product_cat","embeddable":true,"href":"https:\/\/www.jinpinlub.com\/fr\/wp-json\/wp\/v2\/product_cat?post=3569"},{"taxonomy":"product_tag","embeddable":true,"href":"https:\/\/www.jinpinlub.com\/fr\/wp-json\/wp\/v2\/product_tag?post=3569"}],"curies":[{"name":"wp","href":"https:\/\/api.w.org\/{rel}","templated":true}]}}