{"id":3666,"date":"2024-09-13T03:27:17","date_gmt":"2024-09-12T19:27:17","guid":{"rendered":"https:\/\/www.jinpinlub.com\/?post_type=product&#038;p=3666"},"modified":"2024-09-13T03:44:51","modified_gmt":"2024-09-12T19:44:51","slug":"pompe-a-graisse-electrique-bsb-pour-systemes-de-lubrification-a-double-ligne","status":"publish","type":"product","link":"https:\/\/www.jinpinlub.com\/fr\/product\/bsb-electric-grease-pump-for-dual-line-lubrication-systems\/","title":{"rendered":"Pompe \u00e0 graisse \u00e9lectrique BSB pour syst\u00e8mes de lubrification \u00e0 double ligne"},"content":{"rendered":"<h2>Fonctionnalit\u00e9<\/h2>\n<p>La pompe BSB est compos\u00e9e de deux soupapes \u00e0 piston et d&#039;un r\u00e9servoir d&#039;huile, et est entra\u00een\u00e9e par un moteur \u00e0 courant alternatif. Le mouvement de rotation du moteur est converti en mouvement alternatif du piston par l&#039;interm\u00e9diaire d&#039;une roue excentrique, r\u00e9alisant le processus d&#039;aspiration et de pression de l&#039;huile. Cette pompe peut \u00eatre utilis\u00e9e \u00e0 la fois pour les syst\u00e8mes de lubrification \u00e0 double ligne et les syst\u00e8mes progressifs \u00e0 ligne unique. La pompe doit \u00eatre install\u00e9e au centre du syst\u00e8me, capable de fournir de la graisse jusqu&#039;\u00e0 1000 points de lubrification. La longueur cumul\u00e9e de la sortie de la pompe \u00e0 l&#039;extr\u00e9mit\u00e9 la plus \u00e9loign\u00e9e de la canalisation principale doit \u00eatre contr\u00f4l\u00e9e dans les 100 m.<br \/>\nPression maximale 40 MPa, graisse lubrifiante NLGI 000-3# et huile \u2265 N68, temp\u00e9rature de fonctionnement -20 \u2103 ~ + 80 \u2103.<\/p>\n<h2>Sp\u00e9cification<\/h2>\n<table>\n<tbody>\n<tr>\n<td>Temp\u00e9rature de fonctionnement<\/td>\n<td>(-20\u00b0C \u00e0 +80\u00b0C)<\/td>\n<\/tr>\n<tr>\n<td>Nombre de points de vente<\/td>\n<td>1<\/td>\n<\/tr>\n<tr>\n<td>Capacit\u00e9 du r\u00e9servoir<\/td>\n<td>30L, 60L, 100L<\/td>\n<\/tr>\n<tr>\n<td>Remplissage<\/td>\n<td>De haut en bas<\/td>\n<\/tr>\n<tr>\n<td>Lubrifiant<\/td>\n<td>Graisse NLGI 000-3# et huile \u2265N68<\/td>\n<\/tr>\n<tr>\n<td>Classe de protection<\/td>\n<td>IP6K 9K<\/td>\n<\/tr>\n<tr>\n<td>Moteur 0,75 kW (80 tr\/min)<\/td>\n<td>120 ml\/min<\/td>\n<\/tr>\n<tr>\n<td>Moteur 1,5 kW (160 tr\/min)<\/td>\n<td>235 ml\/min<\/td>\n<\/tr>\n<tr>\n<td>Moteur 1,5 kW (250 tr\/min)<\/td>\n<td>365 ml\/min<\/td>\n<\/tr>\n<tr>\n<td>Pression de service max.<\/td>\n<td>400 bars<\/td>\n<\/tr>\n<tr>\n<td>Fil de connexion<\/td>\n<td>Sol 3\/8<\/td>\n<\/tr>\n<tr>\n<td>Tension de fonctionnement<\/td>\n<td>triphas\u00e9 380VAC 50Hz<\/td>\n<\/tr>\n<\/tbody>\n<\/table>\n<h2>Application<\/h2>\n<p>Machines industrielles : les pompes de lubrification de la s\u00e9rie BSB peuvent \u00eatre appliqu\u00e9es aux gros appareils m\u00e9caniques tels que les presses, les laminoirs et les machines de moulage par injection pour une lubrification multipoint.<br \/>\nAci\u00e9ries : La demande de lubrification dans le processus de production d&#039;acier est assez \u00e9lev\u00e9e et les pompes \u00e0 graisse BSB peuvent assurer le fonctionnement normal de l&#039;\u00e9quipement.<br \/>\nLes \u00e9quipements miniers fonctionnent g\u00e9n\u00e9ralement dans des conditions hostiles. Les pompes BSB ne peuvent qu&#039;aider \u00e0 fournir une lubrification appropri\u00e9e, prolongeant ainsi la dur\u00e9e de vie.<br \/>\nPapeteries : La fabrication d&#039;assiettes en papier n\u00e9cessite un graissage constant des machines pour que la production soit efficace ; c&#039;est une exigence \u00e0 laquelle les pompes BSB peuvent r\u00e9pondre.<br \/>\nCentrales \u00e9lectriques : La lubrification des \u00e9quipements de production d&#039;\u00e9lectricit\u00e9 est tr\u00e8s importante pour la stabilit\u00e9 de la production d&#039;\u00e9lectricit\u00e9. En outre, les pompes de lubrification \u00e0 double ligne BSB sont largement utilis\u00e9es dans ce domaine.<\/p>\n<h2>Manuels<\/h2>\n<div class=\"sdm_download_button_box_default\"><div class=\"sdm_download_link\"><a href=\"https:\/\/www.jinpinlub.com\/fr\/?sdm_process_download=1&download_id=3654\" class=\"sdm_download white\" title=\"Priv\u00e9\u00a0: BSB Dual-line Grease Pump\" target=\"&quot;_blank&quot;\">Voir la fiche technique - Pompe \u00e0 double ligne BSB<\/a><\/div><\/div>","protected":false},"excerpt":{"rendered":"<p>La pompe de lubrification \u00e9lectrique \u00e0 double ligne BSB d\u00e9livre le lubrifiant sous pression \u00e0 la conduite d&#039;alimentation principale via une vanne de commande \u00e9lectrique ou pneumatique, le r\u00e9partissant uniform\u00e9ment et avec pr\u00e9cision aux points de lubrification. Elle est utilis\u00e9e dans les machines industrielles, les aci\u00e9ries et les \u00e9quipements miniers.<\/p>","protected":false},"featured_media":3593,"template":"","meta":{"ocean_post_layout":"","ocean_both_sidebars_style":"","ocean_both_sidebars_content_width":0,"ocean_both_sidebars_sidebars_width":0,"ocean_sidebar":"0","ocean_second_sidebar":"0","ocean_disable_margins":"enable","ocean_add_body_class":"","ocean_shortcode_before_top_bar":"","ocean_shortcode_after_top_bar":"","ocean_shortcode_before_header":"","ocean_shortcode_after_header":"","ocean_has_shortcode":"","ocean_shortcode_after_title":"","ocean_shortcode_before_footer_widgets":"","ocean_shortcode_after_footer_widgets":"","ocean_shortcode_before_footer_bottom":"","ocean_shortcode_after_footer_bottom":"","ocean_display_top_bar":"default","ocean_display_header":"default","ocean_header_style":"","ocean_center_header_left_menu":"0","ocean_custom_header_template":"0","ocean_custom_logo":0,"ocean_custom_retina_logo":0,"ocean_custom_logo_max_width":0,"ocean_custom_logo_tablet_max_width":0,"ocean_custom_logo_mobile_max_width":0,"ocean_custom_logo_max_height":0,"ocean_custom_logo_tablet_max_height":0,"ocean_custom_logo_mobile_max_height":0,"ocean_header_custom_menu":"0","ocean_menu_typo_font_family":"0","ocean_menu_typo_font_subset":"","ocean_menu_typo_font_size":0,"ocean_menu_typo_font_size_tablet":0,"ocean_menu_typo_font_size_mobile":0,"ocean_menu_typo_font_size_unit":"px","ocean_menu_typo_font_weight":"","ocean_menu_typo_font_weight_tablet":"","ocean_menu_typo_font_weight_mobile":"","ocean_menu_typo_transform":"","ocean_menu_typo_transform_tablet":"","ocean_menu_typo_transform_mobile":"","ocean_menu_typo_line_height":0,"ocean_menu_typo_line_height_tablet":0,"ocean_menu_typo_line_height_mobile":0,"ocean_menu_typo_line_height_unit":"","ocean_menu_typo_spacing":0,"ocean_menu_typo_spacing_tablet":0,"ocean_menu_typo_spacing_mobile":0,"ocean_menu_typo_spacing_unit":"","ocean_menu_link_color":"","ocean_menu_link_color_hover":"","ocean_menu_link_color_active":"","ocean_menu_link_background":"","ocean_menu_link_hover_background":"","ocean_menu_link_active_background":"","ocean_menu_social_links_bg":"","ocean_menu_social_hover_links_bg":"","ocean_menu_social_links_color":"","ocean_menu_social_hover_links_color":"","ocean_disable_title":"default","ocean_disable_heading":"default","ocean_post_title":"","ocean_post_subheading":"","ocean_post_title_style":"","ocean_post_title_background_color":"","ocean_post_title_background":0,"ocean_post_title_bg_image_position":"","ocean_post_title_bg_image_attachment":"","ocean_post_title_bg_image_repeat":"","ocean_post_title_bg_image_size":"","ocean_post_title_height":0,"ocean_post_title_bg_overlay":0.5,"ocean_post_title_bg_overlay_color":"","ocean_disable_breadcrumbs":"default","ocean_breadcrumbs_color":"","ocean_breadcrumbs_separator_color":"","ocean_breadcrumbs_links_color":"","ocean_breadcrumbs_links_hover_color":"","ocean_display_footer_widgets":"default","ocean_display_footer_bottom":"default","ocean_custom_footer_template":"0","osh_disable_topbar_sticky":"default","osh_disable_header_sticky":"default","osh_sticky_header_style":"default","osh_sticky_header_effect":"","osh_custom_sticky_logo":0,"osh_custom_retina_sticky_logo":0,"osh_custom_sticky_logo_height":0,"osh_background_color":"","osh_links_color":"","osh_links_hover_color":"","osh_links_active_color":"","osh_links_bg_color":"","osh_links_hover_bg_color":"","osh_links_active_bg_color":"","osh_menu_social_links_color":"","osh_menu_social_hover_links_color":""},"product_brand":[],"product_cat":[35,34],"product_tag":[296,73,283],"class_list":{"0":"post-3666","1":"product","2":"type-product","3":"status-publish","4":"has-post-thumbnail","6":"product_cat-dual-line-lubrication-pumps","7":"product_cat-dual-line-lubrication-systems","8":"product_tag-dual-line-lubrication-pump","9":"product_tag-electric-lubrication-pump","10":"product_tag-electric-lubricator","12":"entry","13":"has-media","15":"first","16":"instock","17":"shipping-taxable","18":"product-type-external","19":"col","20":"span_1_of_3","21":"owp-content-center","22":"owp-thumbs-layout-horizontal","23":"owp-btn-very-big","24":"owp-tabs-layout-horizontal"},"_links":{"self":[{"href":"https:\/\/www.jinpinlub.com\/fr\/wp-json\/wp\/v2\/product\/3666","targetHints":{"allow":["GET"]}}],"collection":[{"href":"https:\/\/www.jinpinlub.com\/fr\/wp-json\/wp\/v2\/product"}],"about":[{"href":"https:\/\/www.jinpinlub.com\/fr\/wp-json\/wp\/v2\/types\/product"}],"wp:featuredmedia":[{"embeddable":true,"href":"https:\/\/www.jinpinlub.com\/fr\/wp-json\/wp\/v2\/media\/3593"}],"wp:attachment":[{"href":"https:\/\/www.jinpinlub.com\/fr\/wp-json\/wp\/v2\/media?parent=3666"}],"wp:term":[{"taxonomy":"product_brand","embeddable":true,"href":"https:\/\/www.jinpinlub.com\/fr\/wp-json\/wp\/v2\/product_brand?post=3666"},{"taxonomy":"product_cat","embeddable":true,"href":"https:\/\/www.jinpinlub.com\/fr\/wp-json\/wp\/v2\/product_cat?post=3666"},{"taxonomy":"product_tag","embeddable":true,"href":"https:\/\/www.jinpinlub.com\/fr\/wp-json\/wp\/v2\/product_tag?post=3666"}],"curies":[{"name":"wp","href":"https:\/\/api.w.org\/{rel}","templated":true}]}}