{"id":3668,"date":"2024-09-13T16:53:41","date_gmt":"2024-09-13T08:53:41","guid":{"rendered":"https:\/\/www.jinpinlub.com\/?post_type=product&#038;p=3668"},"modified":"2024-09-13T17:56:08","modified_gmt":"2024-09-13T09:56:08","slug":"vanne-dinversion-hydraulique-20mpa-dr4-5-pour-systeme-a-double-ligne","status":"publish","type":"product","link":"https:\/\/www.jinpinlub.com\/fr\/product\/20mpa-dr4-5-hydraulic-reversing-valve-for-dual-line-system\/","title":{"rendered":"Vanne d&#039;inversion hydraulique DR4-5 20 MPa pour syst\u00e8me \u00e0 double ligne"},"content":{"rendered":"<h2>Fonctionnalit\u00e9<\/h2>\n<p>Il est utilis\u00e9 pour le syst\u00e8me de lubrification centralis\u00e9 \u00e9lectrique, qui envoie alternativement la sortie de lubrifiant de la pompe de lubrification \u00e0 deux conduites principales d&#039;alimentation en huile. La vanne a sa propre fonction de r\u00e9gulation de pression et peut changer automatiquement de direction. La pression de consigne d&#039;inversion peut \u00eatre r\u00e9gl\u00e9e de 0 \u00e0 20 MPa. La structure est simple et l&#039;inversion est fiable.<\/p>\n<h2>Sp\u00e9cification<\/h2>\n<table>\n<tbody>\n<tr>\n<td>Mod\u00e8le<\/td>\n<td>DR4-5<\/td>\n<\/tr>\n<tr>\n<td>Pression de service<\/td>\n<td>3,5 \u00e0 20 MPa<\/td>\n<\/tr>\n<tr>\n<td>Pression r\u00e9gl\u00e9e en usine<\/td>\n<td>10,5 MPa<\/td>\n<\/tr>\n<tr>\n<td>Syst\u00e8me applicable<\/td>\n<td>Syst\u00e8me \u00e0 double ligne de type anneau et pulv\u00e9risation<\/td>\n<\/tr>\n<tr>\n<td>Pompe compatible<\/td>\n<td>Pompes \u00e0 double ligne telles que les pompes BSB et GP<\/td>\n<\/tr>\n<tr>\n<td>Poids net<\/td>\n<td>7 kg<\/td>\n<\/tr>\n<\/tbody>\n<\/table>\n<h2>Application<\/h2>\n<p>Les machines d&#039;ing\u00e9nierie utilisent la vanne d&#039;inversion hydraulique DR4-5 pour contr\u00f4ler le sens de d\u00e9placement du v\u00e9rin hydraulique et du moteur hydraulique.<br \/>\n\u00c9quipement industriel : Dans la presse hydraulique, la machine de moulage par injection, la machine-outil \u00e0 commande num\u00e9rique, etc., la fonction de l&#039;\u00e9quipement de contr\u00f4le automatique est r\u00e9alis\u00e9e via la vanne hydraulique DR4-5.<br \/>\nMachines agricoles : comme les tracteurs et les moissonneuses-batteuses, le contr\u00f4le du syst\u00e8me hydraulique utilise la vanne d&#039;inversion DR4-5.<br \/>\nSyst\u00e8me de lubrification : en particulier dans le syst\u00e8me de lubrification centralis\u00e9 des terminaux \u00e9lectriques, les vannes d&#039;inversion hydrauliques DR4-5 distribuent les lubrifiants en alternance vers diff\u00e9rents tuyaux d&#039;alimentation en huile de lubrification.<\/p>\n<h2>Manuels<\/h2>\n<div class=\"sdm_download_button_box_default\"><div class=\"sdm_download_link\"><a href=\"https:\/\/www.jinpinlub.com\/fr\/?sdm_process_download=1&download_id=3655\" class=\"sdm_download white\" title=\"Priv\u00e9\u00a0: DR4-5 Directional Valve\" target=\"&quot;_blank&quot;\">Voir la fiche technique - Vanne directionnelle DR4-5<\/a><\/div><\/div>","protected":false},"excerpt":{"rendered":"<p>La vanne d&#039;inversion hydraulique DR4-5 est un composant cl\u00e9 utilis\u00e9 pour contr\u00f4ler le sens d&#039;\u00e9coulement du fluide dans les syst\u00e8mes hydrauliques, particuli\u00e8rement utilis\u00e9 dans les syst\u00e8mes de lubrification centralis\u00e9e \u00e0 double ligne tels que les machines de construction, les \u00e9quipements industriels et les machines agricoles.<\/p>","protected":false},"featured_media":3597,"template":"","meta":{"ocean_post_layout":"","ocean_both_sidebars_style":"","ocean_both_sidebars_content_width":0,"ocean_both_sidebars_sidebars_width":0,"ocean_sidebar":"0","ocean_second_sidebar":"0","ocean_disable_margins":"enable","ocean_add_body_class":"","ocean_shortcode_before_top_bar":"","ocean_shortcode_after_top_bar":"","ocean_shortcode_before_header":"","ocean_shortcode_after_header":"","ocean_has_shortcode":"","ocean_shortcode_after_title":"","ocean_shortcode_before_footer_widgets":"","ocean_shortcode_after_footer_widgets":"","ocean_shortcode_before_footer_bottom":"","ocean_shortcode_after_footer_bottom":"","ocean_display_top_bar":"default","ocean_display_header":"default","ocean_header_style":"","ocean_center_header_left_menu":"0","ocean_custom_header_template":"0","ocean_custom_logo":0,"ocean_custom_retina_logo":0,"ocean_custom_logo_max_width":0,"ocean_custom_logo_tablet_max_width":0,"ocean_custom_logo_mobile_max_width":0,"ocean_custom_logo_max_height":0,"ocean_custom_logo_tablet_max_height":0,"ocean_custom_logo_mobile_max_height":0,"ocean_header_custom_menu":"0","ocean_menu_typo_font_family":"0","ocean_menu_typo_font_subset":"","ocean_menu_typo_font_size":0,"ocean_menu_typo_font_size_tablet":0,"ocean_menu_typo_font_size_mobile":0,"ocean_menu_typo_font_size_unit":"px","ocean_menu_typo_font_weight":"","ocean_menu_typo_font_weight_tablet":"","ocean_menu_typo_font_weight_mobile":"","ocean_menu_typo_transform":"","ocean_menu_typo_transform_tablet":"","ocean_menu_typo_transform_mobile":"","ocean_menu_typo_line_height":0,"ocean_menu_typo_line_height_tablet":0,"ocean_menu_typo_line_height_mobile":0,"ocean_menu_typo_line_height_unit":"","ocean_menu_typo_spacing":0,"ocean_menu_typo_spacing_tablet":0,"ocean_menu_typo_spacing_mobile":0,"ocean_menu_typo_spacing_unit":"","ocean_menu_link_color":"","ocean_menu_link_color_hover":"","ocean_menu_link_color_active":"","ocean_menu_link_background":"","ocean_menu_link_hover_background":"","ocean_menu_link_active_background":"","ocean_menu_social_links_bg":"","ocean_menu_social_hover_links_bg":"","ocean_menu_social_links_color":"","ocean_menu_social_hover_links_color":"","ocean_disable_title":"default","ocean_disable_heading":"default","ocean_post_title":"","ocean_post_subheading":"","ocean_post_title_style":"","ocean_post_title_background_color":"","ocean_post_title_background":0,"ocean_post_title_bg_image_position":"","ocean_post_title_bg_image_attachment":"","ocean_post_title_bg_image_repeat":"","ocean_post_title_bg_image_size":"","ocean_post_title_height":0,"ocean_post_title_bg_overlay":0.5,"ocean_post_title_bg_overlay_color":"","ocean_disable_breadcrumbs":"default","ocean_breadcrumbs_color":"","ocean_breadcrumbs_separator_color":"","ocean_breadcrumbs_links_color":"","ocean_breadcrumbs_links_hover_color":"","ocean_display_footer_widgets":"default","ocean_display_footer_bottom":"default","ocean_custom_footer_template":"0","osh_disable_topbar_sticky":"default","osh_disable_header_sticky":"default","osh_sticky_header_style":"default","osh_sticky_header_effect":"","osh_custom_sticky_logo":0,"osh_custom_retina_sticky_logo":0,"osh_custom_sticky_logo_height":0,"osh_background_color":"","osh_links_color":"","osh_links_hover_color":"","osh_links_active_color":"","osh_links_bg_color":"","osh_links_hover_bg_color":"","osh_links_active_bg_color":"","osh_menu_social_links_color":"","osh_menu_social_hover_links_color":""},"product_brand":[],"product_cat":[36,34],"product_tag":[298,297,299],"class_list":{"0":"post-3668","1":"product","2":"type-product","3":"status-publish","4":"has-post-thumbnail","6":"product_cat-dual-line-divider-valves","7":"product_cat-dual-line-lubrication-systems","8":"product_tag-dual-line-lubrication-reversing-valve","9":"product_tag-hydraulic-reversing-valve","10":"product_tag-lubrication-system-reversing-valve","12":"entry","13":"has-media","15":"first","16":"instock","17":"shipping-taxable","18":"product-type-external","19":"col","20":"span_1_of_3","21":"owp-content-center","22":"owp-thumbs-layout-horizontal","23":"owp-btn-very-big","24":"owp-tabs-layout-horizontal"},"_links":{"self":[{"href":"https:\/\/www.jinpinlub.com\/fr\/wp-json\/wp\/v2\/product\/3668","targetHints":{"allow":["GET"]}}],"collection":[{"href":"https:\/\/www.jinpinlub.com\/fr\/wp-json\/wp\/v2\/product"}],"about":[{"href":"https:\/\/www.jinpinlub.com\/fr\/wp-json\/wp\/v2\/types\/product"}],"wp:featuredmedia":[{"embeddable":true,"href":"https:\/\/www.jinpinlub.com\/fr\/wp-json\/wp\/v2\/media\/3597"}],"wp:attachment":[{"href":"https:\/\/www.jinpinlub.com\/fr\/wp-json\/wp\/v2\/media?parent=3668"}],"wp:term":[{"taxonomy":"product_brand","embeddable":true,"href":"https:\/\/www.jinpinlub.com\/fr\/wp-json\/wp\/v2\/product_brand?post=3668"},{"taxonomy":"product_cat","embeddable":true,"href":"https:\/\/www.jinpinlub.com\/fr\/wp-json\/wp\/v2\/product_cat?post=3668"},{"taxonomy":"product_tag","embeddable":true,"href":"https:\/\/www.jinpinlub.com\/fr\/wp-json\/wp\/v2\/product_tag?post=3668"}],"curies":[{"name":"wp","href":"https:\/\/api.w.org\/{rel}","templated":true}]}}