{"id":3671,"date":"2024-09-13T20:22:46","date_gmt":"2024-09-13T12:22:46","guid":{"rendered":"https:\/\/www.jinpinlub.com\/?post_type=product&#038;p=3671"},"modified":"2024-09-13T21:41:18","modified_gmt":"2024-09-13T13:41:18","slug":"vannes-de-dosage-dv-h-zvc-pour-systemes-de-lubrification-a-double-ligne","status":"publish","type":"product","link":"https:\/\/www.jinpinlub.com\/fr\/product\/dv-h-zvc-metering-valves-for-dual-line-lubrication-systems\/","title":{"rendered":"Vannes de dosage DV-H ZVC pour syst\u00e8mes de lubrification \u00e0 double ligne"},"content":{"rendered":"<h2>Fonctionnalit\u00e9<\/h2>\n<p>Convient aux syst\u00e8mes de lubrification centralis\u00e9s \u00e0 double ligne de 20 MPa. Il entra\u00eene le piston pour produire du lubrifiant sous la pression d&#039;alimentation en huile altern\u00e9e de deux tuyaux d&#039;alimentation en huile, compl\u00e9tant ainsi la distribution quantitative du lubrifiant.<br \/>\nLes sorties DV-H sont toutes situ\u00e9es en bas et le piston du distributeur se d\u00e9place vers l&#039;avant et vers l&#039;arri\u00e8re \u00e0 partir de la m\u00eame sortie pour la sortie. Chaque fois que le syst\u00e8me fonctionne, chaque sortie est sortie une fois.<br \/>\nLe fonctionnement du DV-H peut \u00eatre observ\u00e9 directement \u00e0 partir de l&#039;indicateur et le volume de sortie de chaque sortie peut \u00eatre ajust\u00e9 dans la plage sp\u00e9cifi\u00e9e en ajustant les vis.<\/p>\n<h2>Sp\u00e9cification<\/h2>\n<figure id=\"attachment_3672\" aria-describedby=\"caption-attachment-3672\" style=\"width: 900px\" class=\"wp-caption alignnone\"><img loading=\"lazy\" decoding=\"async\" class=\"size-full wp-image-3672\" src=\"https:\/\/www.jinpinlub.com\/wp-content\/uploads\/2024\/09\/DV-H-Specification.jpg\" alt=\"Sp\u00e9cification DV-H\" width=\"900\" height=\"660\" srcset=\"https:\/\/www.jinpinlub.com\/wp-content\/uploads\/2024\/09\/DV-H-Specification.jpg 900w, https:\/\/www.jinpinlub.com\/wp-content\/uploads\/2024\/09\/DV-H-Specification-300x220.jpg 300w, https:\/\/www.jinpinlub.com\/wp-content\/uploads\/2024\/09\/DV-H-Specification-768x563.jpg 768w, https:\/\/www.jinpinlub.com\/wp-content\/uploads\/2024\/09\/DV-H-Specification-16x12.jpg 16w, https:\/\/www.jinpinlub.com\/wp-content\/uploads\/2024\/09\/DV-H-Specification-800x587.jpg 800w\" sizes=\"auto, (max-width: 900px) 100vw, 900px\" \/><figcaption id=\"caption-attachment-3672\" class=\"wp-caption-text\">Sp\u00e9cification DV-H<\/figcaption><\/figure>\n<h2>Application<\/h2>\n<p>Industrie manufacturi\u00e8re : les distributeurs ZVC sont utilis\u00e9s dans les syst\u00e8mes de lubrification \u00e0 double ligne tels que les machines-outils, les machines de moulage sous pression et les machines de moulage par injection.<br \/>\nIndustrie sid\u00e9rurgique : les distributeurs ZVC sont utilis\u00e9s dans les syst\u00e8mes de lubrification \u00e0 double ligne pour les laminoirs, les machines de coul\u00e9e continue et autres \u00e9quipements.<br \/>\nIndustrie mini\u00e8re : les vannes de dosage \u00e0 double ligne ZVC sont utilis\u00e9es pour la lubrification des machines et \u00e9quipements miniers, tels que les concasseurs et les cribleurs.<br \/>\nIndustrie papeti\u00e8re : les dispositifs de dosage \u00e0 double ligne ZVC sont utilis\u00e9s pour la lubrification des machines de fabrication de papier afin d&#039;assurer le bon fonctionnement des \u00e9quipements.<br \/>\nIndustrie chimique : les distributeurs DV-H sont utilis\u00e9s pour la lubrification des \u00e9quipements chimiques afin de pr\u00e9venir l&#039;usure et la corrosion des \u00e9quipements.<\/p>\n<h2>Manuels<\/h2>\n<div class=\"sdm_download_button_box_default\"><div class=\"sdm_download_link\"><a href=\"https:\/\/www.jinpinlub.com\/fr\/?sdm_process_download=1&download_id=3656\" class=\"sdm_download white\" title=\"Priv\u00e9\u00a0: DV-H Dual-line Distributor\" target=\"&quot;_blank&quot;\">Voir la fiche technique - Distributeur DV-H<\/a><\/div><\/div>","protected":false},"excerpt":{"rendered":"<p>Le distributeur \u00e0 double ligne ZV-C est utilis\u00e9 dans un syst\u00e8me de lubrification centralis\u00e9 \u00e0 double ligne, qui peut distribuer quantitativement la graisse lubrifiante \u00e0 chaque point de lubrification. Il convient aux industries manufacturi\u00e8res, sid\u00e9rurgiques, mini\u00e8res, papeti\u00e8res et chimiques. Le d\u00e9bit est r\u00e9glable.<\/p>","protected":false},"featured_media":3673,"template":"","meta":{"ocean_post_layout":"","ocean_both_sidebars_style":"","ocean_both_sidebars_content_width":0,"ocean_both_sidebars_sidebars_width":0,"ocean_sidebar":"0","ocean_second_sidebar":"0","ocean_disable_margins":"enable","ocean_add_body_class":"","ocean_shortcode_before_top_bar":"","ocean_shortcode_after_top_bar":"","ocean_shortcode_before_header":"","ocean_shortcode_after_header":"","ocean_has_shortcode":"","ocean_shortcode_after_title":"","ocean_shortcode_before_footer_widgets":"","ocean_shortcode_after_footer_widgets":"","ocean_shortcode_before_footer_bottom":"","ocean_shortcode_after_footer_bottom":"","ocean_display_top_bar":"default","ocean_display_header":"default","ocean_header_style":"","ocean_center_header_left_menu":"0","ocean_custom_header_template":"0","ocean_custom_logo":0,"ocean_custom_retina_logo":0,"ocean_custom_logo_max_width":0,"ocean_custom_logo_tablet_max_width":0,"ocean_custom_logo_mobile_max_width":0,"ocean_custom_logo_max_height":0,"ocean_custom_logo_tablet_max_height":0,"ocean_custom_logo_mobile_max_height":0,"ocean_header_custom_menu":"0","ocean_menu_typo_font_family":"0","ocean_menu_typo_font_subset":"","ocean_menu_typo_font_size":0,"ocean_menu_typo_font_size_tablet":0,"ocean_menu_typo_font_size_mobile":0,"ocean_menu_typo_font_size_unit":"px","ocean_menu_typo_font_weight":"","ocean_menu_typo_font_weight_tablet":"","ocean_menu_typo_font_weight_mobile":"","ocean_menu_typo_transform":"","ocean_menu_typo_transform_tablet":"","ocean_menu_typo_transform_mobile":"","ocean_menu_typo_line_height":0,"ocean_menu_typo_line_height_tablet":0,"ocean_menu_typo_line_height_mobile":0,"ocean_menu_typo_line_height_unit":"","ocean_menu_typo_spacing":0,"ocean_menu_typo_spacing_tablet":0,"ocean_menu_typo_spacing_mobile":0,"ocean_menu_typo_spacing_unit":"","ocean_menu_link_color":"","ocean_menu_link_color_hover":"","ocean_menu_link_color_active":"","ocean_menu_link_background":"","ocean_menu_link_hover_background":"","ocean_menu_link_active_background":"","ocean_menu_social_links_bg":"","ocean_menu_social_hover_links_bg":"","ocean_menu_social_links_color":"","ocean_menu_social_hover_links_color":"","ocean_disable_title":"default","ocean_disable_heading":"default","ocean_post_title":"","ocean_post_subheading":"","ocean_post_title_style":"","ocean_post_title_background_color":"","ocean_post_title_background":0,"ocean_post_title_bg_image_position":"","ocean_post_title_bg_image_attachment":"","ocean_post_title_bg_image_repeat":"","ocean_post_title_bg_image_size":"","ocean_post_title_height":0,"ocean_post_title_bg_overlay":0.5,"ocean_post_title_bg_overlay_color":"","ocean_disable_breadcrumbs":"default","ocean_breadcrumbs_color":"","ocean_breadcrumbs_separator_color":"","ocean_breadcrumbs_links_color":"","ocean_breadcrumbs_links_hover_color":"","ocean_display_footer_widgets":"default","ocean_display_footer_bottom":"default","ocean_custom_footer_template":"0","osh_disable_topbar_sticky":"default","osh_disable_header_sticky":"default","osh_sticky_header_style":"default","osh_sticky_header_effect":"","osh_custom_sticky_logo":0,"osh_custom_retina_sticky_logo":0,"osh_custom_sticky_logo_height":0,"osh_background_color":"","osh_links_color":"","osh_links_hover_color":"","osh_links_active_color":"","osh_links_bg_color":"","osh_links_hover_bg_color":"","osh_links_active_bg_color":"","osh_menu_social_links_color":"","osh_menu_social_hover_links_color":""},"product_brand":[],"product_cat":[36,34],"product_tag":[300,302,301],"class_list":{"0":"post-3671","1":"product","2":"type-product","3":"status-publish","4":"has-post-thumbnail","6":"product_cat-dual-line-divider-valves","7":"product_cat-dual-line-lubrication-systems","8":"product_tag-dual-line-distributor","9":"product_tag-dual-line-grease-distributor","10":"product_tag-dual-line-metering-valve","12":"entry","13":"has-media","15":"first","16":"instock","17":"shipping-taxable","18":"product-type-external","19":"col","20":"span_1_of_3","21":"owp-content-center","22":"owp-thumbs-layout-horizontal","23":"owp-btn-very-big","24":"owp-tabs-layout-horizontal"},"_links":{"self":[{"href":"https:\/\/www.jinpinlub.com\/fr\/wp-json\/wp\/v2\/product\/3671","targetHints":{"allow":["GET"]}}],"collection":[{"href":"https:\/\/www.jinpinlub.com\/fr\/wp-json\/wp\/v2\/product"}],"about":[{"href":"https:\/\/www.jinpinlub.com\/fr\/wp-json\/wp\/v2\/types\/product"}],"wp:featuredmedia":[{"embeddable":true,"href":"https:\/\/www.jinpinlub.com\/fr\/wp-json\/wp\/v2\/media\/3673"}],"wp:attachment":[{"href":"https:\/\/www.jinpinlub.com\/fr\/wp-json\/wp\/v2\/media?parent=3671"}],"wp:term":[{"taxonomy":"product_brand","embeddable":true,"href":"https:\/\/www.jinpinlub.com\/fr\/wp-json\/wp\/v2\/product_brand?post=3671"},{"taxonomy":"product_cat","embeddable":true,"href":"https:\/\/www.jinpinlub.com\/fr\/wp-json\/wp\/v2\/product_cat?post=3671"},{"taxonomy":"product_tag","embeddable":true,"href":"https:\/\/www.jinpinlub.com\/fr\/wp-json\/wp\/v2\/product_tag?post=3671"}],"curies":[{"name":"wp","href":"https:\/\/api.w.org\/{rel}","templated":true}]}}