{"id":3674,"date":"2024-09-13T22:13:05","date_gmt":"2024-09-13T14:13:05","guid":{"rendered":"https:\/\/www.jinpinlub.com\/?post_type=product&#038;p=3674"},"modified":"2024-09-13T22:36:52","modified_gmt":"2024-09-13T14:36:52","slug":"pompe-de-lubrification-electrique-multipoint-fza-1-14-sortie-315bar","status":"publish","type":"product","link":"https:\/\/www.jinpinlub.com\/fr\/product\/fza-1-14-outlet-315bar-multi-point-electric-lubrication-pump\/","title":{"rendered":"Pompe de lubrification \u00e9lectrique multipoint FZA 1-14 Sortie 315bar"},"content":{"rendered":"<h2>Fonctionnalit\u00e9<\/h2>\n<p>La pompe est adapt\u00e9e aux syst\u00e8mes de lubrification multilignes avec une faible fr\u00e9quence de lubrification, des points de lubrification inf\u00e9rieurs \u00e0 50 points et une pression nominale de 31,5 MPa. Il s&#039;agit d&#039;un dispositif qui, directement ou par l&#039;interm\u00e9diaire d&#039;un distributeur \u00e0 ligne unique, fournit de la graisse lubrifiante aux points de lubrification. Particuli\u00e8rement adapt\u00e9 aux \u00e9quipements \u00e0 machine unique tels que la m\u00e9tallurgie, l&#039;exploitation mini\u00e8re, les machines lourdes, la construction de transports portuaires, etc.<\/p>\n<h2>Sp\u00e9cification<\/h2>\n<table>\n<tbody>\n<tr>\n<td>Temp\u00e9rature de fonctionnement<\/td>\n<td>(-20 ~ +80 \u2103)<\/td>\n<\/tr>\n<tr>\n<td>Nombre de points de vente<\/td>\n<td>1~14<\/td>\n<\/tr>\n<tr>\n<td>Capacit\u00e9 du r\u00e9servoir<\/td>\n<td>10L, 20L, 30L<\/td>\n<\/tr>\n<tr>\n<td>Remplissage<\/td>\n<td>Raccord de lubrification hydraulique<\/td>\n<\/tr>\n<tr>\n<td>Lubrifiant<\/td>\n<td>Graisse NLGI 0 #~2 #, Huile \u2265 N68<\/td>\n<\/tr>\n<tr>\n<td>Classe de protection<\/td>\n<td>IP6K 9K<\/td>\n<\/tr>\n<tr>\n<td>D\u00e9charge<\/td>\n<td>1,8, 3,5, 5,8, 10,5, 25 ml\/min<\/td>\n<\/tr>\n<tr>\n<td>Pression de service max.<\/td>\n<td>315 bars<\/td>\n<\/tr>\n<tr>\n<td>Fil de connexion<\/td>\n<td>M14*1 (\u03a68)<\/td>\n<\/tr>\n<tr>\n<td>Tension de fonctionnement<\/td>\n<td>380 VCA<\/td>\n<\/tr>\n<tr>\n<td>Vitesse de travail<\/td>\n<td>22 cycles\/min<\/td>\n<\/tr>\n<\/tbody>\n<\/table>\n<h2>Application<\/h2>\n<p>1. Ce type de pompe de lubrification multipoint doit \u00eatre install\u00e9 dans un endroit avec une temp\u00e9rature ambiante appropri\u00e9e, peu de poussi\u00e8re, une inspection et un entretien faciles et un r\u00e9approvisionnement en graisse pratique.<br \/>\n2. L&#039;ajout de graisse dans le r\u00e9servoir doit \u00eatre effectu\u00e9 via l&#039;orifice de remplissage du r\u00e9servoir \u00e0 l&#039;aide d&#039;une pompe de remplissage, et il est strictement interdit de retirer le couvercle et d&#039;ajouter du lubrifiant non filtr\u00e9.<br \/>\n3. Connectez le moteur selon le sens de rotation indiqu\u00e9 sur la paroi du r\u00e9servoir de stockage d&#039;huile et ne l&#039;inversez pas.<br \/>\n4. Le nombre d&#039;orifices d&#039;huile peut \u00eatre librement s\u00e9lectionn\u00e9 dans la plage de 1 \u00e0 14. En fonction des exigences de l&#039;\u00e9quipement, les composants de la pompe \u00e0 piston de pression qui ne sont pas n\u00e9cessaires peuvent \u00eatre retir\u00e9s d&#039;eux-m\u00eames et les trous de vis peuvent \u00eatre scell\u00e9s avec des bouchons M20x1,5.<\/p>\n<h2>Manuels<\/h2>\n<div class=\"sdm_download_button_box_default\"><div class=\"sdm_download_link\"><a href=\"https:\/\/www.jinpinlub.com\/fr\/?sdm_process_download=1&download_id=3657\" class=\"sdm_download white\" title=\"Priv\u00e9\u00a0: FZ-A Multipoint Pump\" target=\"&quot;_blank&quot;\">Voir la fiche technique - Pompe multipoint FZ-A<\/a><\/div><\/div>","protected":false},"excerpt":{"rendered":"<p>La FZ-A est une pompe de lubrification multipoint \u00e9lectrique qui peut desservir jusqu&#039;\u00e0 14 points de lubrification. Elle est dot\u00e9e de composants robustes et d&#039;un agitateur de graisse pour assurer une distribution continue de la graisse. Elle dispose de plusieurs capacit\u00e9s de d\u00e9charge et peut traiter des huiles et des graisses jusqu&#039;\u00e0 NLGI 000-2.<\/p>","protected":false},"featured_media":3607,"template":"","meta":{"ocean_post_layout":"","ocean_both_sidebars_style":"","ocean_both_sidebars_content_width":0,"ocean_both_sidebars_sidebars_width":0,"ocean_sidebar":"0","ocean_second_sidebar":"0","ocean_disable_margins":"enable","ocean_add_body_class":"","ocean_shortcode_before_top_bar":"","ocean_shortcode_after_top_bar":"","ocean_shortcode_before_header":"","ocean_shortcode_after_header":"","ocean_has_shortcode":"","ocean_shortcode_after_title":"","ocean_shortcode_before_footer_widgets":"","ocean_shortcode_after_footer_widgets":"","ocean_shortcode_before_footer_bottom":"","ocean_shortcode_after_footer_bottom":"","ocean_display_top_bar":"default","ocean_display_header":"default","ocean_header_style":"","ocean_center_header_left_menu":"0","ocean_custom_header_template":"0","ocean_custom_logo":0,"ocean_custom_retina_logo":0,"ocean_custom_logo_max_width":0,"ocean_custom_logo_tablet_max_width":0,"ocean_custom_logo_mobile_max_width":0,"ocean_custom_logo_max_height":0,"ocean_custom_logo_tablet_max_height":0,"ocean_custom_logo_mobile_max_height":0,"ocean_header_custom_menu":"0","ocean_menu_typo_font_family":"0","ocean_menu_typo_font_subset":"","ocean_menu_typo_font_size":0,"ocean_menu_typo_font_size_tablet":0,"ocean_menu_typo_font_size_mobile":0,"ocean_menu_typo_font_size_unit":"px","ocean_menu_typo_font_weight":"","ocean_menu_typo_font_weight_tablet":"","ocean_menu_typo_font_weight_mobile":"","ocean_menu_typo_transform":"","ocean_menu_typo_transform_tablet":"","ocean_menu_typo_transform_mobile":"","ocean_menu_typo_line_height":0,"ocean_menu_typo_line_height_tablet":0,"ocean_menu_typo_line_height_mobile":0,"ocean_menu_typo_line_height_unit":"","ocean_menu_typo_spacing":0,"ocean_menu_typo_spacing_tablet":0,"ocean_menu_typo_spacing_mobile":0,"ocean_menu_typo_spacing_unit":"","ocean_menu_link_color":"","ocean_menu_link_color_hover":"","ocean_menu_link_color_active":"","ocean_menu_link_background":"","ocean_menu_link_hover_background":"","ocean_menu_link_active_background":"","ocean_menu_social_links_bg":"","ocean_menu_social_hover_links_bg":"","ocean_menu_social_links_color":"","ocean_menu_social_hover_links_color":"","ocean_disable_title":"default","ocean_disable_heading":"default","ocean_post_title":"","ocean_post_subheading":"","ocean_post_title_style":"","ocean_post_title_background_color":"","ocean_post_title_background":0,"ocean_post_title_bg_image_position":"","ocean_post_title_bg_image_attachment":"","ocean_post_title_bg_image_repeat":"","ocean_post_title_bg_image_size":"","ocean_post_title_height":0,"ocean_post_title_bg_overlay":0.5,"ocean_post_title_bg_overlay_color":"","ocean_disable_breadcrumbs":"default","ocean_breadcrumbs_color":"","ocean_breadcrumbs_separator_color":"","ocean_breadcrumbs_links_color":"","ocean_breadcrumbs_links_hover_color":"","ocean_display_footer_widgets":"default","ocean_display_footer_bottom":"default","ocean_custom_footer_template":"0","osh_disable_topbar_sticky":"default","osh_disable_header_sticky":"default","osh_sticky_header_style":"default","osh_sticky_header_effect":"","osh_custom_sticky_logo":0,"osh_custom_retina_sticky_logo":0,"osh_custom_sticky_logo_height":0,"osh_background_color":"","osh_links_color":"","osh_links_hover_color":"","osh_links_active_color":"","osh_links_bg_color":"","osh_links_hover_bg_color":"","osh_links_active_bg_color":"","osh_menu_social_links_color":"","osh_menu_social_hover_links_color":""},"product_brand":[],"product_cat":[42,41],"product_tag":[73,77,205],"class_list":{"0":"post-3674","1":"product","2":"type-product","3":"status-publish","4":"has-post-thumbnail","6":"product_cat-electric-progressive-pumps","7":"product_cat-progressive-grease-systems","8":"product_tag-electric-lubrication-pump","9":"product_tag-grease-lubrication-pump","10":"product_tag-multi-point-lubrication-pump","12":"entry","13":"has-media","15":"first","16":"instock","17":"shipping-taxable","18":"product-type-external","19":"col","20":"span_1_of_3","21":"owp-content-center","22":"owp-thumbs-layout-horizontal","23":"owp-btn-very-big","24":"owp-tabs-layout-horizontal"},"_links":{"self":[{"href":"https:\/\/www.jinpinlub.com\/fr\/wp-json\/wp\/v2\/product\/3674","targetHints":{"allow":["GET"]}}],"collection":[{"href":"https:\/\/www.jinpinlub.com\/fr\/wp-json\/wp\/v2\/product"}],"about":[{"href":"https:\/\/www.jinpinlub.com\/fr\/wp-json\/wp\/v2\/types\/product"}],"wp:featuredmedia":[{"embeddable":true,"href":"https:\/\/www.jinpinlub.com\/fr\/wp-json\/wp\/v2\/media\/3607"}],"wp:attachment":[{"href":"https:\/\/www.jinpinlub.com\/fr\/wp-json\/wp\/v2\/media?parent=3674"}],"wp:term":[{"taxonomy":"product_brand","embeddable":true,"href":"https:\/\/www.jinpinlub.com\/fr\/wp-json\/wp\/v2\/product_brand?post=3674"},{"taxonomy":"product_cat","embeddable":true,"href":"https:\/\/www.jinpinlub.com\/fr\/wp-json\/wp\/v2\/product_cat?post=3674"},{"taxonomy":"product_tag","embeddable":true,"href":"https:\/\/www.jinpinlub.com\/fr\/wp-json\/wp\/v2\/product_tag?post=3674"}],"curies":[{"name":"wp","href":"https:\/\/api.w.org\/{rel}","templated":true}]}}