{"id":3677,"date":"2024-09-13T22:58:55","date_gmt":"2024-09-13T14:58:55","guid":{"rendered":"https:\/\/www.jinpinlub.com\/?post_type=product&#038;p=3677"},"modified":"2024-09-13T23:20:47","modified_gmt":"2024-09-13T15:20:47","slug":"electrovanne-directionnelle-sv-pour-pompe-de-lubrification-a-double-conduite","status":"publish","type":"product","link":"https:\/\/www.jinpinlub.com\/fr\/product\/sv-solenoid-directional-valve-for-dual-line-lubrication-pump\/","title":{"rendered":"\u00c9lectrovanne directionnelle SV pour pompe de lubrification \u00e0 double conduite"},"content":{"rendered":"<h2>Fonctionnalit\u00e9<\/h2>\n<p>Il est utilis\u00e9 dans le syst\u00e8me de lubrification des bornes \u00e9lectriques. Le bo\u00eetier de commande \u00e9lectrique re\u00e7oit le signal de la vanne de r\u00e9gulation de pression et commande la vanne pour r\u00e9aliser l&#039;alimentation altern\u00e9e et l&#039;ouverture de deux lignes principales.<br \/>\nLa structure de la vanne \u00e0 tiroir cylindrique est adopt\u00e9e pour ouvrir et fermer herm\u00e9tiquement l&#039;orifice de la vanne et maintenir une pression \u00e9lev\u00e9e sans fuite. L&#039;\u00e9lectroaimant puissant et le tampon \u00e0 ressort rendent la commutation fiable.<\/p>\n<h2>Sp\u00e9cification<\/h2>\n<table>\n<tbody>\n<tr>\n<td>Mod\u00e8le<\/td>\n<td>SV<\/td>\n<\/tr>\n<tr>\n<td>Pression de service<\/td>\n<td>20 MPa<\/td>\n<\/tr>\n<tr>\n<td>Port de retour<\/td>\n<td>10 MPa<\/td>\n<\/tr>\n<tr>\n<td>D\u00e9bit<\/td>\n<td>3L\/min<\/td>\n<\/tr>\n<tr>\n<td>Commutation<\/td>\n<td>30 cycles\/min<\/td>\n<\/tr>\n<tr>\n<td>Tension<\/td>\n<td>220 VCA, 24 VCC<\/td>\n<\/tr>\n<tr>\n<td>Couple moteur<\/td>\n<td>20 NM<\/td>\n<\/tr>\n<tr>\n<td>Lubrifiant<\/td>\n<td>Graisse NLGI 0~1# ou huile \uff1e N68<\/td>\n<\/tr>\n<tr>\n<td>Temp\u00e9rature de fonctionnement<\/td>\n<td>0~50\u2103<\/td>\n<\/tr>\n<tr>\n<td>Type de ressort<\/td>\n<td>Compensation<\/td>\n<\/tr>\n<\/tbody>\n<\/table>\n<h2>Application<\/h2>\n<p>Syst\u00e8me hydraulique : Le SV est utilis\u00e9 pour contr\u00f4ler le sens de mouvement des v\u00e9rins hydrauliques et des moteurs hydrauliques, et se trouve couramment dans les machines-outils, les \u00e9quipements m\u00e9tallurgiques et les machines d&#039;ing\u00e9nierie.<br \/>\nSyst\u00e8me de lubrification : les vannes \u00e9lectromagn\u00e9tiques d&#039;inversion SV sont g\u00e9n\u00e9ralement utilis\u00e9es dans les syst\u00e8mes de lubrification \u00e0 double ligne pour contr\u00f4ler l&#039;alimentation en huile altern\u00e9e de deux conduites de lubrification.<br \/>\nAutomatisation industrielle : Dans les lignes de production automatis\u00e9es, la SV est utilis\u00e9e en conjonction avec des capteurs et des actionneurs pour obtenir un contr\u00f4le pr\u00e9cis des flux de processus.<\/p>\n<h2>Manuels<\/h2>\n<div class=\"sdm_download_button_box_default\"><div class=\"sdm_download_link\"><a href=\"https:\/\/www.jinpinlub.com\/fr\/?sdm_process_download=1&download_id=3660\" class=\"sdm_download white\" title=\"Priv\u00e9\u00a0: SV Solenoid Valve\" target=\"&quot;_blank&quot;\">Voir la fiche technique - \u00c9lectrovanne SV<\/a><\/div><\/div>","protected":false},"excerpt":{"rendered":"<p>La vanne SV est une vanne utilis\u00e9e dans le syst\u00e8me de lubrification centralis\u00e9 des terminaux \u00e9lectriques, g\u00e9n\u00e9ralement utilis\u00e9e pour contr\u00f4ler l&#039;alimentation en huile altern\u00e9e de 2 lignes principales, et dispose d&#039;une commande de vanne d&#039;inversion sol\u00e9no\u00efde 4\/3. Sa conception lui permet de maintenir des performances stables sous un fonctionnement \u00e0 haute pression.<\/p>","protected":false},"featured_media":3614,"template":"","meta":{"ocean_post_layout":"","ocean_both_sidebars_style":"","ocean_both_sidebars_content_width":0,"ocean_both_sidebars_sidebars_width":0,"ocean_sidebar":"0","ocean_second_sidebar":"0","ocean_disable_margins":"enable","ocean_add_body_class":"","ocean_shortcode_before_top_bar":"","ocean_shortcode_after_top_bar":"","ocean_shortcode_before_header":"","ocean_shortcode_after_header":"","ocean_has_shortcode":"","ocean_shortcode_after_title":"","ocean_shortcode_before_footer_widgets":"","ocean_shortcode_after_footer_widgets":"","ocean_shortcode_before_footer_bottom":"","ocean_shortcode_after_footer_bottom":"","ocean_display_top_bar":"default","ocean_display_header":"default","ocean_header_style":"","ocean_center_header_left_menu":"0","ocean_custom_header_template":"0","ocean_custom_logo":0,"ocean_custom_retina_logo":0,"ocean_custom_logo_max_width":0,"ocean_custom_logo_tablet_max_width":0,"ocean_custom_logo_mobile_max_width":0,"ocean_custom_logo_max_height":0,"ocean_custom_logo_tablet_max_height":0,"ocean_custom_logo_mobile_max_height":0,"ocean_header_custom_menu":"0","ocean_menu_typo_font_family":"0","ocean_menu_typo_font_subset":"","ocean_menu_typo_font_size":0,"ocean_menu_typo_font_size_tablet":0,"ocean_menu_typo_font_size_mobile":0,"ocean_menu_typo_font_size_unit":"px","ocean_menu_typo_font_weight":"","ocean_menu_typo_font_weight_tablet":"","ocean_menu_typo_font_weight_mobile":"","ocean_menu_typo_transform":"","ocean_menu_typo_transform_tablet":"","ocean_menu_typo_transform_mobile":"","ocean_menu_typo_line_height":0,"ocean_menu_typo_line_height_tablet":0,"ocean_menu_typo_line_height_mobile":0,"ocean_menu_typo_line_height_unit":"","ocean_menu_typo_spacing":0,"ocean_menu_typo_spacing_tablet":0,"ocean_menu_typo_spacing_mobile":0,"ocean_menu_typo_spacing_unit":"","ocean_menu_link_color":"","ocean_menu_link_color_hover":"","ocean_menu_link_color_active":"","ocean_menu_link_background":"","ocean_menu_link_hover_background":"","ocean_menu_link_active_background":"","ocean_menu_social_links_bg":"","ocean_menu_social_hover_links_bg":"","ocean_menu_social_links_color":"","ocean_menu_social_hover_links_color":"","ocean_disable_title":"default","ocean_disable_heading":"default","ocean_post_title":"","ocean_post_subheading":"","ocean_post_title_style":"","ocean_post_title_background_color":"","ocean_post_title_background":0,"ocean_post_title_bg_image_position":"","ocean_post_title_bg_image_attachment":"","ocean_post_title_bg_image_repeat":"","ocean_post_title_bg_image_size":"","ocean_post_title_height":0,"ocean_post_title_bg_overlay":0.5,"ocean_post_title_bg_overlay_color":"","ocean_disable_breadcrumbs":"default","ocean_breadcrumbs_color":"","ocean_breadcrumbs_separator_color":"","ocean_breadcrumbs_links_color":"","ocean_breadcrumbs_links_hover_color":"","ocean_display_footer_widgets":"default","ocean_display_footer_bottom":"default","ocean_custom_footer_template":"0","osh_disable_topbar_sticky":"default","osh_disable_header_sticky":"default","osh_sticky_header_style":"default","osh_sticky_header_effect":"","osh_custom_sticky_logo":0,"osh_custom_retina_sticky_logo":0,"osh_custom_sticky_logo_height":0,"osh_background_color":"","osh_links_color":"","osh_links_hover_color":"","osh_links_active_color":"","osh_links_bg_color":"","osh_links_hover_bg_color":"","osh_links_active_bg_color":"","osh_menu_social_links_color":"","osh_menu_social_hover_links_color":""},"product_brand":[],"product_cat":[36,34],"product_tag":[297,305,306],"class_list":{"0":"post-3677","1":"product","2":"type-product","3":"status-publish","4":"has-post-thumbnail","6":"product_cat-dual-line-divider-valves","7":"product_cat-dual-line-lubrication-systems","8":"product_tag-hydraulic-reversing-valve","9":"product_tag-hydraulic-solenoid-valve","10":"product_tag-lubrication-solenoid-valve","12":"entry","13":"has-media","15":"first","16":"instock","17":"shipping-taxable","18":"product-type-external","19":"col","20":"span_1_of_3","21":"owp-content-center","22":"owp-thumbs-layout-horizontal","23":"owp-btn-very-big","24":"owp-tabs-layout-horizontal"},"_links":{"self":[{"href":"https:\/\/www.jinpinlub.com\/fr\/wp-json\/wp\/v2\/product\/3677","targetHints":{"allow":["GET"]}}],"collection":[{"href":"https:\/\/www.jinpinlub.com\/fr\/wp-json\/wp\/v2\/product"}],"about":[{"href":"https:\/\/www.jinpinlub.com\/fr\/wp-json\/wp\/v2\/types\/product"}],"wp:featuredmedia":[{"embeddable":true,"href":"https:\/\/www.jinpinlub.com\/fr\/wp-json\/wp\/v2\/media\/3614"}],"wp:attachment":[{"href":"https:\/\/www.jinpinlub.com\/fr\/wp-json\/wp\/v2\/media?parent=3677"}],"wp:term":[{"taxonomy":"product_brand","embeddable":true,"href":"https:\/\/www.jinpinlub.com\/fr\/wp-json\/wp\/v2\/product_brand?post=3677"},{"taxonomy":"product_cat","embeddable":true,"href":"https:\/\/www.jinpinlub.com\/fr\/wp-json\/wp\/v2\/product_cat?post=3677"},{"taxonomy":"product_tag","embeddable":true,"href":"https:\/\/www.jinpinlub.com\/fr\/wp-json\/wp\/v2\/product_tag?post=3677"}],"curies":[{"name":"wp","href":"https:\/\/api.w.org\/{rel}","templated":true}]}}