{"id":3678,"date":"2024-09-13T23:21:17","date_gmt":"2024-09-13T15:21:17","guid":{"rendered":"https:\/\/www.jinpinlub.com\/?post_type=product&#038;p=3678"},"modified":"2024-09-13T23:39:19","modified_gmt":"2024-09-13T15:39:19","slug":"distributeur-double-ligne-vsg-kr-40-mpa-pour-systeme-de-lubrification","status":"publish","type":"product","link":"https:\/\/www.jinpinlub.com\/fr\/product\/vsg-kr-40mpa-dual-line-distributor-for-lubrication-system\/","title":{"rendered":"Distributeur double ligne VSG-KR 40 MPa pour syst\u00e8me de lubrification"},"content":{"rendered":"<h2>Fonctionnalit\u00e9<\/h2>\n<p>Le distributeur \u00e0 double ligne VSG-KR est dot\u00e9 de sorties en haut et en bas, et lorsque le piston du distributeur se d\u00e9place vers l&#039;avant et vers l&#039;arri\u00e8re, il est \u00e9vacu\u00e9 une fois par les sorties des deux c\u00f4t\u00e9s. Il existe une structure de d\u00e9charge d&#039;huile combin\u00e9e dans les sorties sup\u00e9rieure et inf\u00e9rieure correspondantes. Pour modifier le nombre impair de sorties, il suffit de r\u00e9gler la direction du manchon de guidage. Le fonctionnement du distributeur peut \u00eatre observ\u00e9 \u00e0 partir de l&#039;action de la tige indicatrice, et la d\u00e9charge de chaque sortie peut \u00eatre r\u00e9gl\u00e9e dans la plage sp\u00e9cifi\u00e9e en ajustant les vis. Ce type de distributeur est utilis\u00e9 pour les syst\u00e8mes de lubrification \u00e0 la graisse \u00e0 double ligne avec une pression nominale de 40 MPa.<\/p>\n<h2>Sp\u00e9cification<\/h2>\n<table>\n<tbody>\n<tr>\n<td>Mod\u00e8le<\/td>\n<td>VSG-KR<\/td>\n<\/tr>\n<tr>\n<td>Pression de service<\/td>\n<td>40 MPa<\/td>\n<\/tr>\n<tr>\n<td>Pression d&#039;action<\/td>\n<td>\u2264 1,2 MPa<\/td>\n<\/tr>\n<tr>\n<td>D\u00e9bit nominal<\/td>\n<td>0 ~ 2,3 mL\/cycle<\/td>\n<\/tr>\n<tr>\n<td>R\u00e9glage du d\u00e9bit de la vis<\/td>\n<td>0,14 ml\/cercle<\/td>\n<\/tr>\n<tr>\n<td>Nombre de points de vente<\/td>\n<td>2~8<\/td>\n<\/tr>\n<tr>\n<td>Lubrifiant<\/td>\n<td>Graisse NLGI 0~2# ou huile \uff1e N68<\/td>\n<\/tr>\n<tr>\n<td>Temp\u00e9rature de fonctionnement<\/td>\n<td>(-10 \u2103 ~ 80 \u2103)<\/td>\n<\/tr>\n<\/tbody>\n<\/table>\n<h2>Instruction<\/h2>\n<p>Le fluide utilis\u00e9 est une graisse lubrifiante NLGI 0#~ 2# ou une huile lubrifiante avec un grade de viscosit\u00e9 sup\u00e9rieur \u00e0 N68. La temp\u00e9rature de l&#039;environnement de fonctionnement est de -10 \u2103 ~ 80 \u2103. Si le fluide utilis\u00e9 est une huile lubrifiante, veuillez l&#039;utiliser sous une pression de 20 MPa.<br \/>\nS&#039;il est n\u00e9cessaire de fusionner les sorties sup\u00e9rieure et inf\u00e9rieure, d\u00e9vissez la vis dans le trou et bouchez la sortie inutilis\u00e9e avec un bouchon \u00e0 vis G14 pour \u00e9viter l&#039;intrusion de poussi\u00e8re.<br \/>\nSi la temp\u00e9rature de l&#039;environnement d&#039;installation du distributeur est en dehors de la plage de -10 \u2103 ~ 80 \u2103, il doit \u00eatre indiqu\u00e9 dans le contrat de commande de fournir des joints d&#039;huile basse et haute temp\u00e9rature.<\/p>\n<h2>Manuels<\/h2>\n<div class=\"sdm_download_button_box_default\"><div class=\"sdm_download_link\"><a href=\"https:\/\/www.jinpinlub.com\/fr\/?sdm_process_download=1&download_id=3661\" class=\"sdm_download white\" title=\"Priv\u00e9\u00a0: VSG Distributor\" target=\"&quot;_blank&quot;\">Voir la fiche technique - Distributeur VSG<\/a><\/div><\/div>","protected":false},"excerpt":{"rendered":"<p>Le doseur VSG est un composant robuste pour les syst\u00e8mes de lubrification \u00e0 double ligne, capable de r\u00e9sister \u00e0 des pressions jusqu&#039;\u00e0 400 bars, fabriqu\u00e9 en acier galvanis\u00e9 et dot\u00e9 de huit sorties maximum, chacune \u00e9quip\u00e9e d&#039;une broche indicatrice pour la surveillance visuelle.<\/p>","protected":false},"featured_media":3617,"template":"","meta":{"ocean_post_layout":"","ocean_both_sidebars_style":"","ocean_both_sidebars_content_width":0,"ocean_both_sidebars_sidebars_width":0,"ocean_sidebar":"0","ocean_second_sidebar":"0","ocean_disable_margins":"enable","ocean_add_body_class":"","ocean_shortcode_before_top_bar":"","ocean_shortcode_after_top_bar":"","ocean_shortcode_before_header":"","ocean_shortcode_after_header":"","ocean_has_shortcode":"","ocean_shortcode_after_title":"","ocean_shortcode_before_footer_widgets":"","ocean_shortcode_after_footer_widgets":"","ocean_shortcode_before_footer_bottom":"","ocean_shortcode_after_footer_bottom":"","ocean_display_top_bar":"default","ocean_display_header":"default","ocean_header_style":"","ocean_center_header_left_menu":"0","ocean_custom_header_template":"0","ocean_custom_logo":0,"ocean_custom_retina_logo":0,"ocean_custom_logo_max_width":0,"ocean_custom_logo_tablet_max_width":0,"ocean_custom_logo_mobile_max_width":0,"ocean_custom_logo_max_height":0,"ocean_custom_logo_tablet_max_height":0,"ocean_custom_logo_mobile_max_height":0,"ocean_header_custom_menu":"0","ocean_menu_typo_font_family":"0","ocean_menu_typo_font_subset":"","ocean_menu_typo_font_size":0,"ocean_menu_typo_font_size_tablet":0,"ocean_menu_typo_font_size_mobile":0,"ocean_menu_typo_font_size_unit":"px","ocean_menu_typo_font_weight":"","ocean_menu_typo_font_weight_tablet":"","ocean_menu_typo_font_weight_mobile":"","ocean_menu_typo_transform":"","ocean_menu_typo_transform_tablet":"","ocean_menu_typo_transform_mobile":"","ocean_menu_typo_line_height":0,"ocean_menu_typo_line_height_tablet":0,"ocean_menu_typo_line_height_mobile":0,"ocean_menu_typo_line_height_unit":"","ocean_menu_typo_spacing":0,"ocean_menu_typo_spacing_tablet":0,"ocean_menu_typo_spacing_mobile":0,"ocean_menu_typo_spacing_unit":"","ocean_menu_link_color":"","ocean_menu_link_color_hover":"","ocean_menu_link_color_active":"","ocean_menu_link_background":"","ocean_menu_link_hover_background":"","ocean_menu_link_active_background":"","ocean_menu_social_links_bg":"","ocean_menu_social_hover_links_bg":"","ocean_menu_social_links_color":"","ocean_menu_social_hover_links_color":"","ocean_disable_title":"default","ocean_disable_heading":"default","ocean_post_title":"","ocean_post_subheading":"","ocean_post_title_style":"","ocean_post_title_background_color":"","ocean_post_title_background":0,"ocean_post_title_bg_image_position":"","ocean_post_title_bg_image_attachment":"","ocean_post_title_bg_image_repeat":"","ocean_post_title_bg_image_size":"","ocean_post_title_height":0,"ocean_post_title_bg_overlay":0.5,"ocean_post_title_bg_overlay_color":"","ocean_disable_breadcrumbs":"default","ocean_breadcrumbs_color":"","ocean_breadcrumbs_separator_color":"","ocean_breadcrumbs_links_color":"","ocean_breadcrumbs_links_hover_color":"","ocean_display_footer_widgets":"default","ocean_display_footer_bottom":"default","ocean_custom_footer_template":"0","osh_disable_topbar_sticky":"default","osh_disable_header_sticky":"default","osh_sticky_header_style":"default","osh_sticky_header_effect":"","osh_custom_sticky_logo":0,"osh_custom_retina_sticky_logo":0,"osh_custom_sticky_logo_height":0,"osh_background_color":"","osh_links_color":"","osh_links_hover_color":"","osh_links_active_color":"","osh_links_bg_color":"","osh_links_hover_bg_color":"","osh_links_active_bg_color":"","osh_menu_social_links_color":"","osh_menu_social_hover_links_color":""},"product_brand":[],"product_cat":[36,34],"product_tag":[300,308,307],"class_list":{"0":"post-3678","1":"product","2":"type-product","3":"status-publish","4":"has-post-thumbnail","6":"product_cat-dual-line-divider-valves","7":"product_cat-dual-line-lubrication-systems","8":"product_tag-dual-line-distributor","9":"product_tag-vsg-grease-distributor","10":"product_tag-vsg-metering-valve","12":"entry","13":"has-media","15":"first","16":"instock","17":"shipping-taxable","18":"product-type-external","19":"col","20":"span_1_of_3","21":"owp-content-center","22":"owp-thumbs-layout-horizontal","23":"owp-btn-very-big","24":"owp-tabs-layout-horizontal"},"_links":{"self":[{"href":"https:\/\/www.jinpinlub.com\/fr\/wp-json\/wp\/v2\/product\/3678","targetHints":{"allow":["GET"]}}],"collection":[{"href":"https:\/\/www.jinpinlub.com\/fr\/wp-json\/wp\/v2\/product"}],"about":[{"href":"https:\/\/www.jinpinlub.com\/fr\/wp-json\/wp\/v2\/types\/product"}],"wp:featuredmedia":[{"embeddable":true,"href":"https:\/\/www.jinpinlub.com\/fr\/wp-json\/wp\/v2\/media\/3617"}],"wp:attachment":[{"href":"https:\/\/www.jinpinlub.com\/fr\/wp-json\/wp\/v2\/media?parent=3678"}],"wp:term":[{"taxonomy":"product_brand","embeddable":true,"href":"https:\/\/www.jinpinlub.com\/fr\/wp-json\/wp\/v2\/product_brand?post=3678"},{"taxonomy":"product_cat","embeddable":true,"href":"https:\/\/www.jinpinlub.com\/fr\/wp-json\/wp\/v2\/product_cat?post=3678"},{"taxonomy":"product_tag","embeddable":true,"href":"https:\/\/www.jinpinlub.com\/fr\/wp-json\/wp\/v2\/product_tag?post=3678"}],"curies":[{"name":"wp","href":"https:\/\/api.w.org\/{rel}","templated":true}]}}