{"id":3680,"date":"2024-09-13T23:48:18","date_gmt":"2024-09-13T15:48:18","guid":{"rendered":"https:\/\/www.jinpinlub.com\/?post_type=product&#038;p=3680"},"modified":"2024-09-14T00:10:57","modified_gmt":"2024-09-13T16:10:57","slug":"vannes-de-dosage-vskv-kr-pour-systemes-de-lubrification-a-double-ligne","status":"publish","type":"product","link":"https:\/\/www.jinpinlub.com\/fr\/product\/vskv-kr-metering-valves-for-dual-line-lubrication-systems\/","title":{"rendered":"Vannes de dosage VSKV-KR pour syst\u00e8mes de lubrification \u00e0 double ligne"},"content":{"rendered":"<h2>Fonctionnalit\u00e9<\/h2>\n<p>L&#039;avant du distributeur \u00e0 double ligne VSKV-KR est \u00e9quip\u00e9 d&#039;orifices de d\u00e9charge sup\u00e9rieur et inf\u00e9rieur. Lorsque le piston du distributeur se d\u00e9place dans les deux sens, la graisse est \u00e9vacu\u00e9e respectivement par les orifices sup\u00e9rieur et inf\u00e9rieur. L&#039;\u00e9tat de fonctionnement du distributeur peut \u00e9galement \u00eatre observ\u00e9 directement \u00e0 partir de l&#039;action de la tige indicatrice, le d\u00e9bit de sortie peut \u00eatre r\u00e9gl\u00e9 dans la plage sp\u00e9cifi\u00e9e en ajustant la vis.<br \/>\nLe VSKV-KR est adapt\u00e9 \u00e0 un syst\u00e8me de lubrification centralis\u00e9 \u00e0 double ligne de 40 MPa. Sous la pression altern\u00e9e de deux lignes principales, il contr\u00f4le le mouvement et la d\u00e9charge du piston et distribue le lubrifiant de mani\u00e8re quantitative aux points de lubrification.<\/p>\n<h2>Sp\u00e9cification<\/h2>\n<table>\n<tbody>\n<tr>\n<td>Mod\u00e8le<\/td>\n<td>VSKV-KR<\/td>\n<\/tr>\n<tr>\n<td>Pression de service<\/td>\n<td>40 MPa<\/td>\n<\/tr>\n<tr>\n<td>Pression d&#039;action<\/td>\n<td>\u2264 1,5 MPa<\/td>\n<\/tr>\n<tr>\n<td>D\u00e9bit nominal<\/td>\n<td>0 ~ 1,5 mL\/cycle<\/td>\n<\/tr>\n<tr>\n<td>R\u00e9glage du d\u00e9bit de la vis<\/td>\n<td>0,05 ml\/cercle<\/td>\n<\/tr>\n<tr>\n<td>Nombre de points de vente<\/td>\n<td>2~8<\/td>\n<\/tr>\n<tr>\n<td>Lubrifiant<\/td>\n<td>Graisse NLGI 0~2# ou huile \uff1e N68<\/td>\n<\/tr>\n<tr>\n<td>Temp\u00e9rature de fonctionnement<\/td>\n<td>(-10 \u2103 ~ 80 \u2103)<\/td>\n<\/tr>\n<\/tbody>\n<\/table>\n<h2>Application<\/h2>\n<p>Cimenterie : Lors de la production de ciment, la lubrification du distributeur VSKV-KR assure le bon fonctionnement de la machine et r\u00e9duit l&#039;usure.<br \/>\nExcavateur minier : les \u00e9quipements miniers fonctionnent g\u00e9n\u00e9ralement dans des environnements difficiles et le syst\u00e8me de lubrification de la vanne de dosage VSKV-KR peut prolonger la dur\u00e9e de vie de l&#039;\u00e9quipement.<br \/>\nUsine sid\u00e9rurgique : les \u00e9quipements de production d&#039;acier doivent fonctionner \u00e0 haute temp\u00e9rature et haute pression, et le diviseur VSKV-KR peut fournir une lubrification pr\u00e9cise pour assurer un fonctionnement efficace de l&#039;\u00e9quipement.<\/p>\n<h2>Manuels<\/h2>\n<div class=\"sdm_download_button_box_default\"><div class=\"sdm_download_link\"><a href=\"https:\/\/www.jinpinlub.com\/fr\/?sdm_process_download=1&download_id=3663\" class=\"sdm_download white\" title=\"Priv\u00e9\u00a0: VSKV-KR Distributor\" target=\"&quot;_blank&quot;\">Voir la fiche technique - Distributeur VSKV-KR<\/a><\/div><\/div>","protected":false},"excerpt":{"rendered":"<p>Les vannes de dosage VSKV-KR sont con\u00e7ues pour les syst\u00e8mes de lubrification \u00e0 double ligne et conviennent aux applications industrielles telles que les cimenteries, les excavatrices mini\u00e8res et les aci\u00e9ries. Elles sont fabriqu\u00e9es en acier galvanis\u00e9 et peuvent supporter des pressions allant jusqu&#039;\u00e0 400 bars.<\/p>","protected":false},"featured_media":3624,"template":"","meta":{"ocean_post_layout":"","ocean_both_sidebars_style":"","ocean_both_sidebars_content_width":0,"ocean_both_sidebars_sidebars_width":0,"ocean_sidebar":"0","ocean_second_sidebar":"0","ocean_disable_margins":"enable","ocean_add_body_class":"","ocean_shortcode_before_top_bar":"","ocean_shortcode_after_top_bar":"","ocean_shortcode_before_header":"","ocean_shortcode_after_header":"","ocean_has_shortcode":"","ocean_shortcode_after_title":"","ocean_shortcode_before_footer_widgets":"","ocean_shortcode_after_footer_widgets":"","ocean_shortcode_before_footer_bottom":"","ocean_shortcode_after_footer_bottom":"","ocean_display_top_bar":"default","ocean_display_header":"default","ocean_header_style":"","ocean_center_header_left_menu":"0","ocean_custom_header_template":"0","ocean_custom_logo":0,"ocean_custom_retina_logo":0,"ocean_custom_logo_max_width":0,"ocean_custom_logo_tablet_max_width":0,"ocean_custom_logo_mobile_max_width":0,"ocean_custom_logo_max_height":0,"ocean_custom_logo_tablet_max_height":0,"ocean_custom_logo_mobile_max_height":0,"ocean_header_custom_menu":"0","ocean_menu_typo_font_family":"0","ocean_menu_typo_font_subset":"","ocean_menu_typo_font_size":0,"ocean_menu_typo_font_size_tablet":0,"ocean_menu_typo_font_size_mobile":0,"ocean_menu_typo_font_size_unit":"px","ocean_menu_typo_font_weight":"","ocean_menu_typo_font_weight_tablet":"","ocean_menu_typo_font_weight_mobile":"","ocean_menu_typo_transform":"","ocean_menu_typo_transform_tablet":"","ocean_menu_typo_transform_mobile":"","ocean_menu_typo_line_height":0,"ocean_menu_typo_line_height_tablet":0,"ocean_menu_typo_line_height_mobile":0,"ocean_menu_typo_line_height_unit":"","ocean_menu_typo_spacing":0,"ocean_menu_typo_spacing_tablet":0,"ocean_menu_typo_spacing_mobile":0,"ocean_menu_typo_spacing_unit":"","ocean_menu_link_color":"","ocean_menu_link_color_hover":"","ocean_menu_link_color_active":"","ocean_menu_link_background":"","ocean_menu_link_hover_background":"","ocean_menu_link_active_background":"","ocean_menu_social_links_bg":"","ocean_menu_social_hover_links_bg":"","ocean_menu_social_links_color":"","ocean_menu_social_hover_links_color":"","ocean_disable_title":"default","ocean_disable_heading":"default","ocean_post_title":"","ocean_post_subheading":"","ocean_post_title_style":"","ocean_post_title_background_color":"","ocean_post_title_background":0,"ocean_post_title_bg_image_position":"","ocean_post_title_bg_image_attachment":"","ocean_post_title_bg_image_repeat":"","ocean_post_title_bg_image_size":"","ocean_post_title_height":0,"ocean_post_title_bg_overlay":0.5,"ocean_post_title_bg_overlay_color":"","ocean_disable_breadcrumbs":"default","ocean_breadcrumbs_color":"","ocean_breadcrumbs_separator_color":"","ocean_breadcrumbs_links_color":"","ocean_breadcrumbs_links_hover_color":"","ocean_display_footer_widgets":"default","ocean_display_footer_bottom":"default","ocean_custom_footer_template":"0","osh_disable_topbar_sticky":"default","osh_disable_header_sticky":"default","osh_sticky_header_style":"default","osh_sticky_header_effect":"","osh_custom_sticky_logo":0,"osh_custom_retina_sticky_logo":0,"osh_custom_sticky_logo_height":0,"osh_background_color":"","osh_links_color":"","osh_links_hover_color":"","osh_links_active_color":"","osh_links_bg_color":"","osh_links_hover_bg_color":"","osh_links_active_bg_color":"","osh_menu_social_links_color":"","osh_menu_social_hover_links_color":""},"product_brand":[],"product_cat":[36,34],"product_tag":[302,312,301],"class_list":{"0":"post-3680","1":"product","2":"type-product","3":"status-publish","4":"has-post-thumbnail","6":"product_cat-dual-line-divider-valves","7":"product_cat-dual-line-lubrication-systems","8":"product_tag-dual-line-grease-distributor","9":"product_tag-dual-line-lubrication-distributor","10":"product_tag-dual-line-metering-valve","12":"entry","13":"has-media","15":"first","16":"instock","17":"shipping-taxable","18":"product-type-external","19":"col","20":"span_1_of_3","21":"owp-content-center","22":"owp-thumbs-layout-horizontal","23":"owp-btn-very-big","24":"owp-tabs-layout-horizontal"},"_links":{"self":[{"href":"https:\/\/www.jinpinlub.com\/fr\/wp-json\/wp\/v2\/product\/3680","targetHints":{"allow":["GET"]}}],"collection":[{"href":"https:\/\/www.jinpinlub.com\/fr\/wp-json\/wp\/v2\/product"}],"about":[{"href":"https:\/\/www.jinpinlub.com\/fr\/wp-json\/wp\/v2\/types\/product"}],"wp:featuredmedia":[{"embeddable":true,"href":"https:\/\/www.jinpinlub.com\/fr\/wp-json\/wp\/v2\/media\/3624"}],"wp:attachment":[{"href":"https:\/\/www.jinpinlub.com\/fr\/wp-json\/wp\/v2\/media?parent=3680"}],"wp:term":[{"taxonomy":"product_brand","embeddable":true,"href":"https:\/\/www.jinpinlub.com\/fr\/wp-json\/wp\/v2\/product_brand?post=3680"},{"taxonomy":"product_cat","embeddable":true,"href":"https:\/\/www.jinpinlub.com\/fr\/wp-json\/wp\/v2\/product_cat?post=3680"},{"taxonomy":"product_tag","embeddable":true,"href":"https:\/\/www.jinpinlub.com\/fr\/wp-json\/wp\/v2\/product_tag?post=3680"}],"curies":[{"name":"wp","href":"https:\/\/api.w.org\/{rel}","templated":true}]}}