{"id":3681,"date":"2024-09-13T23:58:47","date_gmt":"2024-09-13T15:58:47","guid":{"rendered":"https:\/\/www.jinpinlub.com\/?post_type=product&#038;p=3681"},"modified":"2024-09-14T00:06:12","modified_gmt":"2024-09-13T16:06:12","slug":"dispositifs-de-mesure-vsl-en-acier-galvanise-pour-systeme-a-double-ligne","status":"publish","type":"product","link":"https:\/\/www.jinpinlub.com\/fr\/product\/galvanized-steel-vsl-metering-devices-for-dual-line-system\/","title":{"rendered":"Dispositifs de mesure VSL en acier galvanis\u00e9 pour syst\u00e8me \u00e0 double ligne"},"content":{"rendered":"<h2>Fonctionnalit\u00e9<\/h2>\n<p>Le VSL-KR est dot\u00e9 de sorties en haut et en bas, et lorsque le piston du distributeur se d\u00e9place vers l&#039;avant et vers l&#039;arri\u00e8re, la graisse est \u00e9vacu\u00e9e des sorties des deux c\u00f4t\u00e9s. Il existe une structure de d\u00e9charge combin\u00e9e dans les sorties sup\u00e9rieure et inf\u00e9rieure correspondantes. Pour modifier le nombre impair de sorties, il suffit de d\u00e9visser les vis dans les trous. Le fonctionnement du distributeur peut \u00e9galement \u00eatre directement observ\u00e9 \u00e0 partir de l&#039;action de la tige indicatrice, et la d\u00e9charge de chaque sortie peut \u00eatre ajust\u00e9e en ajustant les vis. Ce type de distributeur est utilis\u00e9 sous la pression d&#039;alimentation altern\u00e9e de deux conduites d&#039;alimentation principales, et l&#039;action du piston est directement contr\u00f4l\u00e9e par la pression d&#039;alimentation.<\/p>\n<h2>Sp\u00e9cification<\/h2>\n<table>\n<tbody>\n<tr>\n<td>Mod\u00e8le<\/td>\n<td>VSL-KR<\/td>\n<\/tr>\n<tr>\n<td>Pression de service<\/td>\n<td>40 MPa<\/td>\n<\/tr>\n<tr>\n<td>Pression d&#039;action<\/td>\n<td>\u22641,0 MPa<\/td>\n<\/tr>\n<tr>\n<td>D\u00e9bit nominal<\/td>\n<td>0 \u00e0 5 ml\/cycle<\/td>\n<\/tr>\n<tr>\n<td>R\u00e9glage du d\u00e9bit de la vis<\/td>\n<td>0,15 ml\/cercle<\/td>\n<\/tr>\n<tr>\n<td>Nombre de points de vente<\/td>\n<td>2~8<\/td>\n<\/tr>\n<tr>\n<td>Lubrifiant<\/td>\n<td>Graisse NLGI 0~2# ou huile \uff1e N68<\/td>\n<\/tr>\n<tr>\n<td>Temp\u00e9rature de fonctionnement<\/td>\n<td>(-10 \u2103 ~ 80 \u2103)<\/td>\n<\/tr>\n<\/tbody>\n<\/table>\n<h2>Instruction<\/h2>\n<p>Si vous devez fusionner les sorties sup\u00e9rieure et inf\u00e9rieure correspondantes, d\u00e9vissez simplement le bouchon de pression dans le trou de sortie d&#039;huile sup\u00e9rieur avec une cl\u00e9 hexagonale de 6 mm, retirez le manchon de distribution d&#039;huile par le trou et installez-le vers le bas, puis serrez le bouchon de pression, la sortie sup\u00e9rieure est bloqu\u00e9e avec un bouchon G14 pour \u00e9viter la poussi\u00e8re. Les distributeurs utilis\u00e9s en dehors de la plage de -10 \u2103 \u00e0 80 \u2103 doivent \u00eatre sp\u00e9cifi\u00e9s \u00e0 l&#039;achat afin de fournir des joints d&#039;\u00e9tanch\u00e9it\u00e9 r\u00e9sistants aux basses et hautes temp\u00e9ratures lors de l&#039;approvisionnement.<\/p>\n<h2>Manuels<\/h2>\n<div class=\"sdm_download_button_box_default\"><div class=\"sdm_download_link\"><a href=\"https:\/\/www.jinpinlub.com\/fr\/?sdm_process_download=1&download_id=3664\" class=\"sdm_download white\" title=\"Priv\u00e9\u00a0: VSL-KR Distributor\" target=\"&quot;_blank&quot;\">Voir la fiche technique - Distributeur VSL-KR<\/a><\/div><\/div>","protected":false},"excerpt":{"rendered":"<p>Les doseurs de la s\u00e9rie VSL sont con\u00e7us pour les syst\u00e8mes de lubrification \u00e0 double ligne et peuvent supporter des pressions allant jusqu&#039;\u00e0 400 bars. Fabriqu\u00e9s en acier galvanis\u00e9 durable, ils peuvent \u00eatre \u00e9quip\u00e9s de huit sorties maximum, chacune dot\u00e9e d&#039;une broche indicatrice pour une surveillance visuelle.<\/p>","protected":false},"featured_media":3629,"template":"","meta":{"ocean_post_layout":"","ocean_both_sidebars_style":"","ocean_both_sidebars_content_width":0,"ocean_both_sidebars_sidebars_width":0,"ocean_sidebar":"0","ocean_second_sidebar":"0","ocean_disable_margins":"enable","ocean_add_body_class":"","ocean_shortcode_before_top_bar":"","ocean_shortcode_after_top_bar":"","ocean_shortcode_before_header":"","ocean_shortcode_after_header":"","ocean_has_shortcode":"","ocean_shortcode_after_title":"","ocean_shortcode_before_footer_widgets":"","ocean_shortcode_after_footer_widgets":"","ocean_shortcode_before_footer_bottom":"","ocean_shortcode_after_footer_bottom":"","ocean_display_top_bar":"default","ocean_display_header":"default","ocean_header_style":"","ocean_center_header_left_menu":"0","ocean_custom_header_template":"0","ocean_custom_logo":0,"ocean_custom_retina_logo":0,"ocean_custom_logo_max_width":0,"ocean_custom_logo_tablet_max_width":0,"ocean_custom_logo_mobile_max_width":0,"ocean_custom_logo_max_height":0,"ocean_custom_logo_tablet_max_height":0,"ocean_custom_logo_mobile_max_height":0,"ocean_header_custom_menu":"0","ocean_menu_typo_font_family":"0","ocean_menu_typo_font_subset":"","ocean_menu_typo_font_size":0,"ocean_menu_typo_font_size_tablet":0,"ocean_menu_typo_font_size_mobile":0,"ocean_menu_typo_font_size_unit":"px","ocean_menu_typo_font_weight":"","ocean_menu_typo_font_weight_tablet":"","ocean_menu_typo_font_weight_mobile":"","ocean_menu_typo_transform":"","ocean_menu_typo_transform_tablet":"","ocean_menu_typo_transform_mobile":"","ocean_menu_typo_line_height":0,"ocean_menu_typo_line_height_tablet":0,"ocean_menu_typo_line_height_mobile":0,"ocean_menu_typo_line_height_unit":"","ocean_menu_typo_spacing":0,"ocean_menu_typo_spacing_tablet":0,"ocean_menu_typo_spacing_mobile":0,"ocean_menu_typo_spacing_unit":"","ocean_menu_link_color":"","ocean_menu_link_color_hover":"","ocean_menu_link_color_active":"","ocean_menu_link_background":"","ocean_menu_link_hover_background":"","ocean_menu_link_active_background":"","ocean_menu_social_links_bg":"","ocean_menu_social_hover_links_bg":"","ocean_menu_social_links_color":"","ocean_menu_social_hover_links_color":"","ocean_disable_title":"default","ocean_disable_heading":"default","ocean_post_title":"","ocean_post_subheading":"","ocean_post_title_style":"","ocean_post_title_background_color":"","ocean_post_title_background":0,"ocean_post_title_bg_image_position":"","ocean_post_title_bg_image_attachment":"","ocean_post_title_bg_image_repeat":"","ocean_post_title_bg_image_size":"","ocean_post_title_height":0,"ocean_post_title_bg_overlay":0.5,"ocean_post_title_bg_overlay_color":"","ocean_disable_breadcrumbs":"default","ocean_breadcrumbs_color":"","ocean_breadcrumbs_separator_color":"","ocean_breadcrumbs_links_color":"","ocean_breadcrumbs_links_hover_color":"","ocean_display_footer_widgets":"default","ocean_display_footer_bottom":"default","ocean_custom_footer_template":"0","osh_disable_topbar_sticky":"default","osh_disable_header_sticky":"default","osh_sticky_header_style":"default","osh_sticky_header_effect":"","osh_custom_sticky_logo":0,"osh_custom_retina_sticky_logo":0,"osh_custom_sticky_logo_height":0,"osh_background_color":"","osh_links_color":"","osh_links_hover_color":"","osh_links_active_color":"","osh_links_bg_color":"","osh_links_hover_bg_color":"","osh_links_active_bg_color":"","osh_menu_social_links_color":"","osh_menu_social_hover_links_color":""},"product_brand":[],"product_cat":[36,34],"product_tag":[300,313,301],"class_list":{"0":"post-3681","1":"product","2":"type-product","3":"status-publish","4":"has-post-thumbnail","6":"product_cat-dual-line-divider-valves","7":"product_cat-dual-line-lubrication-systems","8":"product_tag-dual-line-distributor","9":"product_tag-dual-line-metering-device","10":"product_tag-dual-line-metering-valve","12":"entry","13":"has-media","15":"first","16":"instock","17":"shipping-taxable","18":"product-type-external","19":"col","20":"span_1_of_3","21":"owp-content-center","22":"owp-thumbs-layout-horizontal","23":"owp-btn-very-big","24":"owp-tabs-layout-horizontal"},"_links":{"self":[{"href":"https:\/\/www.jinpinlub.com\/fr\/wp-json\/wp\/v2\/product\/3681","targetHints":{"allow":["GET"]}}],"collection":[{"href":"https:\/\/www.jinpinlub.com\/fr\/wp-json\/wp\/v2\/product"}],"about":[{"href":"https:\/\/www.jinpinlub.com\/fr\/wp-json\/wp\/v2\/types\/product"}],"wp:featuredmedia":[{"embeddable":true,"href":"https:\/\/www.jinpinlub.com\/fr\/wp-json\/wp\/v2\/media\/3629"}],"wp:attachment":[{"href":"https:\/\/www.jinpinlub.com\/fr\/wp-json\/wp\/v2\/media?parent=3681"}],"wp:term":[{"taxonomy":"product_brand","embeddable":true,"href":"https:\/\/www.jinpinlub.com\/fr\/wp-json\/wp\/v2\/product_brand?post=3681"},{"taxonomy":"product_cat","embeddable":true,"href":"https:\/\/www.jinpinlub.com\/fr\/wp-json\/wp\/v2\/product_cat?post=3681"},{"taxonomy":"product_tag","embeddable":true,"href":"https:\/\/www.jinpinlub.com\/fr\/wp-json\/wp\/v2\/product_tag?post=3681"}],"curies":[{"name":"wp","href":"https:\/\/api.w.org\/{rel}","templated":true}]}}