{"id":3685,"date":"2024-09-14T00:12:37","date_gmt":"2024-09-13T16:12:37","guid":{"rendered":"https:\/\/www.jinpinlub.com\/?post_type=product&#038;p=3685"},"modified":"2024-09-14T00:24:20","modified_gmt":"2024-09-13T16:24:20","slug":"distributeur-double-ligne-zv-b-pour-systeme-de-lubrification-a-double-ligne","status":"publish","type":"product","link":"https:\/\/www.jinpinlub.com\/fr\/product\/zv-b-dual-line-distributor-for-dual-line-lubrication-system\/","title":{"rendered":"Distributeur double ligne ZV-B pour syst\u00e8me de lubrification \u00e0 double ligne"},"content":{"rendered":"<h2>Fonctionnalit\u00e9<\/h2>\n<p>Le distributeur \u00e0 double fil ZVB convient aux syst\u00e8mes de lubrification \u00e0 double ligne \u00e0 graisse ou \u00e0 huile 40 MPa. Le distributeur peut \u00eatre install\u00e9 avec trois options\u00a0: vis de dosage, dispositif de r\u00e9glage et indicateur de mouvement.<br \/>\n1. Pour les ZVB avec r\u00e9gulateurs de mesure, le volume mesur\u00e9 ne peut pas \u00eatre r\u00e9gl\u00e9. Le volume mesur\u00e9 ne peut \u00eatre modifi\u00e9 qu&#039;en s\u00e9lectionnant des r\u00e9gulateurs de mesure d&#039;index diff\u00e9rents.<br \/>\n2. ZVB avec dispositif de r\u00e9glage, le volume mesur\u00e9 peut \u00eatre r\u00e9gl\u00e9 de z\u00e9ro \u00e0 la plage nominale et peut juger si le distributeur fonctionne correctement en observant le dispositif de r\u00e9glage.<br \/>\n3. Le ZVB avec indicateur de mouvement peut r\u00e9gler le volume mesur\u00e9 dans la plage de z\u00e9ro \u00e0 la plage nominale et peut contr\u00f4ler le volume mesur\u00e9 en envoyant un signal via le commutateur de surveillance. Chaque distributeur ne peut \u00eatre \u00e9quip\u00e9 que d&#039;un seul dispositif de r\u00e9glage.<\/p>\n<h2>Sp\u00e9cification<\/h2>\n<table>\n<tbody>\n<tr>\n<td>Mod\u00e8le<\/td>\n<td>ZV-B<\/td>\n<\/tr>\n<tr>\n<td>Pression de service<\/td>\n<td>40 MPa<\/td>\n<\/tr>\n<tr>\n<td>Pression d&#039;action<\/td>\n<td>\u22641,0 MPa<\/td>\n<\/tr>\n<tr>\n<td>Sortie du piston<\/td>\n<td>0,3 ml<\/td>\n<\/tr>\n<tr>\n<td>D\u00e9charge<\/td>\n<td>0,5, 1,5, 3,0 ml\/cycle<\/td>\n<\/tr>\n<tr>\n<td>Nombre de points de vente<\/td>\n<td>2~8<\/td>\n<\/tr>\n<tr>\n<td>Lubrifiant<\/td>\n<td>Graisse NLGI 0~3# ou huile \uff1e N68<\/td>\n<\/tr>\n<tr>\n<td>Temp\u00e9rature de fonctionnement<\/td>\n<td>(-20 \u2103 ~ 80 \u2103)<\/td>\n<\/tr>\n<\/tbody>\n<\/table>\n<h2>Instruction<\/h2>\n<p>1. Lorsqu&#039;il est utilis\u00e9 dans un environnement poussi\u00e9reux, humide et difficile, il doit \u00eatre \u00e9quip\u00e9 d&#039;un couvercle de protection.<br \/>\n2. La m\u00e9thode d&#039;installation parall\u00e8le est pr\u00e9f\u00e9r\u00e9e dans le syst\u00e8me \u00e0 deux fils. Deuxi\u00e8mement, la m\u00e9thode d&#039;installation en s\u00e9rie est adopt\u00e9e et les deux fiches G3\/8 \u00e0 l&#039;entr\u00e9e d&#039;un c\u00f4t\u00e9 doivent \u00eatre retir\u00e9es. Le nombre maximal de connexions s\u00e9rie ne doit pas d\u00e9passer deux et peut \u00eatre install\u00e9 en parall\u00e8le et en s\u00e9rie si n\u00e9cessaire.<br \/>\n3. Le volume mesur\u00e9 du ZVB-S avec vis de mesure ne peut pas \u00eatre r\u00e9gl\u00e9, seule la vis de mesure avec un index diff\u00e9rent peut \u00eatre s\u00e9lectionn\u00e9e pour changer la vis de mesure.<br \/>\n4. Pour le ZVB-M avec dispositif de r\u00e9glage, le r\u00e9glage du volume mesur\u00e9 doit faire tourner la vis de r\u00e9glage du limiteur lorsque la tige est r\u00e9tract\u00e9e.<br \/>\n5. Pour le ZVB-L avec indicateur de mouvement, le r\u00e9glage du volume mesur\u00e9 doit \u00eatre effectu\u00e9 lorsque le levier indicateur est r\u00e9tract\u00e9.<br \/>\n6. Si le nombre de sorties doit \u00eatre impair, retirez les vis entre les sorties correspondantes et bloquez la sortie qui n&#039;est pas utilis\u00e9e avec des bouchons G1\/4&quot;. Les sorties sup\u00e9rieure et inf\u00e9rieure sont connect\u00e9es et les mouvements avant et arri\u00e8re du piston sont \u00e9vacu\u00e9s par cette sortie.<br \/>\n7. Pour faciliter le d\u00e9montage, il est pr\u00e9f\u00e9rable de plier la canalisation du ZVB aux points de lubrification \u00e0 un angle de 90 \u00b0 ou d&#039;utiliser un joint \u00e0 manchon.<br \/>\n8. La surface d&#039;installation du distributeur doit \u00eatre lisse et plate, et les boulons d&#039;installation ne doivent pas \u00eatre trop serr\u00e9s pour \u00e9viter toute d\u00e9formation et affecter le fonctionnement normal pendant l&#039;utilisation.<br \/>\n9. Il est recommand\u00e9 d&#039;utiliser des vis GB70-85 M60 x 50 pour l&#039;installation et la fixation des ZVB-S et ZVB-M. Une plaque de base de 30 mm doit \u00eatre pr\u00e9vue entre les surfaces d&#039;installation du ZVB-L et des vis sp\u00e9ciales GB70-85 M6 x 85 doivent \u00eatre utilis\u00e9es pour l&#039;installation et la fixation.<\/p>\n<h2>Manuels<\/h2>\n<div class=\"sdm_download_button_box_default\"><div class=\"sdm_download_link\"><a href=\"https:\/\/www.jinpinlub.com\/fr\/?sdm_process_download=1&download_id=3665\" class=\"sdm_download white\" title=\"Priv\u00e9\u00a0: ZVB Distributor\" target=\"&quot;_blank&quot;\">Voir la fiche technique - Distributeur ZVB<\/a><\/div><\/div>","protected":false},"excerpt":{"rendered":"<p>Le distributeur ZV-B est utilis\u00e9 dans les syst\u00e8mes de lubrification centralis\u00e9e \u00e0 deux conduites et convient pour l&#039;huile et la graisse. Il dose et distribue les lubrifiants aux points de lubrification ind\u00e9pendamment de la contre-pression. Les caract\u00e9ristiques comprennent jusqu&#039;\u00e0 8 sorties, des volumes de dosage de 0,5 \u00e0 3,0 ml\/cycle.<\/p>","protected":false},"featured_media":3635,"template":"","meta":{"ocean_post_layout":"","ocean_both_sidebars_style":"","ocean_both_sidebars_content_width":0,"ocean_both_sidebars_sidebars_width":0,"ocean_sidebar":"0","ocean_second_sidebar":"0","ocean_disable_margins":"enable","ocean_add_body_class":"","ocean_shortcode_before_top_bar":"","ocean_shortcode_after_top_bar":"","ocean_shortcode_before_header":"","ocean_shortcode_after_header":"","ocean_has_shortcode":"","ocean_shortcode_after_title":"","ocean_shortcode_before_footer_widgets":"","ocean_shortcode_after_footer_widgets":"","ocean_shortcode_before_footer_bottom":"","ocean_shortcode_after_footer_bottom":"","ocean_display_top_bar":"default","ocean_display_header":"default","ocean_header_style":"","ocean_center_header_left_menu":"0","ocean_custom_header_template":"0","ocean_custom_logo":0,"ocean_custom_retina_logo":0,"ocean_custom_logo_max_width":0,"ocean_custom_logo_tablet_max_width":0,"ocean_custom_logo_mobile_max_width":0,"ocean_custom_logo_max_height":0,"ocean_custom_logo_tablet_max_height":0,"ocean_custom_logo_mobile_max_height":0,"ocean_header_custom_menu":"0","ocean_menu_typo_font_family":"0","ocean_menu_typo_font_subset":"","ocean_menu_typo_font_size":0,"ocean_menu_typo_font_size_tablet":0,"ocean_menu_typo_font_size_mobile":0,"ocean_menu_typo_font_size_unit":"px","ocean_menu_typo_font_weight":"","ocean_menu_typo_font_weight_tablet":"","ocean_menu_typo_font_weight_mobile":"","ocean_menu_typo_transform":"","ocean_menu_typo_transform_tablet":"","ocean_menu_typo_transform_mobile":"","ocean_menu_typo_line_height":0,"ocean_menu_typo_line_height_tablet":0,"ocean_menu_typo_line_height_mobile":0,"ocean_menu_typo_line_height_unit":"","ocean_menu_typo_spacing":0,"ocean_menu_typo_spacing_tablet":0,"ocean_menu_typo_spacing_mobile":0,"ocean_menu_typo_spacing_unit":"","ocean_menu_link_color":"","ocean_menu_link_color_hover":"","ocean_menu_link_color_active":"","ocean_menu_link_background":"","ocean_menu_link_hover_background":"","ocean_menu_link_active_background":"","ocean_menu_social_links_bg":"","ocean_menu_social_hover_links_bg":"","ocean_menu_social_links_color":"","ocean_menu_social_hover_links_color":"","ocean_disable_title":"default","ocean_disable_heading":"default","ocean_post_title":"","ocean_post_subheading":"","ocean_post_title_style":"","ocean_post_title_background_color":"","ocean_post_title_background":0,"ocean_post_title_bg_image_position":"","ocean_post_title_bg_image_attachment":"","ocean_post_title_bg_image_repeat":"","ocean_post_title_bg_image_size":"","ocean_post_title_height":0,"ocean_post_title_bg_overlay":0.5,"ocean_post_title_bg_overlay_color":"","ocean_disable_breadcrumbs":"default","ocean_breadcrumbs_color":"","ocean_breadcrumbs_separator_color":"","ocean_breadcrumbs_links_color":"","ocean_breadcrumbs_links_hover_color":"","ocean_display_footer_widgets":"default","ocean_display_footer_bottom":"default","ocean_custom_footer_template":"0","osh_disable_topbar_sticky":"default","osh_disable_header_sticky":"default","osh_sticky_header_style":"default","osh_sticky_header_effect":"","osh_custom_sticky_logo":0,"osh_custom_retina_sticky_logo":0,"osh_custom_sticky_logo_height":0,"osh_background_color":"","osh_links_color":"","osh_links_hover_color":"","osh_links_active_color":"","osh_links_bg_color":"","osh_links_hover_bg_color":"","osh_links_active_bg_color":"","osh_menu_social_links_color":"","osh_menu_social_hover_links_color":""},"product_brand":[],"product_cat":[36,34],"product_tag":[314,313,301],"class_list":{"0":"post-3685","1":"product","2":"type-product","3":"status-publish","4":"has-post-thumbnail","6":"product_cat-dual-line-divider-valves","7":"product_cat-dual-line-lubrication-systems","8":"product_tag-distributor-zv-b","9":"product_tag-dual-line-metering-device","10":"product_tag-dual-line-metering-valve","12":"entry","13":"has-media","15":"first","16":"instock","17":"shipping-taxable","18":"product-type-external","19":"col","20":"span_1_of_3","21":"owp-content-center","22":"owp-thumbs-layout-horizontal","23":"owp-btn-very-big","24":"owp-tabs-layout-horizontal"},"_links":{"self":[{"href":"https:\/\/www.jinpinlub.com\/fr\/wp-json\/wp\/v2\/product\/3685","targetHints":{"allow":["GET"]}}],"collection":[{"href":"https:\/\/www.jinpinlub.com\/fr\/wp-json\/wp\/v2\/product"}],"about":[{"href":"https:\/\/www.jinpinlub.com\/fr\/wp-json\/wp\/v2\/types\/product"}],"wp:featuredmedia":[{"embeddable":true,"href":"https:\/\/www.jinpinlub.com\/fr\/wp-json\/wp\/v2\/media\/3635"}],"wp:attachment":[{"href":"https:\/\/www.jinpinlub.com\/fr\/wp-json\/wp\/v2\/media?parent=3685"}],"wp:term":[{"taxonomy":"product_brand","embeddable":true,"href":"https:\/\/www.jinpinlub.com\/fr\/wp-json\/wp\/v2\/product_brand?post=3685"},{"taxonomy":"product_cat","embeddable":true,"href":"https:\/\/www.jinpinlub.com\/fr\/wp-json\/wp\/v2\/product_cat?post=3685"},{"taxonomy":"product_tag","embeddable":true,"href":"https:\/\/www.jinpinlub.com\/fr\/wp-json\/wp\/v2\/product_tag?post=3685"}],"curies":[{"name":"wp","href":"https:\/\/api.w.org\/{rel}","templated":true}]}}