{"id":3738,"date":"2024-09-29T23:25:43","date_gmt":"2024-09-29T15:25:43","guid":{"rendered":"https:\/\/www.jinpinlub.com\/?post_type=product&#038;p=3738"},"modified":"2024-10-08T03:57:25","modified_gmt":"2024-10-07T19:57:25","slug":"pompes-de-lubrification-electriques-a-graisse-a-debit-controle-amg2-plc","status":"publish","type":"product","link":"https:\/\/www.jinpinlub.com\/fr\/product\/jmg2-plc-controlled-flow-grease-electric-lubrication-pumps\/","title":{"rendered":"Pompes de lubrification \u00e9lectriques \u00e0 graisse \u00e0 d\u00e9bit contr\u00f4l\u00e9 par PLC JMG2"},"content":{"rendered":"<h2>Caract\u00e9ristiques<\/h2>\n<p>1. La lubrification et le temps d&#039;intervalle sont contr\u00f4l\u00e9s par l&#039;automate h\u00f4te.<br \/>\n2. Un pressostat en option peut \u00eatre install\u00e9 pour d\u00e9tecter si le circuit d&#039;huile est endommag\u00e9.<br \/>\n3. Un capteur capacitif en option peut d\u00e9tecter un faible niveau de liquide et envoyer automatiquement un signal.<br \/>\n4. Avec manom\u00e8tre, il peut d\u00e9tecter la pression d&#039;action de la pompe \u00e0 huile. La d\u00e9charge de 500 ml\/min est facultative.<br \/>\n5. Avec bouton d&#039;alimentation en huile forc\u00e9e et voyant de lubrification.<br \/>\n6. La pompe \u00e0 engrenages au sol est \u00e9quip\u00e9e d&#039;un moteur \u00e0 induction, qui a une pression stable, un faible bruit, durable et fiable.<br \/>\n7. Cette unit\u00e9 de pompe de lubrification est con\u00e7ue de mani\u00e8re progressive, formant un syst\u00e8me de lubrification progressif avec <a href=\"https:\/\/www.jinpinlub.com\/fr\/categorie-de-produit\/systemes-de-graissage-progressifs\/repartiteurs-de-graisse-progressifs\/\" target=\"_blank\" rel=\"noopener\">r\u00e9partiteurs de graisse progressifs<\/a>.<\/p>\n<h2>Sp\u00e9cification<\/h2>\n<table>\n<tbody>\n<tr>\n<td>Mod\u00e8le<\/td>\n<td>JMG2<\/td>\n<\/tr>\n<tr>\n<td>Temps de lubrification<\/td>\n<td>Automate programmable<\/td>\n<\/tr>\n<tr>\n<td>Intervalle de temps<\/td>\n<td>Automate programmable<\/td>\n<\/tr>\n<tr>\n<td>Temp\u00e9rature de fonctionnement<\/td>\n<td>-10\u2103~ +60\u00b0C (les conditions de basse temp\u00e9rature n\u00e9cessitent une graisse antigel)<\/td>\n<\/tr>\n<tr>\n<td>Nombre de points de vente<\/td>\n<td>1<\/td>\n<\/tr>\n<tr>\n<td>Capacit\u00e9 du r\u00e9servoir<\/td>\n<td>3L (r\u00e9servoir de r\u00e9sine), 4L, 6L, 8L, 20L (r\u00e9servoir en m\u00e9tal)<\/td>\n<\/tr>\n<tr>\n<td>Remplissage<\/td>\n<td>De haut en bas<\/td>\n<\/tr>\n<tr>\n<td>Lubrifiant<\/td>\n<td>NLGI-000#~00#<\/td>\n<\/tr>\n<tr>\n<td>Puissance du moteur<\/td>\n<td>40 W<\/td>\n<\/tr>\n<tr>\n<td>D\u00e9charge<\/td>\n<td>250 ml\/min<\/td>\n<\/tr>\n<tr>\n<td>Pression de service max.<\/td>\n<td>4,0 MPa<\/td>\n<\/tr>\n<tr>\n<td>Fil de connexion<\/td>\n<td>Sortie \u03a66<\/td>\n<\/tr>\n<tr>\n<td>Tension de fonctionnement<\/td>\n<td>110 VCA, 220 VCA, 12 VCC, 24 VCC, 3~ 220 V, 3~ 380 V, 3~ 440 V, 3~ 460 V<\/td>\n<\/tr>\n<tr>\n<td>Certification<\/td>\n<td>CE<\/td>\n<\/tr>\n<tr>\n<td>Interrupteur de bas niveau<\/td>\n<td>Contact NC<\/td>\n<\/tr>\n<\/tbody>\n<\/table>\n<h2>Applications<\/h2>\n<p>Agriculture : les pompes de lubrification JMG2 lubrifient les machines pour assurer une longue dur\u00e9e de vie. Cela comprend les tracteurs, les moissonneuses et autres \u00e9quipements agricoles.<br \/>\nConstruction et exploitation mini\u00e8re : les syst\u00e8mes de lubrification automatique sont essentiels pour les machines lourdes telles que les excavatrices, les chargeuses et les \u00e9quipements miniers afin de r\u00e9duire les pannes.<br \/>\nMachines industrielles : Utilis\u00e9es dans les machines-outils, les machines \u00e0 bois, les machines textiles, les machines d&#039;emballage, etc. Les pompes de lubrification \u00e9lectriques assurent une lubrification pr\u00e9cise et am\u00e9liorent l&#039;efficacit\u00e9 des \u00e9quipements.<br \/>\nIndustrie alimentaire : les pompes de lubrification JMG2 assurent une lubrification hygi\u00e9nique et efficace des machines de transformation des aliments.<br \/>\n\u00c9quipement marin : les pompes \u00e0 graisse lubrifient les pi\u00e8ces mobiles des machines marines pour assurer un fonctionnement fluide et r\u00e9duire la maintenance.<\/p>\n<h2>Manuels<\/h2>\n<div class=\"sdm_download_button_box_default\"><div class=\"sdm_download_link\"><a href=\"https:\/\/www.jinpinlub.com\/fr\/?sdm_process_download=1&download_id=3737\" class=\"sdm_download white\" title=\"Priv\u00e9\u00a0: JMG Grease Pump\" target=\"&quot;_blank&quot;\">Voir la fiche technique - Pompe \u00e0 graisse JMG<\/a><\/div><\/div>","protected":false},"excerpt":{"rendered":"<p>La pompe de lubrification progressive JMG2 est une pompe de lubrification \u00e9lectrique entra\u00een\u00e9e par une pompe \u00e0 engrenages au sol. Elle peut \u00eatre \u00e9quip\u00e9e d&#039;un pressostat et d&#039;un capteur de niveau bas. Son moteur d&#039;entra\u00eenement a une faible consommation d&#039;\u00e9nergie, une pression stable, un faible bruit et est durable et fiable.<\/p>","protected":false},"featured_media":3747,"template":"","meta":{"ocean_post_layout":"","ocean_both_sidebars_style":"","ocean_both_sidebars_content_width":0,"ocean_both_sidebars_sidebars_width":0,"ocean_sidebar":"0","ocean_second_sidebar":"0","ocean_disable_margins":"enable","ocean_add_body_class":"","ocean_shortcode_before_top_bar":"","ocean_shortcode_after_top_bar":"","ocean_shortcode_before_header":"","ocean_shortcode_after_header":"","ocean_has_shortcode":"","ocean_shortcode_after_title":"","ocean_shortcode_before_footer_widgets":"","ocean_shortcode_after_footer_widgets":"","ocean_shortcode_before_footer_bottom":"","ocean_shortcode_after_footer_bottom":"","ocean_display_top_bar":"default","ocean_display_header":"default","ocean_header_style":"","ocean_center_header_left_menu":"0","ocean_custom_header_template":"0","ocean_custom_logo":0,"ocean_custom_retina_logo":0,"ocean_custom_logo_max_width":0,"ocean_custom_logo_tablet_max_width":0,"ocean_custom_logo_mobile_max_width":0,"ocean_custom_logo_max_height":0,"ocean_custom_logo_tablet_max_height":0,"ocean_custom_logo_mobile_max_height":0,"ocean_header_custom_menu":"0","ocean_menu_typo_font_family":"0","ocean_menu_typo_font_subset":"","ocean_menu_typo_font_size":0,"ocean_menu_typo_font_size_tablet":0,"ocean_menu_typo_font_size_mobile":0,"ocean_menu_typo_font_size_unit":"px","ocean_menu_typo_font_weight":"","ocean_menu_typo_font_weight_tablet":"","ocean_menu_typo_font_weight_mobile":"","ocean_menu_typo_transform":"","ocean_menu_typo_transform_tablet":"","ocean_menu_typo_transform_mobile":"","ocean_menu_typo_line_height":0,"ocean_menu_typo_line_height_tablet":0,"ocean_menu_typo_line_height_mobile":0,"ocean_menu_typo_line_height_unit":"","ocean_menu_typo_spacing":0,"ocean_menu_typo_spacing_tablet":0,"ocean_menu_typo_spacing_mobile":0,"ocean_menu_typo_spacing_unit":"","ocean_menu_link_color":"","ocean_menu_link_color_hover":"","ocean_menu_link_color_active":"","ocean_menu_link_background":"","ocean_menu_link_hover_background":"","ocean_menu_link_active_background":"","ocean_menu_social_links_bg":"","ocean_menu_social_hover_links_bg":"","ocean_menu_social_links_color":"","ocean_menu_social_hover_links_color":"","ocean_disable_title":"default","ocean_disable_heading":"default","ocean_post_title":"","ocean_post_subheading":"","ocean_post_title_style":"","ocean_post_title_background_color":"","ocean_post_title_background":0,"ocean_post_title_bg_image_position":"","ocean_post_title_bg_image_attachment":"","ocean_post_title_bg_image_repeat":"","ocean_post_title_bg_image_size":"","ocean_post_title_height":0,"ocean_post_title_bg_overlay":0.5,"ocean_post_title_bg_overlay_color":"","ocean_disable_breadcrumbs":"default","ocean_breadcrumbs_color":"","ocean_breadcrumbs_separator_color":"","ocean_breadcrumbs_links_color":"","ocean_breadcrumbs_links_hover_color":"","ocean_display_footer_widgets":"default","ocean_display_footer_bottom":"default","ocean_custom_footer_template":"0","osh_disable_topbar_sticky":"default","osh_disable_header_sticky":"default","osh_sticky_header_style":"default","osh_sticky_header_effect":"","osh_custom_sticky_logo":0,"osh_custom_retina_sticky_logo":0,"osh_custom_sticky_logo_height":0,"osh_background_color":"","osh_links_color":"","osh_links_hover_color":"","osh_links_active_color":"","osh_links_bg_color":"","osh_links_hover_bg_color":"","osh_links_active_bg_color":"","osh_menu_social_links_color":"","osh_menu_social_hover_links_color":""},"product_brand":[],"product_cat":[42,41],"product_tag":[74,112,185,73,77],"class_list":{"0":"post-3738","1":"product","2":"type-product","3":"status-publish","4":"has-post-thumbnail","6":"product_cat-electric-progressive-pumps","7":"product_cat-progressive-grease-systems","8":"product_tag-automatic-lubrication-pump","9":"product_tag-centralized-lubrication-system","10":"product_tag-electric-grease-pump","11":"product_tag-electric-lubrication-pump","12":"product_tag-grease-lubrication-pump","14":"entry","15":"has-media","17":"first","18":"instock","19":"shipping-taxable","20":"product-type-external","21":"col","22":"span_1_of_3","23":"owp-content-center","24":"owp-thumbs-layout-horizontal","25":"owp-btn-very-big","26":"owp-tabs-layout-horizontal"},"_links":{"self":[{"href":"https:\/\/www.jinpinlub.com\/fr\/wp-json\/wp\/v2\/product\/3738","targetHints":{"allow":["GET"]}}],"collection":[{"href":"https:\/\/www.jinpinlub.com\/fr\/wp-json\/wp\/v2\/product"}],"about":[{"href":"https:\/\/www.jinpinlub.com\/fr\/wp-json\/wp\/v2\/types\/product"}],"wp:featuredmedia":[{"embeddable":true,"href":"https:\/\/www.jinpinlub.com\/fr\/wp-json\/wp\/v2\/media\/3747"}],"wp:attachment":[{"href":"https:\/\/www.jinpinlub.com\/fr\/wp-json\/wp\/v2\/media?parent=3738"}],"wp:term":[{"taxonomy":"product_brand","embeddable":true,"href":"https:\/\/www.jinpinlub.com\/fr\/wp-json\/wp\/v2\/product_brand?post=3738"},{"taxonomy":"product_cat","embeddable":true,"href":"https:\/\/www.jinpinlub.com\/fr\/wp-json\/wp\/v2\/product_cat?post=3738"},{"taxonomy":"product_tag","embeddable":true,"href":"https:\/\/www.jinpinlub.com\/fr\/wp-json\/wp\/v2\/product_tag?post=3738"}],"curies":[{"name":"wp","href":"https:\/\/api.w.org\/{rel}","templated":true}]}}