{"id":3739,"date":"2024-09-30T00:57:59","date_gmt":"2024-09-29T16:57:59","guid":{"rendered":"https:\/\/www.jinpinlub.com\/?post_type=product&#038;p=3739"},"modified":"2024-10-08T04:06:47","modified_gmt":"2024-10-07T20:06:47","slug":"pompe-de-lubrification-electrique-automatique-a-graisse-jmg3-avec-minuterie","status":"publish","type":"product","link":"https:\/\/www.jinpinlub.com\/fr\/product\/jmg3-automatic-electric-grease-lubrication-pump-with-timer\/","title":{"rendered":"Pompe de lubrification \u00e9lectrique automatique \u00e0 graisse JMG3 avec minuterie"},"content":{"rendered":"<h2>Caract\u00e9ristiques<\/h2>\n<p>1. La minuterie peut \u00eatre r\u00e9gl\u00e9e sur deux modes d&#039;action\u00a0:<br \/>\n\u2460 Lubrifier avant le d\u00e9marrage : le temps de lubrification est ex\u00e9cut\u00e9 en premier au d\u00e9marrage.<br \/>\n\u2461 Intervalle avant le d\u00e9marrage : le temps d&#039;intervalle est ex\u00e9cut\u00e9 en premier au d\u00e9marrage. Remettez sous tension et continuez le temps d&#039;intervalle pr\u00e9c\u00e9dent.<br \/>\n2. Un pressostat en option peut \u00eatre install\u00e9 pour d\u00e9tecter si le circuit d&#039;huile est endommag\u00e9.<br \/>\n3. Un capteur de capacit\u00e9 en option peut d\u00e9tecter un faible niveau d&#039;huile et envoyer automatiquement un signal.<br \/>\n4. Un manom\u00e8tre est fix\u00e9 pour d\u00e9tecter la pression d&#039;action de la pompe \u00e0 huile. Un d\u00e9placement de 500 ml\/min est facultatif.<br \/>\n5. Le temps de la minuterie peut \u00eatre r\u00e9gl\u00e9 et dispose d&#039;une fonction d&#039;auto-verrouillage pour emp\u00eacher les autres de l&#039;utiliser \u00e0 volont\u00e9.<br \/>\n6. Le syst\u00e8me peut utiliser la touche \u00ab RST \u00bb pour forcer la lubrification ou \u00e9liminer les signaux d\u2019alarme anormaux.<br \/>\n7. La pompe \u00e0 engrenages au sol est \u00e9quip\u00e9e d&#039;un moteur \u00e0 induction, qui a une pression stable, un faible bruit, durable et fiable.<br \/>\n8. Il doit \u00eatre utilis\u00e9 avec <a href=\"https:\/\/www.jinpinlub.com\/fr\/categorie-de-produit\/systemes-de-graissage-a-ligne-unique\/soupapes-de-dosage-de-decharge-de-pression\/\" target=\"_blank\" rel=\"noopener\">distributeurs de d\u00e9charge de pression<\/a> pour obtenir un effet d\u2019approvisionnement quantitatif en p\u00e9trole.<\/p>\n<h2>Sp\u00e9cification<\/h2>\n<table>\n<tbody>\n<tr>\n<td>Mod\u00e8le<\/td>\n<td>JMG3<\/td>\n<\/tr>\n<tr>\n<td>Temps de lubrification<\/td>\n<td>1 \u00e0 999 secondes<\/td>\n<\/tr>\n<tr>\n<td>Intervalle de temps<\/td>\n<td>1 \u00e0 999 minutes<\/td>\n<\/tr>\n<tr>\n<td>Temp\u00e9rature de fonctionnement<\/td>\n<td>-10\u2103~ +60\u00b0C (les conditions de basse temp\u00e9rature n\u00e9cessitent une graisse antigel)<\/td>\n<\/tr>\n<tr>\n<td>Nombre de points de vente<\/td>\n<td>1<\/td>\n<\/tr>\n<tr>\n<td>Capacit\u00e9 du r\u00e9servoir<\/td>\n<td>3L (r\u00e9servoir de r\u00e9sine), 4L, 6L, 8L, 20L (r\u00e9servoir en m\u00e9tal)<\/td>\n<\/tr>\n<tr>\n<td>Remplissage<\/td>\n<td>De haut en bas<\/td>\n<\/tr>\n<tr>\n<td>Lubrifiant<\/td>\n<td>NLGI-000#~00#<\/td>\n<\/tr>\n<tr>\n<td>Puissance du moteur<\/td>\n<td>40 W<\/td>\n<\/tr>\n<tr>\n<td>D\u00e9charge<\/td>\n<td>250 ml\/min<\/td>\n<\/tr>\n<tr>\n<td>Pression de service max.<\/td>\n<td>4,0 MPa<\/td>\n<\/tr>\n<tr>\n<td>Fil de connexion<\/td>\n<td>Sortie \u03a66<\/td>\n<\/tr>\n<tr>\n<td>Tension de fonctionnement<\/td>\n<td>110 VCA, 220 VCA, 12 VCC, 24 VCC<\/td>\n<\/tr>\n<tr>\n<td>Certification<\/td>\n<td>CE<\/td>\n<\/tr>\n<tr>\n<td>Interrupteur de bas niveau<\/td>\n<td>Contact NC<\/td>\n<\/tr>\n<\/tbody>\n<\/table>\n<h2>Applications<\/h2>\n<p>\u00c9quipement industriel : les pompes de lubrification de la s\u00e9rie JMG3 peuvent \u00eatre appliqu\u00e9es aux usines pour lubrifier en continu les pi\u00e8ces mobiles d&#039;une machine, telles que les roulements et les engrenages, afin qu&#039;elles fonctionnent correctement.<br \/>\n\u00c9quipements de construction : excavatrices, chargeuses, grues, les \u00e9quipements de machinerie lourde peuvent tous b\u00e9n\u00e9ficier des pompes de lubrification \u00e9lectriques de la s\u00e9rie JMG3 pour moins d&#039;usure et des performances continues.<br \/>\nIndustries mini\u00e8res et cimenti\u00e8res : les \u00e9quipements de ces industries fonctionnent dans des conditions tr\u00e8s difficiles et les besoins en lubrification doivent \u00eatre suffisamment \u00e9lev\u00e9s pour \u00e9viter toute d\u00e9faillance qui r\u00e9duirait leur dur\u00e9e de vie.<br \/>\nIndustries agroalimentaires : normes d&#039;hygi\u00e8ne avec la pompe de lubrification automatique JMG3, tout en aidant les machines \u00e0 fonctionner efficacement.<\/p>\n<h2>Manuels<\/h2>\n<div class=\"sdm_download_button_box_default\"><div class=\"sdm_download_link\"><a href=\"https:\/\/www.jinpinlub.com\/fr\/?sdm_process_download=1&download_id=3737\" class=\"sdm_download white\" title=\"Priv\u00e9\u00a0: JMG Grease Pump\" target=\"&quot;_blank&quot;\">Voir la fiche technique - Pompe \u00e0 graisse JMG<\/a><\/div><\/div>","protected":false},"excerpt":{"rendered":"<p>JMG3 est une pompe de lubrification \u00e0 graisse fluide entra\u00een\u00e9e par une pompe \u00e0 engrenages au sol. Elle est compatible avec les lubrifiants NLGI #000 \u00e0 #00. Et elle est \u00e9quip\u00e9e d&#039;un manom\u00e8tre, d&#039;un bouton de lubrification forc\u00e9e et d&#039;une minuterie. Elle est stable et durable, avec un faible bruit et un faible co\u00fbt.<\/p>","protected":false},"featured_media":3751,"template":"","meta":{"ocean_post_layout":"","ocean_both_sidebars_style":"","ocean_both_sidebars_content_width":0,"ocean_both_sidebars_sidebars_width":0,"ocean_sidebar":"0","ocean_second_sidebar":"0","ocean_disable_margins":"enable","ocean_add_body_class":"","ocean_shortcode_before_top_bar":"","ocean_shortcode_after_top_bar":"","ocean_shortcode_before_header":"","ocean_shortcode_after_header":"","ocean_has_shortcode":"","ocean_shortcode_after_title":"","ocean_shortcode_before_footer_widgets":"","ocean_shortcode_after_footer_widgets":"","ocean_shortcode_before_footer_bottom":"","ocean_shortcode_after_footer_bottom":"","ocean_display_top_bar":"default","ocean_display_header":"default","ocean_header_style":"","ocean_center_header_left_menu":"0","ocean_custom_header_template":"0","ocean_custom_logo":0,"ocean_custom_retina_logo":0,"ocean_custom_logo_max_width":0,"ocean_custom_logo_tablet_max_width":0,"ocean_custom_logo_mobile_max_width":0,"ocean_custom_logo_max_height":0,"ocean_custom_logo_tablet_max_height":0,"ocean_custom_logo_mobile_max_height":0,"ocean_header_custom_menu":"0","ocean_menu_typo_font_family":"0","ocean_menu_typo_font_subset":"","ocean_menu_typo_font_size":0,"ocean_menu_typo_font_size_tablet":0,"ocean_menu_typo_font_size_mobile":0,"ocean_menu_typo_font_size_unit":"px","ocean_menu_typo_font_weight":"","ocean_menu_typo_font_weight_tablet":"","ocean_menu_typo_font_weight_mobile":"","ocean_menu_typo_transform":"","ocean_menu_typo_transform_tablet":"","ocean_menu_typo_transform_mobile":"","ocean_menu_typo_line_height":0,"ocean_menu_typo_line_height_tablet":0,"ocean_menu_typo_line_height_mobile":0,"ocean_menu_typo_line_height_unit":"","ocean_menu_typo_spacing":0,"ocean_menu_typo_spacing_tablet":0,"ocean_menu_typo_spacing_mobile":0,"ocean_menu_typo_spacing_unit":"","ocean_menu_link_color":"","ocean_menu_link_color_hover":"","ocean_menu_link_color_active":"","ocean_menu_link_background":"","ocean_menu_link_hover_background":"","ocean_menu_link_active_background":"","ocean_menu_social_links_bg":"","ocean_menu_social_hover_links_bg":"","ocean_menu_social_links_color":"","ocean_menu_social_hover_links_color":"","ocean_disable_title":"default","ocean_disable_heading":"default","ocean_post_title":"","ocean_post_subheading":"","ocean_post_title_style":"","ocean_post_title_background_color":"","ocean_post_title_background":0,"ocean_post_title_bg_image_position":"","ocean_post_title_bg_image_attachment":"","ocean_post_title_bg_image_repeat":"","ocean_post_title_bg_image_size":"","ocean_post_title_height":0,"ocean_post_title_bg_overlay":0.5,"ocean_post_title_bg_overlay_color":"","ocean_disable_breadcrumbs":"default","ocean_breadcrumbs_color":"","ocean_breadcrumbs_separator_color":"","ocean_breadcrumbs_links_color":"","ocean_breadcrumbs_links_hover_color":"","ocean_display_footer_widgets":"default","ocean_display_footer_bottom":"default","ocean_custom_footer_template":"0","osh_disable_topbar_sticky":"default","osh_disable_header_sticky":"default","osh_sticky_header_style":"default","osh_sticky_header_effect":"","osh_custom_sticky_logo":0,"osh_custom_retina_sticky_logo":0,"osh_custom_sticky_logo_height":0,"osh_background_color":"","osh_links_color":"","osh_links_hover_color":"","osh_links_active_color":"","osh_links_bg_color":"","osh_links_hover_bg_color":"","osh_links_active_bg_color":"","osh_menu_social_links_color":"","osh_menu_social_hover_links_color":""},"product_brand":[],"product_cat":[38,37],"product_tag":[194,112,73,318,317],"class_list":{"0":"post-3739","1":"product","2":"type-product","3":"status-publish","4":"has-post-thumbnail","6":"product_cat-electric-pressure-relief-pumps","7":"product_cat-single-line-grease-systems","8":"product_tag-centralized-lubrication-pump","9":"product_tag-centralized-lubrication-system","10":"product_tag-electric-lubrication-pump","11":"product_tag-fluid-grease-pump","12":"product_tag-gear-lubrication-pump","14":"entry","15":"has-media","17":"first","18":"instock","19":"shipping-taxable","20":"product-type-external","21":"col","22":"span_1_of_3","23":"owp-content-center","24":"owp-thumbs-layout-horizontal","25":"owp-btn-very-big","26":"owp-tabs-layout-horizontal"},"_links":{"self":[{"href":"https:\/\/www.jinpinlub.com\/fr\/wp-json\/wp\/v2\/product\/3739","targetHints":{"allow":["GET"]}}],"collection":[{"href":"https:\/\/www.jinpinlub.com\/fr\/wp-json\/wp\/v2\/product"}],"about":[{"href":"https:\/\/www.jinpinlub.com\/fr\/wp-json\/wp\/v2\/types\/product"}],"wp:featuredmedia":[{"embeddable":true,"href":"https:\/\/www.jinpinlub.com\/fr\/wp-json\/wp\/v2\/media\/3751"}],"wp:attachment":[{"href":"https:\/\/www.jinpinlub.com\/fr\/wp-json\/wp\/v2\/media?parent=3739"}],"wp:term":[{"taxonomy":"product_brand","embeddable":true,"href":"https:\/\/www.jinpinlub.com\/fr\/wp-json\/wp\/v2\/product_brand?post=3739"},{"taxonomy":"product_cat","embeddable":true,"href":"https:\/\/www.jinpinlub.com\/fr\/wp-json\/wp\/v2\/product_cat?post=3739"},{"taxonomy":"product_tag","embeddable":true,"href":"https:\/\/www.jinpinlub.com\/fr\/wp-json\/wp\/v2\/product_tag?post=3739"}],"curies":[{"name":"wp","href":"https:\/\/api.w.org\/{rel}","templated":true}]}}