{"id":3762,"date":"2024-10-08T04:24:08","date_gmt":"2024-10-07T20:24:08","guid":{"rendered":"https:\/\/www.jinpinlub.com\/?post_type=product&#038;p=3762"},"modified":"2024-10-09T18:02:30","modified_gmt":"2024-10-09T10:02:30","slug":"pompe-de-lubrification-a-graisse-avec-decompression-jmg3-8l-et-minuterie","status":"publish","type":"product","link":"https:\/\/www.jinpinlub.com\/fr\/product\/jmg3-8l-pressure-relief-grease-lubrication-pump-with-timer\/","title":{"rendered":"Pompe de lubrification \u00e0 graisse avec d\u00e9compression JMG3 8L et minuterie"},"content":{"rendered":"<h2>Caract\u00e9ristiques<\/h2>\n<p>Efficace et stable : la pompe de lubrification adopte un entra\u00eenement \u00e9lectrique pour assurer le fonctionnement stable et la sortie efficace de la pompe de lubrification.<br \/>\nContr\u00f4le automatique : la pompe de lubrification est \u00e9quip\u00e9e d&#039;un interrupteur de niveau de liquide pour r\u00e9aliser des fonctions de contr\u00f4le automatique et d&#039;alarme afin de garantir la s\u00e9curit\u00e9 et la fiabilit\u00e9 du syst\u00e8me.<br \/>\nR\u00e9gulation de pression : la pompe de lubrification JMG dispose d&#039;une soupape de trop-plein int\u00e9gr\u00e9e pour r\u00e9gler la pression du syst\u00e8me et \u00e9viter les surcharges.<br \/>\nEntretien facile : la pompe de lubrification JMG a une conception simple et est facile \u00e0 entretenir. Il suffit de retirer l&#039;unit\u00e9 de pompe par l&#039;avant et par le c\u00f4t\u00e9.<br \/>\nApplication diversifi\u00e9e : cette pompe \u00e0 graisse \u00e0 d\u00e9charge de pression convient \u00e0 une vari\u00e9t\u00e9 de graisses (000#~00#) pour r\u00e9pondre \u00e0 des besoins de lubrification professionnels sp\u00e9cifiques.<\/p>\n<h2>Sp\u00e9cification<\/h2>\n<table>\n<tbody>\n<tr>\n<td>Mod\u00e8le<\/td>\n<td>JMG3<\/td>\n<\/tr>\n<tr>\n<td>Temps de lubrification<\/td>\n<td>1 \u00e0 999 secondes<\/td>\n<\/tr>\n<tr>\n<td>Intervalle de temps<\/td>\n<td>1 \u00e0 999 minutes<\/td>\n<\/tr>\n<tr>\n<td>Temp\u00e9rature de fonctionnement<\/td>\n<td>-10\u2103~ +60\u00b0C (les conditions de basse temp\u00e9rature n\u00e9cessitent une graisse antigel)<\/td>\n<\/tr>\n<tr>\n<td>Nombre de points de vente<\/td>\n<td>1<\/td>\n<\/tr>\n<tr>\n<td>Capacit\u00e9 du r\u00e9servoir<\/td>\n<td>3L (r\u00e9servoir de r\u00e9sine), 4L, 6L, 8L, 20L (r\u00e9servoir en m\u00e9tal)<\/td>\n<\/tr>\n<tr>\n<td>Remplissage<\/td>\n<td>De haut en bas<\/td>\n<\/tr>\n<tr>\n<td>Lubrifiant<\/td>\n<td>NLGI-000#~00#<\/td>\n<\/tr>\n<tr>\n<td>Puissance du moteur<\/td>\n<td>40 W<\/td>\n<\/tr>\n<tr>\n<td>D\u00e9charge<\/td>\n<td>250 ml\/min<\/td>\n<\/tr>\n<tr>\n<td>Pression de service max.<\/td>\n<td>4,0 MPa<\/td>\n<\/tr>\n<tr>\n<td>Fil de connexion<\/td>\n<td>Sortie \u03a66<\/td>\n<\/tr>\n<tr>\n<td>Tension de fonctionnement<\/td>\n<td>110 VCA, 220 VCA, 12 VCC, 24 VCC<\/td>\n<\/tr>\n<tr>\n<td>Certification<\/td>\n<td>CE<\/td>\n<\/tr>\n<tr>\n<td>Interrupteur de bas niveau<\/td>\n<td>Contact NC<\/td>\n<\/tr>\n<\/tbody>\n<\/table>\n<h2>Applications<\/h2>\n<p>Efficace et stable : la pompe de lubrification adopte un entra\u00eenement \u00e9lectrique pour assurer le fonctionnement stable et la sortie efficace de la pompe de lubrification.<br \/>\nContr\u00f4le automatique : La pompe de lubrification est \u00e9quip\u00e9e d&#039;un interrupteur de niveau de liquide pour r\u00e9aliser des fonctions de contr\u00f4le automatique et d&#039;alarme afin d&#039;assurer la s\u00e9curit\u00e9 et la fiabilit\u00e9 du syst\u00e8me.<br \/>\nR\u00e9gulation de pression : La pompe de lubrification JMG dispose d&#039;une soupape de trop-plein int\u00e9gr\u00e9e pour r\u00e9gler la pression du syst\u00e8me et \u00e9viter les surcharges.<br \/>\nEntretien facile : La pompe de lubrification JMG a une conception simple et est facile \u00e0 entretenir. Il suffit de retirer l&#039;unit\u00e9 de pompe par l&#039;avant et par le c\u00f4t\u00e9.<br \/>\nApplication diversifi\u00e9e : la pompe de lubrification JMG convient \u00e0 une vari\u00e9t\u00e9 de graisses (000#~00#) pour r\u00e9pondre \u00e0 des besoins de lubrification professionnels sp\u00e9cifiques.<\/p>\n<h2>Manuels<\/h2>\n<div class=\"sdm_download_button_box_default\"><div class=\"sdm_download_link\"><a href=\"https:\/\/www.jinpinlub.com\/fr\/?sdm_process_download=1&download_id=3737\" class=\"sdm_download white\" title=\"Priv\u00e9\u00a0: JMG Grease Pump\" target=\"&quot;_blank&quot;\">Voir la fiche technique - Pompe \u00e0 graisse JMG<\/a><\/div><\/div>","protected":false},"excerpt":{"rendered":"<p>La pompe de lubrification \u00e0 graisse \u00e9lectrique de type \u00e0 d\u00e9charge de pression JMG convient aux machines CNC, aux machines en plastique, aux machines de moulage sous pression et \u00e0 d&#039;autres industries. Elle pr\u00e9sente les caract\u00e9ristiques d&#039;une efficacit\u00e9 et d&#039;une stabilit\u00e9 \u00e9lev\u00e9es, d&#039;un contr\u00f4le automatique, d&#039;une r\u00e9gulation de pression et d&#039;un entretien facile.<\/p>","protected":false},"featured_media":3767,"template":"","meta":{"ocean_post_layout":"","ocean_both_sidebars_style":"","ocean_both_sidebars_content_width":0,"ocean_both_sidebars_sidebars_width":0,"ocean_sidebar":"0","ocean_second_sidebar":"0","ocean_disable_margins":"enable","ocean_add_body_class":"","ocean_shortcode_before_top_bar":"","ocean_shortcode_after_top_bar":"","ocean_shortcode_before_header":"","ocean_shortcode_after_header":"","ocean_has_shortcode":"","ocean_shortcode_after_title":"","ocean_shortcode_before_footer_widgets":"","ocean_shortcode_after_footer_widgets":"","ocean_shortcode_before_footer_bottom":"","ocean_shortcode_after_footer_bottom":"","ocean_display_top_bar":"default","ocean_display_header":"default","ocean_header_style":"","ocean_center_header_left_menu":"0","ocean_custom_header_template":"0","ocean_custom_logo":0,"ocean_custom_retina_logo":0,"ocean_custom_logo_max_width":0,"ocean_custom_logo_tablet_max_width":0,"ocean_custom_logo_mobile_max_width":0,"ocean_custom_logo_max_height":0,"ocean_custom_logo_tablet_max_height":0,"ocean_custom_logo_mobile_max_height":0,"ocean_header_custom_menu":"0","ocean_menu_typo_font_family":"0","ocean_menu_typo_font_subset":"","ocean_menu_typo_font_size":0,"ocean_menu_typo_font_size_tablet":0,"ocean_menu_typo_font_size_mobile":0,"ocean_menu_typo_font_size_unit":"px","ocean_menu_typo_font_weight":"","ocean_menu_typo_font_weight_tablet":"","ocean_menu_typo_font_weight_mobile":"","ocean_menu_typo_transform":"","ocean_menu_typo_transform_tablet":"","ocean_menu_typo_transform_mobile":"","ocean_menu_typo_line_height":0,"ocean_menu_typo_line_height_tablet":0,"ocean_menu_typo_line_height_mobile":0,"ocean_menu_typo_line_height_unit":"","ocean_menu_typo_spacing":0,"ocean_menu_typo_spacing_tablet":0,"ocean_menu_typo_spacing_mobile":0,"ocean_menu_typo_spacing_unit":"","ocean_menu_link_color":"","ocean_menu_link_color_hover":"","ocean_menu_link_color_active":"","ocean_menu_link_background":"","ocean_menu_link_hover_background":"","ocean_menu_link_active_background":"","ocean_menu_social_links_bg":"","ocean_menu_social_hover_links_bg":"","ocean_menu_social_links_color":"","ocean_menu_social_hover_links_color":"","ocean_disable_title":"default","ocean_disable_heading":"default","ocean_post_title":"","ocean_post_subheading":"","ocean_post_title_style":"","ocean_post_title_background_color":"","ocean_post_title_background":0,"ocean_post_title_bg_image_position":"","ocean_post_title_bg_image_attachment":"","ocean_post_title_bg_image_repeat":"","ocean_post_title_bg_image_size":"","ocean_post_title_height":0,"ocean_post_title_bg_overlay":0.5,"ocean_post_title_bg_overlay_color":"","ocean_disable_breadcrumbs":"default","ocean_breadcrumbs_color":"","ocean_breadcrumbs_separator_color":"","ocean_breadcrumbs_links_color":"","ocean_breadcrumbs_links_hover_color":"","ocean_display_footer_widgets":"default","ocean_display_footer_bottom":"default","ocean_custom_footer_template":"0","osh_disable_topbar_sticky":"default","osh_disable_header_sticky":"default","osh_sticky_header_style":"default","osh_sticky_header_effect":"","osh_custom_sticky_logo":0,"osh_custom_retina_sticky_logo":0,"osh_custom_sticky_logo_height":0,"osh_background_color":"","osh_links_color":"","osh_links_hover_color":"","osh_links_active_color":"","osh_links_bg_color":"","osh_links_hover_bg_color":"","osh_links_active_bg_color":"","osh_menu_social_links_color":"","osh_menu_social_hover_links_color":""},"product_brand":[],"product_cat":[38,37],"product_tag":[74,321,73,77,71],"class_list":{"0":"post-3762","1":"product","2":"type-product","3":"status-publish","4":"has-post-thumbnail","6":"product_cat-electric-pressure-relief-pumps","7":"product_cat-single-line-grease-systems","8":"product_tag-automatic-lubrication-pump","9":"product_tag-automatic-lubrication-system","10":"product_tag-electric-lubrication-pump","11":"product_tag-grease-lubrication-pump","12":"product_tag-lubrication-pump","14":"entry","15":"has-media","17":"first","18":"instock","19":"shipping-taxable","20":"product-type-external","21":"col","22":"span_1_of_3","23":"owp-content-center","24":"owp-thumbs-layout-horizontal","25":"owp-btn-very-big","26":"owp-tabs-layout-horizontal"},"_links":{"self":[{"href":"https:\/\/www.jinpinlub.com\/fr\/wp-json\/wp\/v2\/product\/3762","targetHints":{"allow":["GET"]}}],"collection":[{"href":"https:\/\/www.jinpinlub.com\/fr\/wp-json\/wp\/v2\/product"}],"about":[{"href":"https:\/\/www.jinpinlub.com\/fr\/wp-json\/wp\/v2\/types\/product"}],"wp:featuredmedia":[{"embeddable":true,"href":"https:\/\/www.jinpinlub.com\/fr\/wp-json\/wp\/v2\/media\/3767"}],"wp:attachment":[{"href":"https:\/\/www.jinpinlub.com\/fr\/wp-json\/wp\/v2\/media?parent=3762"}],"wp:term":[{"taxonomy":"product_brand","embeddable":true,"href":"https:\/\/www.jinpinlub.com\/fr\/wp-json\/wp\/v2\/product_brand?post=3762"},{"taxonomy":"product_cat","embeddable":true,"href":"https:\/\/www.jinpinlub.com\/fr\/wp-json\/wp\/v2\/product_cat?post=3762"},{"taxonomy":"product_tag","embeddable":true,"href":"https:\/\/www.jinpinlub.com\/fr\/wp-json\/wp\/v2\/product_tag?post=3762"}],"curies":[{"name":"wp","href":"https:\/\/api.w.org\/{rel}","templated":true}]}}