{"id":3763,"date":"2024-10-08T04:24:09","date_gmt":"2024-10-07T20:24:09","guid":{"rendered":"https:\/\/www.jinpinlub.com\/?post_type=product&#038;p=3763"},"modified":"2024-10-08T04:31:35","modified_gmt":"2024-10-07T20:31:35","slug":"pompe-de-lubrification-a-graisse-pour-fluide-de-decharge-de-pression-electrique-jmg4","status":"publish","type":"product","link":"https:\/\/www.jinpinlub.com\/fr\/product\/jmg4-electric-pressure-relief-fluid-grease-lubrication-pump\/","title":{"rendered":"Pompe de lubrification \u00e0 graisse pour fluide de d\u00e9charge de pression \u00e9lectrique JMG4"},"content":{"rendered":"<h2>Caract\u00e9ristiques<\/h2>\n<p>1. L&#039;automate h\u00f4te contr\u00f4le le cycle de travail de la pompe de lubrification : temps de travail et temps intermittent<br \/>\n2. Le voyant du panneau peut indiquer l&#039;\u00e9tat de lubrification de la pompe de lubrification.<br \/>\n3. Le syst\u00e8me est \u00e9quip\u00e9 d\u2019une touche \u00ab FEED \u00bb pour la lubrification forc\u00e9e.<br \/>\n4. Le m\u00e9canisme d&#039;entra\u00eenement est une combinaison d&#039;une pompe \u00e0 engrenages en alliage sp\u00e9cial et d&#039;un moteur \u00e0 induction, avec une longue dur\u00e9e de vie et un faible bruit.<br \/>\n5. Cette pompe \u00e0 graisse \u00e9lectrique est une <a href=\"https:\/\/www.jinpinlub.com\/fr\/categorie-de-produit\/systemes-de-graissage-a-ligne-unique\/pompes-de-surpression-electriques\/\" target=\"_blank\" rel=\"noopener\">pompe volum\u00e9trique<\/a> avec un dispositif de d\u00e9charge de pression. Il doit \u00eatre utilis\u00e9 avec un distributeur de d\u00e9charge de pression tel que MU\/MG2\/MG pour former un syst\u00e8me de pompe de lubrification automatique \u00e0 d\u00e9charge de pression.<br \/>\n6. Gamme de lubrifiants compatibles : graisse au lithium NLGI000#~00#.<br \/>\n7. La pompe de lubrification dispose de plusieurs options de tension, monophas\u00e9 110\/220 V\/DC12\/24 V, triphas\u00e9 220\/380\/440\/460 V.<\/p>\n<h2>Sp\u00e9cification<\/h2>\n<table>\n<tbody>\n<tr>\n<td>Mod\u00e8le<\/td>\n<td>JMG4<\/td>\n<\/tr>\n<tr>\n<td>Temps de lubrification<\/td>\n<td>Automate programmable<\/td>\n<\/tr>\n<tr>\n<td>Intervalle de temps<\/td>\n<td>Automate programmable<\/td>\n<\/tr>\n<tr>\n<td>Temp\u00e9rature de fonctionnement<\/td>\n<td>-10\u2103~ +60\u00b0C (les conditions de basse temp\u00e9rature n\u00e9cessitent une graisse antigel)<\/td>\n<\/tr>\n<tr>\n<td>Nombre de points de vente<\/td>\n<td>1<\/td>\n<\/tr>\n<tr>\n<td>Capacit\u00e9 du r\u00e9servoir<\/td>\n<td>3L (r\u00e9servoir de r\u00e9sine), 4L, 6L, 8L, 20L (r\u00e9servoir en m\u00e9tal)<\/td>\n<\/tr>\n<tr>\n<td>Remplissage<\/td>\n<td>De haut en bas<\/td>\n<\/tr>\n<tr>\n<td>Lubrifiant<\/td>\n<td>NLGI-000#~00#<\/td>\n<\/tr>\n<tr>\n<td>Puissance du moteur<\/td>\n<td>40 W<\/td>\n<\/tr>\n<tr>\n<td>D\u00e9charge<\/td>\n<td>250 ml\/min<\/td>\n<\/tr>\n<tr>\n<td>Pression de service max.<\/td>\n<td>4,0 MPa<\/td>\n<\/tr>\n<tr>\n<td>Fil de connexion<\/td>\n<td>Sortie \u03a66<\/td>\n<\/tr>\n<tr>\n<td>Tension de fonctionnement<\/td>\n<td>110 VCA, 220 VCA, 12 VCC, 24 VCC, 3~ 220 V, 3~ 380 V, 3~ 440 V, 3~ 460 V<\/td>\n<\/tr>\n<tr>\n<td>Certification<\/td>\n<td>CE<\/td>\n<\/tr>\n<tr>\n<td>Interrupteur de bas niveau<\/td>\n<td>Contact NC<\/td>\n<\/tr>\n<\/tbody>\n<\/table>\n<h2>Applications<\/h2>\n<p>La pompe de lubrification JMG4 peut \u00eatre utilis\u00e9e pour les machines en plastique : telles que les machines de moulage par injection, les machines de moulage par soufflage, etc.<br \/>\nLa pompe de lubrification JMG4 peut \u00eatre utilis\u00e9e pour les machines d&#039;ing\u00e9nierie : telles que les excavatrices, les chargeuses, etc.<br \/>\nLa pompe de lubrification JMG4 peut \u00eatre utilis\u00e9e pour les machines textiles : telles que les machines \u00e0 filer, les m\u00e9tiers \u00e0 tisser, etc.<br \/>\nLa pompe de lubrification JMG4 peut \u00eatre utilis\u00e9e pour les machines d&#039;impression : telles que les machines d&#039;impression, les machines de reliure, etc.<br \/>\nLa pompe de lubrification JMG4 peut \u00eatre utilis\u00e9e pour les machines \u00e0 bois : telles que les tours \u00e0 bois, les machines \u00e0 scier, etc.<br \/>\nLa pompe de lubrification JMG4 peut \u00eatre utilis\u00e9e pour les machines chimiques : telles que les r\u00e9acteurs, les m\u00e9langeurs, etc.<br \/>\nLa pompe de lubrification JMG4 peut \u00eatre utilis\u00e9e pour les machines alimentaires : telles que les machines d&#039;emballage, les machines de remplissage, etc.<\/p>\n<h2>Manuels<\/h2>\n<div class=\"sdm_download_button_box_default\"><div class=\"sdm_download_link\"><a href=\"https:\/\/www.jinpinlub.com\/fr\/?sdm_process_download=1&download_id=3737\" class=\"sdm_download white\" title=\"Priv\u00e9\u00a0: JMG Grease Pump\" target=\"&quot;_blank&quot;\">Voir la fiche technique - Pompe \u00e0 graisse JMG<\/a><\/div><\/div>","protected":false},"excerpt":{"rendered":"<p>La pompe \u00e0 graisse \u00e9lectrique JMG4 est con\u00e7ue pour les \u00e9quipements de petite et moyenne taille et est utilis\u00e9e dans les machines en plastique, le textile, les machines-outils, l&#039;impression, le travail du bois et d&#039;autres industries. La pression de sortie est de 3,5 MPa et est utilis\u00e9e pour la graisse fluide NLGI 000~00#.<\/p>","protected":false},"featured_media":3755,"template":"","meta":{"ocean_post_layout":"","ocean_both_sidebars_style":"","ocean_both_sidebars_content_width":0,"ocean_both_sidebars_sidebars_width":0,"ocean_sidebar":"0","ocean_second_sidebar":"0","ocean_disable_margins":"enable","ocean_add_body_class":"","ocean_shortcode_before_top_bar":"","ocean_shortcode_after_top_bar":"","ocean_shortcode_before_header":"","ocean_shortcode_after_header":"","ocean_has_shortcode":"","ocean_shortcode_after_title":"","ocean_shortcode_before_footer_widgets":"","ocean_shortcode_after_footer_widgets":"","ocean_shortcode_before_footer_bottom":"","ocean_shortcode_after_footer_bottom":"","ocean_display_top_bar":"default","ocean_display_header":"default","ocean_header_style":"","ocean_center_header_left_menu":"0","ocean_custom_header_template":"0","ocean_custom_logo":0,"ocean_custom_retina_logo":0,"ocean_custom_logo_max_width":0,"ocean_custom_logo_tablet_max_width":0,"ocean_custom_logo_mobile_max_width":0,"ocean_custom_logo_max_height":0,"ocean_custom_logo_tablet_max_height":0,"ocean_custom_logo_mobile_max_height":0,"ocean_header_custom_menu":"0","ocean_menu_typo_font_family":"0","ocean_menu_typo_font_subset":"","ocean_menu_typo_font_size":0,"ocean_menu_typo_font_size_tablet":0,"ocean_menu_typo_font_size_mobile":0,"ocean_menu_typo_font_size_unit":"px","ocean_menu_typo_font_weight":"","ocean_menu_typo_font_weight_tablet":"","ocean_menu_typo_font_weight_mobile":"","ocean_menu_typo_transform":"","ocean_menu_typo_transform_tablet":"","ocean_menu_typo_transform_mobile":"","ocean_menu_typo_line_height":0,"ocean_menu_typo_line_height_tablet":0,"ocean_menu_typo_line_height_mobile":0,"ocean_menu_typo_line_height_unit":"","ocean_menu_typo_spacing":0,"ocean_menu_typo_spacing_tablet":0,"ocean_menu_typo_spacing_mobile":0,"ocean_menu_typo_spacing_unit":"","ocean_menu_link_color":"","ocean_menu_link_color_hover":"","ocean_menu_link_color_active":"","ocean_menu_link_background":"","ocean_menu_link_hover_background":"","ocean_menu_link_active_background":"","ocean_menu_social_links_bg":"","ocean_menu_social_hover_links_bg":"","ocean_menu_social_links_color":"","ocean_menu_social_hover_links_color":"","ocean_disable_title":"default","ocean_disable_heading":"default","ocean_post_title":"","ocean_post_subheading":"","ocean_post_title_style":"","ocean_post_title_background_color":"","ocean_post_title_background":0,"ocean_post_title_bg_image_position":"","ocean_post_title_bg_image_attachment":"","ocean_post_title_bg_image_repeat":"","ocean_post_title_bg_image_size":"","ocean_post_title_height":0,"ocean_post_title_bg_overlay":0.5,"ocean_post_title_bg_overlay_color":"","ocean_disable_breadcrumbs":"default","ocean_breadcrumbs_color":"","ocean_breadcrumbs_separator_color":"","ocean_breadcrumbs_links_color":"","ocean_breadcrumbs_links_hover_color":"","ocean_display_footer_widgets":"default","ocean_display_footer_bottom":"default","ocean_custom_footer_template":"0","osh_disable_topbar_sticky":"default","osh_disable_header_sticky":"default","osh_sticky_header_style":"default","osh_sticky_header_effect":"","osh_custom_sticky_logo":0,"osh_custom_retina_sticky_logo":0,"osh_custom_sticky_logo_height":0,"osh_background_color":"","osh_links_color":"","osh_links_hover_color":"","osh_links_active_color":"","osh_links_bg_color":"","osh_links_hover_bg_color":"","osh_links_active_bg_color":"","osh_menu_social_links_color":"","osh_menu_social_hover_links_color":""},"product_brand":[],"product_cat":[38,37],"product_tag":[185,318,319,320],"class_list":{"0":"post-3763","1":"product","2":"type-product","3":"status-publish","4":"has-post-thumbnail","6":"product_cat-electric-pressure-relief-pumps","7":"product_cat-single-line-grease-systems","8":"product_tag-electric-grease-pump","9":"product_tag-fluid-grease-pump","10":"product_tag-pressure-relief-grease-pump","11":"product_tag-single-line-grease-pump","13":"entry","14":"has-media","16":"first","17":"instock","18":"shipping-taxable","19":"product-type-external","20":"col","21":"span_1_of_3","22":"owp-content-center","23":"owp-thumbs-layout-horizontal","24":"owp-btn-very-big","25":"owp-tabs-layout-horizontal"},"_links":{"self":[{"href":"https:\/\/www.jinpinlub.com\/fr\/wp-json\/wp\/v2\/product\/3763","targetHints":{"allow":["GET"]}}],"collection":[{"href":"https:\/\/www.jinpinlub.com\/fr\/wp-json\/wp\/v2\/product"}],"about":[{"href":"https:\/\/www.jinpinlub.com\/fr\/wp-json\/wp\/v2\/types\/product"}],"wp:featuredmedia":[{"embeddable":true,"href":"https:\/\/www.jinpinlub.com\/fr\/wp-json\/wp\/v2\/media\/3755"}],"wp:attachment":[{"href":"https:\/\/www.jinpinlub.com\/fr\/wp-json\/wp\/v2\/media?parent=3763"}],"wp:term":[{"taxonomy":"product_brand","embeddable":true,"href":"https:\/\/www.jinpinlub.com\/fr\/wp-json\/wp\/v2\/product_brand?post=3763"},{"taxonomy":"product_cat","embeddable":true,"href":"https:\/\/www.jinpinlub.com\/fr\/wp-json\/wp\/v2\/product_cat?post=3763"},{"taxonomy":"product_tag","embeddable":true,"href":"https:\/\/www.jinpinlub.com\/fr\/wp-json\/wp\/v2\/product_tag?post=3763"}],"curies":[{"name":"wp","href":"https:\/\/api.w.org\/{rel}","templated":true}]}}