{"id":3778,"date":"2024-10-10T12:11:34","date_gmt":"2024-10-10T04:11:34","guid":{"rendered":"https:\/\/www.jinpinlub.com\/?post_type=product&#038;p=3778"},"modified":"2024-10-10T12:15:26","modified_gmt":"2024-10-10T04:15:26","slug":"pompes-de-lubrification-electriques-automatiques-amg1-pour-graisse-fluide-3","status":"publish","type":"product","link":"https:\/\/www.jinpinlub.com\/fr\/product\/jmg1-progressive-motor-driven-grease-lubrication-gear-pump\/","title":{"rendered":"Pompe \u00e0 engrenages \u00e0 lubrification \u00e0 graisse \u00e0 entra\u00eenement par moteur progressif JMG1"},"content":{"rendered":"<h2>Caract\u00e9ristiques<\/h2>\n<p>1. Le syst\u00e8me de lubrification dispose de deux modes de d\u00e9marrage optionnels : le mode lubrification et le mode m\u00e9moire. En mode m\u00e9moire, lorsque l&#039;alimentation est reconnect\u00e9e, la lubrification inachev\u00e9e ou l&#039;action par intervalles peut \u00eatre reprise.<br \/>\n2. Il permet le r\u00e9glage de la lubrification et de l&#039;intervalle de temps, avec des s\u00e9lections parmi plusieurs unit\u00e9s telles que les secondes, les minutes et les heures, rendant la lubrification flexible.<br \/>\n3. Soupape de d\u00e9charge de pression, dont la fonction de pression constante maintient un bon \u00e9tat et \u00e9vite la situation de pression syst\u00e8me excessivement \u00e9lev\u00e9e.<br \/>\n4. Il y a une minuterie sur la pompe de lubrification JMG ; l&#039;\u00e9tat de fonctionnement et les conditions anormales du graisseur peuvent \u00eatre affich\u00e9s sur l&#039;\u00e9cran du panneau et le voyant lumineux.<br \/>\n5. Le bouton de lubrification forc\u00e9e \u00ab RES \u00bb de la pompe de lubrification JMG1 peut r\u00e9initialiser et red\u00e9marrer le cycle de fonctionnement de la pompe.<br \/>\n6. Selon les conditions r\u00e9elles requises par le client, un pressostat peut \u00eatre s\u00e9lectionn\u00e9 pour r\u00e9aliser un contr\u00f4le automatique.<br \/>\n7. Le <a href=\"https:\/\/en.wikipedia.org\/wiki\/Induction_motor\" target=\"_blank\" rel=\"noopener\">moteur \u00e0 induction<\/a> utilis\u00e9 dans la pompe de lubrification JMG1 est de qualit\u00e9 sup\u00e9rieure et capable d&#039;activit\u00e9s op\u00e9rationnelles pendant de longues p\u00e9riodes ; il peut s&#039;adapter aux op\u00e9rations de lubrification \u00e0 long terme.<\/p>\n<h2>Sp\u00e9cification<\/h2>\n<table>\n<tbody>\n<tr>\n<td>Mod\u00e8le<\/td>\n<td>JMG1<\/td>\n<\/tr>\n<tr>\n<td>Temps de lubrification<\/td>\n<td>1 \u00e0 999 secondes<\/td>\n<\/tr>\n<tr>\n<td>Intervalle de temps<\/td>\n<td>1 \u00e0 999 minutes<\/td>\n<\/tr>\n<tr>\n<td>Temp\u00e9rature de fonctionnement<\/td>\n<td>-10\u2103~ +60\u00b0C (les conditions de basse temp\u00e9rature n\u00e9cessitent une graisse antigel)<\/td>\n<\/tr>\n<tr>\n<td>Nombre de points de vente<\/td>\n<td>1<\/td>\n<\/tr>\n<tr>\n<td>Capacit\u00e9 du r\u00e9servoir<\/td>\n<td>3L (r\u00e9servoir de r\u00e9sine), 4L, 6L, 8L, 20L (r\u00e9servoir en m\u00e9tal)<\/td>\n<\/tr>\n<tr>\n<td>Remplissage<\/td>\n<td>De haut en bas<\/td>\n<\/tr>\n<tr>\n<td>Lubrifiant<\/td>\n<td>NLGI-000#~00#<\/td>\n<\/tr>\n<tr>\n<td>Puissance du moteur<\/td>\n<td>40 W<\/td>\n<\/tr>\n<tr>\n<td>D\u00e9charge<\/td>\n<td>250 ml\/min<\/td>\n<\/tr>\n<tr>\n<td>Pression de service max.<\/td>\n<td>4,0 MPa<\/td>\n<\/tr>\n<tr>\n<td>Fil de connexion<\/td>\n<td>Sortie \u03a66<\/td>\n<\/tr>\n<tr>\n<td>Tension de fonctionnement<\/td>\n<td>110 VCA, 220 VCA, 12 VCC, 24 VCC<\/td>\n<\/tr>\n<tr>\n<td>Certification<\/td>\n<td>CE<\/td>\n<\/tr>\n<tr>\n<td>Interrupteur de bas niveau<\/td>\n<td>Contact NC<\/td>\n<\/tr>\n<\/tbody>\n<\/table>\n<h2>Applications<\/h2>\n<p>Industrie des machines-outils : Dans l&#039;industrie des machines-outils, la pompe de lubrification alimente en lubrifiants les pi\u00e8ces cl\u00e9s des machines-outils en temps voulu et en quantit\u00e9, telles que les rails de guidage, les vis m\u00e8res, les roulements, etc., afin de r\u00e9duire les frottements et l&#039;usure.<br \/>\nMachines pour le plastique : JMG1 peut \u00eatre utilis\u00e9 dans les machines de transformation du plastique pour assurer la lubrification normale des \u00e9quipements tels que les machines de moulage par injection et les extrudeuses. Une quantit\u00e9 donn\u00e9e de lubrifiant garantit que la surchauffe de la m\u00e9canique est inhib\u00e9e et maintient la pr\u00e9cision et la stabilit\u00e9 m\u00e9caniques.<br \/>\nMachine de moulage sous pression : Dans la ligne de production de moulage sous pression, JMG1 lubrifie diverses pi\u00e8ces coulissantes de la machine de moulage sous pression et r\u00e9duit les abrasions des moules et des pi\u00e8ces m\u00e9caniques.<br \/>\nFabrication de processus : Dans les domaines de la fabrication de processus de transformation et d&#039;emballage des aliments, la pompe de lubrification maintient les bandes transporteuses, les machines d&#039;embouteillage, les moteurs et les roulements propres et fonctionnant silencieusement \u00e0 des vitesses \u00e9lev\u00e9es avec un minimum d&#039;usure.<\/p>\n<h2>Manuels<\/h2>\n<div class=\"sdm_download_button_box_default\"><div class=\"sdm_download_link\"><a href=\"https:\/\/www.jinpinlub.com\/fr\/?sdm_process_download=1&download_id=3737\" class=\"sdm_download white\" title=\"Priv\u00e9\u00a0: JMG Grease Pump\" target=\"&quot;_blank&quot;\">Voir la fiche technique - Pompe \u00e0 graisse JMG<\/a><\/div><\/div>","protected":false},"excerpt":{"rendered":"<p>La pompe de lubrification JMG1 est utilis\u00e9e dans divers syst\u00e8mes de lubrification centralis\u00e9s tels que les machines-outils, les machines en plastique, les machines de moulage sous pression, etc. Elle comprend un dispositif de synchronisation automatique, un capteur de bas niveau de liquide, un capteur de pression, etc. pour am\u00e9liorer la fiabilit\u00e9 du syst\u00e8me de lubrification.<\/p>","protected":false},"featured_media":3779,"template":"","meta":{"ocean_post_layout":"","ocean_both_sidebars_style":"","ocean_both_sidebars_content_width":0,"ocean_both_sidebars_sidebars_width":0,"ocean_sidebar":"0","ocean_second_sidebar":"0","ocean_disable_margins":"enable","ocean_add_body_class":"","ocean_shortcode_before_top_bar":"","ocean_shortcode_after_top_bar":"","ocean_shortcode_before_header":"","ocean_shortcode_after_header":"","ocean_has_shortcode":"","ocean_shortcode_after_title":"","ocean_shortcode_before_footer_widgets":"","ocean_shortcode_after_footer_widgets":"","ocean_shortcode_before_footer_bottom":"","ocean_shortcode_after_footer_bottom":"","ocean_display_top_bar":"default","ocean_display_header":"default","ocean_header_style":"","ocean_center_header_left_menu":"0","ocean_custom_header_template":"0","ocean_custom_logo":0,"ocean_custom_retina_logo":0,"ocean_custom_logo_max_width":0,"ocean_custom_logo_tablet_max_width":0,"ocean_custom_logo_mobile_max_width":0,"ocean_custom_logo_max_height":0,"ocean_custom_logo_tablet_max_height":0,"ocean_custom_logo_mobile_max_height":0,"ocean_header_custom_menu":"0","ocean_menu_typo_font_family":"0","ocean_menu_typo_font_subset":"","ocean_menu_typo_font_size":0,"ocean_menu_typo_font_size_tablet":0,"ocean_menu_typo_font_size_mobile":0,"ocean_menu_typo_font_size_unit":"px","ocean_menu_typo_font_weight":"","ocean_menu_typo_font_weight_tablet":"","ocean_menu_typo_font_weight_mobile":"","ocean_menu_typo_transform":"","ocean_menu_typo_transform_tablet":"","ocean_menu_typo_transform_mobile":"","ocean_menu_typo_line_height":0,"ocean_menu_typo_line_height_tablet":0,"ocean_menu_typo_line_height_mobile":0,"ocean_menu_typo_line_height_unit":"","ocean_menu_typo_spacing":0,"ocean_menu_typo_spacing_tablet":0,"ocean_menu_typo_spacing_mobile":0,"ocean_menu_typo_spacing_unit":"","ocean_menu_link_color":"","ocean_menu_link_color_hover":"","ocean_menu_link_color_active":"","ocean_menu_link_background":"","ocean_menu_link_hover_background":"","ocean_menu_link_active_background":"","ocean_menu_social_links_bg":"","ocean_menu_social_hover_links_bg":"","ocean_menu_social_links_color":"","ocean_menu_social_hover_links_color":"","ocean_disable_title":"default","ocean_disable_heading":"default","ocean_post_title":"","ocean_post_subheading":"","ocean_post_title_style":"","ocean_post_title_background_color":"","ocean_post_title_background":0,"ocean_post_title_bg_image_position":"","ocean_post_title_bg_image_attachment":"","ocean_post_title_bg_image_repeat":"","ocean_post_title_bg_image_size":"","ocean_post_title_height":0,"ocean_post_title_bg_overlay":0.5,"ocean_post_title_bg_overlay_color":"","ocean_disable_breadcrumbs":"default","ocean_breadcrumbs_color":"","ocean_breadcrumbs_separator_color":"","ocean_breadcrumbs_links_color":"","ocean_breadcrumbs_links_hover_color":"","ocean_display_footer_widgets":"default","ocean_display_footer_bottom":"default","ocean_custom_footer_template":"0","osh_disable_topbar_sticky":"default","osh_disable_header_sticky":"default","osh_sticky_header_style":"default","osh_sticky_header_effect":"","osh_custom_sticky_logo":0,"osh_custom_retina_sticky_logo":0,"osh_custom_sticky_logo_height":0,"osh_background_color":"","osh_links_color":"","osh_links_hover_color":"","osh_links_active_color":"","osh_links_bg_color":"","osh_links_hover_bg_color":"","osh_links_active_bg_color":"","osh_menu_social_links_color":"","osh_menu_social_hover_links_color":""},"product_brand":[],"product_cat":[42,41],"product_tag":[74,73,77,196,72],"class_list":{"0":"post-3778","1":"product","2":"type-product","3":"status-publish","4":"has-post-thumbnail","6":"product_cat-electric-progressive-pumps","7":"product_cat-progressive-grease-systems","8":"product_tag-automatic-lubrication-pump","9":"product_tag-electric-lubrication-pump","10":"product_tag-grease-lubrication-pump","11":"product_tag-grease-lubrication-system","12":"product_tag-lubrication-system","14":"entry","15":"has-media","17":"first","18":"instock","19":"shipping-taxable","20":"product-type-external","21":"col","22":"span_1_of_3","23":"owp-content-center","24":"owp-thumbs-layout-horizontal","25":"owp-btn-very-big","26":"owp-tabs-layout-horizontal"},"_links":{"self":[{"href":"https:\/\/www.jinpinlub.com\/fr\/wp-json\/wp\/v2\/product\/3778","targetHints":{"allow":["GET"]}}],"collection":[{"href":"https:\/\/www.jinpinlub.com\/fr\/wp-json\/wp\/v2\/product"}],"about":[{"href":"https:\/\/www.jinpinlub.com\/fr\/wp-json\/wp\/v2\/types\/product"}],"wp:featuredmedia":[{"embeddable":true,"href":"https:\/\/www.jinpinlub.com\/fr\/wp-json\/wp\/v2\/media\/3779"}],"wp:attachment":[{"href":"https:\/\/www.jinpinlub.com\/fr\/wp-json\/wp\/v2\/media?parent=3778"}],"wp:term":[{"taxonomy":"product_brand","embeddable":true,"href":"https:\/\/www.jinpinlub.com\/fr\/wp-json\/wp\/v2\/product_brand?post=3778"},{"taxonomy":"product_cat","embeddable":true,"href":"https:\/\/www.jinpinlub.com\/fr\/wp-json\/wp\/v2\/product_cat?post=3778"},{"taxonomy":"product_tag","embeddable":true,"href":"https:\/\/www.jinpinlub.com\/fr\/wp-json\/wp\/v2\/product_tag?post=3778"}],"curies":[{"name":"wp","href":"https:\/\/api.w.org\/{rel}","templated":true}]}}