{"id":3784,"date":"2024-10-11T04:47:30","date_gmt":"2024-10-10T20:47:30","guid":{"rendered":"https:\/\/www.jinpinlub.com\/?post_type=product&#038;p=3784"},"modified":"2024-10-11T04:50:40","modified_gmt":"2024-10-10T20:50:40","slug":"pompe-de-lubrification-a-graisse-a-deplacement-positif-electrique-jmg4","status":"publish","type":"product","link":"https:\/\/www.jinpinlub.com\/fr\/product\/jmg4-electric-positive-displacement-grease-lubrication-pump\/","title":{"rendered":"Pompe de lubrification \u00e0 graisse \u00e9lectrique \u00e0 d\u00e9placement positif JMG4"},"content":{"rendered":"<h2>Caract\u00e9ristiques<\/h2>\n<p>1. Les pompes standard JMG4 sont divis\u00e9es en pressostats et sans pressostats. Les produits standards avec pressostats sont \u00e9quip\u00e9s d&#039;un voyant lumineux et d&#039;un bouton de lubrification forc\u00e9e, tandis que ceux sans pressostats ne le sont pas.<br \/>\n2. La pompe de lubrification est contr\u00f4l\u00e9e par PLC et doit \u00eatre utilis\u00e9e avec un <a href=\"https:\/\/www.jinpinlub.com\/fr\/categorie-de-produit\/systemes-de-graissage-a-ligne-unique\/soupapes-de-dosage-de-decharge-de-pression\/\" target=\"_blank\" rel=\"noopener\">distributeur volum\u00e9trique<\/a>. Tels que DPBG, MG, MU et CBB. Le distributeur \u00e9vacue le lubrifiant lorsqu&#039;il fonctionne.<br \/>\n3. La pompe JMG4 est \u00e9quip\u00e9e d&#039;une vanne de r\u00e9gulation de pression, qui peut ajuster la pression selon les exigences du client et peut \u00eatre v\u00e9rifi\u00e9e par le manom\u00e8tre.<br \/>\n4. Il est \u00e9quip\u00e9 d&#039;un interrupteur flottant, qui est un dispositif de d\u00e9tection de niveau de liquide. Il s&#039;agit du contact de mise sous tension inf\u00e9rieur. Autrement dit, lorsque le niveau d&#039;huile est trop bas, il peut automatiquement envoyer un signal anormal.<br \/>\n5. Le JMG4 pr\u00e9sente l&#039;avantage d&#039;une \u00ab alimentation quantitative \u00bb, les pompes de lubrification \u00e0 d\u00e9placement positif mesurent les volumes avec pr\u00e9cision.<br \/>\n6. La pompe de lubrification adopte une pompe \u00e0 engrenages et un moteur \u00e0 induction en alliage d&#039;acier sp\u00e9cial, avec une longue dur\u00e9e de vie, une pression de sortie stable et silencieuse.<br \/>\n7. AMG est \u00e9quip\u00e9 d&#039;un moteur de 40 W, avec une pression maximale de 35 bars et un volume de sortie de 250 ml\/min.<br \/>\n8. AMG dispose d&#039;un pressostat standard avec contact NO. La pression de d\u00e9marrage r\u00e9gl\u00e9e en usine est de 20 bars. Un contact NF peut \u00e9galement \u00eatre s\u00e9lectionn\u00e9, mais veuillez le pr\u00e9ciser lors de la commande.<\/p>\n<h2>Sp\u00e9cification<\/h2>\n<table>\n<tbody>\n<tr>\n<td>Mod\u00e8le<\/td>\n<td>JMG4<\/td>\n<\/tr>\n<tr>\n<td>Temps de lubrification<\/td>\n<td>Automate programmable<\/td>\n<\/tr>\n<tr>\n<td>Intervalle de temps<\/td>\n<td>Automate programmable<\/td>\n<\/tr>\n<tr>\n<td>Temp\u00e9rature de fonctionnement<\/td>\n<td>-10\u2103~ +60\u00b0C (les conditions de basse temp\u00e9rature n\u00e9cessitent une graisse antigel)<\/td>\n<\/tr>\n<tr>\n<td>Nombre de points de vente<\/td>\n<td>1<\/td>\n<\/tr>\n<tr>\n<td>Capacit\u00e9 du r\u00e9servoir<\/td>\n<td>3L (r\u00e9servoir de r\u00e9sine), 4L, 6L, 8L, 20L (r\u00e9servoir en m\u00e9tal)<\/td>\n<\/tr>\n<tr>\n<td>Remplissage<\/td>\n<td>De haut en bas<\/td>\n<\/tr>\n<tr>\n<td>Lubrifiant<\/td>\n<td>NLGI-000#~00#<\/td>\n<\/tr>\n<tr>\n<td>Puissance du moteur<\/td>\n<td>40 W<\/td>\n<\/tr>\n<tr>\n<td>D\u00e9charge<\/td>\n<td>250 ml\/min<\/td>\n<\/tr>\n<tr>\n<td>Pression de service max.<\/td>\n<td>4,0 MPa<\/td>\n<\/tr>\n<tr>\n<td>Fil de connexion<\/td>\n<td>Sortie \u03a66<\/td>\n<\/tr>\n<tr>\n<td>Tension de fonctionnement<\/td>\n<td>110 VCA, 220 VCA, 12 VCC, 24 VCC, 3~ 220 V, 3~ 380 V, 3~ 440 V, 3~ 460 V<\/td>\n<\/tr>\n<tr>\n<td>Certification<\/td>\n<td>CE<\/td>\n<\/tr>\n<tr>\n<td>Interrupteur de bas niveau<\/td>\n<td>Contact NC<\/td>\n<\/tr>\n<\/tbody>\n<\/table>\n<h2>Pr\u00e9cautions<\/h2>\n<p>1. Les diff\u00e9rents interrupteurs de contact ne doivent pas d\u00e9passer le courant de fonctionnement, sinon les interrupteurs de contact seront br\u00fbl\u00e9s.<br \/>\n2. Lors du montage ou de la r\u00e9paration de la pompe de lubrification, veuillez couper l&#039;alimentation \u00e9lectrique.<br \/>\n3. Veuillez suivre le sch\u00e9ma de c\u00e2blage de la pompe de lubrification (dans la bo\u00eete de jonction) et connecter l&#039;alimentation \u00e9lectrique correcte.<br \/>\n4. La plage de viscosit\u00e9 du lubrifiant applicable est NLGI #000 ~ #00, veuillez utiliser un lubrifiant standard. Si la pompe de lubrification \u00e9lectrique tombe en panne en raison de l&#039;utilisation d&#039;huile sale ou d&#039;un fonctionnement incorrect, elle n&#039;est pas couverte par la garantie.<br \/>\n5. Lorsque la pompe de lubrification est remplie de lubrifiant, assurez-vous de passer \u00e0 travers le filtre de l&#039;orifice de remplissage pour emp\u00eacher la p\u00e9n\u00e9tration de d\u00e9bris.<br \/>\n6. Si la pompe de lubrification ne peut pas fonctionner normalement, veuillez v\u00e9rifier si la canalisation est endommag\u00e9e, s&#039;il y a de l&#039;air qui circule dans la canalisation et si le niveau de lubrifiant est trop bas.<br \/>\n7. Il est recommand\u00e9 de nettoyer le filtre \u00e0 huile et le connecteur de sortie de la pompe de lubrification tous les six mois.<\/p>\n<h2>Manuels<\/h2>\n<div class=\"sdm_download_button_box_default\"><div class=\"sdm_download_link\"><a href=\"https:\/\/www.jinpinlub.com\/fr\/?sdm_process_download=1&download_id=3737\" class=\"sdm_download white\" title=\"Priv\u00e9\u00a0: JMG Grease Pump\" target=\"&quot;_blank&quot;\">Voir la fiche technique - Pompe \u00e0 graisse JMG<\/a><\/div><\/div>","protected":false},"excerpt":{"rendered":"<p>La pompe de lubrification volum\u00e9trique JMG4 est principalement utilis\u00e9e dans divers syst\u00e8mes de lubrification de machines-outils. La pompe de lubrification est \u00e9quip\u00e9e d&#039;un dispositif de d\u00e9charge de pression, qui fonctionne avec un distributeur de graisse \u00e0 d\u00e9charge de pression pour former un syst\u00e8me de lubrification \u00e0 graisse \u00e0 d\u00e9charge de pression \u00e0 ligne unique.<\/p>","protected":false},"featured_media":3787,"template":"","meta":{"ocean_post_layout":"","ocean_both_sidebars_style":"","ocean_both_sidebars_content_width":0,"ocean_both_sidebars_sidebars_width":0,"ocean_sidebar":"0","ocean_second_sidebar":"0","ocean_disable_margins":"enable","ocean_add_body_class":"","ocean_shortcode_before_top_bar":"","ocean_shortcode_after_top_bar":"","ocean_shortcode_before_header":"","ocean_shortcode_after_header":"","ocean_has_shortcode":"","ocean_shortcode_after_title":"","ocean_shortcode_before_footer_widgets":"","ocean_shortcode_after_footer_widgets":"","ocean_shortcode_before_footer_bottom":"","ocean_shortcode_after_footer_bottom":"","ocean_display_top_bar":"default","ocean_display_header":"default","ocean_header_style":"","ocean_center_header_left_menu":"0","ocean_custom_header_template":"0","ocean_custom_logo":0,"ocean_custom_retina_logo":0,"ocean_custom_logo_max_width":0,"ocean_custom_logo_tablet_max_width":0,"ocean_custom_logo_mobile_max_width":0,"ocean_custom_logo_max_height":0,"ocean_custom_logo_tablet_max_height":0,"ocean_custom_logo_mobile_max_height":0,"ocean_header_custom_menu":"0","ocean_menu_typo_font_family":"0","ocean_menu_typo_font_subset":"","ocean_menu_typo_font_size":0,"ocean_menu_typo_font_size_tablet":0,"ocean_menu_typo_font_size_mobile":0,"ocean_menu_typo_font_size_unit":"px","ocean_menu_typo_font_weight":"","ocean_menu_typo_font_weight_tablet":"","ocean_menu_typo_font_weight_mobile":"","ocean_menu_typo_transform":"","ocean_menu_typo_transform_tablet":"","ocean_menu_typo_transform_mobile":"","ocean_menu_typo_line_height":0,"ocean_menu_typo_line_height_tablet":0,"ocean_menu_typo_line_height_mobile":0,"ocean_menu_typo_line_height_unit":"","ocean_menu_typo_spacing":0,"ocean_menu_typo_spacing_tablet":0,"ocean_menu_typo_spacing_mobile":0,"ocean_menu_typo_spacing_unit":"","ocean_menu_link_color":"","ocean_menu_link_color_hover":"","ocean_menu_link_color_active":"","ocean_menu_link_background":"","ocean_menu_link_hover_background":"","ocean_menu_link_active_background":"","ocean_menu_social_links_bg":"","ocean_menu_social_hover_links_bg":"","ocean_menu_social_links_color":"","ocean_menu_social_hover_links_color":"","ocean_disable_title":"default","ocean_disable_heading":"default","ocean_post_title":"","ocean_post_subheading":"","ocean_post_title_style":"","ocean_post_title_background_color":"","ocean_post_title_background":0,"ocean_post_title_bg_image_position":"","ocean_post_title_bg_image_attachment":"","ocean_post_title_bg_image_repeat":"","ocean_post_title_bg_image_size":"","ocean_post_title_height":0,"ocean_post_title_bg_overlay":0.5,"ocean_post_title_bg_overlay_color":"","ocean_disable_breadcrumbs":"default","ocean_breadcrumbs_color":"","ocean_breadcrumbs_separator_color":"","ocean_breadcrumbs_links_color":"","ocean_breadcrumbs_links_hover_color":"","ocean_display_footer_widgets":"default","ocean_display_footer_bottom":"default","ocean_custom_footer_template":"0","osh_disable_topbar_sticky":"default","osh_disable_header_sticky":"default","osh_sticky_header_style":"default","osh_sticky_header_effect":"","osh_custom_sticky_logo":0,"osh_custom_retina_sticky_logo":0,"osh_custom_sticky_logo_height":0,"osh_background_color":"","osh_links_color":"","osh_links_hover_color":"","osh_links_active_color":"","osh_links_bg_color":"","osh_links_hover_bg_color":"","osh_links_active_bg_color":"","osh_menu_social_links_color":"","osh_menu_social_hover_links_color":""},"product_brand":[],"product_cat":[38,37],"product_tag":[74,321,112,185,73],"class_list":{"0":"post-3784","1":"product","2":"type-product","3":"status-publish","4":"has-post-thumbnail","6":"product_cat-electric-pressure-relief-pumps","7":"product_cat-single-line-grease-systems","8":"product_tag-automatic-lubrication-pump","9":"product_tag-automatic-lubrication-system","10":"product_tag-centralized-lubrication-system","11":"product_tag-electric-grease-pump","12":"product_tag-electric-lubrication-pump","14":"entry","15":"has-media","17":"first","18":"instock","19":"shipping-taxable","20":"product-type-external","21":"col","22":"span_1_of_3","23":"owp-content-center","24":"owp-thumbs-layout-horizontal","25":"owp-btn-very-big","26":"owp-tabs-layout-horizontal"},"_links":{"self":[{"href":"https:\/\/www.jinpinlub.com\/fr\/wp-json\/wp\/v2\/product\/3784","targetHints":{"allow":["GET"]}}],"collection":[{"href":"https:\/\/www.jinpinlub.com\/fr\/wp-json\/wp\/v2\/product"}],"about":[{"href":"https:\/\/www.jinpinlub.com\/fr\/wp-json\/wp\/v2\/types\/product"}],"wp:featuredmedia":[{"embeddable":true,"href":"https:\/\/www.jinpinlub.com\/fr\/wp-json\/wp\/v2\/media\/3787"}],"wp:attachment":[{"href":"https:\/\/www.jinpinlub.com\/fr\/wp-json\/wp\/v2\/media?parent=3784"}],"wp:term":[{"taxonomy":"product_brand","embeddable":true,"href":"https:\/\/www.jinpinlub.com\/fr\/wp-json\/wp\/v2\/product_brand?post=3784"},{"taxonomy":"product_cat","embeddable":true,"href":"https:\/\/www.jinpinlub.com\/fr\/wp-json\/wp\/v2\/product_cat?post=3784"},{"taxonomy":"product_tag","embeddable":true,"href":"https:\/\/www.jinpinlub.com\/fr\/wp-json\/wp\/v2\/product_tag?post=3784"}],"curies":[{"name":"wp","href":"https:\/\/api.w.org\/{rel}","templated":true}]}}