{"id":3791,"date":"2024-10-16T17:43:49","date_gmt":"2024-10-16T09:43:49","guid":{"rendered":"https:\/\/www.jinpinlub.com\/?post_type=product&#038;p=3791"},"modified":"2024-10-16T17:50:31","modified_gmt":"2024-10-16T09:50:31","slug":"pompe-de-lubrification-a-decharge-de-pression-a-deplacement-positif-jmt4","status":"publish","type":"product","link":"https:\/\/www.jinpinlub.com\/fr\/product\/jmt4-positive-displacement-pressure-relief-lubrication-pump\/","title":{"rendered":"Pompe de lubrification \u00e0 d\u00e9charge de pression \u00e0 d\u00e9placement positif JMT4"},"content":{"rendered":"<h2>Caract\u00e9ristiques<\/h2>\n<p>1. La lubrification et l&#039;intervalle de temps de la pompe de lubrification sont contr\u00f4l\u00e9s par le PLC de l&#039;h\u00f4te.<br \/>\n2. La pompe de lubrification peut \u00eatre \u00e9quip\u00e9e d&#039;un pressostat pour d\u00e9tecter si le circuit d&#039;huile est endommag\u00e9.<br \/>\n3. La pompe de lubrification est \u00e9quip\u00e9e d&#039;un interrupteur \u00e0 flotteur pour d\u00e9tecter le niveau d&#039;huile et envoyer automatiquement un signal.<br \/>\n4. La pompe est \u00e9quip\u00e9e par d\u00e9faut d&#039;un manom\u00e8tre pour d\u00e9tecter la pression de fonctionnement de la pompe \u00e0 huile.<br \/>\n5. La pompe de lubrification est \u00e9quip\u00e9e d&#039;un bouton de lubrification forc\u00e9e et d&#039;un voyant lumineux de fonctionnement de la lubrification.<br \/>\n6. La pompe de lubrification est entra\u00een\u00e9e par une pompe \u00e0 engrenages de broyage avec un moteur \u00e0 induction, avec une pression stable, un faible bruit, durable et fiable.<br \/>\n7. Le mod\u00e8le JMT4 est un <a href=\"https:\/\/www.jinpinlub.com\/fr\/categorie-de-produit\/systemes-volumetriques-a-huile-fine\/pompes-volumetriques-electriques\/\" target=\"_blank\" rel=\"noopener\">pompe de lubrification volum\u00e9trique<\/a>, qui doit \u00eatre utilis\u00e9 avec un distributeur volum\u00e9trique pour obtenir un effet d&#039;alimentation en huile quantitatif.<\/p>\n<h2>Sp\u00e9cification<\/h2>\n<table>\n<tbody>\n<tr>\n<td>Mod\u00e8le<\/td>\n<td>JMT4<\/td>\n<\/tr>\n<tr>\n<td>Temps de lubrification<\/td>\n<td>Automate programmable<\/td>\n<\/tr>\n<tr>\n<td>Intervalle de temps<\/td>\n<td>Automate programmable<\/td>\n<\/tr>\n<tr>\n<td>Temp\u00e9rature de fonctionnement<\/td>\n<td>-10\u2103~ +60\u00b0C (les conditions de basse temp\u00e9rature n\u00e9cessitent une graisse antigel)<\/td>\n<\/tr>\n<tr>\n<td>Nombre de points de vente<\/td>\n<td>1<\/td>\n<\/tr>\n<tr>\n<td>Capacit\u00e9 du r\u00e9servoir<\/td>\n<td>3L (r\u00e9servoir de r\u00e9sine), 4L, 6L, 8L, 20L (r\u00e9servoir en m\u00e9tal)<\/td>\n<\/tr>\n<tr>\n<td>Remplissage<\/td>\n<td>De haut en bas<\/td>\n<\/tr>\n<tr>\n<td>Lubrifiant<\/td>\n<td>32-68cSt \u00e0 40\u2103<\/td>\n<\/tr>\n<tr>\n<td>Puissance du moteur<\/td>\n<td>40 W<\/td>\n<\/tr>\n<tr>\n<td>D\u00e9charge<\/td>\n<td>250 ml\/min<\/td>\n<\/tr>\n<tr>\n<td>Pression de service max.<\/td>\n<td>2,3 MPa<\/td>\n<\/tr>\n<tr>\n<td>Fil de connexion<\/td>\n<td>Sortie \u03a66<\/td>\n<\/tr>\n<tr>\n<td>Tension de fonctionnement<\/td>\n<td>110 VCA, 220 VCA, 12 VCC, 24 VCC, 3~ 220 V, 3~ 380 V, 3~ 440 V, 3~ 460 V<\/td>\n<\/tr>\n<tr>\n<td>Certification<\/td>\n<td>CE<\/td>\n<\/tr>\n<tr>\n<td>Interrupteur de bas niveau<\/td>\n<td>Contact NC<\/td>\n<\/tr>\n<\/tbody>\n<\/table>\n<h2>Pr\u00e9cautions<\/h2>\n<p>1. Veuillez confirmer soigneusement la tension de la pompe de lubrification et connecter l&#039;alimentation \u00e9lectrique appropri\u00e9e.<br \/>\n2. La pompe de lubrification doit utiliser de l&#039;huile propre et l&#039;huile de lubrification recycl\u00e9e n&#039;est pas autoris\u00e9e.<br \/>\n3. Il est recommand\u00e9 de remplir l&#039;huile de lubrification jusqu&#039;\u00e0 la ligne de niveau d&#039;huile \u00e0 chaque fois.<br \/>\n4. Il est recommand\u00e9 de nettoyer le r\u00e9servoir d&#039;huile une fois tous les deux mois et de nettoyer ou de remplacer le panier filtrant et le filtre \u00e0 huile \u00e0 l&#039;entr\u00e9e d&#039;huile.<br \/>\n5. L&#039;augmentation du temps de fonctionnement de la pompe de lubrification peut augmenter la quantit\u00e9 totale de lubrification du syst\u00e8me de lubrification, et la r\u00e9duction du temps de fonctionnement peut r\u00e9duire la quantit\u00e9 totale de lubrification du syst\u00e8me de lubrification.<br \/>\n6. Une fois le syst\u00e8me de lubrification install\u00e9 ou apr\u00e8s le d\u00e9montage et le remplacement des pi\u00e8ces, l&#039;air du syst\u00e8me de lubrification doit d&#039;abord \u00eatre \u00e9vacu\u00e9.<br \/>\n7. Une fois la pompe de lubrification sous tension, il n&#039;est pas permis d&#039;ouvrir le couvercle situ\u00e9 sur le dessus de la pompe pour \u00e9viter tout risque de choc \u00e9lectrique.<\/p>\n<h2>Manuels<\/h2>\n<div class=\"sdm_download_button_box_default\"><div class=\"sdm_download_link\"><a href=\"https:\/\/www.jinpinlub.com\/fr\/?sdm_process_download=1&download_id=3796\" class=\"sdm_download white\" title=\"Priv\u00e9\u00a0: JMT4 lubrication Pump\" target=\"&quot;_blank&quot;\">Voir la fiche technique - Pompe \u00e0 graisse JMT4<\/a><\/div><\/div>","protected":false},"excerpt":{"rendered":"<p>JMT4 est une pompe de lubrification \u00e9lectrique \u00e0 d\u00e9placement positif avec de multiples capacit\u00e9s, dont 3L, 6L, 4L, 8L, 20L, etc. Elle est entra\u00een\u00e9e par un moteur \u00e0 induction, fournit une pression de sortie stable, peut fonctionner pendant une longue p\u00e9riode et produit un grand d\u00e9bit de lubrifiant.<\/p>","protected":false},"featured_media":3797,"template":"","meta":{"ocean_post_layout":"","ocean_both_sidebars_style":"","ocean_both_sidebars_content_width":0,"ocean_both_sidebars_sidebars_width":0,"ocean_sidebar":"0","ocean_second_sidebar":"0","ocean_disable_margins":"enable","ocean_add_body_class":"","ocean_shortcode_before_top_bar":"","ocean_shortcode_after_top_bar":"","ocean_shortcode_before_header":"","ocean_shortcode_after_header":"","ocean_has_shortcode":"","ocean_shortcode_after_title":"","ocean_shortcode_before_footer_widgets":"","ocean_shortcode_after_footer_widgets":"","ocean_shortcode_before_footer_bottom":"","ocean_shortcode_after_footer_bottom":"","ocean_display_top_bar":"default","ocean_display_header":"default","ocean_header_style":"","ocean_center_header_left_menu":"0","ocean_custom_header_template":"0","ocean_custom_logo":0,"ocean_custom_retina_logo":0,"ocean_custom_logo_max_width":0,"ocean_custom_logo_tablet_max_width":0,"ocean_custom_logo_mobile_max_width":0,"ocean_custom_logo_max_height":0,"ocean_custom_logo_tablet_max_height":0,"ocean_custom_logo_mobile_max_height":0,"ocean_header_custom_menu":"0","ocean_menu_typo_font_family":"0","ocean_menu_typo_font_subset":"","ocean_menu_typo_font_size":0,"ocean_menu_typo_font_size_tablet":0,"ocean_menu_typo_font_size_mobile":0,"ocean_menu_typo_font_size_unit":"px","ocean_menu_typo_font_weight":"","ocean_menu_typo_font_weight_tablet":"","ocean_menu_typo_font_weight_mobile":"","ocean_menu_typo_transform":"","ocean_menu_typo_transform_tablet":"","ocean_menu_typo_transform_mobile":"","ocean_menu_typo_line_height":0,"ocean_menu_typo_line_height_tablet":0,"ocean_menu_typo_line_height_mobile":0,"ocean_menu_typo_line_height_unit":"","ocean_menu_typo_spacing":0,"ocean_menu_typo_spacing_tablet":0,"ocean_menu_typo_spacing_mobile":0,"ocean_menu_typo_spacing_unit":"","ocean_menu_link_color":"","ocean_menu_link_color_hover":"","ocean_menu_link_color_active":"","ocean_menu_link_background":"","ocean_menu_link_hover_background":"","ocean_menu_link_active_background":"","ocean_menu_social_links_bg":"","ocean_menu_social_hover_links_bg":"","ocean_menu_social_links_color":"","ocean_menu_social_hover_links_color":"","ocean_disable_title":"default","ocean_disable_heading":"default","ocean_post_title":"","ocean_post_subheading":"","ocean_post_title_style":"","ocean_post_title_background_color":"","ocean_post_title_background":0,"ocean_post_title_bg_image_position":"","ocean_post_title_bg_image_attachment":"","ocean_post_title_bg_image_repeat":"","ocean_post_title_bg_image_size":"","ocean_post_title_height":0,"ocean_post_title_bg_overlay":0.5,"ocean_post_title_bg_overlay_color":"","ocean_disable_breadcrumbs":"default","ocean_breadcrumbs_color":"","ocean_breadcrumbs_separator_color":"","ocean_breadcrumbs_links_color":"","ocean_breadcrumbs_links_hover_color":"","ocean_display_footer_widgets":"default","ocean_display_footer_bottom":"default","ocean_custom_footer_template":"0","osh_disable_topbar_sticky":"default","osh_disable_header_sticky":"default","osh_sticky_header_style":"default","osh_sticky_header_effect":"","osh_custom_sticky_logo":0,"osh_custom_retina_sticky_logo":0,"osh_custom_sticky_logo_height":0,"osh_background_color":"","osh_links_color":"","osh_links_hover_color":"","osh_links_active_color":"","osh_links_bg_color":"","osh_links_hover_bg_color":"","osh_links_active_bg_color":"","osh_menu_social_links_color":"","osh_menu_social_hover_links_color":""},"product_brand":[],"product_cat":[48,47],"product_tag":[73,323,71,111,114],"class_list":{"0":"post-3791","1":"product","2":"type-product","3":"status-publish","4":"has-post-thumbnail","6":"product_cat-electric-volumetric-pumps","7":"product_cat-volumetric-thin-oil-systems","8":"product_tag-electric-lubrication-pump","9":"product_tag-lubricating-oil-pump","10":"product_tag-lubrication-pump","11":"product_tag-oil-lubrication-pump","12":"product_tag-oil-lubrication-system","14":"entry","15":"has-media","17":"first","18":"instock","19":"shipping-taxable","20":"product-type-external","21":"col","22":"span_1_of_3","23":"owp-content-center","24":"owp-thumbs-layout-horizontal","25":"owp-btn-very-big","26":"owp-tabs-layout-horizontal"},"_links":{"self":[{"href":"https:\/\/www.jinpinlub.com\/fr\/wp-json\/wp\/v2\/product\/3791","targetHints":{"allow":["GET"]}}],"collection":[{"href":"https:\/\/www.jinpinlub.com\/fr\/wp-json\/wp\/v2\/product"}],"about":[{"href":"https:\/\/www.jinpinlub.com\/fr\/wp-json\/wp\/v2\/types\/product"}],"wp:featuredmedia":[{"embeddable":true,"href":"https:\/\/www.jinpinlub.com\/fr\/wp-json\/wp\/v2\/media\/3797"}],"wp:attachment":[{"href":"https:\/\/www.jinpinlub.com\/fr\/wp-json\/wp\/v2\/media?parent=3791"}],"wp:term":[{"taxonomy":"product_brand","embeddable":true,"href":"https:\/\/www.jinpinlub.com\/fr\/wp-json\/wp\/v2\/product_brand?post=3791"},{"taxonomy":"product_cat","embeddable":true,"href":"https:\/\/www.jinpinlub.com\/fr\/wp-json\/wp\/v2\/product_cat?post=3791"},{"taxonomy":"product_tag","embeddable":true,"href":"https:\/\/www.jinpinlub.com\/fr\/wp-json\/wp\/v2\/product_tag?post=3791"}],"curies":[{"name":"wp","href":"https:\/\/api.w.org\/{rel}","templated":true}]}}