{"id":3828,"date":"2024-10-21T15:11:16","date_gmt":"2024-10-21T07:11:16","guid":{"rendered":"https:\/\/www.jinpinlub.com\/?post_type=product&#038;p=3828"},"modified":"2024-10-29T17:04:52","modified_gmt":"2024-10-29T09:04:52","slug":"machine-de-remplissage-de-graisse-au-lithium-ultra-haute-pression-jdy-50s","status":"publish","type":"product","link":"https:\/\/www.jinpinlub.com\/fr\/product\/jdy-50s-ultra-high-pressure-lithium-grease-filling-machine\/","title":{"rendered":"Machine de remplissage de graisse au lithium \u00e0 tr\u00e8s haute pression JDY-50S"},"content":{"rendered":"<h2>Caract\u00e9ristiques<\/h2>\n<p>L&#039;orifice d&#039;aspiration d&#039;huile de la pompe de lubrification est \u00e9quip\u00e9 d&#039;un filtre pour emp\u00eacher les impuret\u00e9s de p\u00e9n\u00e9trer dans le corps de la pompe. Le noyau de la pompe utilise des joints d&#039;\u00e9tanch\u00e9it\u00e9 en polyur\u00e9thane de haute qualit\u00e9 avec une meilleure r\u00e9sistance \u00e0 l&#039;usure. Il est sp\u00e9cialement con\u00e7u pour la graisse \u00e0 haute viscosit\u00e9 et est mieux compatible avec la graisse \u00e0 haute viscosit\u00e9. L&#039;entr\u00e9e d&#039;air de la t\u00eate de pompe pneumatique est \u00e9quip\u00e9e d&#039;un s\u00e9parateur huile-eau \u00e0 double coupelle. Cette machine de remplissage est compatible avec les huiles non corrosives et convient pour : la graisse \u00e0 base de lithium NLGI 00#~3# et la graisse sp\u00e9ciale r\u00e9sistante aux hautes temp\u00e9ratures.<\/p>\n<h2>Sp\u00e9cification<\/h2>\n<table>\n<tbody>\n<tr>\n<td>Rapport de pression<\/td>\n<td>80:1<\/td>\n<\/tr>\n<tr>\n<td>Pression maximale<\/td>\n<td>80 MPa<\/td>\n<\/tr>\n<tr>\n<td>D\u00e9bit max<\/td>\n<td>600-900g\/min<\/td>\n<\/tr>\n<tr>\n<td>Lubrifiant<\/td>\n<td>NLGI 00# ~ 3#<\/td>\n<\/tr>\n<tr>\n<td>Plage de pression<\/td>\n<td>0,5-0,9 MPa<\/td>\n<\/tr>\n<tr>\n<td>Temp\u00e9rature<\/td>\n<td>80\u2103<\/td>\n<\/tr>\n<tr>\n<td>T\u00eate de transport<\/td>\n<td>80 m<\/td>\n<\/tr>\n<tr>\n<td>Longueur du tube<\/td>\n<td>10m\/15m<\/td>\n<\/tr>\n<tr>\n<td>Remplissage de graisse<\/td>\n<td>15-20 kg en baril<\/td>\n<\/tr>\n<tr>\n<td>Poids<\/td>\n<td>15kg<\/td>\n<\/tr>\n<tr>\n<td>Conditionnement<\/td>\n<td>800*400*400mm<\/td>\n<\/tr>\n<\/tbody>\n<\/table>\n<h2>Pr\u00e9cautions<\/h2>\n<p>1. Il s&#039;agit d&#039;une machine de remplissage de graisse pneumatique et doit \u00eatre connect\u00e9e \u00e0 une source d&#039;air avant utilisation.<br \/>\n2. Il est strictement interdit d&#039;utiliser des gaz inflammables pour graisser les machines, sinon les cons\u00e9quences seront \u00e0 vos risques et p\u00e9rils.<br \/>\n3. Les machines de remplissage de graisse doivent \u00eatre compatibles avec diff\u00e9rents lubrifiants selon la saison : NLGI 1#~2# au printemps et en automne, NLGI 2#~3# en \u00e9t\u00e9 et NLGI 0#~2# en hiver.<br \/>\n4. S&#039;il n&#039;est pas n\u00e9cessaire de travailler, n&#039;utilisez pas cette machine \u00e0 graisse sans charge pendant une longue p\u00e9riode pour \u00e9viter d&#039;endommager les pi\u00e8ces internes.<br \/>\n5. Il est interdit d&#039;utiliser cette machine pour pulv\u00e9riser des personnes et des animaux.<br \/>\n6. Lorsque la machine \u00e0 graisse cesse de fonctionner, veuillez \u00e9teindre la source d&#039;air et tirer pour rel\u00e2cher la pression dans le tuyau.<br \/>\n7. Faites attention \u00e0 l&#039;entretien r\u00e9gulier de la machine \u00e0 graisser et nettoyez le tuyau.<\/p>\n<h2>Manuels<\/h2>\n<div class=\"sdm_download_button_box_default\"><div class=\"sdm_download_link\"><a href=\"https:\/\/www.jinpinlub.com\/fr\/?sdm_process_download=1&download_id=3825\" class=\"sdm_download white\" title=\"Priv\u00e9\u00a0: JDY-50S Filling Pump\" target=\"&quot;_blank&quot;\">Voir la fiche technique - Pompe de remplissage JDY-50S<\/a><\/div><\/div>","protected":false},"excerpt":{"rendered":"<p>JDY-50 est une machine de remplissage de graisse pneumatique \u00e0 haute pression, \u00e0 fonctionnement simple et \u00e0 haut d\u00e9bit. Elle est utilis\u00e9e pour l&#039;entretien automobile, la peinture, le transport, les outils m\u00e9caniques, l&#039;ing\u00e9nierie \u00e9olienne, les centrales \u00e9lectriques, les machines agricoles, la fabrication de m\u00e9taux, etc.<\/p>","protected":false},"featured_media":3814,"template":"","meta":{"ocean_post_layout":"","ocean_both_sidebars_style":"","ocean_both_sidebars_content_width":0,"ocean_both_sidebars_sidebars_width":0,"ocean_sidebar":"0","ocean_second_sidebar":"0","ocean_disable_margins":"enable","ocean_add_body_class":"","ocean_shortcode_before_top_bar":"","ocean_shortcode_after_top_bar":"","ocean_shortcode_before_header":"","ocean_shortcode_after_header":"","ocean_has_shortcode":"","ocean_shortcode_after_title":"","ocean_shortcode_before_footer_widgets":"","ocean_shortcode_after_footer_widgets":"","ocean_shortcode_before_footer_bottom":"","ocean_shortcode_after_footer_bottom":"","ocean_display_top_bar":"default","ocean_display_header":"default","ocean_header_style":"","ocean_center_header_left_menu":"0","ocean_custom_header_template":"0","ocean_custom_logo":0,"ocean_custom_retina_logo":0,"ocean_custom_logo_max_width":0,"ocean_custom_logo_tablet_max_width":0,"ocean_custom_logo_mobile_max_width":0,"ocean_custom_logo_max_height":0,"ocean_custom_logo_tablet_max_height":0,"ocean_custom_logo_mobile_max_height":0,"ocean_header_custom_menu":"0","ocean_menu_typo_font_family":"0","ocean_menu_typo_font_subset":"","ocean_menu_typo_font_size":0,"ocean_menu_typo_font_size_tablet":0,"ocean_menu_typo_font_size_mobile":0,"ocean_menu_typo_font_size_unit":"px","ocean_menu_typo_font_weight":"","ocean_menu_typo_font_weight_tablet":"","ocean_menu_typo_font_weight_mobile":"","ocean_menu_typo_transform":"","ocean_menu_typo_transform_tablet":"","ocean_menu_typo_transform_mobile":"","ocean_menu_typo_line_height":0,"ocean_menu_typo_line_height_tablet":0,"ocean_menu_typo_line_height_mobile":0,"ocean_menu_typo_line_height_unit":"","ocean_menu_typo_spacing":0,"ocean_menu_typo_spacing_tablet":0,"ocean_menu_typo_spacing_mobile":0,"ocean_menu_typo_spacing_unit":"","ocean_menu_link_color":"","ocean_menu_link_color_hover":"","ocean_menu_link_color_active":"","ocean_menu_link_background":"","ocean_menu_link_hover_background":"","ocean_menu_link_active_background":"","ocean_menu_social_links_bg":"","ocean_menu_social_hover_links_bg":"","ocean_menu_social_links_color":"","ocean_menu_social_hover_links_color":"","ocean_disable_title":"default","ocean_disable_heading":"default","ocean_post_title":"","ocean_post_subheading":"","ocean_post_title_style":"","ocean_post_title_background_color":"","ocean_post_title_background":0,"ocean_post_title_bg_image_position":"","ocean_post_title_bg_image_attachment":"","ocean_post_title_bg_image_repeat":"","ocean_post_title_bg_image_size":"","ocean_post_title_height":0,"ocean_post_title_bg_overlay":0.5,"ocean_post_title_bg_overlay_color":"","ocean_disable_breadcrumbs":"default","ocean_breadcrumbs_color":"","ocean_breadcrumbs_separator_color":"","ocean_breadcrumbs_links_color":"","ocean_breadcrumbs_links_hover_color":"","ocean_display_footer_widgets":"default","ocean_display_footer_bottom":"default","ocean_custom_footer_template":"0","osh_disable_topbar_sticky":"default","osh_disable_header_sticky":"default","osh_sticky_header_style":"default","osh_sticky_header_effect":"","osh_custom_sticky_logo":0,"osh_custom_retina_sticky_logo":0,"osh_custom_sticky_logo_height":0,"osh_background_color":"","osh_links_color":"","osh_links_hover_color":"","osh_links_active_color":"","osh_links_bg_color":"","osh_links_hover_bg_color":"","osh_links_active_bg_color":"","osh_menu_social_links_color":"","osh_menu_social_hover_links_color":""},"product_brand":[],"product_cat":[32],"product_tag":[331,333,332,330,329],"class_list":{"0":"post-3828","1":"product","2":"type-product","3":"status-publish","4":"has-post-thumbnail","6":"product_cat-lubricant-filling-pumps","7":"product_tag-butter-filling-gun","8":"product_tag-high-pressure-grease-injector","9":"product_tag-mobile-grease-machine","10":"product_tag-oil-filling-machine","11":"product_tag-pneumatic-butter-machine","13":"entry","14":"has-media","16":"first","17":"instock","18":"shipping-taxable","19":"product-type-external","20":"col","21":"span_1_of_3","22":"owp-content-center","23":"owp-thumbs-layout-horizontal","24":"owp-btn-very-big","25":"owp-tabs-layout-horizontal"},"_links":{"self":[{"href":"https:\/\/www.jinpinlub.com\/fr\/wp-json\/wp\/v2\/product\/3828","targetHints":{"allow":["GET"]}}],"collection":[{"href":"https:\/\/www.jinpinlub.com\/fr\/wp-json\/wp\/v2\/product"}],"about":[{"href":"https:\/\/www.jinpinlub.com\/fr\/wp-json\/wp\/v2\/types\/product"}],"wp:featuredmedia":[{"embeddable":true,"href":"https:\/\/www.jinpinlub.com\/fr\/wp-json\/wp\/v2\/media\/3814"}],"wp:attachment":[{"href":"https:\/\/www.jinpinlub.com\/fr\/wp-json\/wp\/v2\/media?parent=3828"}],"wp:term":[{"taxonomy":"product_brand","embeddable":true,"href":"https:\/\/www.jinpinlub.com\/fr\/wp-json\/wp\/v2\/product_brand?post=3828"},{"taxonomy":"product_cat","embeddable":true,"href":"https:\/\/www.jinpinlub.com\/fr\/wp-json\/wp\/v2\/product_cat?post=3828"},{"taxonomy":"product_tag","embeddable":true,"href":"https:\/\/www.jinpinlub.com\/fr\/wp-json\/wp\/v2\/product_tag?post=3828"}],"curies":[{"name":"wp","href":"https:\/\/api.w.org\/{rel}","templated":true}]}}