{"id":3837,"date":"2024-10-30T03:05:19","date_gmt":"2024-10-29T19:05:19","guid":{"rendered":"https:\/\/www.jinpinlub.com\/?post_type=product&#038;p=3837"},"modified":"2024-10-30T03:15:16","modified_gmt":"2024-10-29T19:15:16","slug":"lubrificateur-pneumatique-a-brouillard-dhuile-reglable-a-melange-dair-et-dhuile-jom","status":"publish","type":"product","link":"https:\/\/www.jinpinlub.com\/fr\/product\/jom-pneumatic-oil-air-mixed-adjustable-oil-mist-lubricator\/","title":{"rendered":"Lubrificateur pneumatique \u00e0 brouillard d&#039;huile r\u00e9glable JOM"},"content":{"rendered":"<h2>Caract\u00e9ristiques<\/h2>\n<p>1. La pompe \u00e0 brouillard d&#039;huile JOM convient \u00e0 la lubrification de coupe \u00e0 grande vitesse, \u00e0 la lubrification de grandes surfaces, \u00e0 la lubrification de traitement sp\u00e9cial et au refroidissement.<br \/>\n2. La sortie de la pompe \u00e0 brouillard d&#039;huile peut \u00eatre \u00e9quip\u00e9e de diff\u00e9rents types de buses, adapt\u00e9es \u00e0 une vari\u00e9t\u00e9 d&#039;outils de coupe.<br \/>\n3. Pompe \u00e0 brouillard d&#039;huile \u00e9quip\u00e9e d&#039;un bouton de r\u00e9glage du volume d&#039;huile, qui peut r\u00e9gler le volume d&#039;huile. Tournez le bouton de r\u00e9glage du volume d&#039;huile dans le sens inverse des aiguilles d&#039;une montre, plus le volume d&#039;air est grand, plus le volume de brouillard d&#039;huile est important. Rotation dans le sens des aiguilles d&#039;une montre, moins le brouillard d&#039;huile est important.<br \/>\n4. La fen\u00eatre transparente en forme de goutte d&#039;huile peut observer si la pompe est normale et le miroir d&#039;huile peut observer le niveau d&#039;huile.<br \/>\n5. La source de pression d&#039;air de la pompe \u00e0 brouillard d&#039;huile peut \u00eatre directement entra\u00een\u00e9e par le compresseur d&#039;air, ou l&#039;\u00e9lectrovanne peut \u00eatre utilis\u00e9e pour contr\u00f4ler l&#039;action de commutation marche\/arr\u00eat de la source d&#039;air.<br \/>\n6. La plage de la source de pression d&#039;air est de 4 \u00e0 8 bars et l&#039;effet d&#039;atomisation est le meilleur.<br \/>\n7. Veuillez utiliser de l&#039;huile de lubrification ou de l&#039;eau de coupe avec une plage de viscosit\u00e9 de 22-68cst@40\u2103, mais il est interdit d&#039;ajouter de l&#039;huile volatile, telle que de l&#039;huile \u00e0 base d&#039;ester ou d&#039;\u00e9thyl\u00e8ne glycol.<\/p>\n<h2>Sp\u00e9cification<\/h2>\n<table>\n<tbody>\n<tr>\n<td>Entr\u00e9e d&#039;air<\/td>\n<td>PT\/4<\/td>\n<\/tr>\n<tr>\n<td>Sortie de brouillard d&#039;huile<\/td>\n<td>PT\/4<\/td>\n<\/tr>\n<tr>\n<td>Plage de pression<\/td>\n<td>Max 15 bar<\/td>\n<\/tr>\n<tr>\n<td>Capacit\u00e9<\/td>\n<td>2L, 4L, 6L<\/td>\n<\/tr>\n<tr>\n<td>Temp\u00e9rature de fonctionnement<\/td>\n<td>5\u2103~60\u2103<\/td>\n<\/tr>\n<tr>\n<td>T\u00eate de transport<\/td>\n<td>80 m<\/td>\n<\/tr>\n<tr>\n<td>Remplissage de graisse<\/td>\n<td>15-20 kg en baril<\/td>\n<\/tr>\n<tr>\n<td>Poids<\/td>\n<td>5 \u00e0 10 kg<\/td>\n<\/tr>\n<\/tbody>\n<\/table>\n<h2>Pr\u00e9cautions<\/h2>\n<p>1. Apr\u00e8s une utilisation prolong\u00e9e de la pompe de lubrification par brouillard d&#039;huile, toutes les conduites, flexibles et raccords doivent \u00eatre v\u00e9rifi\u00e9s r\u00e9guli\u00e8rement pour confirmer l&#039;absence de fuites ou de dommages visibles de l&#039;ext\u00e9rieur. S&#039;il y en a, ils doivent \u00eatre r\u00e9par\u00e9s imm\u00e9diatement.<br \/>\n2. Veuillez conserver ce manuel d&#039;utilisation correctement et le placer dans un endroit facilement accessible.<br \/>\n3. Il est recommand\u00e9 de v\u00e9rifier quotidiennement la pompe de lubrification par brouillard d&#039;huile pour garantir un fonctionnement s\u00fbr et correct. Une inspection plus compl\u00e8te est requise tous les six mois pour v\u00e9rifier si l&#039;\u00e9quipement est us\u00e9 ou vieilli.<br \/>\n4. Avant d&#039;entretenir ou de r\u00e9parer la pompe de lubrification par brouillard d&#039;huile, assurez-vous que l&#039;\u00e9quipement d&#039;entra\u00eenement ne d\u00e9marrera pas accidentellement, et arr\u00eatez et d\u00e9branchez l&#039;alimentation \u00e9lectrique avant toute manipulation, sinon des blessures corporelles pourraient survenir.<br \/>\n5. L&#039;entretien r\u00e9gulier a pour but de garantir le bon fonctionnement de l&#039;\u00e9quipement et de maximiser son efficacit\u00e9. Par cons\u00e9quent, une bonne qualit\u00e9 d&#039;entretien peut maintenir le fonctionnement normal de l&#039;\u00e9quipement.<\/p>\n<h2>Manuels<\/h2>\n<div class=\"sdm_download_button_box_default\"><div class=\"sdm_download_link\"><a href=\"https:\/\/www.jinpinlub.com\/fr\/?sdm_process_download=1&download_id=3831\" class=\"sdm_download white\" title=\"Priv\u00e9\u00a0: JOM Oil-mist Pump\" target=\"&quot;_blank&quot;\">Voir la fiche technique - Pompe \u00e0 brouillard d&#039;huile JOM<\/a><\/div><\/div>","protected":false},"excerpt":{"rendered":"<p>La pompe pneumatique de lubrification par brouillard d&#039;huile JOM est adapt\u00e9e \u00e0 la d\u00e9coupe \u00e0 grande vitesse, \u00e0 la lubrification de grandes surfaces, \u00e0 la lubrification et au refroidissement de l&#039;usinage m\u00e9canique. Elle est \u00e9quip\u00e9e d&#039;un capteur de faible niveau d&#039;huile et d&#039;un bouton de r\u00e9glage permettant d&#039;augmenter ou de diminuer la quantit\u00e9 de brouillard d&#039;huile.<\/p>","protected":false},"featured_media":3833,"template":"","meta":{"ocean_post_layout":"","ocean_both_sidebars_style":"","ocean_both_sidebars_content_width":0,"ocean_both_sidebars_sidebars_width":0,"ocean_sidebar":"0","ocean_second_sidebar":"0","ocean_disable_margins":"enable","ocean_add_body_class":"","ocean_shortcode_before_top_bar":"","ocean_shortcode_after_top_bar":"","ocean_shortcode_before_header":"","ocean_shortcode_after_header":"","ocean_has_shortcode":"","ocean_shortcode_after_title":"","ocean_shortcode_before_footer_widgets":"","ocean_shortcode_after_footer_widgets":"","ocean_shortcode_before_footer_bottom":"","ocean_shortcode_after_footer_bottom":"","ocean_display_top_bar":"default","ocean_display_header":"default","ocean_header_style":"","ocean_center_header_left_menu":"0","ocean_custom_header_template":"0","ocean_custom_logo":0,"ocean_custom_retina_logo":0,"ocean_custom_logo_max_width":0,"ocean_custom_logo_tablet_max_width":0,"ocean_custom_logo_mobile_max_width":0,"ocean_custom_logo_max_height":0,"ocean_custom_logo_tablet_max_height":0,"ocean_custom_logo_mobile_max_height":0,"ocean_header_custom_menu":"0","ocean_menu_typo_font_family":"0","ocean_menu_typo_font_subset":"","ocean_menu_typo_font_size":0,"ocean_menu_typo_font_size_tablet":0,"ocean_menu_typo_font_size_mobile":0,"ocean_menu_typo_font_size_unit":"px","ocean_menu_typo_font_weight":"","ocean_menu_typo_font_weight_tablet":"","ocean_menu_typo_font_weight_mobile":"","ocean_menu_typo_transform":"","ocean_menu_typo_transform_tablet":"","ocean_menu_typo_transform_mobile":"","ocean_menu_typo_line_height":0,"ocean_menu_typo_line_height_tablet":0,"ocean_menu_typo_line_height_mobile":0,"ocean_menu_typo_line_height_unit":"","ocean_menu_typo_spacing":0,"ocean_menu_typo_spacing_tablet":0,"ocean_menu_typo_spacing_mobile":0,"ocean_menu_typo_spacing_unit":"","ocean_menu_link_color":"","ocean_menu_link_color_hover":"","ocean_menu_link_color_active":"","ocean_menu_link_background":"","ocean_menu_link_hover_background":"","ocean_menu_link_active_background":"","ocean_menu_social_links_bg":"","ocean_menu_social_hover_links_bg":"","ocean_menu_social_links_color":"","ocean_menu_social_hover_links_color":"","ocean_disable_title":"default","ocean_disable_heading":"default","ocean_post_title":"","ocean_post_subheading":"","ocean_post_title_style":"","ocean_post_title_background_color":"","ocean_post_title_background":0,"ocean_post_title_bg_image_position":"","ocean_post_title_bg_image_attachment":"","ocean_post_title_bg_image_repeat":"","ocean_post_title_bg_image_size":"","ocean_post_title_height":0,"ocean_post_title_bg_overlay":0.5,"ocean_post_title_bg_overlay_color":"","ocean_disable_breadcrumbs":"default","ocean_breadcrumbs_color":"","ocean_breadcrumbs_separator_color":"","ocean_breadcrumbs_links_color":"","ocean_breadcrumbs_links_hover_color":"","ocean_display_footer_widgets":"default","ocean_display_footer_bottom":"default","ocean_custom_footer_template":"0","osh_disable_topbar_sticky":"default","osh_disable_header_sticky":"default","osh_sticky_header_style":"default","osh_sticky_header_effect":"","osh_custom_sticky_logo":0,"osh_custom_retina_sticky_logo":0,"osh_custom_sticky_logo_height":0,"osh_background_color":"","osh_links_color":"","osh_links_hover_color":"","osh_links_active_color":"","osh_links_bg_color":"","osh_links_hover_bg_color":"","osh_links_active_bg_color":"","osh_menu_social_links_color":"","osh_menu_social_hover_links_color":""},"product_brand":[],"product_cat":[46],"product_tag":[338,337,334,336,335],"class_list":{"0":"post-3837","1":"product","2":"type-product","3":"status-publish","4":"has-post-thumbnail","6":"product_cat-oil-mist-lubrication-systems","7":"product_tag-atomizing-lubrication-pump","8":"product_tag-cooling-lubrication-pump","9":"product_tag-oil-mist-lubrication-pump","10":"product_tag-oil-air-mixing-pump","11":"product_tag-pneumatic-lubrication-pump","13":"entry","14":"has-media","16":"first","17":"instock","18":"shipping-taxable","19":"product-type-external","20":"col","21":"span_1_of_3","22":"owp-content-center","23":"owp-thumbs-layout-horizontal","24":"owp-btn-very-big","25":"owp-tabs-layout-horizontal"},"_links":{"self":[{"href":"https:\/\/www.jinpinlub.com\/fr\/wp-json\/wp\/v2\/product\/3837","targetHints":{"allow":["GET"]}}],"collection":[{"href":"https:\/\/www.jinpinlub.com\/fr\/wp-json\/wp\/v2\/product"}],"about":[{"href":"https:\/\/www.jinpinlub.com\/fr\/wp-json\/wp\/v2\/types\/product"}],"wp:featuredmedia":[{"embeddable":true,"href":"https:\/\/www.jinpinlub.com\/fr\/wp-json\/wp\/v2\/media\/3833"}],"wp:attachment":[{"href":"https:\/\/www.jinpinlub.com\/fr\/wp-json\/wp\/v2\/media?parent=3837"}],"wp:term":[{"taxonomy":"product_brand","embeddable":true,"href":"https:\/\/www.jinpinlub.com\/fr\/wp-json\/wp\/v2\/product_brand?post=3837"},{"taxonomy":"product_cat","embeddable":true,"href":"https:\/\/www.jinpinlub.com\/fr\/wp-json\/wp\/v2\/product_cat?post=3837"},{"taxonomy":"product_tag","embeddable":true,"href":"https:\/\/www.jinpinlub.com\/fr\/wp-json\/wp\/v2\/product_tag?post=3837"}],"curies":[{"name":"wp","href":"https:\/\/api.w.org\/{rel}","templated":true}]}}