{"id":3838,"date":"2024-11-01T03:13:38","date_gmt":"2024-10-31T19:13:38","guid":{"rendered":"https:\/\/www.jinpinlub.com\/?post_type=product&#038;p=3838"},"modified":"2024-11-01T03:36:26","modified_gmt":"2024-10-31T19:36:26","slug":"brosse-a-huile-en-nylon-avec-base-pour-la-lubrification-du-rail-de-guidage-de-la-chaine","status":"publish","type":"product","link":"https:\/\/www.jinpinlub.com\/fr\/product\/nylon-oil-brush-with-base-for-chain-guide-rail-lubrication\/","title":{"rendered":"Brosse \u00e0 huile en nylon avec base pour la lubrification du rail de guidage de la cha\u00eene"},"content":{"rendered":"<h2>Caract\u00e9ristiques<\/h2>\n<p>Afin de r\u00e9soudre les d\u00e9fauts de la lubrification manuelle de la cha\u00eene, nous recommandons l&#039;utilisation d&#039;une lubrification automatique temporis\u00e9e, associ\u00e9e \u00e0 des brosses \u00e0 huile pour une bonne lubrification.<br \/>\n1. Prolongez la dur\u00e9e de vie de la cha\u00eene.<br \/>\n2. R\u00e9duisez le nombre de temps d\u2019arr\u00eat et de pannes.<br \/>\n3. R\u00e9duire les pertes d\u2019\u00e9nergie.<br \/>\n4. La brosse \u00e0 huile peut r\u00e9duire la perte d\u2019huile de lubrification.<br \/>\n5. La brosse \u00e0 huile peut absorber les vibrations et l&#039;impact de la cha\u00eene et r\u00e9duire le bruit.<br \/>\n6. R\u00e9duisez la temp\u00e9rature de la cha\u00eene fonctionnant \u00e0 grande vitesse.<br \/>\n7. La brosse \u00e0 huile \u00e9limine la poussi\u00e8re et les impuret\u00e9s, etc., et forme mieux un film d&#039;huile pour prot\u00e9ger la transmission de la cha\u00eene.<br \/>\nLes tailles courantes optionnelles de brosses \u00e0 cha\u00eene sont 30 mm, 45 mm, 60 mm et 80 mm.<\/p>\n<h2>Sp\u00e9cification<\/h2>\n<figure id=\"attachment_3839\" aria-describedby=\"caption-attachment-3839\" style=\"width: 800px\" class=\"wp-caption alignnone\"><img loading=\"lazy\" decoding=\"async\" class=\"size-full wp-image-3839\" src=\"https:\/\/www.jinpinlub.com\/wp-content\/uploads\/2024\/11\/Nylon-oil-brush-5.jpg\" alt=\"Brosse \u00e0 huile en nylon (5)\" width=\"800\" height=\"326\" srcset=\"https:\/\/www.jinpinlub.com\/wp-content\/uploads\/2024\/11\/Nylon-oil-brush-5.jpg 800w, https:\/\/www.jinpinlub.com\/wp-content\/uploads\/2024\/11\/Nylon-oil-brush-5-300x122.jpg 300w, https:\/\/www.jinpinlub.com\/wp-content\/uploads\/2024\/11\/Nylon-oil-brush-5-768x313.jpg 768w, https:\/\/www.jinpinlub.com\/wp-content\/uploads\/2024\/11\/Nylon-oil-brush-5-18x7.jpg 18w\" sizes=\"auto, (max-width: 800px) 100vw, 800px\" \/><figcaption id=\"caption-attachment-3839\" class=\"wp-caption-text\">Brosse \u00e0 huile en nylon (5)<\/figcaption><\/figure>\n<table>\n<tbody>\n<tr>\n<td>Mod\u00e8le<\/td>\n<td>Filetage femelle<\/td>\n<td>NO (g)<\/td>\n<\/tr>\n<tr>\n<td>OM408<\/td>\n<td>M8xP1.0<\/td>\n<td>11<\/td>\n<\/tr>\n<tr>\n<td>OM610<\/td>\n<td>M10xP1.0<\/td>\n<td>15<\/td>\n<\/tr>\n<tr>\n<td>OM601<\/td>\n<td>PT1\/8<\/td>\n<td>17<\/td>\n<\/tr>\n<tr>\n<td>OML601<\/td>\n<td>PT1\/8<\/td>\n<td>25<\/td>\n<\/tr>\n<tr>\n<td>OML401<\/td>\n<td>PT1\/8<\/td>\n<td>27<\/td>\n<\/tr>\n<\/tbody>\n<\/table>\n<h2>Application<\/h2>\n<p>L&#039;application la plus r\u00e9pandue des brosses du syst\u00e8me de lubrification automatique est la lubrification des cha\u00eenes. Elle comprend principalement les cha\u00eenes de convoyeur, les cha\u00eenes de transmission, les cha\u00eenes professionnelles sp\u00e9ciales, les cha\u00eenes de traction, etc. La transmission par cha\u00eene est largement utilis\u00e9e dans le domaine de la transmission m\u00e9canique. La plupart des cha\u00eenes traditionnelles utilisent de l&#039;huile et de la graisse lubrifiantes \u00e0 haute viscosit\u00e9, qui sont appliqu\u00e9es manuellement sur la surface de la cha\u00eene. Le syst\u00e8me de lubrification automatique de la cha\u00eene avec brosses \u00e0 huile peut r\u00e9soudre la plupart des pannes de cha\u00eene, telles que :<br \/>\nLorsque l&#039;int\u00e9rieur de la cha\u00eene n&#039;est pas enti\u00e8rement lubrifi\u00e9, il est facile de provoquer de l&#039;usure et de la corrosion, ce qui entra\u00eene le desserrage ou le pliage de la cha\u00eene.<br \/>\nLorsque la cha\u00eene tourne, la vitesse \u00e9lev\u00e9e projette l&#039;huile lubrifiante attach\u00e9e \u00e0 la surface, ce qui fait perdre \u00e0 la cha\u00eene la protection de l&#039;huile lubrifiante.<br \/>\nLorsque la cha\u00eene fonctionne, l&#039;environnement est humide ou poussi\u00e9reux, alors la poussi\u00e8re et d&#039;autres impuret\u00e9s sont susceptibles de p\u00e9n\u00e9trer \u00e0 l&#039;int\u00e9rieur de la cha\u00eene et de provoquer de l&#039;usure et de la corrosion.<\/p>\n<h2>Manuels<\/h2>\n<div class=\"sdm_download_button_box_default\"><div class=\"sdm_download_link\"><a href=\"https:\/\/www.jinpinlub.com\/fr\/?sdm_process_download=1&download_id=3171\" class=\"sdm_download white\" title=\"Priv\u00e9\u00a0: OM\/JD\/PKD\/PJD\/PJDB\" target=\"&quot;_blank&quot;\">Voir la fiche technique - OM\/JD\/PKD\/PJD\/PJDB<\/a><\/div><\/div>","protected":false},"excerpt":{"rendered":"<p>Les brosses \u00e0 huile en nylon sont utilis\u00e9es dans les syst\u00e8mes de lubrification automatique, pour la lubrification de la cha\u00eene, la lubrification du rail de guidage, etc. Elles peuvent non seulement fournir une lubrification par infiltration suffisante aux pi\u00e8ces de lubrification, mais \u00e9galement \u00e9liminer les impuret\u00e9s telles que la poussi\u00e8re et les d\u00e9bris coll\u00e9s aux pi\u00e8ces de lubrification.<\/p>","protected":false},"featured_media":3842,"template":"","meta":{"ocean_post_layout":"","ocean_both_sidebars_style":"","ocean_both_sidebars_content_width":0,"ocean_both_sidebars_sidebars_width":0,"ocean_sidebar":"0","ocean_second_sidebar":"0","ocean_disable_margins":"enable","ocean_add_body_class":"","ocean_shortcode_before_top_bar":"","ocean_shortcode_after_top_bar":"","ocean_shortcode_before_header":"","ocean_shortcode_after_header":"","ocean_has_shortcode":"","ocean_shortcode_after_title":"","ocean_shortcode_before_footer_widgets":"","ocean_shortcode_after_footer_widgets":"","ocean_shortcode_before_footer_bottom":"","ocean_shortcode_after_footer_bottom":"","ocean_display_top_bar":"default","ocean_display_header":"default","ocean_header_style":"","ocean_center_header_left_menu":"0","ocean_custom_header_template":"0","ocean_custom_logo":0,"ocean_custom_retina_logo":0,"ocean_custom_logo_max_width":0,"ocean_custom_logo_tablet_max_width":0,"ocean_custom_logo_mobile_max_width":0,"ocean_custom_logo_max_height":0,"ocean_custom_logo_tablet_max_height":0,"ocean_custom_logo_mobile_max_height":0,"ocean_header_custom_menu":"0","ocean_menu_typo_font_family":"0","ocean_menu_typo_font_subset":"","ocean_menu_typo_font_size":0,"ocean_menu_typo_font_size_tablet":0,"ocean_menu_typo_font_size_mobile":0,"ocean_menu_typo_font_size_unit":"px","ocean_menu_typo_font_weight":"","ocean_menu_typo_font_weight_tablet":"","ocean_menu_typo_font_weight_mobile":"","ocean_menu_typo_transform":"","ocean_menu_typo_transform_tablet":"","ocean_menu_typo_transform_mobile":"","ocean_menu_typo_line_height":0,"ocean_menu_typo_line_height_tablet":0,"ocean_menu_typo_line_height_mobile":0,"ocean_menu_typo_line_height_unit":"","ocean_menu_typo_spacing":0,"ocean_menu_typo_spacing_tablet":0,"ocean_menu_typo_spacing_mobile":0,"ocean_menu_typo_spacing_unit":"","ocean_menu_link_color":"","ocean_menu_link_color_hover":"","ocean_menu_link_color_active":"","ocean_menu_link_background":"","ocean_menu_link_hover_background":"","ocean_menu_link_active_background":"","ocean_menu_social_links_bg":"","ocean_menu_social_hover_links_bg":"","ocean_menu_social_links_color":"","ocean_menu_social_hover_links_color":"","ocean_disable_title":"default","ocean_disable_heading":"default","ocean_post_title":"","ocean_post_subheading":"","ocean_post_title_style":"","ocean_post_title_background_color":"","ocean_post_title_background":0,"ocean_post_title_bg_image_position":"","ocean_post_title_bg_image_attachment":"","ocean_post_title_bg_image_repeat":"","ocean_post_title_bg_image_size":"","ocean_post_title_height":0,"ocean_post_title_bg_overlay":0.5,"ocean_post_title_bg_overlay_color":"","ocean_disable_breadcrumbs":"default","ocean_breadcrumbs_color":"","ocean_breadcrumbs_separator_color":"","ocean_breadcrumbs_links_color":"","ocean_breadcrumbs_links_hover_color":"","ocean_display_footer_widgets":"default","ocean_display_footer_bottom":"default","ocean_custom_footer_template":"0","osh_disable_topbar_sticky":"default","osh_disable_header_sticky":"default","osh_sticky_header_style":"default","osh_sticky_header_effect":"","osh_custom_sticky_logo":0,"osh_custom_retina_sticky_logo":0,"osh_custom_sticky_logo_height":0,"osh_background_color":"","osh_links_color":"","osh_links_hover_color":"","osh_links_active_color":"","osh_links_bg_color":"","osh_links_hover_bg_color":"","osh_links_active_bg_color":"","osh_menu_social_links_color":"","osh_menu_social_hover_links_color":""},"product_brand":[],"product_cat":[31],"product_tag":[339,342,343,341,340],"class_list":{"0":"post-3838","1":"product","2":"type-product","3":"status-publish","4":"has-post-thumbnail","6":"product_cat-lube-system-accessories","7":"product_tag-automatic-lubrication-brush","8":"product_tag-chain-lubricating-oil-brush","9":"product_tag-escalator-lubrication-brush","10":"product_tag-lubrication-system-brush","11":"product_tag-nylon-oil-brush","13":"entry","14":"has-media","16":"first","17":"instock","18":"shipping-taxable","19":"product-type-external","20":"col","21":"span_1_of_3","22":"owp-content-center","23":"owp-thumbs-layout-horizontal","24":"owp-btn-very-big","25":"owp-tabs-layout-horizontal"},"_links":{"self":[{"href":"https:\/\/www.jinpinlub.com\/fr\/wp-json\/wp\/v2\/product\/3838","targetHints":{"allow":["GET"]}}],"collection":[{"href":"https:\/\/www.jinpinlub.com\/fr\/wp-json\/wp\/v2\/product"}],"about":[{"href":"https:\/\/www.jinpinlub.com\/fr\/wp-json\/wp\/v2\/types\/product"}],"wp:featuredmedia":[{"embeddable":true,"href":"https:\/\/www.jinpinlub.com\/fr\/wp-json\/wp\/v2\/media\/3842"}],"wp:attachment":[{"href":"https:\/\/www.jinpinlub.com\/fr\/wp-json\/wp\/v2\/media?parent=3838"}],"wp:term":[{"taxonomy":"product_brand","embeddable":true,"href":"https:\/\/www.jinpinlub.com\/fr\/wp-json\/wp\/v2\/product_brand?post=3838"},{"taxonomy":"product_cat","embeddable":true,"href":"https:\/\/www.jinpinlub.com\/fr\/wp-json\/wp\/v2\/product_cat?post=3838"},{"taxonomy":"product_tag","embeddable":true,"href":"https:\/\/www.jinpinlub.com\/fr\/wp-json\/wp\/v2\/product_tag?post=3838"}],"curies":[{"name":"wp","href":"https:\/\/api.w.org\/{rel}","templated":true}]}}