{"id":3854,"date":"2024-11-19T19:35:28","date_gmt":"2024-11-19T11:35:28","guid":{"rendered":"https:\/\/www.jinpinlub.com\/?post_type=product&#038;p=3854"},"modified":"2024-11-26T16:48:43","modified_gmt":"2024-11-26T08:48:43","slug":"pa6-transparent-nylon-lubricating-oil-tube-for-machine-lube","status":"publish","type":"product","link":"https:\/\/www.jinpinlub.com\/fr\/product\/pa6-transparent-nylon-lubricating-oil-tube-for-machine-lube\/","title":{"rendered":"Tube d&#039;huile lubrifiante en nylon transparent PA6 pour lubrification de machine"},"content":{"rendered":"<h2>Fonctionnalit\u00e9<\/h2>\n<p>The materials used in the production of nylon tubes are strictly selected and are not recycled materials. The finished nylon tubes are thick, reliable in quality, strong and have a long service life.<br \/>\nThe nylon tubes produced by automated production equipment strictly control the production standards to keep the error within the acceptable range and the force on all parts of the tubes is uniform.<br \/>\nThe inner wall of the nylon tube is smooth, the friction coefficient is low, and the medium passing capacity is high.<br \/>\nWe can accept customized printing, OEM, ODM, and customized solutions for low-pressure lubricating oil tubes.<\/p>\n<h2>Sp\u00e9cification<\/h2>\n<table>\n<tbody>\n<tr>\n<td>Mod\u00e8le<\/td>\n<td>PST-4<\/td>\n<td>PST-6<\/td>\n<\/tr>\n<tr>\n<td>Accessoires<\/td>\n<td>\u03a64<\/td>\n<td>\u03a66<\/td>\n<\/tr>\n<tr>\n<td>Pression maximale<\/td>\n<td>10 MPa<\/td>\n<td>15 MPa<\/td>\n<\/tr>\n<tr>\n<td>Rayon de courbure minimal<\/td>\n<td>R20<\/td>\n<td>R40<\/td>\n<\/tr>\n<tr>\n<td>Longueur (m)<\/td>\n<td colspan=\"2\">Personnalisation<\/td>\n<\/tr>\n<\/tbody>\n<\/table>\n<h2>Application<\/h2>\n<p>Industrial machinery: PA6 Nylon tube transfers lubricating oil in various industrial machinery and equipment for smoothening of its mechanical parts.<br \/>\nAutomobile industry: PA6 Nylon tubes are being manufactured for use in a wide field of applications, such as in lubrication oil pipes of engines, gearboxes, and other parts, with reliable lubrication support.<br \/>\nAerospace: In the high-demand arena of aerospace, PA6 nylon tubes are adopted for aircraft engines and other key components to transmission lubricating oil because of the high strength and high-temperature resistance character of this product.<\/p>\n<h2>Manuels<\/h2>\n<div class=\"sdm_download_button_box_default\"><div class=\"sdm_download_link\"><a href=\"https:\/\/www.jinpinlub.com\/fr\/?sdm_process_download=1&download_id=3866\" class=\"sdm_download white\" title=\"Priv\u00e9\u00a0: Lubricant Tube\" target=\"&quot;_blank&quot;\">Voir la fiche technique - Tube de lubrifiant<\/a><\/div><\/div>","protected":false},"excerpt":{"rendered":"<p>Le tuyau tress\u00e9 est compos\u00e9 d&#039;un tuyau tress\u00e9 et d&#039;un joint \u00e0 sertir. Le tuyau est compos\u00e9 de trois couches : un rev\u00eatement int\u00e9rieur en caoutchouc, un renfort central en fibre m\u00e9tallique et un treillis ext\u00e9rieur tress\u00e9. La plage de temp\u00e9rature applicable est de -40\u2103~80\u2103.<\/p>","protected":false},"featured_media":3862,"template":"","meta":{"ocean_post_layout":"","ocean_both_sidebars_style":"","ocean_both_sidebars_content_width":0,"ocean_both_sidebars_sidebars_width":0,"ocean_sidebar":"0","ocean_second_sidebar":"0","ocean_disable_margins":"enable","ocean_add_body_class":"","ocean_shortcode_before_top_bar":"","ocean_shortcode_after_top_bar":"","ocean_shortcode_before_header":"","ocean_shortcode_after_header":"","ocean_has_shortcode":"","ocean_shortcode_after_title":"","ocean_shortcode_before_footer_widgets":"","ocean_shortcode_after_footer_widgets":"","ocean_shortcode_before_footer_bottom":"","ocean_shortcode_after_footer_bottom":"","ocean_display_top_bar":"default","ocean_display_header":"default","ocean_header_style":"","ocean_center_header_left_menu":"0","ocean_custom_header_template":"0","ocean_custom_logo":0,"ocean_custom_retina_logo":0,"ocean_custom_logo_max_width":0,"ocean_custom_logo_tablet_max_width":0,"ocean_custom_logo_mobile_max_width":0,"ocean_custom_logo_max_height":0,"ocean_custom_logo_tablet_max_height":0,"ocean_custom_logo_mobile_max_height":0,"ocean_header_custom_menu":"0","ocean_menu_typo_font_family":"0","ocean_menu_typo_font_subset":"","ocean_menu_typo_font_size":0,"ocean_menu_typo_font_size_tablet":0,"ocean_menu_typo_font_size_mobile":0,"ocean_menu_typo_font_size_unit":"px","ocean_menu_typo_font_weight":"","ocean_menu_typo_font_weight_tablet":"","ocean_menu_typo_font_weight_mobile":"","ocean_menu_typo_transform":"","ocean_menu_typo_transform_tablet":"","ocean_menu_typo_transform_mobile":"","ocean_menu_typo_line_height":0,"ocean_menu_typo_line_height_tablet":0,"ocean_menu_typo_line_height_mobile":0,"ocean_menu_typo_line_height_unit":"","ocean_menu_typo_spacing":0,"ocean_menu_typo_spacing_tablet":0,"ocean_menu_typo_spacing_mobile":0,"ocean_menu_typo_spacing_unit":"","ocean_menu_link_color":"","ocean_menu_link_color_hover":"","ocean_menu_link_color_active":"","ocean_menu_link_background":"","ocean_menu_link_hover_background":"","ocean_menu_link_active_background":"","ocean_menu_social_links_bg":"","ocean_menu_social_hover_links_bg":"","ocean_menu_social_links_color":"","ocean_menu_social_hover_links_color":"","ocean_disable_title":"default","ocean_disable_heading":"default","ocean_post_title":"","ocean_post_subheading":"","ocean_post_title_style":"","ocean_post_title_background_color":"","ocean_post_title_background":0,"ocean_post_title_bg_image_position":"","ocean_post_title_bg_image_attachment":"","ocean_post_title_bg_image_repeat":"","ocean_post_title_bg_image_size":"","ocean_post_title_height":0,"ocean_post_title_bg_overlay":0.5,"ocean_post_title_bg_overlay_color":"","ocean_disable_breadcrumbs":"default","ocean_breadcrumbs_color":"","ocean_breadcrumbs_separator_color":"","ocean_breadcrumbs_links_color":"","ocean_breadcrumbs_links_hover_color":"","ocean_display_footer_widgets":"default","ocean_display_footer_bottom":"default","ocean_custom_footer_template":"0","osh_disable_topbar_sticky":"default","osh_disable_header_sticky":"default","osh_sticky_header_style":"default","osh_sticky_header_effect":"","osh_custom_sticky_logo":0,"osh_custom_retina_sticky_logo":0,"osh_custom_sticky_logo_height":0,"osh_background_color":"","osh_links_color":"","osh_links_hover_color":"","osh_links_active_color":"","osh_links_bg_color":"","osh_links_hover_bg_color":"","osh_links_active_bg_color":"","osh_menu_social_links_color":"","osh_menu_social_hover_links_color":""},"product_brand":[],"product_cat":[31],"product_tag":[350,352,353,349,351],"class_list":{"0":"post-3854","1":"product","2":"type-product","3":"status-publish","4":"has-post-thumbnail","6":"product_cat-lube-system-accessories","7":"product_tag-lubricating-oil-tube","8":"product_tag-lubricating-pipes","9":"product_tag-lubrication-oil-pipeline","10":"product_tag-pa6-nylon-tube","11":"product_tag-transparent-oil-circuit","13":"entry","14":"has-media","16":"first","17":"instock","18":"shipping-taxable","19":"product-type-external","20":"col","21":"span_1_of_3","22":"owp-content-center","23":"owp-thumbs-layout-horizontal","24":"owp-btn-very-big","25":"owp-tabs-layout-horizontal"},"_links":{"self":[{"href":"https:\/\/www.jinpinlub.com\/fr\/wp-json\/wp\/v2\/product\/3854","targetHints":{"allow":["GET"]}}],"collection":[{"href":"https:\/\/www.jinpinlub.com\/fr\/wp-json\/wp\/v2\/product"}],"about":[{"href":"https:\/\/www.jinpinlub.com\/fr\/wp-json\/wp\/v2\/types\/product"}],"wp:featuredmedia":[{"embeddable":true,"href":"https:\/\/www.jinpinlub.com\/fr\/wp-json\/wp\/v2\/media\/3862"}],"wp:attachment":[{"href":"https:\/\/www.jinpinlub.com\/fr\/wp-json\/wp\/v2\/media?parent=3854"}],"wp:term":[{"taxonomy":"product_brand","embeddable":true,"href":"https:\/\/www.jinpinlub.com\/fr\/wp-json\/wp\/v2\/product_brand?post=3854"},{"taxonomy":"product_cat","embeddable":true,"href":"https:\/\/www.jinpinlub.com\/fr\/wp-json\/wp\/v2\/product_cat?post=3854"},{"taxonomy":"product_tag","embeddable":true,"href":"https:\/\/www.jinpinlub.com\/fr\/wp-json\/wp\/v2\/product_tag?post=3854"}],"curies":[{"name":"wp","href":"https:\/\/api.w.org\/{rel}","templated":true}]}}