{"id":3868,"date":"2024-11-26T16:56:15","date_gmt":"2024-11-26T08:56:15","guid":{"rendered":"https:\/\/www.jinpinlub.com\/?post_type=product&#038;p=3868"},"modified":"2024-11-26T17:51:34","modified_gmt":"2024-11-26T09:51:34","slug":"bobine-de-tube-en-cuivre-violet-de-4-6-8-10-mm-pour-canalisation-de-lubrification","status":"publish","type":"product","link":"https:\/\/www.jinpinlub.com\/fr\/product\/4-6-8-10mm-purple-copper-tube-coil-for-lubrication-pipeline\/","title":{"rendered":"Bobine de tube en cuivre violet 4\/6\/8\/10 mm pour canalisation de lubrification"},"content":{"rendered":"<h2>Fonctionnalit\u00e9<\/h2>\n<p>Le tube \u00e0 huile en cuivre est produit par un processus avanc\u00e9 de coul\u00e9e continue et de laminage, avec une puret\u00e9 \u00e9lev\u00e9e, une structure fine et une faible teneur en oxyg\u00e8ne.<br \/>\nLe tube \u00e0 huile en cuivre n&#039;a pas de pores ni de trous de sable et pr\u00e9sente une bonne usinabilit\u00e9, une ductilit\u00e9, une r\u00e9sistance \u00e0 la corrosion et une r\u00e9sistance de connexion.<br \/>\nLe tuyau en cuivre a une qualit\u00e9 stable, une r\u00e9sistance \u00e0 haute pression, un allongement \u00e9lev\u00e9 et une propret\u00e9 \u00e9lev\u00e9e, ce qui r\u00e9pond aux besoins de transport d&#039;huile lubrifiante propre.<br \/>\nLa nature recyclable du cuivre est propice \u00e0 la protection de l\u2019environnement et constitue un mat\u00e9riau vert pour le d\u00e9veloppement durable.<\/p>\n<h2>Sp\u00e9cification<\/h2>\n<figure id=\"attachment_3873\" aria-describedby=\"caption-attachment-3873\" style=\"width: 800px\" class=\"wp-caption alignnone\"><img loading=\"lazy\" decoding=\"async\" class=\"size-full wp-image-3873\" src=\"https:\/\/www.jinpinlub.com\/wp-content\/uploads\/2024\/11\/Copper-Oil-Tube-5.jpg\" alt=\"Tube d&#039;huile en cuivre (5)\" width=\"800\" height=\"485\" srcset=\"https:\/\/www.jinpinlub.com\/wp-content\/uploads\/2024\/11\/Copper-Oil-Tube-5.jpg 800w, https:\/\/www.jinpinlub.com\/wp-content\/uploads\/2024\/11\/Copper-Oil-Tube-5-300x182.jpg 300w, https:\/\/www.jinpinlub.com\/wp-content\/uploads\/2024\/11\/Copper-Oil-Tube-5-768x466.jpg 768w, https:\/\/www.jinpinlub.com\/wp-content\/uploads\/2024\/11\/Copper-Oil-Tube-5-18x12.jpg 18w\" sizes=\"auto, (max-width: 800px) 100vw, 800px\" \/><figcaption id=\"caption-attachment-3873\" class=\"wp-caption-text\">Tube d&#039;huile en cuivre (5)<\/figcaption><\/figure>\n<h2>Application<\/h2>\n<p>Les tubes en cuivre sont largement utilis\u00e9s dans les conduites d&#039;huile de lubrification pour les machines-outils CNC. La principale raison est que le cuivre a une bonne conductivit\u00e9 thermique et une bonne r\u00e9sistance \u00e0 la corrosion, ce qui permet de bien conduire l&#039;huile de lubrification et de prot\u00e9ger le syst\u00e8me de lubrification. Le tube de lubrification en cuivre fonctionnera bien sous haute temp\u00e9rature et haute pression pour garantir que les machines fonctionnent avec une efficacit\u00e9 \u00e9lev\u00e9e et prolonger la dur\u00e9e de vie de l&#039;\u00e9quipement.<\/p>\n<h2>Manuels<\/h2>\n<div class=\"sdm_download_button_box_default\"><div class=\"sdm_download_link\"><a href=\"https:\/\/www.jinpinlub.com\/fr\/?sdm_process_download=1&download_id=3866\" class=\"sdm_download white\" title=\"Priv\u00e9\u00a0: Lubricant Tube\" target=\"&quot;_blank&quot;\">Voir la fiche technique - Tube de lubrifiant<\/a><\/div><\/div>","protected":false},"excerpt":{"rendered":"<p>Le tube en cuivre est un tube sans soudure press\u00e9 et \u00e9tir\u00e9, qui pr\u00e9sente les caract\u00e9ristiques d&#039;\u00eatre solide et durable, et peut \u00eatre utilis\u00e9 dans divers environnements. \u00c9tant donn\u00e9 que les tuyaux en cuivre peuvent se plier et se d\u00e9former \u00e0 diff\u00e9rents angles, ils sont souvent utilis\u00e9s dans les canalisations pour le transport de liquides.<\/p>","protected":false},"featured_media":3869,"template":"","meta":{"ocean_post_layout":"","ocean_both_sidebars_style":"","ocean_both_sidebars_content_width":0,"ocean_both_sidebars_sidebars_width":0,"ocean_sidebar":"0","ocean_second_sidebar":"0","ocean_disable_margins":"enable","ocean_add_body_class":"","ocean_shortcode_before_top_bar":"","ocean_shortcode_after_top_bar":"","ocean_shortcode_before_header":"","ocean_shortcode_after_header":"","ocean_has_shortcode":"","ocean_shortcode_after_title":"","ocean_shortcode_before_footer_widgets":"","ocean_shortcode_after_footer_widgets":"","ocean_shortcode_before_footer_bottom":"","ocean_shortcode_after_footer_bottom":"","ocean_display_top_bar":"default","ocean_display_header":"default","ocean_header_style":"","ocean_center_header_left_menu":"0","ocean_custom_header_template":"0","ocean_custom_logo":0,"ocean_custom_retina_logo":0,"ocean_custom_logo_max_width":0,"ocean_custom_logo_tablet_max_width":0,"ocean_custom_logo_mobile_max_width":0,"ocean_custom_logo_max_height":0,"ocean_custom_logo_tablet_max_height":0,"ocean_custom_logo_mobile_max_height":0,"ocean_header_custom_menu":"0","ocean_menu_typo_font_family":"0","ocean_menu_typo_font_subset":"","ocean_menu_typo_font_size":0,"ocean_menu_typo_font_size_tablet":0,"ocean_menu_typo_font_size_mobile":0,"ocean_menu_typo_font_size_unit":"px","ocean_menu_typo_font_weight":"","ocean_menu_typo_font_weight_tablet":"","ocean_menu_typo_font_weight_mobile":"","ocean_menu_typo_transform":"","ocean_menu_typo_transform_tablet":"","ocean_menu_typo_transform_mobile":"","ocean_menu_typo_line_height":0,"ocean_menu_typo_line_height_tablet":0,"ocean_menu_typo_line_height_mobile":0,"ocean_menu_typo_line_height_unit":"","ocean_menu_typo_spacing":0,"ocean_menu_typo_spacing_tablet":0,"ocean_menu_typo_spacing_mobile":0,"ocean_menu_typo_spacing_unit":"","ocean_menu_link_color":"","ocean_menu_link_color_hover":"","ocean_menu_link_color_active":"","ocean_menu_link_background":"","ocean_menu_link_hover_background":"","ocean_menu_link_active_background":"","ocean_menu_social_links_bg":"","ocean_menu_social_hover_links_bg":"","ocean_menu_social_links_color":"","ocean_menu_social_hover_links_color":"","ocean_disable_title":"default","ocean_disable_heading":"default","ocean_post_title":"","ocean_post_subheading":"","ocean_post_title_style":"","ocean_post_title_background_color":"","ocean_post_title_background":0,"ocean_post_title_bg_image_position":"","ocean_post_title_bg_image_attachment":"","ocean_post_title_bg_image_repeat":"","ocean_post_title_bg_image_size":"","ocean_post_title_height":0,"ocean_post_title_bg_overlay":0.5,"ocean_post_title_bg_overlay_color":"","ocean_disable_breadcrumbs":"default","ocean_breadcrumbs_color":"","ocean_breadcrumbs_separator_color":"","ocean_breadcrumbs_links_color":"","ocean_breadcrumbs_links_hover_color":"","ocean_display_footer_widgets":"default","ocean_display_footer_bottom":"default","ocean_custom_footer_template":"0","osh_disable_topbar_sticky":"default","osh_disable_header_sticky":"default","osh_sticky_header_style":"default","osh_sticky_header_effect":"","osh_custom_sticky_logo":0,"osh_custom_retina_sticky_logo":0,"osh_custom_sticky_logo_height":0,"osh_background_color":"","osh_links_color":"","osh_links_hover_color":"","osh_links_active_color":"","osh_links_bg_color":"","osh_links_hover_bg_color":"","osh_links_active_bg_color":"","osh_menu_social_links_color":"","osh_menu_social_hover_links_color":""},"product_brand":[],"product_cat":[31],"product_tag":[357,354,355,356],"class_list":{"0":"post-3868","1":"product","2":"type-product","3":"status-publish","4":"has-post-thumbnail","6":"product_cat-lube-system-accessories","7":"product_tag-4mm-copper-tube","8":"product_tag-copper-oil-tube","9":"product_tag-lubricating-oil-pipe","10":"product_tag-lubricating-pipeline","12":"entry","13":"has-media","15":"first","16":"instock","17":"shipping-taxable","18":"product-type-external","19":"col","20":"span_1_of_3","21":"owp-content-center","22":"owp-thumbs-layout-horizontal","23":"owp-btn-very-big","24":"owp-tabs-layout-horizontal"},"_links":{"self":[{"href":"https:\/\/www.jinpinlub.com\/fr\/wp-json\/wp\/v2\/product\/3868","targetHints":{"allow":["GET"]}}],"collection":[{"href":"https:\/\/www.jinpinlub.com\/fr\/wp-json\/wp\/v2\/product"}],"about":[{"href":"https:\/\/www.jinpinlub.com\/fr\/wp-json\/wp\/v2\/types\/product"}],"wp:featuredmedia":[{"embeddable":true,"href":"https:\/\/www.jinpinlub.com\/fr\/wp-json\/wp\/v2\/media\/3869"}],"wp:attachment":[{"href":"https:\/\/www.jinpinlub.com\/fr\/wp-json\/wp\/v2\/media?parent=3868"}],"wp:term":[{"taxonomy":"product_brand","embeddable":true,"href":"https:\/\/www.jinpinlub.com\/fr\/wp-json\/wp\/v2\/product_brand?post=3868"},{"taxonomy":"product_cat","embeddable":true,"href":"https:\/\/www.jinpinlub.com\/fr\/wp-json\/wp\/v2\/product_cat?post=3868"},{"taxonomy":"product_tag","embeddable":true,"href":"https:\/\/www.jinpinlub.com\/fr\/wp-json\/wp\/v2\/product_tag?post=3868"}],"curies":[{"name":"wp","href":"https:\/\/api.w.org\/{rel}","templated":true}]}}