{"id":3881,"date":"2024-11-26T19:26:16","date_gmt":"2024-11-26T11:26:16","guid":{"rendered":"https:\/\/www.jinpinlub.com\/?post_type=product&#038;p=3881"},"modified":"2024-11-26T19:29:57","modified_gmt":"2024-11-26T11:29:57","slug":"custom-4-6mm-aluminum-lubrication-oil-tube-for-milling-cnc","status":"publish","type":"product","link":"https:\/\/www.jinpinlub.com\/fr\/product\/custom-4-6mm-aluminum-lubrication-oil-tube-for-milling-cnc\/","title":{"rendered":"Tube d&#039;huile de lubrification en aluminium personnalis\u00e9 de 4\/6 mm pour le fraisage CNC"},"content":{"rendered":"<h2>Fonctionnalit\u00e9<\/h2>\n<p>L\u00e9ger et haute r\u00e9sistance : les tubes \u00e0 huile en aluminium ont un faible poids tout en conservant une haute r\u00e9sistance, adapt\u00e9s \u00e0 divers \u00e9quipements m\u00e9caniques.<br \/>\nAnti-corrosion : le tube \u00e0 huile en aluminium a une bonne r\u00e9sistance \u00e0 la corrosion et peut \u00eatre utilis\u00e9 pendant longtemps dans des environnements difficiles.<br \/>\nBonne conductivit\u00e9 thermique : l&#039;aluminium a une excellente conductivit\u00e9 thermique, peut conduire efficacement l&#039;huile lubrifiante et maintenir la temp\u00e9rature de l&#039;\u00e9quipement stable.<br \/>\nFacile \u00e0 traiter : le tube d&#039;huile en aluminium est facile \u00e0 traiter et \u00e0 plier, facile \u00e0 installer et \u00e0 entretenir dans l&#039;\u00e9quipement.<br \/>\nProtection de l&#039;environnement : l&#039;aluminium peut \u00eatre recycl\u00e9 et est respectueux de l&#039;environnement.<\/p>\n<h2>Sp\u00e9cification<\/h2>\n<figure id=\"attachment_3873\" aria-describedby=\"caption-attachment-3873\" style=\"width: 800px\" class=\"wp-caption alignnone\"><img loading=\"lazy\" decoding=\"async\" class=\"size-full wp-image-3873\" src=\"https:\/\/www.jinpinlub.com\/wp-content\/uploads\/2024\/11\/Copper-Oil-Tube-5.jpg\" alt=\"Tube d&#039;huile en cuivre (5)\" width=\"800\" height=\"485\" srcset=\"https:\/\/www.jinpinlub.com\/wp-content\/uploads\/2024\/11\/Copper-Oil-Tube-5.jpg 800w, https:\/\/www.jinpinlub.com\/wp-content\/uploads\/2024\/11\/Copper-Oil-Tube-5-300x182.jpg 300w, https:\/\/www.jinpinlub.com\/wp-content\/uploads\/2024\/11\/Copper-Oil-Tube-5-768x466.jpg 768w, https:\/\/www.jinpinlub.com\/wp-content\/uploads\/2024\/11\/Copper-Oil-Tube-5-18x12.jpg 18w\" sizes=\"auto, (max-width: 800px) 100vw, 800px\" \/><figcaption id=\"caption-attachment-3873\" class=\"wp-caption-text\">Tube d&#039;huile en cuivre (5)<\/figcaption><\/figure>\n<h2>Application<\/h2>\n<p>\u00c9quipement m\u00e9canique : Un certain nombre de types d&#039;\u00e9quipements m\u00e9caniques sont \u00e9quip\u00e9s de tuyaux d&#039;huile en aluminium dans leurs syst\u00e8mes de lubrification, comme dans les roulements, les engrenages, etc.<br \/>\nRobots industriels : la transmission de l&#039;huile lubrifiante \u00e0 travers des conduites d&#039;huile en aluminium facilite le bon fonctionnement des robots industriels.<br \/>\nLignes de production automatis\u00e9es : Les tuyaux d&#039;huile en aluminium sont utilis\u00e9s dans les syst\u00e8mes de lubrification des lignes de production automatis\u00e9es pour assurer la fluidit\u00e9 du processus de production.<br \/>\nIndustrie automobile : Dans la fabrication automobile, les tuyaux d&#039;huile en aluminium sont utilis\u00e9s pour lubrifier les tuyaux d&#039;huile dans les moteurs, les bo\u00eetes de vitesses et d&#039;autres pi\u00e8ces.<\/p>\n<h2>Manuels<\/h2>\n<div class=\"sdm_download_button_box_default\"><div class=\"sdm_download_link\"><a href=\"https:\/\/www.jinpinlub.com\/fr\/?sdm_process_download=1&download_id=3866\" class=\"sdm_download white\" title=\"Priv\u00e9\u00a0: Lubricant Tube\" target=\"&quot;_blank&quot;\">Voir la fiche technique - Tube de lubrifiant<\/a><\/div><\/div>","protected":false},"excerpt":{"rendered":"<p>Les tubes en aluminium pour lubrifiants industriels sont l\u00e9gers, tr\u00e8s r\u00e9sistants, r\u00e9sistants \u00e0 la corrosion, dot\u00e9s d&#039;une bonne conductivit\u00e9 thermique et faciles \u00e0 usiner. Ils sont utilis\u00e9s dans les \u00e9quipements m\u00e9caniques, les lignes de production automatis\u00e9es et l&#039;industrie automobile pour garantir un fonctionnement efficace.<\/p>","protected":false},"featured_media":3885,"template":"","meta":{"ocean_post_layout":"","ocean_both_sidebars_style":"","ocean_both_sidebars_content_width":0,"ocean_both_sidebars_sidebars_width":0,"ocean_sidebar":"0","ocean_second_sidebar":"0","ocean_disable_margins":"enable","ocean_add_body_class":"","ocean_shortcode_before_top_bar":"","ocean_shortcode_after_top_bar":"","ocean_shortcode_before_header":"","ocean_shortcode_after_header":"","ocean_has_shortcode":"","ocean_shortcode_after_title":"","ocean_shortcode_before_footer_widgets":"","ocean_shortcode_after_footer_widgets":"","ocean_shortcode_before_footer_bottom":"","ocean_shortcode_after_footer_bottom":"","ocean_display_top_bar":"default","ocean_display_header":"default","ocean_header_style":"","ocean_center_header_left_menu":"0","ocean_custom_header_template":"0","ocean_custom_logo":0,"ocean_custom_retina_logo":0,"ocean_custom_logo_max_width":0,"ocean_custom_logo_tablet_max_width":0,"ocean_custom_logo_mobile_max_width":0,"ocean_custom_logo_max_height":0,"ocean_custom_logo_tablet_max_height":0,"ocean_custom_logo_mobile_max_height":0,"ocean_header_custom_menu":"0","ocean_menu_typo_font_family":"0","ocean_menu_typo_font_subset":"","ocean_menu_typo_font_size":0,"ocean_menu_typo_font_size_tablet":0,"ocean_menu_typo_font_size_mobile":0,"ocean_menu_typo_font_size_unit":"px","ocean_menu_typo_font_weight":"","ocean_menu_typo_font_weight_tablet":"","ocean_menu_typo_font_weight_mobile":"","ocean_menu_typo_transform":"","ocean_menu_typo_transform_tablet":"","ocean_menu_typo_transform_mobile":"","ocean_menu_typo_line_height":0,"ocean_menu_typo_line_height_tablet":0,"ocean_menu_typo_line_height_mobile":0,"ocean_menu_typo_line_height_unit":"","ocean_menu_typo_spacing":0,"ocean_menu_typo_spacing_tablet":0,"ocean_menu_typo_spacing_mobile":0,"ocean_menu_typo_spacing_unit":"","ocean_menu_link_color":"","ocean_menu_link_color_hover":"","ocean_menu_link_color_active":"","ocean_menu_link_background":"","ocean_menu_link_hover_background":"","ocean_menu_link_active_background":"","ocean_menu_social_links_bg":"","ocean_menu_social_hover_links_bg":"","ocean_menu_social_links_color":"","ocean_menu_social_hover_links_color":"","ocean_disable_title":"default","ocean_disable_heading":"default","ocean_post_title":"","ocean_post_subheading":"","ocean_post_title_style":"","ocean_post_title_background_color":"","ocean_post_title_background":0,"ocean_post_title_bg_image_position":"","ocean_post_title_bg_image_attachment":"","ocean_post_title_bg_image_repeat":"","ocean_post_title_bg_image_size":"","ocean_post_title_height":0,"ocean_post_title_bg_overlay":0.5,"ocean_post_title_bg_overlay_color":"","ocean_disable_breadcrumbs":"default","ocean_breadcrumbs_color":"","ocean_breadcrumbs_separator_color":"","ocean_breadcrumbs_links_color":"","ocean_breadcrumbs_links_hover_color":"","ocean_display_footer_widgets":"default","ocean_display_footer_bottom":"default","ocean_custom_footer_template":"0","osh_disable_topbar_sticky":"default","osh_disable_header_sticky":"default","osh_sticky_header_style":"default","osh_sticky_header_effect":"","osh_custom_sticky_logo":0,"osh_custom_retina_sticky_logo":0,"osh_custom_sticky_logo_height":0,"osh_background_color":"","osh_links_color":"","osh_links_hover_color":"","osh_links_active_color":"","osh_links_bg_color":"","osh_links_hover_bg_color":"","osh_links_active_bg_color":"","osh_menu_social_links_color":"","osh_menu_social_hover_links_color":""},"product_brand":[],"product_cat":[31],"product_tag":[359,358,355,350,356],"class_list":{"0":"post-3881","1":"product","2":"type-product","3":"status-publish","4":"has-post-thumbnail","6":"product_cat-lube-system-accessories","7":"product_tag-4mm-aluminum-tube","8":"product_tag-aluminum-oil-tube","9":"product_tag-lubricating-oil-pipe","10":"product_tag-lubricating-oil-tube","11":"product_tag-lubricating-pipeline","13":"entry","14":"has-media","16":"first","17":"instock","18":"shipping-taxable","19":"product-type-external","20":"col","21":"span_1_of_3","22":"owp-content-center","23":"owp-thumbs-layout-horizontal","24":"owp-btn-very-big","25":"owp-tabs-layout-horizontal"},"_links":{"self":[{"href":"https:\/\/www.jinpinlub.com\/fr\/wp-json\/wp\/v2\/product\/3881","targetHints":{"allow":["GET"]}}],"collection":[{"href":"https:\/\/www.jinpinlub.com\/fr\/wp-json\/wp\/v2\/product"}],"about":[{"href":"https:\/\/www.jinpinlub.com\/fr\/wp-json\/wp\/v2\/types\/product"}],"wp:featuredmedia":[{"embeddable":true,"href":"https:\/\/www.jinpinlub.com\/fr\/wp-json\/wp\/v2\/media\/3885"}],"wp:attachment":[{"href":"https:\/\/www.jinpinlub.com\/fr\/wp-json\/wp\/v2\/media?parent=3881"}],"wp:term":[{"taxonomy":"product_brand","embeddable":true,"href":"https:\/\/www.jinpinlub.com\/fr\/wp-json\/wp\/v2\/product_brand?post=3881"},{"taxonomy":"product_cat","embeddable":true,"href":"https:\/\/www.jinpinlub.com\/fr\/wp-json\/wp\/v2\/product_cat?post=3881"},{"taxonomy":"product_tag","embeddable":true,"href":"https:\/\/www.jinpinlub.com\/fr\/wp-json\/wp\/v2\/product_tag?post=3881"}],"curies":[{"name":"wp","href":"https:\/\/api.w.org\/{rel}","templated":true}]}}