{"id":3901,"date":"2024-11-29T00:49:30","date_gmt":"2024-11-28T16:49:30","guid":{"rendered":"https:\/\/www.jinpinlub.com\/?post_type=product&#038;p=3901"},"modified":"2024-12-01T03:27:01","modified_gmt":"2024-11-30T19:27:01","slug":"injecteur-doseur-mg2k-8-pdi-pour-systeme-de-graissage-a-ligne-unique","status":"publish","type":"product","link":"https:\/\/www.jinpinlub.com\/fr\/product\/mg2k-8-pdi-metering-injector-for-single-line-grease-system\/","title":{"rendered":"Injecteur de dosage PDI MG2K-8 pour syst\u00e8me de graissage \u00e0 ligne unique"},"content":{"rendered":"<h2>Fonctionnalit\u00e9<\/h2>\n<p><span id=\"input-sentence~0\">Combinaison : Le distributeur se compose d&#039;une vanne de dosage et d&#039;une jonction. Vous pouvez s\u00e9lectionner la sortie appropri\u00e9e et l&#039;assembler dans un distributeur MG2K selon vos besoins.<br \/>\nVanne de dosage : La vanne MG2 dose correctement la graisse, maintenant ainsi une alimentation constante et \u00e9conomique.<\/span><span id=\"input-sentence~1\"><br \/>\nGraisseurs : <span id=\"input-sentence~0\">MG2K <\/span>est capable de graisser 1 \u00e0 12 points multiples avec une seule op\u00e9ration de pompe \u00e0 graisse.<br \/>\nMat\u00e9riau : Le corps est normalement en laiton pour le rendre solide et r\u00e9sistant \u00e0 la corrosion.<br \/>\nPression de fonctionnement : Plage de pression de fonctionnement de 2,5 MPa avec une pression de r\u00e9initialisation de 1,4 MPa.<br \/>\nVolume de d\u00e9charge : Disponible en plusieurs volumes de d\u00e9charge, tels que 0,03, 0,05, 0,1, 0,2, 0,3 et 0,5 ml\/cycle.<\/span><\/p>\n<h2>Sp\u00e9cification<\/h2>\n<table>\n<tbody>\n<tr>\n<td>Principe de fonctionnement<\/td>\n<td>Soupape de dosage de d\u00e9charge de pression<\/td>\n<\/tr>\n<tr>\n<td>Nombre de points de vente<\/td>\n<td>1~12<\/td>\n<\/tr>\n<tr>\n<td>Quantit\u00e9 de mesure<\/td>\n<td>0,03, 0,05, 0,13, 0,20, 0,30, 0,50 ml\/cycle<\/td>\n<\/tr>\n<tr>\n<td>Lubrifiant<\/td>\n<td>NLGI 000#, 00#, 0#, 1# et 2#<\/td>\n<\/tr>\n<tr>\n<td>Temp\u00e9rature de fonctionnement<\/td>\n<td>-20 \u00e0 +80 \u00b0C<\/td>\n<\/tr>\n<tr>\n<td>Pression de service<\/td>\n<td>\u2265 2,5 MPa<\/td>\n<\/tr>\n<tr>\n<td>Mat\u00e9riel<\/td>\n<td>Aluminium+Cuivre<\/td>\n<\/tr>\n<tr>\n<td>Prise de connexion<\/td>\n<td>Entr\u00e9e M10x1\/Rc1\/8, Sortie \u03a64(M8x1)<\/td>\n<\/tr>\n<tr>\n<td>Raccords de sortie<\/td>\n<td>Type de manchon, type rapide<\/td>\n<\/tr>\n<tr>\n<td>Position de montage<\/td>\n<td>N&#039;importe lequel<\/td>\n<\/tr>\n<\/tbody>\n<\/table>\n<h2>Installation<\/h2>\n<p>Pr\u00e9paration:<br \/>\nRassemblez les outils et le mat\u00e9riel, notamment une vanne, des graisseurs, des raccords et le type de graisse appropri\u00e9.<br \/>\nPositionnement :<br \/>\nIndiquez l&#039;emplacement o\u00f9 la vanne de dosage doit \u00eatre install\u00e9e. Il doit s&#039;agir d&#039;une zone facilement accessible \u00e0 des fins de maintenance et d&#039;utilisation.<br \/>\nRaccords de connexion :<br \/>\nRaccordez les raccords \u00e0 la vanne de dosage et aux conduites de graissage. Assurez-vous que tous les raccords sont bien ajust\u00e9s pour \u00e9viter les fuites.<br \/>\nTest du syst\u00e8me :<br \/>\nInstallez la vanne et les embouts, puis testez le syst\u00e8me en actionnant le pistolet \u00e0 graisse. V\u00e9rifiez que le syst\u00e8me ne pr\u00e9sente pas de fuites ou de d\u00e9bit de graisse incorrect.<br \/>\nR\u00e9glages finaux\u00a0:<br \/>\nV\u00e9rifiez que tous les composants fonctionnent correctement et que le syst\u00e8me de lubrification fournit la graisse comme pr\u00e9vu.<\/p>\n<h2>Manuels<\/h2>\n<div class=\"sdm_download_button_box_default\"><div class=\"sdm_download_link\"><a href=\"https:\/\/www.jinpinlub.com\/fr\/?sdm_process_download=1&download_id=3891\" class=\"sdm_download white\" title=\"Priv\u00e9\u00a0: MG2K Metering Valve\" target=\"&quot;_blank&quot;\">Voir la fiche technique - Distributeur MG2K<\/a><\/div><\/div>","protected":false},"excerpt":{"rendered":"<p>Le distributeur de graisse PDI MG2K fait partie d&#039;un syst\u00e8me de lubrification \u00e0 graisse \u00e0 simple ligne avec d\u00e9compression. Chaque sortie de sortie peut \u00eatre assembl\u00e9e en fonction des besoins r\u00e9els. L&#039;ensemble est assembl\u00e9 \u00e0 partir de vannes de dosage en laiton et d&#039;une jonction en aluminium, qui est durable et pr\u00e9cise en sortie.<\/p>","protected":false},"featured_media":3904,"template":"","meta":{"ocean_post_layout":"","ocean_both_sidebars_style":"","ocean_both_sidebars_content_width":0,"ocean_both_sidebars_sidebars_width":0,"ocean_sidebar":"0","ocean_second_sidebar":"0","ocean_disable_margins":"enable","ocean_add_body_class":"","ocean_shortcode_before_top_bar":"","ocean_shortcode_after_top_bar":"","ocean_shortcode_before_header":"","ocean_shortcode_after_header":"","ocean_has_shortcode":"","ocean_shortcode_after_title":"","ocean_shortcode_before_footer_widgets":"","ocean_shortcode_after_footer_widgets":"","ocean_shortcode_before_footer_bottom":"","ocean_shortcode_after_footer_bottom":"","ocean_display_top_bar":"default","ocean_display_header":"default","ocean_header_style":"","ocean_center_header_left_menu":"0","ocean_custom_header_template":"0","ocean_custom_logo":0,"ocean_custom_retina_logo":0,"ocean_custom_logo_max_width":0,"ocean_custom_logo_tablet_max_width":0,"ocean_custom_logo_mobile_max_width":0,"ocean_custom_logo_max_height":0,"ocean_custom_logo_tablet_max_height":0,"ocean_custom_logo_mobile_max_height":0,"ocean_header_custom_menu":"0","ocean_menu_typo_font_family":"0","ocean_menu_typo_font_subset":"","ocean_menu_typo_font_size":0,"ocean_menu_typo_font_size_tablet":0,"ocean_menu_typo_font_size_mobile":0,"ocean_menu_typo_font_size_unit":"px","ocean_menu_typo_font_weight":"","ocean_menu_typo_font_weight_tablet":"","ocean_menu_typo_font_weight_mobile":"","ocean_menu_typo_transform":"","ocean_menu_typo_transform_tablet":"","ocean_menu_typo_transform_mobile":"","ocean_menu_typo_line_height":0,"ocean_menu_typo_line_height_tablet":0,"ocean_menu_typo_line_height_mobile":0,"ocean_menu_typo_line_height_unit":"","ocean_menu_typo_spacing":0,"ocean_menu_typo_spacing_tablet":0,"ocean_menu_typo_spacing_mobile":0,"ocean_menu_typo_spacing_unit":"","ocean_menu_link_color":"","ocean_menu_link_color_hover":"","ocean_menu_link_color_active":"","ocean_menu_link_background":"","ocean_menu_link_hover_background":"","ocean_menu_link_active_background":"","ocean_menu_social_links_bg":"","ocean_menu_social_hover_links_bg":"","ocean_menu_social_links_color":"","ocean_menu_social_hover_links_color":"","ocean_disable_title":"default","ocean_disable_heading":"default","ocean_post_title":"","ocean_post_subheading":"","ocean_post_title_style":"","ocean_post_title_background_color":"","ocean_post_title_background":0,"ocean_post_title_bg_image_position":"","ocean_post_title_bg_image_attachment":"","ocean_post_title_bg_image_repeat":"","ocean_post_title_bg_image_size":"","ocean_post_title_height":0,"ocean_post_title_bg_overlay":0.5,"ocean_post_title_bg_overlay_color":"","ocean_disable_breadcrumbs":"default","ocean_breadcrumbs_color":"","ocean_breadcrumbs_separator_color":"","ocean_breadcrumbs_links_color":"","ocean_breadcrumbs_links_hover_color":"","ocean_display_footer_widgets":"default","ocean_display_footer_bottom":"default","ocean_custom_footer_template":"0","osh_disable_topbar_sticky":"default","osh_disable_header_sticky":"default","osh_sticky_header_style":"default","osh_sticky_header_effect":"","osh_custom_sticky_logo":0,"osh_custom_retina_sticky_logo":0,"osh_custom_sticky_logo_height":0,"osh_background_color":"","osh_links_color":"","osh_links_hover_color":"","osh_links_active_color":"","osh_links_bg_color":"","osh_links_hover_bg_color":"","osh_links_active_bg_color":"","osh_menu_social_links_color":"","osh_menu_social_hover_links_color":""},"product_brand":[],"product_cat":[40,37],"product_tag":[87,98,100,85,360],"class_list":{"0":"post-3901","1":"product","2":"type-product","3":"status-publish","4":"has-post-thumbnail","6":"product_cat-pressure-relief-metering-valves","7":"product_cat-single-line-grease-systems","8":"product_tag-grease-distributor","9":"product_tag-grease-metering-device","10":"product_tag-grease-metering-valve","11":"product_tag-pressure-relief-metering-valve","12":"product_tag-pressurized-injector","14":"entry","15":"has-media","17":"first","18":"instock","19":"shipping-taxable","20":"product-type-external","21":"col","22":"span_1_of_3","23":"owp-content-center","24":"owp-thumbs-layout-horizontal","25":"owp-btn-very-big","26":"owp-tabs-layout-horizontal"},"_links":{"self":[{"href":"https:\/\/www.jinpinlub.com\/fr\/wp-json\/wp\/v2\/product\/3901","targetHints":{"allow":["GET"]}}],"collection":[{"href":"https:\/\/www.jinpinlub.com\/fr\/wp-json\/wp\/v2\/product"}],"about":[{"href":"https:\/\/www.jinpinlub.com\/fr\/wp-json\/wp\/v2\/types\/product"}],"wp:featuredmedia":[{"embeddable":true,"href":"https:\/\/www.jinpinlub.com\/fr\/wp-json\/wp\/v2\/media\/3904"}],"wp:attachment":[{"href":"https:\/\/www.jinpinlub.com\/fr\/wp-json\/wp\/v2\/media?parent=3901"}],"wp:term":[{"taxonomy":"product_brand","embeddable":true,"href":"https:\/\/www.jinpinlub.com\/fr\/wp-json\/wp\/v2\/product_brand?post=3901"},{"taxonomy":"product_cat","embeddable":true,"href":"https:\/\/www.jinpinlub.com\/fr\/wp-json\/wp\/v2\/product_cat?post=3901"},{"taxonomy":"product_tag","embeddable":true,"href":"https:\/\/www.jinpinlub.com\/fr\/wp-json\/wp\/v2\/product_tag?post=3901"}],"curies":[{"name":"wp","href":"https:\/\/api.w.org\/{rel}","templated":true}]}}