{"id":3906,"date":"2024-11-29T15:26:22","date_gmt":"2024-11-29T07:26:22","guid":{"rendered":"https:\/\/www.jinpinlub.com\/?post_type=product&#038;p=3906"},"modified":"2024-12-01T03:26:54","modified_gmt":"2024-11-30T19:26:54","slug":"vannes-de-dosage-dinjecteur-de-graisse-sous-pression-mgk-serie-mg","status":"publish","type":"product","link":"https:\/\/www.jinpinlub.com\/fr\/product\/mgk-pressurized-grease-injector-metering-valves-series-mg\/","title":{"rendered":"Vannes de dosage d&#039;injecteurs de graisse sous pression MGK S\u00e9rie MG"},"content":{"rendered":"<h2>Fonctionnalit\u00e9<\/h2>\n<p>Contr\u00f4le pr\u00e9cis de la lubrification : les vannes de distribution permettent une pr\u00e9cision du volume de d\u00e9charge dans une plage de 0,03 ml \u00e0 0,5 ml pour une bonne lubrification.<br \/>\nM\u00e9thodes de connexion : Les vannes de distribution sont propos\u00e9es avec diff\u00e9rentes m\u00e9thodes de connexion : douille, \u00e9crou, connexions \u00e0 une touche, entre autres, qui s&#039;adaptent facilement \u00e0 la configuration sur laquelle on travaille.<br \/>\nMat\u00e9riau durable : les corps de valve sont en laiton pour les rendre solides et non corrosifs.<br \/>\nPression de travail \u00e9lev\u00e9e : les vannes de distribution peuvent supporter une pression de travail d&#039;au moins 1,2 MPa ; elles conviennent donc aux applications \u00e0 haute pression.<br \/>\nFaible pression de retour : La pression de retour est de 0,5 MPa. Cela contribue \u00e0 l&#039;efficacit\u00e9 du syst\u00e8me.<br \/>\nConception compacte : les dimensions sont vari\u00e9es pour s&#039;adapter \u00e0 diverses machines et \u00e9quipements.<\/p>\n<h2>Sp\u00e9cification<\/h2>\n<table>\n<tbody>\n<tr>\n<td>Principe de fonctionnement<\/td>\n<td>Soupape de dosage de d\u00e9charge de pression<\/td>\n<\/tr>\n<tr>\n<td>Nombre de points de vente<\/td>\n<td>1~12<\/td>\n<\/tr>\n<tr>\n<td>Quantit\u00e9 de mesure<\/td>\n<td>0,03, 0,05, 0,13, 0,20, 0,30, 0,50 ml\/cycle<\/td>\n<\/tr>\n<tr>\n<td>Lubrifiant<\/td>\n<td>Graisse NLGI 000#, 00#.<\/td>\n<\/tr>\n<tr>\n<td>Temp\u00e9rature de fonctionnement<\/td>\n<td>-20 \u00e0 +80 \u00b0C<\/td>\n<\/tr>\n<tr>\n<td>Pression de service<\/td>\n<td>0,5 \u00e0 1,5 MPa<\/td>\n<\/tr>\n<tr>\n<td>Mat\u00e9riel<\/td>\n<td>Cuivre, aluminium<\/td>\n<\/tr>\n<tr>\n<td>Prise de connexion<\/td>\n<td>Entr\u00e9e Rc1\/8, Sortie \u03a64(Rc1\/8)<\/td>\n<\/tr>\n<tr>\n<td>Raccords de sortie<\/td>\n<td>Type de manchon, type rapide<\/td>\n<\/tr>\n<tr>\n<td>Position de montage<\/td>\n<td>N&#039;importe lequel<\/td>\n<\/tr>\n<\/tbody>\n<\/table>\n<h2>D\u00e9pannage<\/h2>\n<p>V\u00e9rification des blocages : Assurez-vous qu&#039;il n&#039;y a aucun blocage dans la vanne de dosage ou dans la tuyauterie. Nettoyez toutes les particules ou accumulations qui pourraient obstruer le glissement.<br \/>\nV\u00e9rifiez les connexions : assurez-vous que toutes les connexions sont s\u00e9curis\u00e9es et qu&#039;il n&#039;y a pas de fuite. Des connexions desserr\u00e9es ou d\u00e9fectueuses peuvent affecter les performances de la vanne de dosage.<br \/>\nInspectez l&#039;usure : examinez la vanne de dosage pour d\u00e9tecter tout signe d&#039;usure, de corrosion ou de dommage. Remplacez les composants fatigu\u00e9s si n\u00e9cessaire.<br \/>\nSurveillez les niveaux de pression : assurez-vous que la contrainte de fonctionnement et la contrainte de retour sont dans la plage sp\u00e9cifique. Des niveaux de contrainte incorrects peuvent entra\u00eener des probl\u00e8mes de lubrification.<br \/>\nLubrification : Lubrifiez r\u00e9guli\u00e8rement la vanne de dosage pour assurer un fonctionnement facile et \u00e9viter le collage.<\/p>\n<h2>Manuels<\/h2>\n<div class=\"sdm_download_button_box_default\"><div class=\"sdm_download_link\"><a href=\"https:\/\/www.jinpinlub.com\/fr\/?sdm_process_download=1&download_id=2470\" class=\"sdm_download white\" title=\"Priv\u00e9\u00a0: MGK Metering Valve\" target=\"&quot;_blank&quot;\">Voir la fiche technique - Vanne de dosage MGK<\/a><\/div><\/div>","protected":false},"excerpt":{"rendered":"<p>Les vannes de dosage de la s\u00e9rie MGK font partie d&#039;un syst\u00e8me de lubrification \u00e0 graisse \u00e0 simple ligne avec d\u00e9compression. Ces vannes de distribution sont con\u00e7ues pour assurer un contr\u00f4le pr\u00e9cis de la lubrification pour une vari\u00e9t\u00e9 d&#039;applications industrielles. Elles sont pr\u00e9cises en termes de rendement, flexibles en termes d&#039;assemblage, stables et durables.<\/p>","protected":false},"featured_media":3907,"template":"","meta":{"ocean_post_layout":"","ocean_both_sidebars_style":"","ocean_both_sidebars_content_width":0,"ocean_both_sidebars_sidebars_width":0,"ocean_sidebar":"0","ocean_second_sidebar":"0","ocean_disable_margins":"enable","ocean_add_body_class":"","ocean_shortcode_before_top_bar":"","ocean_shortcode_after_top_bar":"","ocean_shortcode_before_header":"","ocean_shortcode_after_header":"","ocean_has_shortcode":"","ocean_shortcode_after_title":"","ocean_shortcode_before_footer_widgets":"","ocean_shortcode_after_footer_widgets":"","ocean_shortcode_before_footer_bottom":"","ocean_shortcode_after_footer_bottom":"","ocean_display_top_bar":"default","ocean_display_header":"default","ocean_header_style":"","ocean_center_header_left_menu":"0","ocean_custom_header_template":"0","ocean_custom_logo":0,"ocean_custom_retina_logo":0,"ocean_custom_logo_max_width":0,"ocean_custom_logo_tablet_max_width":0,"ocean_custom_logo_mobile_max_width":0,"ocean_custom_logo_max_height":0,"ocean_custom_logo_tablet_max_height":0,"ocean_custom_logo_mobile_max_height":0,"ocean_header_custom_menu":"0","ocean_menu_typo_font_family":"0","ocean_menu_typo_font_subset":"","ocean_menu_typo_font_size":0,"ocean_menu_typo_font_size_tablet":0,"ocean_menu_typo_font_size_mobile":0,"ocean_menu_typo_font_size_unit":"px","ocean_menu_typo_font_weight":"","ocean_menu_typo_font_weight_tablet":"","ocean_menu_typo_font_weight_mobile":"","ocean_menu_typo_transform":"","ocean_menu_typo_transform_tablet":"","ocean_menu_typo_transform_mobile":"","ocean_menu_typo_line_height":0,"ocean_menu_typo_line_height_tablet":0,"ocean_menu_typo_line_height_mobile":0,"ocean_menu_typo_line_height_unit":"","ocean_menu_typo_spacing":0,"ocean_menu_typo_spacing_tablet":0,"ocean_menu_typo_spacing_mobile":0,"ocean_menu_typo_spacing_unit":"","ocean_menu_link_color":"","ocean_menu_link_color_hover":"","ocean_menu_link_color_active":"","ocean_menu_link_background":"","ocean_menu_link_hover_background":"","ocean_menu_link_active_background":"","ocean_menu_social_links_bg":"","ocean_menu_social_hover_links_bg":"","ocean_menu_social_links_color":"","ocean_menu_social_hover_links_color":"","ocean_disable_title":"default","ocean_disable_heading":"default","ocean_post_title":"","ocean_post_subheading":"","ocean_post_title_style":"","ocean_post_title_background_color":"","ocean_post_title_background":0,"ocean_post_title_bg_image_position":"","ocean_post_title_bg_image_attachment":"","ocean_post_title_bg_image_repeat":"","ocean_post_title_bg_image_size":"","ocean_post_title_height":0,"ocean_post_title_bg_overlay":0.5,"ocean_post_title_bg_overlay_color":"","ocean_disable_breadcrumbs":"default","ocean_breadcrumbs_color":"","ocean_breadcrumbs_separator_color":"","ocean_breadcrumbs_links_color":"","ocean_breadcrumbs_links_hover_color":"","ocean_display_footer_widgets":"default","ocean_display_footer_bottom":"default","ocean_custom_footer_template":"0","osh_disable_topbar_sticky":"default","osh_disable_header_sticky":"default","osh_sticky_header_style":"default","osh_sticky_header_effect":"","osh_custom_sticky_logo":0,"osh_custom_retina_sticky_logo":0,"osh_custom_sticky_logo_height":0,"osh_background_color":"","osh_links_color":"","osh_links_hover_color":"","osh_links_active_color":"","osh_links_bg_color":"","osh_links_hover_bg_color":"","osh_links_active_bg_color":"","osh_menu_social_links_color":"","osh_menu_social_hover_links_color":""},"product_brand":[],"product_cat":[40,37],"product_tag":[87,97,361,85,86],"class_list":{"0":"post-3906","1":"product","2":"type-product","3":"status-publish","4":"has-post-thumbnail","6":"product_cat-pressure-relief-metering-valves","7":"product_cat-single-line-grease-systems","8":"product_tag-grease-distributor","9":"product_tag-grease-injector","10":"product_tag-metering-valves","11":"product_tag-pressure-relief-metering-valve","12":"product_tag-single-line-distributor","14":"entry","15":"has-media","17":"first","18":"instock","19":"shipping-taxable","20":"product-type-external","21":"col","22":"span_1_of_3","23":"owp-content-center","24":"owp-thumbs-layout-horizontal","25":"owp-btn-very-big","26":"owp-tabs-layout-horizontal"},"_links":{"self":[{"href":"https:\/\/www.jinpinlub.com\/fr\/wp-json\/wp\/v2\/product\/3906","targetHints":{"allow":["GET"]}}],"collection":[{"href":"https:\/\/www.jinpinlub.com\/fr\/wp-json\/wp\/v2\/product"}],"about":[{"href":"https:\/\/www.jinpinlub.com\/fr\/wp-json\/wp\/v2\/types\/product"}],"wp:featuredmedia":[{"embeddable":true,"href":"https:\/\/www.jinpinlub.com\/fr\/wp-json\/wp\/v2\/media\/3907"}],"wp:attachment":[{"href":"https:\/\/www.jinpinlub.com\/fr\/wp-json\/wp\/v2\/media?parent=3906"}],"wp:term":[{"taxonomy":"product_brand","embeddable":true,"href":"https:\/\/www.jinpinlub.com\/fr\/wp-json\/wp\/v2\/product_brand?post=3906"},{"taxonomy":"product_cat","embeddable":true,"href":"https:\/\/www.jinpinlub.com\/fr\/wp-json\/wp\/v2\/product_cat?post=3906"},{"taxonomy":"product_tag","embeddable":true,"href":"https:\/\/www.jinpinlub.com\/fr\/wp-json\/wp\/v2\/product_tag?post=3906"}],"curies":[{"name":"wp","href":"https:\/\/api.w.org\/{rel}","templated":true}]}}