{"id":3911,"date":"2024-11-29T17:59:40","date_gmt":"2024-11-29T09:59:40","guid":{"rendered":"https:\/\/www.jinpinlub.com\/?post_type=product&#038;p=3911"},"modified":"2024-12-01T03:26:47","modified_gmt":"2024-11-30T19:26:47","slug":"mgk-10-quick-connector-volumetric-grease-distributor-device","status":"publish","type":"product","link":"https:\/\/www.jinpinlub.com\/fr\/product\/mgk-10-quick-connector-volumetric-grease-distributor-device\/","title":{"rendered":"Dispositif de distribution de graisse volum\u00e9trique \u00e0 connecteur rapide MGK-10"},"content":{"rendered":"<h2>Fonctionnalit\u00e9<\/h2>\n<p>1. Vanne de dosage quantitative sous pression, type \u00e0 action de pression directe.<br \/>\nL&#039;huile sous pression d\u00e9livr\u00e9e par la pompe pousse le piston int\u00e9gr\u00e9 \u00e0 la soupape de dosage \u00e0 se d\u00e9placer, for\u00e7ant ainsi le lubrifiant quantitatif \u00e0 \u00eatre \u00e9vacu\u00e9.<br \/>\nLorsque la pompe cesse de fonctionner, le piston de la partie doseuse est r\u00e9initialis\u00e9 sous l&#039;action de la force du ressort, c&#039;est-\u00e0-dire que le lubrifiant quantitatif est stock\u00e9.<br \/>\n2. D\u00e9charge pr\u00e9cise, la partie de mesure n&#039;est d\u00e9charg\u00e9e qu&#039;une seule fois dans un cycle, et la distance entre eux dans le syst\u00e8me, qu&#039;elle soit \u00e9loign\u00e9e, proche, haute ou basse, installation horizontale ou verticale, n&#039;a aucun effet sur la d\u00e9charge.<br \/>\n3. D\u00e9charge forc\u00e9e, action sensible. Deux joints sont utilis\u00e9s pour emp\u00eacher le refoulement du liquide d\u00e9charg\u00e9.<br \/>\n4. Les vannes de dosage peuvent \u00eatre s\u00e9lectionn\u00e9es en fonction des besoins de chaque point de lubrification et peuvent \u00eatre utilis\u00e9es en combinaison avec la jonction MGJ, en s\u00e9rie ou en parall\u00e8le.<br \/>\n5. Type de manchon : le tube en nylon \u03a64 doit \u00eatre combin\u00e9 avec un joint PA-4 et une virole \u00e0 double c\u00f4ne PB-4. Type de branchement rapide : le tube en nylon \u03a64 peut \u00eatre ins\u00e9r\u00e9.<br \/>\n6. Applicable \u00e0 la graisse NLGI 000#, 00#.<\/p>\n<h2>Sp\u00e9cification<\/h2>\n<table>\n<tbody>\n<tr>\n<td>Principe de fonctionnement<\/td>\n<td>Soupape de dosage de d\u00e9charge de pression<\/td>\n<\/tr>\n<tr>\n<td>Nombre de points de vente<\/td>\n<td>1~12<\/td>\n<\/tr>\n<tr>\n<td>Quantit\u00e9 de mesure<\/td>\n<td>0,03, 0,05, 0,13, 0,20, 0,30, 0,50 ml\/cycle<\/td>\n<\/tr>\n<tr>\n<td>Lubrifiant<\/td>\n<td>Graisse NLGI 000#, 00#.<\/td>\n<\/tr>\n<tr>\n<td>Temp\u00e9rature de fonctionnement<\/td>\n<td>-20 \u00e0 +80 \u00b0C<\/td>\n<\/tr>\n<tr>\n<td>Pression de service<\/td>\n<td>0,5 \u00e0 1,5 MPa<\/td>\n<\/tr>\n<tr>\n<td>Mat\u00e9riel<\/td>\n<td>Cuivre, aluminium<\/td>\n<\/tr>\n<tr>\n<td>Prise de connexion<\/td>\n<td>Entr\u00e9e Rc1\/8, Sortie \u03a64(Rc1\/8)<\/td>\n<\/tr>\n<tr>\n<td>Raccords de sortie<\/td>\n<td>Type de manchon, type rapide<\/td>\n<\/tr>\n<tr>\n<td>Position de montage<\/td>\n<td>N&#039;importe lequel<\/td>\n<\/tr>\n<\/tbody>\n<\/table>\n<h2>D\u00e9pannage<\/h2>\n<p><span id=\"input-sentence~0\">Regular Inspection: Grease distributor wear, damage, and leakage should be checked, and all the connections must be tightened and aligned correctly.<br \/>\nLubrication: The right type of grease applied to the distributor by the manufacturer&#8217;s instructions would lower friction and wear.<\/span><span id=\"input-sentence~1\"><br \/>\nCleaning: The grease distributor needs regular cleaning and its parts, as dirt, debris, or old grease might adversely affect the functioning of this part.<br \/>\nReplacement of Parts: Replace worn-out or damaged parts like seals or O-rings to avoid leakage and loss of efficiency.<br \/>\nPressure Checks: Operating and reset pressures should be monitored for the specified range.<\/span><\/p>\n<h2>Manuels<\/h2>\n<div class=\"sdm_download_button_box_default\"><div class=\"sdm_download_link\"><a href=\"https:\/\/www.jinpinlub.com\/fr\/?sdm_process_download=1&download_id=2470\" class=\"sdm_download white\" title=\"Priv\u00e9\u00a0: MGK Metering Valve\" target=\"&quot;_blank&quot;\">Voir la fiche technique - Vanne de dosage MGK<\/a><\/div><\/div>","protected":false},"excerpt":{"rendered":"<p>Grease PDI valves MG\/MGC are part of positive displacement single-line lubrication systems. These valves are designed for centralized lubrication systems to ensure a continuous and economical grease supply. They are available in various models with different discharge.<\/p>","protected":false},"featured_media":3915,"template":"","meta":{"ocean_post_layout":"","ocean_both_sidebars_style":"","ocean_both_sidebars_content_width":0,"ocean_both_sidebars_sidebars_width":0,"ocean_sidebar":"0","ocean_second_sidebar":"0","ocean_disable_margins":"enable","ocean_add_body_class":"","ocean_shortcode_before_top_bar":"","ocean_shortcode_after_top_bar":"","ocean_shortcode_before_header":"","ocean_shortcode_after_header":"","ocean_has_shortcode":"","ocean_shortcode_after_title":"","ocean_shortcode_before_footer_widgets":"","ocean_shortcode_after_footer_widgets":"","ocean_shortcode_before_footer_bottom":"","ocean_shortcode_after_footer_bottom":"","ocean_display_top_bar":"default","ocean_display_header":"default","ocean_header_style":"","ocean_center_header_left_menu":"0","ocean_custom_header_template":"0","ocean_custom_logo":0,"ocean_custom_retina_logo":0,"ocean_custom_logo_max_width":0,"ocean_custom_logo_tablet_max_width":0,"ocean_custom_logo_mobile_max_width":0,"ocean_custom_logo_max_height":0,"ocean_custom_logo_tablet_max_height":0,"ocean_custom_logo_mobile_max_height":0,"ocean_header_custom_menu":"0","ocean_menu_typo_font_family":"0","ocean_menu_typo_font_subset":"","ocean_menu_typo_font_size":0,"ocean_menu_typo_font_size_tablet":0,"ocean_menu_typo_font_size_mobile":0,"ocean_menu_typo_font_size_unit":"px","ocean_menu_typo_font_weight":"","ocean_menu_typo_font_weight_tablet":"","ocean_menu_typo_font_weight_mobile":"","ocean_menu_typo_transform":"","ocean_menu_typo_transform_tablet":"","ocean_menu_typo_transform_mobile":"","ocean_menu_typo_line_height":0,"ocean_menu_typo_line_height_tablet":0,"ocean_menu_typo_line_height_mobile":0,"ocean_menu_typo_line_height_unit":"","ocean_menu_typo_spacing":0,"ocean_menu_typo_spacing_tablet":0,"ocean_menu_typo_spacing_mobile":0,"ocean_menu_typo_spacing_unit":"","ocean_menu_link_color":"","ocean_menu_link_color_hover":"","ocean_menu_link_color_active":"","ocean_menu_link_background":"","ocean_menu_link_hover_background":"","ocean_menu_link_active_background":"","ocean_menu_social_links_bg":"","ocean_menu_social_hover_links_bg":"","ocean_menu_social_links_color":"","ocean_menu_social_hover_links_color":"","ocean_disable_title":"default","ocean_disable_heading":"default","ocean_post_title":"","ocean_post_subheading":"","ocean_post_title_style":"","ocean_post_title_background_color":"","ocean_post_title_background":0,"ocean_post_title_bg_image_position":"","ocean_post_title_bg_image_attachment":"","ocean_post_title_bg_image_repeat":"","ocean_post_title_bg_image_size":"","ocean_post_title_height":0,"ocean_post_title_bg_overlay":0.5,"ocean_post_title_bg_overlay_color":"","ocean_disable_breadcrumbs":"default","ocean_breadcrumbs_color":"","ocean_breadcrumbs_separator_color":"","ocean_breadcrumbs_links_color":"","ocean_breadcrumbs_links_hover_color":"","ocean_display_footer_widgets":"default","ocean_display_footer_bottom":"default","ocean_custom_footer_template":"0","osh_disable_topbar_sticky":"default","osh_disable_header_sticky":"default","osh_sticky_header_style":"default","osh_sticky_header_effect":"","osh_custom_sticky_logo":0,"osh_custom_retina_sticky_logo":0,"osh_custom_sticky_logo_height":0,"osh_background_color":"","osh_links_color":"","osh_links_hover_color":"","osh_links_active_color":"","osh_links_bg_color":"","osh_links_hover_bg_color":"","osh_links_active_bg_color":"","osh_menu_social_links_color":"","osh_menu_social_hover_links_color":""},"product_brand":[],"product_cat":[40,37],"product_tag":[87,97,361,85,86],"class_list":{"0":"post-3911","1":"product","2":"type-product","3":"status-publish","4":"has-post-thumbnail","6":"product_cat-pressure-relief-metering-valves","7":"product_cat-single-line-grease-systems","8":"product_tag-grease-distributor","9":"product_tag-grease-injector","10":"product_tag-metering-valves","11":"product_tag-pressure-relief-metering-valve","12":"product_tag-single-line-distributor","14":"entry","15":"has-media","17":"first","18":"instock","19":"shipping-taxable","20":"product-type-external","21":"col","22":"span_1_of_3","23":"owp-content-center","24":"owp-thumbs-layout-horizontal","25":"owp-btn-very-big","26":"owp-tabs-layout-horizontal"},"_links":{"self":[{"href":"https:\/\/www.jinpinlub.com\/fr\/wp-json\/wp\/v2\/product\/3911","targetHints":{"allow":["GET"]}}],"collection":[{"href":"https:\/\/www.jinpinlub.com\/fr\/wp-json\/wp\/v2\/product"}],"about":[{"href":"https:\/\/www.jinpinlub.com\/fr\/wp-json\/wp\/v2\/types\/product"}],"wp:featuredmedia":[{"embeddable":true,"href":"https:\/\/www.jinpinlub.com\/fr\/wp-json\/wp\/v2\/media\/3915"}],"wp:attachment":[{"href":"https:\/\/www.jinpinlub.com\/fr\/wp-json\/wp\/v2\/media?parent=3911"}],"wp:term":[{"taxonomy":"product_brand","embeddable":true,"href":"https:\/\/www.jinpinlub.com\/fr\/wp-json\/wp\/v2\/product_brand?post=3911"},{"taxonomy":"product_cat","embeddable":true,"href":"https:\/\/www.jinpinlub.com\/fr\/wp-json\/wp\/v2\/product_cat?post=3911"},{"taxonomy":"product_tag","embeddable":true,"href":"https:\/\/www.jinpinlub.com\/fr\/wp-json\/wp\/v2\/product_tag?post=3911"}],"curies":[{"name":"wp","href":"https:\/\/api.w.org\/{rel}","templated":true}]}}